{"id":4631,"date":"2025-08-15T15:00:02","date_gmt":"2025-08-15T15:00:02","guid":{"rendered":"https:\/\/simonbois.de\/?post_type=product&#038;p=4631"},"modified":"2025-08-17T08:09:05","modified_gmt":"2025-08-17T08:09:05","slug":"briketts-kaufen-holzbriketts-buche-eiche-hartholz-300kg-gesamtgewicht-30-packungen-a-10kg-ruf-briketts-155x65mm-fur-ofen-kamin-hohe-energiedichte-lange-brenndauer-ohne-chemische-zusatze-19","status":"publish","type":"product","link":"https:\/\/simonbois.de\/de\/product\/briketts-kaufen-holzbriketts-buche-eiche-hartholz-300kg-gesamtgewicht-30-packungen-a-10kg-ruf-briketts-155x65mm-fur-ofen-kamin-hohe-energiedichte-lange-brenndauer-ohne-chemische-zusatze-19\/","title":{"rendered":"briketts.kaufen Holzbriketts, Buche-Eiche Hartholz, 300kg Gesamtgewicht, 30 Packungen \u00e0 10kg, RUF Briketts 155x65mm, f\u00fcr Ofen &#038; Kamin, hohe Energiedichte, lange Brenndauer, ohne chemische Zus\u00e4tze, 19 MJ\/kg, 0.6% Asche"},"content":{"rendered":"<h2 class=\"pdp-expandable-section__title\">Produktbeschreibung & Produktdaten<\/h2>\n<div class=\"pdp-expandable-section__content\">\n<div class=\"pdp-product-description__grid\">\n<div class=\"pdp-product-description__section\" role=\"region\" aria-label=\"Produktinformationen\">\n<div>\n<div>\n<p><strong>30kg Buche & Eiche Hartholz-Briketts in RUF\u00ae* Form 155 x 65 mm<\/strong>Holzbriketts stellen eine hervorragende Alternative zu herk\u00f6mmlichen Brennstoffen wie Scheitholz oder Braunkohle dar und sind einfach zu verwenden.<\/p>\n<p>Die Produktion erfolgt aus getrockneten Hartholz-S\u00e4gesp\u00e4nen mittels spezieller Brikettiermaschinen unter tonnenschweren Druck. Das holzeigene Lignin erm\u00f6glicht dabei eine Produktion ohne weitere chemische Zus\u00e4tze. So entsteht ein kompakter und effizienter Brennstoff.<\/p>\n<p>Die Form der Holzbriketts erlaubt eine effektive und platzsparende Aufbewahrung, wordurch diese Ideal in trockenen Innenr\u00e4umen gelagert werden k\u00f6nnen.<\/p>\n<ul>\n<li>Holzbriketts besitzen eine hohe Energiedichte und entwickeln die W\u00e4rme schnell und gleichm\u00e4ssig<\/li>\n<li>In der Regel bieten Holzbriketts eine h\u00f6here Brenndauer bzw. halten die Glut l\u00e4nger als normale Holzscheite<\/li>\n<li>Die Form der Briketts erm\u00f6glicht eine optimale Luftzufuhr<\/li>\n<li>Durch die Quaderform lassen sich unsere Holzbriketts bequem und platzsparend lagern<\/li>\n<\/ul>\n<\/div>\n<div>\n<p><strong>Produktdetails<\/strong><\/p>\n<ul>\n<li>Heizwert : 19 MJ\/kg<\/li>\n<li>Restfeuchte : 5,5 %<\/li>\n<li>Aschegehalt : 0,6%<\/li>\n<li>Form : RUF\u00ae* 155 x 65 mm<\/li>\n<li>Rohstoff : Holz<\/li>\n<li>Holzarten : Buche, Eiche<br \/>\n* RUF\u00ae ist eine eingetragene Marke der Ruf Maschinenbau GmbH & Co. KG, 86874 Zaisertshofen.<\/li>\n<\/ul>\n<\/div>\n<\/div>\n<\/div>\n<div>\n<section aria-label=\"Produktdaten\">\n<div class=\"pdp-attribute-list__item\">\n<div class=\"pdp-attribute-list__value\" data-test-item_text=\"4066604999733\">\n<div class=\"rd-attribute-list__item-text\">\n<div><\/div>\n<\/div>\n<\/div>\n<\/div>\n<\/section>\n<\/div>\n<\/div>\n<\/div>","protected":false},"excerpt":{"rendered":"<div class=\"pdp-product-description__section\" role=\"region\" aria-label=\"Produktinformationen\">\n<div>\n<div>\n<p><strong>Lieferumfang<\/strong><\/p>\n<ul>\n<li>30 x 10kg Packungen Hartholz-Briketts<\/li>\n<\/ul>\n<\/div>\n<\/div>\n<\/div>\n<div>\n<section aria-label=\"Produktdaten\">\n<div class=\"pdp-attribute-list__item\">\n<p>Gewicht<\/p>\n<div class=\"pdp-attribute-list__value\" data-test-item_text=\"300 kg\">\n<div class=\"rd-attribute-list__item-text\">\n<div>300 kg<\/div>\n<\/div>\n<\/div>\n<\/div>\n<div class=\"pdp-attribute-list__item\">\n<p>Grundpreiseinheit<\/p>\n<div class=\"pdp-attribute-list__value\" data-test-item_text=\"kg\">\n<div class=\"rd-attribute-list__item-text\">\n<div>kg<\/div>\n<\/div>\n<\/div>\n<\/div>\n<div class=\"pdp-attribute-list__item\">\n<p>Hersteller<\/p>\n<div class=\"pdp-attribute-list__value\" data-test-item_text=\"briketts.kaufen\">\n<div>briketts.kaufen<\/div>\n<\/div>\n<\/div>\n<div class=\"pdp-attribute-list__item\">\n<p>Brennholz-Art<\/p>\n<div class=\"pdp-attribute-list__value\" data-test-item_text=\"Briketts\">\n<div>Briketts<\/div>\n<\/div>\n<\/div>\n<div class=\"pdp-attribute-list__item\">\n<p>Herstellernummer<\/p>\n<div class=\"pdp-attribute-list__value\" data-test-item_text=\"HB999733\">\n<div class=\"rd-attribute-list__item-text\">\n<div>HB999733<\/div>\n<\/div>\n<\/div>\n<\/div>\n<div class=\"pdp-attribute-list__item\">\n<p>EAN<\/p>\n<div class=\"pdp-attribute-list__value\" data-test-item_text=\"4066604999733\">\n<div class=\"rd-attribute-list__item-text\">\n<div>4066604999733<\/div>\n<\/div>\n<\/div>\n<\/div>\n<\/section>\n<\/div>","protected":false},"featured_media":4633,"comment_status":"open","ping_status":"closed","template":"","meta":[],"product_brand":[],"product_cat":[193],"product_tag":[],"class_list":{"0":"post-4631","1":"product","2":"type-product","3":"status-publish","4":"has-post-thumbnail","6":"product_cat-brennholz","8":"first","9":"instock","10":"taxable","11":"shipping-taxable","12":"purchasable","13":"product-type-simple"},"yoast_head":"<!-- This site is optimized with the Yoast SEO plugin v27.5 - https:\/\/yoast.com\/product\/yoast-seo-wordpress\/ -->\n<title>briketts.kaufen Holzbriketts, Buche-Eiche Hartholz, 300kg Gesamtgewicht, 30 Packungen \u00e0 10kg, RUF Briketts 155x65mm, f\u00fcr Ofen &amp; Kamin, hohe Energiedichte, lange Brenndauer, ohne chemische Zus\u00e4tze, 19 MJ\/kg, 0.6% Asche - SIMON BOIS<\/title>\n<meta name=\"robots\" content=\"index, follow, max-snippet:-1, max-image-preview:large, max-video-preview:-1\" \/>\n<link rel=\"canonical\" href=\"https:\/\/simonbois.de\/de\/product\/briketts-kaufen-holzbriketts-buche-eiche-hartholz-300kg-gesamtgewicht-30-packungen-a-10kg-ruf-briketts-155x65mm-fur-ofen-kamin-hohe-energiedichte-lange-brenndauer-ohne-chemische-zusatze-19\/\" \/>\n<meta property=\"og:locale\" content=\"de_DE\" \/>\n<meta property=\"og:type\" content=\"article\" \/>\n<meta property=\"og:title\" content=\"briketts.kaufen Holzbriketts, Buche-Eiche Hartholz, 300kg Gesamtgewicht, 30 Packungen \u00e0 10kg, RUF Briketts 155x65mm, f\u00fcr Ofen &amp; Kamin, hohe Energiedichte, lange Brenndauer, ohne chemische Zus\u00e4tze, 19 MJ\/kg, 0.6% Asche - SIMON BOIS\" \/>\n<meta property=\"og:description\" content=\"Lieferumfang   30 x 10kg Packungen Hartholz-Briketts        Gewicht   300 kg      Grundpreiseinheit   kg      Hersteller  briketts.kaufen     Brennholz-Art  Briketts     Herstellernummer   HB999733      EAN   4066604999733\" \/>\n<meta property=\"og:url\" content=\"https:\/\/simonbois.de\/de\/product\/briketts-kaufen-holzbriketts-buche-eiche-hartholz-300kg-gesamtgewicht-30-packungen-a-10kg-ruf-briketts-155x65mm-fur-ofen-kamin-hohe-energiedichte-lange-brenndauer-ohne-chemische-zusatze-19\/\" \/>\n<meta property=\"og:site_name\" content=\"SIMON BOIS\" \/>\n<meta property=\"article:modified_time\" content=\"2025-08-17T08:09:05+00:00\" \/>\n<meta property=\"og:image\" content=\"https:\/\/simonbois.de\/wp-content\/uploads\/2025\/08\/8-5.webp\" \/>\n\t<meta property=\"og:image:width\" content=\"1022\" \/>\n\t<meta property=\"og:image:height\" content=\"1024\" \/>\n\t<meta property=\"og:image:type\" content=\"image\/webp\" \/>\n<meta name=\"twitter:card\" content=\"summary_large_image\" \/>\n<meta name=\"twitter:label1\" content=\"Gesch\u00e4tzte Lesezeit\" \/>\n\t<meta name=\"twitter:data1\" content=\"2\u00a0Minuten\" \/>\n<script type=\"application\/ld+json\" class=\"yoast-schema-graph\">{\"@context\":\"https:\\\/\\\/schema.org\",\"@graph\":[{\"@type\":\"WebPage\",\"@id\":\"https:\\\/\\\/simonbois.de\\\/product\\\/briketts-kaufen-holzbriketts-buche-eiche-hartholz-300kg-gesamtgewicht-30-packungen-a-10kg-ruf-briketts-155x65mm-fur-ofen-kamin-hohe-energiedichte-lange-brenndauer-ohne-chemische-zusatze-19\\\/\",\"url\":\"https:\\\/\\\/simonbois.de\\\/product\\\/briketts-kaufen-holzbriketts-buche-eiche-hartholz-300kg-gesamtgewicht-30-packungen-a-10kg-ruf-briketts-155x65mm-fur-ofen-kamin-hohe-energiedichte-lange-brenndauer-ohne-chemische-zusatze-19\\\/\",\"name\":\"briketts.kaufen Holzbriketts, Buche-Eiche Hartholz, 300kg Gesamtgewicht, 30 Packungen \u00e0 10kg, RUF Briketts 155x65mm, f\u00fcr Ofen & Kamin, hohe Energiedichte, lange Brenndauer, ohne chemische Zus\u00e4tze, 19 MJ\\\/kg, 0.6% Asche - SIMON BOIS\",\"isPartOf\":{\"@id\":\"https:\\\/\\\/simonbois.de\\\/#website\"},\"primaryImageOfPage\":{\"@id\":\"https:\\\/\\\/simonbois.de\\\/product\\\/briketts-kaufen-holzbriketts-buche-eiche-hartholz-300kg-gesamtgewicht-30-packungen-a-10kg-ruf-briketts-155x65mm-fur-ofen-kamin-hohe-energiedichte-lange-brenndauer-ohne-chemische-zusatze-19\\\/#primaryimage\"},\"image\":{\"@id\":\"https:\\\/\\\/simonbois.de\\\/product\\\/briketts-kaufen-holzbriketts-buche-eiche-hartholz-300kg-gesamtgewicht-30-packungen-a-10kg-ruf-briketts-155x65mm-fur-ofen-kamin-hohe-energiedichte-lange-brenndauer-ohne-chemische-zusatze-19\\\/#primaryimage\"},\"thumbnailUrl\":\"https:\\\/\\\/simonbois.de\\\/wp-content\\\/uploads\\\/2025\\\/08\\\/8-5.webp\",\"datePublished\":\"2025-08-15T15:00:02+00:00\",\"dateModified\":\"2025-08-17T08:09:05+00:00\",\"breadcrumb\":{\"@id\":\"https:\\\/\\\/simonbois.de\\\/product\\\/briketts-kaufen-holzbriketts-buche-eiche-hartholz-300kg-gesamtgewicht-30-packungen-a-10kg-ruf-briketts-155x65mm-fur-ofen-kamin-hohe-energiedichte-lange-brenndauer-ohne-chemische-zusatze-19\\\/#breadcrumb\"},\"inLanguage\":\"de\",\"potentialAction\":[{\"@type\":\"ReadAction\",\"target\":[\"https:\\\/\\\/simonbois.de\\\/product\\\/briketts-kaufen-holzbriketts-buche-eiche-hartholz-300kg-gesamtgewicht-30-packungen-a-10kg-ruf-briketts-155x65mm-fur-ofen-kamin-hohe-energiedichte-lange-brenndauer-ohne-chemische-zusatze-19\\\/\"]}]},{\"@type\":\"ImageObject\",\"inLanguage\":\"de\",\"@id\":\"https:\\\/\\\/simonbois.de\\\/product\\\/briketts-kaufen-holzbriketts-buche-eiche-hartholz-300kg-gesamtgewicht-30-packungen-a-10kg-ruf-briketts-155x65mm-fur-ofen-kamin-hohe-energiedichte-lange-brenndauer-ohne-chemische-zusatze-19\\\/#primaryimage\",\"url\":\"https:\\\/\\\/simonbois.de\\\/wp-content\\\/uploads\\\/2025\\\/08\\\/8-5.webp\",\"contentUrl\":\"https:\\\/\\\/simonbois.de\\\/wp-content\\\/uploads\\\/2025\\\/08\\\/8-5.webp\",\"width\":1022,\"height\":1024},{\"@type\":\"BreadcrumbList\",\"@id\":\"https:\\\/\\\/simonbois.de\\\/product\\\/briketts-kaufen-holzbriketts-buche-eiche-hartholz-300kg-gesamtgewicht-30-packungen-a-10kg-ruf-briketts-155x65mm-fur-ofen-kamin-hohe-energiedichte-lange-brenndauer-ohne-chemische-zusatze-19\\\/#breadcrumb\",\"itemListElement\":[{\"@type\":\"ListItem\",\"position\":1,\"name\":\"Home\",\"item\":\"https:\\\/\\\/simonbois.de\\\/\"},{\"@type\":\"ListItem\",\"position\":2,\"name\":\"Shop\",\"item\":\"https:\\\/\\\/simonbois.de\\\/shop-2\\\/\"},{\"@type\":\"ListItem\",\"position\":3,\"name\":\"briketts.kaufen Holzbriketts, Buche-Eiche Hartholz, 300kg Gesamtgewicht, 30 Packungen \u00e0 10kg, RUF Briketts 155x65mm, f\u00fcr Ofen &#038; Kamin, hohe Energiedichte, lange Brenndauer, ohne chemische Zus\u00e4tze, 19 MJ\\\/kg, 0.6% Asche\"}]},{\"@type\":\"WebSite\",\"@id\":\"https:\\\/\\\/simonbois.de\\\/#website\",\"url\":\"https:\\\/\\\/simonbois.de\\\/\",\"name\":\"SIMON BOIS\",\"description\":\"Verkauf und Lieferung von Brennholz auf Paletten\",\"potentialAction\":[{\"@type\":\"SearchAction\",\"target\":{\"@type\":\"EntryPoint\",\"urlTemplate\":\"https:\\\/\\\/simonbois.de\\\/?s={search_term_string}\"},\"query-input\":{\"@type\":\"PropertyValueSpecification\",\"valueRequired\":true,\"valueName\":\"search_term_string\"}}],\"inLanguage\":\"de\"}]}<\/script>\n<!-- \/ Yoast SEO plugin. -->","yoast_head_json":{"title":"briketts.kaufen Holzbriketts, Buche-Eiche Hartholz, 300kg Gesamtgewicht, 30 Packungen \u00e0 10kg, RUF Briketts 155x65mm, f\u00fcr Ofen & Kamin, hohe Energiedichte, lange Brenndauer, ohne chemische Zus\u00e4tze, 19 MJ\/kg, 0.6% Asche - SIMON BOIS","robots":{"index":"index","follow":"follow","max-snippet":"max-snippet:-1","max-image-preview":"max-image-preview:large","max-video-preview":"max-video-preview:-1"},"canonical":"https:\/\/simonbois.de\/de\/product\/briketts-kaufen-holzbriketts-buche-eiche-hartholz-300kg-gesamtgewicht-30-packungen-a-10kg-ruf-briketts-155x65mm-fur-ofen-kamin-hohe-energiedichte-lange-brenndauer-ohne-chemische-zusatze-19\/","og_locale":"de_DE","og_type":"article","og_title":"briketts.kaufen Holzbriketts, Buche-Eiche Hartholz, 300kg Gesamtgewicht, 30 Packungen \u00e0 10kg, RUF Briketts 155x65mm, f\u00fcr Ofen & Kamin, hohe Energiedichte, lange Brenndauer, ohne chemische Zus\u00e4tze, 19 MJ\/kg, 0.6% Asche - SIMON BOIS","og_description":"Lieferumfang   30 x 10kg Packungen Hartholz-Briketts        Gewicht   300 kg      Grundpreiseinheit   kg      Hersteller  briketts.kaufen     Brennholz-Art  Briketts     Herstellernummer   HB999733      EAN   4066604999733","og_url":"https:\/\/simonbois.de\/de\/product\/briketts-kaufen-holzbriketts-buche-eiche-hartholz-300kg-gesamtgewicht-30-packungen-a-10kg-ruf-briketts-155x65mm-fur-ofen-kamin-hohe-energiedichte-lange-brenndauer-ohne-chemische-zusatze-19\/","og_site_name":"SIMON BOIS","article_modified_time":"2025-08-17T08:09:05+00:00","og_image":[{"width":1022,"height":1024,"url":"https:\/\/simonbois.de\/wp-content\/uploads\/2025\/08\/8-5.webp","type":"image\/webp"}],"twitter_card":"summary_large_image","twitter_misc":{"Gesch\u00e4tzte Lesezeit":"2\u00a0Minuten"},"schema":{"@context":"https:\/\/schema.org","@graph":[{"@type":"WebPage","@id":"https:\/\/simonbois.de\/product\/briketts-kaufen-holzbriketts-buche-eiche-hartholz-300kg-gesamtgewicht-30-packungen-a-10kg-ruf-briketts-155x65mm-fur-ofen-kamin-hohe-energiedichte-lange-brenndauer-ohne-chemische-zusatze-19\/","url":"https:\/\/simonbois.de\/product\/briketts-kaufen-holzbriketts-buche-eiche-hartholz-300kg-gesamtgewicht-30-packungen-a-10kg-ruf-briketts-155x65mm-fur-ofen-kamin-hohe-energiedichte-lange-brenndauer-ohne-chemische-zusatze-19\/","name":"briketts.kaufen Holzbriketts, Buche-Eiche Hartholz, 300kg Gesamtgewicht, 30 Packungen \u00e0 10kg, RUF Briketts 155x65mm, f\u00fcr Ofen & Kamin, hohe Energiedichte, lange Brenndauer, ohne chemische Zus\u00e4tze, 19 MJ\/kg, 0.6% Asche - SIMON BOIS","isPartOf":{"@id":"https:\/\/simonbois.de\/#website"},"primaryImageOfPage":{"@id":"https:\/\/simonbois.de\/product\/briketts-kaufen-holzbriketts-buche-eiche-hartholz-300kg-gesamtgewicht-30-packungen-a-10kg-ruf-briketts-155x65mm-fur-ofen-kamin-hohe-energiedichte-lange-brenndauer-ohne-chemische-zusatze-19\/#primaryimage"},"image":{"@id":"https:\/\/simonbois.de\/product\/briketts-kaufen-holzbriketts-buche-eiche-hartholz-300kg-gesamtgewicht-30-packungen-a-10kg-ruf-briketts-155x65mm-fur-ofen-kamin-hohe-energiedichte-lange-brenndauer-ohne-chemische-zusatze-19\/#primaryimage"},"thumbnailUrl":"https:\/\/simonbois.de\/wp-content\/uploads\/2025\/08\/8-5.webp","datePublished":"2025-08-15T15:00:02+00:00","dateModified":"2025-08-17T08:09:05+00:00","breadcrumb":{"@id":"https:\/\/simonbois.de\/product\/briketts-kaufen-holzbriketts-buche-eiche-hartholz-300kg-gesamtgewicht-30-packungen-a-10kg-ruf-briketts-155x65mm-fur-ofen-kamin-hohe-energiedichte-lange-brenndauer-ohne-chemische-zusatze-19\/#breadcrumb"},"inLanguage":"de","potentialAction":[{"@type":"ReadAction","target":["https:\/\/simonbois.de\/product\/briketts-kaufen-holzbriketts-buche-eiche-hartholz-300kg-gesamtgewicht-30-packungen-a-10kg-ruf-briketts-155x65mm-fur-ofen-kamin-hohe-energiedichte-lange-brenndauer-ohne-chemische-zusatze-19\/"]}]},{"@type":"ImageObject","inLanguage":"de","@id":"https:\/\/simonbois.de\/product\/briketts-kaufen-holzbriketts-buche-eiche-hartholz-300kg-gesamtgewicht-30-packungen-a-10kg-ruf-briketts-155x65mm-fur-ofen-kamin-hohe-energiedichte-lange-brenndauer-ohne-chemische-zusatze-19\/#primaryimage","url":"https:\/\/simonbois.de\/wp-content\/uploads\/2025\/08\/8-5.webp","contentUrl":"https:\/\/simonbois.de\/wp-content\/uploads\/2025\/08\/8-5.webp","width":1022,"height":1024},{"@type":"BreadcrumbList","@id":"https:\/\/simonbois.de\/product\/briketts-kaufen-holzbriketts-buche-eiche-hartholz-300kg-gesamtgewicht-30-packungen-a-10kg-ruf-briketts-155x65mm-fur-ofen-kamin-hohe-energiedichte-lange-brenndauer-ohne-chemische-zusatze-19\/#breadcrumb","itemListElement":[{"@type":"ListItem","position":1,"name":"Home","item":"https:\/\/simonbois.de\/"},{"@type":"ListItem","position":2,"name":"Shop","item":"https:\/\/simonbois.de\/shop-2\/"},{"@type":"ListItem","position":3,"name":"briketts.kaufen Holzbriketts, Buche-Eiche Hartholz, 300kg Gesamtgewicht, 30 Packungen \u00e0 10kg, RUF Briketts 155x65mm, f\u00fcr Ofen &#038; Kamin, hohe Energiedichte, lange Brenndauer, ohne chemische Zus\u00e4tze, 19 MJ\/kg, 0.6% Asche"}]},{"@type":"WebSite","@id":"https:\/\/simonbois.de\/#website","url":"https:\/\/simonbois.de\/","name":"SIMON BOIS","description":"Verkauf und Lieferung von Brennholz auf Paletten","potentialAction":[{"@type":"SearchAction","target":{"@type":"EntryPoint","urlTemplate":"https:\/\/simonbois.de\/?s={search_term_string}"},"query-input":{"@type":"PropertyValueSpecification","valueRequired":true,"valueName":"search_term_string"}}],"inLanguage":"de"}]}},"_links":{"self":[{"href":"https:\/\/simonbois.de\/de\/wp-json\/wp\/v2\/product\/4631","targetHints":{"allow":["GET"]}}],"collection":[{"href":"https:\/\/simonbois.de\/de\/wp-json\/wp\/v2\/product"}],"about":[{"href":"https:\/\/simonbois.de\/de\/wp-json\/wp\/v2\/types\/product"}],"replies":[{"embeddable":true,"href":"https:\/\/simonbois.de\/de\/wp-json\/wp\/v2\/comments?post=4631"}],"wp:featuredmedia":[{"embeddable":true,"href":"https:\/\/simonbois.de\/de\/wp-json\/wp\/v2\/media\/4633"}],"wp:attachment":[{"href":"https:\/\/simonbois.de\/de\/wp-json\/wp\/v2\/media?parent=4631"}],"wp:term":[{"taxonomy":"product_brand","embeddable":true,"href":"https:\/\/simonbois.de\/de\/wp-json\/wp\/v2\/product_brand?post=4631"},{"taxonomy":"product_cat","embeddable":true,"href":"https:\/\/simonbois.de\/de\/wp-json\/wp\/v2\/product_cat?post=4631"},{"taxonomy":"product_tag","embeddable":true,"href":"https:\/\/simonbois.de\/de\/wp-json\/wp\/v2\/product_tag?post=4631"}],"curies":[{"name":"wp","href":"https:\/\/api.w.org\/{rel}","templated":true}]}}