{"id":4618,"date":"2025-08-15T15:01:51","date_gmt":"2025-08-15T15:01:51","guid":{"rendered":"https:\/\/simonbois.de\/?post_type=product&#038;p=4618"},"modified":"2025-08-17T08:08:54","modified_gmt":"2025-08-17T08:08:54","slug":"kaminholz-brennholz-birke-2-rm-30-33-cm-holzlange-920-kg-ofenfertig-getrocknet-gespalten-feuerholz","status":"publish","type":"product","link":"https:\/\/simonbois.de\/de\/product\/kaminholz-brennholz-birke-2-rm-30-33-cm-holzlange-920-kg-ofenfertig-getrocknet-gespalten-feuerholz\/","title":{"rendered":"Kaminholz Brennholz Birke 2 Rm | 30-33 cm Holzl\u00e4nge, 920 kg| ofenfertig getrocknet &#038; gespalten | Feuerholz"},"content":{"rendered":"<h2 class=\"pdp-expandable-section__title\">Produktbeschreibung & Produktdaten<\/h2>\n<div class=\"pdp-expandable-section__content\">\n<div class=\"pdp-product-description__grid\">\n<div class=\"pdp-product-description__section\" role=\"region\" aria-label=\"Produktinformationen\">\n<div>\n<p><u><strong>Produkteigenschaften<\/strong><\/u>:<\/p>\n<ul>\n<li>Sofort einsatzbereit<\/li>\n<li>Trocken und ofenfertig<\/li>\n<li>Kein spalten n\u00f6tig<\/li>\n<li>Hartholz- ca 2000 KWH\/ Rm; 30-33 cm Holzscheite; 2 Rm \/ 920 KG<\/li>\n<li>Reines Birkenholz<\/li>\n<\/ul>\n<p>Das hochwertige Birkenholz k<strong>ann sofort in den Ofen gelegt werde<\/strong>n. Das Feuerholz hat eine\u00a0<strong>ideale Restfeuchte<\/strong>\u00a0von ca. 18% und hat somit die besten Brenneigenschaften. Sie brauchen das Birkenholz nicht mehr spalten \u2013 das erspart viel Kraft & Arbeit. Das Kaminholz k\u00f6nnen Sie immer direkt nachlegen.<\/p>\n<p><strong>Die L\u00e4nge der trockenen Holzscheite ist ca. 30-33 cm<\/strong>\u00a0und ist somit optimal f\u00fcr alle Feuerst\u00e4tten wie Kachel\u00f6fen, kleinen Werkstatt\u00f6fen (Schweden\u00f6fen) und Befeuerungsanlagen. Birkeholz eignet sich \u2013 aufgrund seiner hohen Rohdichte und einem\u00a0<strong>Brennwert von etwa 2.000 kWh pro Raummeter<\/strong>\u00a0\u2013 optimal um die R\u00e4ume z\u00fcgig aufzuheizen.<\/p>\n<p>Das 30-33 cm lange Feuerholz ist\u00a0<strong>gespalten<\/strong>\u00a0und wird auf einer praktischen Palette geliefert \u2013\u00a0<strong>optimal f\u00fcr eine gute und platzsparende Lagerung.<\/strong><\/p>\n<\/div>\n<\/div>\n<div>\n<section aria-label=\"Produktdaten\">\n<div class=\"pdp-attribute-list__item\">\n<div class=\"pdp-attribute-list__value\" data-test-item_text=\"4250678212410\">\n<div class=\"rd-attribute-list__item-text\">\n<div><\/div>\n<\/div>\n<\/div>\n<\/div>\n<\/section>\n<\/div>\n<\/div>\n<\/div>","protected":false},"excerpt":{"rendered":"<div class=\"pdp-attribute-list__item\">\n<p>Hersteller<\/p>\n<div class=\"pdp-attribute-list__value\" data-test-item_text=\"Hypafol\">\n<div>Hypafol<\/div>\n<\/div>\n<\/div>\n<div class=\"pdp-attribute-list__item\">\n<p>Brennholz-Art<\/p>\n<div class=\"pdp-attribute-list__value\" data-test-item_text=\"Holzscheite\">\n<div>Holzscheite<\/div>\n<\/div>\n<\/div>\n<div class=\"pdp-attribute-list__item\">\n<p>Gewicht<\/p>\n<div class=\"pdp-attribute-list__value\" data-test-item_text=\"920 kg\">\n<div class=\"rd-attribute-list__item-text\">\n<div>920 kg<\/div>\n<\/div>\n<\/div>\n<\/div>\n<div class=\"pdp-attribute-list__item\">\n<p>Grundpreiseinheit<\/p>\n<div class=\"pdp-attribute-list__value\" data-test-item_text=\"kg\">\n<div class=\"rd-attribute-list__item-text\">\n<div>kg<\/div>\n<\/div>\n<\/div>\n<\/div>\n<div class=\"pdp-attribute-list__item\">\n<p>Herstellernummer<\/p>\n<div class=\"pdp-attribute-list__value\" data-test-item_text=\"66222\">\n<div class=\"rd-attribute-list__item-text\">\n<div>66222<\/div>\n<\/div>\n<\/div>\n<\/div>\n<div class=\"pdp-attribute-list__item\">\n<p>EAN<\/p>\n<div class=\"pdp-attribute-list__value\" data-test-item_text=\"4250678212410\">\n<div class=\"rd-attribute-list__item-text\">\n<div>4250678212410<\/div>\n<\/div>\n<\/div>\n<\/div>","protected":false},"featured_media":4635,"comment_status":"open","ping_status":"closed","template":"","meta":[],"product_brand":[],"product_cat":[193],"product_tag":[],"class_list":{"0":"post-4618","1":"product","2":"type-product","3":"status-publish","4":"has-post-thumbnail","6":"product_cat-brennholz","8":"first","9":"instock","10":"taxable","11":"shipping-taxable","12":"purchasable","13":"product-type-simple"},"yoast_head":"<!-- This site is optimized with the Yoast SEO plugin v27.5 - https:\/\/yoast.com\/product\/yoast-seo-wordpress\/ -->\n<title>Kaminholz Brennholz Birke 2 Rm | 30-33 cm Holzl\u00e4nge, 920 kg| ofenfertig getrocknet &amp; gespalten | Feuerholz - SIMON BOIS<\/title>\n<meta name=\"robots\" content=\"index, follow, max-snippet:-1, max-image-preview:large, max-video-preview:-1\" \/>\n<link rel=\"canonical\" href=\"https:\/\/simonbois.de\/de\/product\/kaminholz-brennholz-birke-2-rm-30-33-cm-holzlange-920-kg-ofenfertig-getrocknet-gespalten-feuerholz\/\" \/>\n<meta property=\"og:locale\" content=\"de_DE\" \/>\n<meta property=\"og:type\" content=\"article\" \/>\n<meta property=\"og:title\" content=\"Kaminholz Brennholz Birke 2 Rm | 30-33 cm Holzl\u00e4nge, 920 kg| ofenfertig getrocknet &amp; gespalten | Feuerholz - SIMON BOIS\" \/>\n<meta property=\"og:description\" content=\"Hersteller  Hypafol     Brennholz-Art  Holzscheite     Gewicht   920 kg      Grundpreiseinheit   kg      Herstellernummer   66222      EAN   4250678212410\" \/>\n<meta property=\"og:url\" content=\"https:\/\/simonbois.de\/de\/product\/kaminholz-brennholz-birke-2-rm-30-33-cm-holzlange-920-kg-ofenfertig-getrocknet-gespalten-feuerholz\/\" \/>\n<meta property=\"og:site_name\" content=\"SIMON BOIS\" \/>\n<meta property=\"article:modified_time\" content=\"2025-08-17T08:08:54+00:00\" \/>\n<meta property=\"og:image\" content=\"https:\/\/simonbois.de\/wp-content\/uploads\/2025\/08\/9-5.webp\" \/>\n\t<meta property=\"og:image:width\" content=\"1024\" \/>\n\t<meta property=\"og:image:height\" content=\"1024\" \/>\n\t<meta property=\"og:image:type\" content=\"image\/webp\" \/>\n<meta name=\"twitter:card\" content=\"summary_large_image\" \/>\n<meta name=\"twitter:label1\" content=\"Gesch\u00e4tzte Lesezeit\" \/>\n\t<meta name=\"twitter:data1\" content=\"1\u00a0Minute\" \/>\n<script type=\"application\/ld+json\" class=\"yoast-schema-graph\">{\"@context\":\"https:\\\/\\\/schema.org\",\"@graph\":[{\"@type\":\"WebPage\",\"@id\":\"https:\\\/\\\/simonbois.de\\\/product\\\/kaminholz-brennholz-birke-2-rm-30-33-cm-holzlange-920-kg-ofenfertig-getrocknet-gespalten-feuerholz\\\/\",\"url\":\"https:\\\/\\\/simonbois.de\\\/product\\\/kaminholz-brennholz-birke-2-rm-30-33-cm-holzlange-920-kg-ofenfertig-getrocknet-gespalten-feuerholz\\\/\",\"name\":\"Kaminholz Brennholz Birke 2 Rm | 30-33 cm Holzl\u00e4nge, 920 kg| ofenfertig getrocknet & gespalten | Feuerholz - SIMON BOIS\",\"isPartOf\":{\"@id\":\"https:\\\/\\\/simonbois.de\\\/#website\"},\"primaryImageOfPage\":{\"@id\":\"https:\\\/\\\/simonbois.de\\\/product\\\/kaminholz-brennholz-birke-2-rm-30-33-cm-holzlange-920-kg-ofenfertig-getrocknet-gespalten-feuerholz\\\/#primaryimage\"},\"image\":{\"@id\":\"https:\\\/\\\/simonbois.de\\\/product\\\/kaminholz-brennholz-birke-2-rm-30-33-cm-holzlange-920-kg-ofenfertig-getrocknet-gespalten-feuerholz\\\/#primaryimage\"},\"thumbnailUrl\":\"https:\\\/\\\/simonbois.de\\\/wp-content\\\/uploads\\\/2025\\\/08\\\/9-5.webp\",\"datePublished\":\"2025-08-15T15:01:51+00:00\",\"dateModified\":\"2025-08-17T08:08:54+00:00\",\"breadcrumb\":{\"@id\":\"https:\\\/\\\/simonbois.de\\\/product\\\/kaminholz-brennholz-birke-2-rm-30-33-cm-holzlange-920-kg-ofenfertig-getrocknet-gespalten-feuerholz\\\/#breadcrumb\"},\"inLanguage\":\"de\",\"potentialAction\":[{\"@type\":\"ReadAction\",\"target\":[\"https:\\\/\\\/simonbois.de\\\/product\\\/kaminholz-brennholz-birke-2-rm-30-33-cm-holzlange-920-kg-ofenfertig-getrocknet-gespalten-feuerholz\\\/\"]}]},{\"@type\":\"ImageObject\",\"inLanguage\":\"de\",\"@id\":\"https:\\\/\\\/simonbois.de\\\/product\\\/kaminholz-brennholz-birke-2-rm-30-33-cm-holzlange-920-kg-ofenfertig-getrocknet-gespalten-feuerholz\\\/#primaryimage\",\"url\":\"https:\\\/\\\/simonbois.de\\\/wp-content\\\/uploads\\\/2025\\\/08\\\/9-5.webp\",\"contentUrl\":\"https:\\\/\\\/simonbois.de\\\/wp-content\\\/uploads\\\/2025\\\/08\\\/9-5.webp\",\"width\":1024,\"height\":1024},{\"@type\":\"BreadcrumbList\",\"@id\":\"https:\\\/\\\/simonbois.de\\\/product\\\/kaminholz-brennholz-birke-2-rm-30-33-cm-holzlange-920-kg-ofenfertig-getrocknet-gespalten-feuerholz\\\/#breadcrumb\",\"itemListElement\":[{\"@type\":\"ListItem\",\"position\":1,\"name\":\"Home\",\"item\":\"https:\\\/\\\/simonbois.de\\\/\"},{\"@type\":\"ListItem\",\"position\":2,\"name\":\"Shop\",\"item\":\"https:\\\/\\\/simonbois.de\\\/shop-2\\\/\"},{\"@type\":\"ListItem\",\"position\":3,\"name\":\"Kaminholz Brennholz Birke 2 Rm | 30-33 cm Holzl\u00e4nge, 920 kg| ofenfertig getrocknet &#038; gespalten | Feuerholz\"}]},{\"@type\":\"WebSite\",\"@id\":\"https:\\\/\\\/simonbois.de\\\/#website\",\"url\":\"https:\\\/\\\/simonbois.de\\\/\",\"name\":\"SIMON BOIS\",\"description\":\"Verkauf und Lieferung von Brennholz auf Paletten\",\"potentialAction\":[{\"@type\":\"SearchAction\",\"target\":{\"@type\":\"EntryPoint\",\"urlTemplate\":\"https:\\\/\\\/simonbois.de\\\/?s={search_term_string}\"},\"query-input\":{\"@type\":\"PropertyValueSpecification\",\"valueRequired\":true,\"valueName\":\"search_term_string\"}}],\"inLanguage\":\"de\"}]}<\/script>\n<!-- \/ Yoast SEO plugin. -->","yoast_head_json":{"title":"Kaminholz Brennholz Birke 2 Rm | 30-33 cm Holzl\u00e4nge, 920 kg| ofenfertig getrocknet & gespalten | Feuerholz - SIMON BOIS","robots":{"index":"index","follow":"follow","max-snippet":"max-snippet:-1","max-image-preview":"max-image-preview:large","max-video-preview":"max-video-preview:-1"},"canonical":"https:\/\/simonbois.de\/de\/product\/kaminholz-brennholz-birke-2-rm-30-33-cm-holzlange-920-kg-ofenfertig-getrocknet-gespalten-feuerholz\/","og_locale":"de_DE","og_type":"article","og_title":"Kaminholz Brennholz Birke 2 Rm | 30-33 cm Holzl\u00e4nge, 920 kg| ofenfertig getrocknet & gespalten | Feuerholz - SIMON BOIS","og_description":"Hersteller  Hypafol     Brennholz-Art  Holzscheite     Gewicht   920 kg      Grundpreiseinheit   kg      Herstellernummer   66222      EAN   4250678212410","og_url":"https:\/\/simonbois.de\/de\/product\/kaminholz-brennholz-birke-2-rm-30-33-cm-holzlange-920-kg-ofenfertig-getrocknet-gespalten-feuerholz\/","og_site_name":"SIMON BOIS","article_modified_time":"2025-08-17T08:08:54+00:00","og_image":[{"width":1024,"height":1024,"url":"https:\/\/simonbois.de\/wp-content\/uploads\/2025\/08\/9-5.webp","type":"image\/webp"}],"twitter_card":"summary_large_image","twitter_misc":{"Gesch\u00e4tzte Lesezeit":"1\u00a0Minute"},"schema":{"@context":"https:\/\/schema.org","@graph":[{"@type":"WebPage","@id":"https:\/\/simonbois.de\/product\/kaminholz-brennholz-birke-2-rm-30-33-cm-holzlange-920-kg-ofenfertig-getrocknet-gespalten-feuerholz\/","url":"https:\/\/simonbois.de\/product\/kaminholz-brennholz-birke-2-rm-30-33-cm-holzlange-920-kg-ofenfertig-getrocknet-gespalten-feuerholz\/","name":"Kaminholz Brennholz Birke 2 Rm | 30-33 cm Holzl\u00e4nge, 920 kg| ofenfertig getrocknet & gespalten | Feuerholz - SIMON BOIS","isPartOf":{"@id":"https:\/\/simonbois.de\/#website"},"primaryImageOfPage":{"@id":"https:\/\/simonbois.de\/product\/kaminholz-brennholz-birke-2-rm-30-33-cm-holzlange-920-kg-ofenfertig-getrocknet-gespalten-feuerholz\/#primaryimage"},"image":{"@id":"https:\/\/simonbois.de\/product\/kaminholz-brennholz-birke-2-rm-30-33-cm-holzlange-920-kg-ofenfertig-getrocknet-gespalten-feuerholz\/#primaryimage"},"thumbnailUrl":"https:\/\/simonbois.de\/wp-content\/uploads\/2025\/08\/9-5.webp","datePublished":"2025-08-15T15:01:51+00:00","dateModified":"2025-08-17T08:08:54+00:00","breadcrumb":{"@id":"https:\/\/simonbois.de\/product\/kaminholz-brennholz-birke-2-rm-30-33-cm-holzlange-920-kg-ofenfertig-getrocknet-gespalten-feuerholz\/#breadcrumb"},"inLanguage":"de","potentialAction":[{"@type":"ReadAction","target":["https:\/\/simonbois.de\/product\/kaminholz-brennholz-birke-2-rm-30-33-cm-holzlange-920-kg-ofenfertig-getrocknet-gespalten-feuerholz\/"]}]},{"@type":"ImageObject","inLanguage":"de","@id":"https:\/\/simonbois.de\/product\/kaminholz-brennholz-birke-2-rm-30-33-cm-holzlange-920-kg-ofenfertig-getrocknet-gespalten-feuerholz\/#primaryimage","url":"https:\/\/simonbois.de\/wp-content\/uploads\/2025\/08\/9-5.webp","contentUrl":"https:\/\/simonbois.de\/wp-content\/uploads\/2025\/08\/9-5.webp","width":1024,"height":1024},{"@type":"BreadcrumbList","@id":"https:\/\/simonbois.de\/product\/kaminholz-brennholz-birke-2-rm-30-33-cm-holzlange-920-kg-ofenfertig-getrocknet-gespalten-feuerholz\/#breadcrumb","itemListElement":[{"@type":"ListItem","position":1,"name":"Home","item":"https:\/\/simonbois.de\/"},{"@type":"ListItem","position":2,"name":"Shop","item":"https:\/\/simonbois.de\/shop-2\/"},{"@type":"ListItem","position":3,"name":"Kaminholz Brennholz Birke 2 Rm | 30-33 cm Holzl\u00e4nge, 920 kg| ofenfertig getrocknet &#038; gespalten | Feuerholz"}]},{"@type":"WebSite","@id":"https:\/\/simonbois.de\/#website","url":"https:\/\/simonbois.de\/","name":"SIMON BOIS","description":"Verkauf und Lieferung von Brennholz auf Paletten","potentialAction":[{"@type":"SearchAction","target":{"@type":"EntryPoint","urlTemplate":"https:\/\/simonbois.de\/?s={search_term_string}"},"query-input":{"@type":"PropertyValueSpecification","valueRequired":true,"valueName":"search_term_string"}}],"inLanguage":"de"}]}},"_links":{"self":[{"href":"https:\/\/simonbois.de\/de\/wp-json\/wp\/v2\/product\/4618","targetHints":{"allow":["GET"]}}],"collection":[{"href":"https:\/\/simonbois.de\/de\/wp-json\/wp\/v2\/product"}],"about":[{"href":"https:\/\/simonbois.de\/de\/wp-json\/wp\/v2\/types\/product"}],"replies":[{"embeddable":true,"href":"https:\/\/simonbois.de\/de\/wp-json\/wp\/v2\/comments?post=4618"}],"wp:featuredmedia":[{"embeddable":true,"href":"https:\/\/simonbois.de\/de\/wp-json\/wp\/v2\/media\/4635"}],"wp:attachment":[{"href":"https:\/\/simonbois.de\/de\/wp-json\/wp\/v2\/media?parent=4618"}],"wp:term":[{"taxonomy":"product_brand","embeddable":true,"href":"https:\/\/simonbois.de\/de\/wp-json\/wp\/v2\/product_brand?post=4618"},{"taxonomy":"product_cat","embeddable":true,"href":"https:\/\/simonbois.de\/de\/wp-json\/wp\/v2\/product_cat?post=4618"},{"taxonomy":"product_tag","embeddable":true,"href":"https:\/\/simonbois.de\/de\/wp-json\/wp\/v2\/product_tag?post=4618"}],"curies":[{"name":"wp","href":"https:\/\/api.w.org\/{rel}","templated":true}]}}