{"id":4582,"date":"2025-08-15T14:31:11","date_gmt":"2025-08-15T14:31:11","guid":{"rendered":"https:\/\/simonbois.de\/?post_type=product&#038;p=4582"},"modified":"2025-08-17T08:12:23","modified_gmt":"2025-08-17T08:12:23","slug":"metalprofi-wm180v-metalldrehmaschine","status":"publish","type":"product","link":"https:\/\/simonbois.de\/de\/product\/metalprofi-wm180v-metalldrehmaschine\/","title":{"rendered":"M\u00e9talprofi WM180V Metalldrehmaschine"},"content":{"rendered":"<p>\u00a0<\/p>\n<p>\u00a0<\/p>\n<p>Diese Tischdrehmaschine bietet technische Features, die sowohl Hobby- als auch Profi-Anwender begeistern.<br \/>\nDank des robusten Maschinenrahmens zeichnet sich die Maschine durch hervorragende Steifigkeit aus, selbst bei der Bearbeitung von sehr harten St\u00e4hlen.<br \/>\nSerienm\u00e4\u00dfig mit automatischem L\u00e4ngsvorschub ausgestattet. Prismenbett aus Grauguss, induktionsgeh\u00e4rtet und pr\u00e4zisionsgeschliffen. Geh\u00e4rtete Spindel mit einstellbaren Kegellagern. Eine Spindelnase von weniger als 0,009 mm sorgt f\u00fcr maximale Drehpr\u00e4zision. Die Drehzahl ist stufenlos regelbar und l\u00e4sst sich leicht auf der Digitalanzeige ablesen. Die Drehzahl\u00e4nderung erm\u00f6glicht ein breites Anwendungsspektrum. Leistungsstarker, wartungsfreier Motor mit Schalter. Stufenlose Kraft\u00fcbertragung. Der Reitstock ist f\u00fcr Kegeldrehen einstellbar.<\/p>\n<p>\u00a0<\/p>","protected":false},"excerpt":{"rendered":"<p>Schwenkbarer Oberschlitten f\u00fcr Kegeldrehen.<br \/>\nUmfangreiche Gewindeschneidm\u00f6glichkeiten dank geh\u00e4rteter Stahlzahnr\u00e4der.<br \/>\nErm\u00f6glicht Linksgewinde.<br \/>\nGarantierte P6-Qualit\u00e4tslager.<br \/>\nReitstock mit Schnellspannhebel und +\/- 5 mm Versatz zum Kegeldrehen.<br \/>\nDrehrichtungsumkehr am Bedienfeld.<\/p>\n<p>B\u00fcrstenloser Motor.<\/p>\n<p>Lieferumfang:<br \/>\n3-Backenfutter \u00d8100, feste Zentrierspitze MK2, feste Zentrierspitze MK3, Futterschutz, Hinterschutz, Sp\u00e4newanne, 4-fach-Revolver, Serviceschl\u00fcssel, Getriebe f\u00fcr metrische und z\u00f6llige Gewinde.<\/p>","protected":false},"featured_media":4590,"comment_status":"open","ping_status":"closed","template":"","meta":[],"product_brand":[],"product_cat":[191],"product_tag":[],"class_list":{"0":"post-4582","1":"product","2":"type-product","3":"status-publish","4":"has-post-thumbnail","6":"product_cat-maschinen","8":"first","9":"instock","10":"taxable","11":"shipping-taxable","12":"purchasable","13":"product-type-simple"},"yoast_head":"<!-- This site is optimized with the Yoast SEO plugin v27.5 - https:\/\/yoast.com\/product\/yoast-seo-wordpress\/ -->\n<title>M\u00e9talprofi WM180V Metalldrehmaschine - SIMON BOIS<\/title>\n<meta name=\"robots\" content=\"index, follow, max-snippet:-1, max-image-preview:large, max-video-preview:-1\" \/>\n<link rel=\"canonical\" href=\"https:\/\/simonbois.de\/de\/product\/metalprofi-wm180v-metalldrehmaschine\/\" \/>\n<meta property=\"og:locale\" content=\"de_DE\" \/>\n<meta property=\"og:type\" content=\"article\" \/>\n<meta property=\"og:title\" content=\"M\u00e9talprofi WM180V Metalldrehmaschine - SIMON BOIS\" \/>\n<meta property=\"og:description\" content=\"Schwenkbarer Oberschlitten f\u00fcr Kegeldrehen. Umfangreiche Gewindeschneidm\u00f6glichkeiten dank geh\u00e4rteter Stahlzahnr\u00e4der. Erm\u00f6glicht Linksgewinde. Garantierte P6-Qualit\u00e4tslager. Reitstock mit Schnellspannhebel und +\/- 5 mm Versatz zum Kegeldrehen. Drehrichtungsumkehr am Bedienfeld.  B\u00fcrstenloser Motor.  Lieferumfang: 3-Backenfutter \u00d8100, feste Zentrierspitze MK2, feste Zentrierspitze MK3, Futterschutz, Hinterschutz, Sp\u00e4newanne, 4-fach-Revolver, Serviceschl\u00fcssel, Getriebe f\u00fcr metrische und z\u00f6llige Gewinde.\" \/>\n<meta property=\"og:url\" content=\"https:\/\/simonbois.de\/de\/product\/metalprofi-wm180v-metalldrehmaschine\/\" \/>\n<meta property=\"og:site_name\" content=\"SIMON BOIS\" \/>\n<meta property=\"article:modified_time\" content=\"2025-08-17T08:12:23+00:00\" \/>\n<meta property=\"og:image\" content=\"https:\/\/simonbois.de\/wp-content\/uploads\/2025\/08\/19-4.webp\" \/>\n\t<meta property=\"og:image:width\" content=\"600\" \/>\n\t<meta property=\"og:image:height\" content=\"600\" \/>\n\t<meta property=\"og:image:type\" content=\"image\/webp\" \/>\n<meta name=\"twitter:card\" content=\"summary_large_image\" \/>\n<meta name=\"twitter:label1\" content=\"Gesch\u00e4tzte Lesezeit\" \/>\n\t<meta name=\"twitter:data1\" content=\"1\u00a0Minute\" \/>\n<script type=\"application\/ld+json\" class=\"yoast-schema-graph\">{\"@context\":\"https:\\\/\\\/schema.org\",\"@graph\":[{\"@type\":\"WebPage\",\"@id\":\"https:\\\/\\\/simonbois.de\\\/product\\\/metalprofi-wm180v-metalldrehmaschine\\\/\",\"url\":\"https:\\\/\\\/simonbois.de\\\/product\\\/metalprofi-wm180v-metalldrehmaschine\\\/\",\"name\":\"M\u00e9talprofi WM180V Metalldrehmaschine - SIMON BOIS\",\"isPartOf\":{\"@id\":\"https:\\\/\\\/simonbois.de\\\/#website\"},\"primaryImageOfPage\":{\"@id\":\"https:\\\/\\\/simonbois.de\\\/product\\\/metalprofi-wm180v-metalldrehmaschine\\\/#primaryimage\"},\"image\":{\"@id\":\"https:\\\/\\\/simonbois.de\\\/product\\\/metalprofi-wm180v-metalldrehmaschine\\\/#primaryimage\"},\"thumbnailUrl\":\"https:\\\/\\\/simonbois.de\\\/wp-content\\\/uploads\\\/2025\\\/08\\\/19-4.webp\",\"datePublished\":\"2025-08-15T14:31:11+00:00\",\"dateModified\":\"2025-08-17T08:12:23+00:00\",\"breadcrumb\":{\"@id\":\"https:\\\/\\\/simonbois.de\\\/product\\\/metalprofi-wm180v-metalldrehmaschine\\\/#breadcrumb\"},\"inLanguage\":\"de\",\"potentialAction\":[{\"@type\":\"ReadAction\",\"target\":[\"https:\\\/\\\/simonbois.de\\\/product\\\/metalprofi-wm180v-metalldrehmaschine\\\/\"]}]},{\"@type\":\"ImageObject\",\"inLanguage\":\"de\",\"@id\":\"https:\\\/\\\/simonbois.de\\\/product\\\/metalprofi-wm180v-metalldrehmaschine\\\/#primaryimage\",\"url\":\"https:\\\/\\\/simonbois.de\\\/wp-content\\\/uploads\\\/2025\\\/08\\\/19-4.webp\",\"contentUrl\":\"https:\\\/\\\/simonbois.de\\\/wp-content\\\/uploads\\\/2025\\\/08\\\/19-4.webp\",\"width\":600,\"height\":600},{\"@type\":\"BreadcrumbList\",\"@id\":\"https:\\\/\\\/simonbois.de\\\/product\\\/metalprofi-wm180v-metalldrehmaschine\\\/#breadcrumb\",\"itemListElement\":[{\"@type\":\"ListItem\",\"position\":1,\"name\":\"Home\",\"item\":\"https:\\\/\\\/simonbois.de\\\/\"},{\"@type\":\"ListItem\",\"position\":2,\"name\":\"Shop\",\"item\":\"https:\\\/\\\/simonbois.de\\\/shop-2\\\/\"},{\"@type\":\"ListItem\",\"position\":3,\"name\":\"M\u00e9talprofi WM180V Metalldrehmaschine\"}]},{\"@type\":\"WebSite\",\"@id\":\"https:\\\/\\\/simonbois.de\\\/#website\",\"url\":\"https:\\\/\\\/simonbois.de\\\/\",\"name\":\"SIMON BOIS\",\"description\":\"Verkauf und Lieferung von Brennholz auf Paletten\",\"potentialAction\":[{\"@type\":\"SearchAction\",\"target\":{\"@type\":\"EntryPoint\",\"urlTemplate\":\"https:\\\/\\\/simonbois.de\\\/?s={search_term_string}\"},\"query-input\":{\"@type\":\"PropertyValueSpecification\",\"valueRequired\":true,\"valueName\":\"search_term_string\"}}],\"inLanguage\":\"de\"}]}<\/script>\n<!-- \/ Yoast SEO plugin. -->","yoast_head_json":{"title":"M\u00e9talprofi WM180V Metalldrehmaschine - SIMON BOIS","robots":{"index":"index","follow":"follow","max-snippet":"max-snippet:-1","max-image-preview":"max-image-preview:large","max-video-preview":"max-video-preview:-1"},"canonical":"https:\/\/simonbois.de\/de\/product\/metalprofi-wm180v-metalldrehmaschine\/","og_locale":"de_DE","og_type":"article","og_title":"M\u00e9talprofi WM180V Metalldrehmaschine - SIMON BOIS","og_description":"Schwenkbarer Oberschlitten f\u00fcr Kegeldrehen. Umfangreiche Gewindeschneidm\u00f6glichkeiten dank geh\u00e4rteter Stahlzahnr\u00e4der. Erm\u00f6glicht Linksgewinde. Garantierte P6-Qualit\u00e4tslager. Reitstock mit Schnellspannhebel und +\/- 5 mm Versatz zum Kegeldrehen. Drehrichtungsumkehr am Bedienfeld.  B\u00fcrstenloser Motor.  Lieferumfang: 3-Backenfutter \u00d8100, feste Zentrierspitze MK2, feste Zentrierspitze MK3, Futterschutz, Hinterschutz, Sp\u00e4newanne, 4-fach-Revolver, Serviceschl\u00fcssel, Getriebe f\u00fcr metrische und z\u00f6llige Gewinde.","og_url":"https:\/\/simonbois.de\/de\/product\/metalprofi-wm180v-metalldrehmaschine\/","og_site_name":"SIMON BOIS","article_modified_time":"2025-08-17T08:12:23+00:00","og_image":[{"width":600,"height":600,"url":"https:\/\/simonbois.de\/wp-content\/uploads\/2025\/08\/19-4.webp","type":"image\/webp"}],"twitter_card":"summary_large_image","twitter_misc":{"Gesch\u00e4tzte Lesezeit":"1\u00a0Minute"},"schema":{"@context":"https:\/\/schema.org","@graph":[{"@type":"WebPage","@id":"https:\/\/simonbois.de\/product\/metalprofi-wm180v-metalldrehmaschine\/","url":"https:\/\/simonbois.de\/product\/metalprofi-wm180v-metalldrehmaschine\/","name":"M\u00e9talprofi WM180V Metalldrehmaschine - SIMON BOIS","isPartOf":{"@id":"https:\/\/simonbois.de\/#website"},"primaryImageOfPage":{"@id":"https:\/\/simonbois.de\/product\/metalprofi-wm180v-metalldrehmaschine\/#primaryimage"},"image":{"@id":"https:\/\/simonbois.de\/product\/metalprofi-wm180v-metalldrehmaschine\/#primaryimage"},"thumbnailUrl":"https:\/\/simonbois.de\/wp-content\/uploads\/2025\/08\/19-4.webp","datePublished":"2025-08-15T14:31:11+00:00","dateModified":"2025-08-17T08:12:23+00:00","breadcrumb":{"@id":"https:\/\/simonbois.de\/product\/metalprofi-wm180v-metalldrehmaschine\/#breadcrumb"},"inLanguage":"de","potentialAction":[{"@type":"ReadAction","target":["https:\/\/simonbois.de\/product\/metalprofi-wm180v-metalldrehmaschine\/"]}]},{"@type":"ImageObject","inLanguage":"de","@id":"https:\/\/simonbois.de\/product\/metalprofi-wm180v-metalldrehmaschine\/#primaryimage","url":"https:\/\/simonbois.de\/wp-content\/uploads\/2025\/08\/19-4.webp","contentUrl":"https:\/\/simonbois.de\/wp-content\/uploads\/2025\/08\/19-4.webp","width":600,"height":600},{"@type":"BreadcrumbList","@id":"https:\/\/simonbois.de\/product\/metalprofi-wm180v-metalldrehmaschine\/#breadcrumb","itemListElement":[{"@type":"ListItem","position":1,"name":"Home","item":"https:\/\/simonbois.de\/"},{"@type":"ListItem","position":2,"name":"Shop","item":"https:\/\/simonbois.de\/shop-2\/"},{"@type":"ListItem","position":3,"name":"M\u00e9talprofi WM180V Metalldrehmaschine"}]},{"@type":"WebSite","@id":"https:\/\/simonbois.de\/#website","url":"https:\/\/simonbois.de\/","name":"SIMON BOIS","description":"Verkauf und Lieferung von Brennholz auf Paletten","potentialAction":[{"@type":"SearchAction","target":{"@type":"EntryPoint","urlTemplate":"https:\/\/simonbois.de\/?s={search_term_string}"},"query-input":{"@type":"PropertyValueSpecification","valueRequired":true,"valueName":"search_term_string"}}],"inLanguage":"de"}]}},"_links":{"self":[{"href":"https:\/\/simonbois.de\/de\/wp-json\/wp\/v2\/product\/4582","targetHints":{"allow":["GET"]}}],"collection":[{"href":"https:\/\/simonbois.de\/de\/wp-json\/wp\/v2\/product"}],"about":[{"href":"https:\/\/simonbois.de\/de\/wp-json\/wp\/v2\/types\/product"}],"replies":[{"embeddable":true,"href":"https:\/\/simonbois.de\/de\/wp-json\/wp\/v2\/comments?post=4582"}],"wp:featuredmedia":[{"embeddable":true,"href":"https:\/\/simonbois.de\/de\/wp-json\/wp\/v2\/media\/4590"}],"wp:attachment":[{"href":"https:\/\/simonbois.de\/de\/wp-json\/wp\/v2\/media?parent=4582"}],"wp:term":[{"taxonomy":"product_brand","embeddable":true,"href":"https:\/\/simonbois.de\/de\/wp-json\/wp\/v2\/product_brand?post=4582"},{"taxonomy":"product_cat","embeddable":true,"href":"https:\/\/simonbois.de\/de\/wp-json\/wp\/v2\/product_cat?post=4582"},{"taxonomy":"product_tag","embeddable":true,"href":"https:\/\/simonbois.de\/de\/wp-json\/wp\/v2\/product_tag?post=4582"}],"curies":[{"name":"wp","href":"https:\/\/api.w.org\/{rel}","templated":true}]}}