{"id":4579,"date":"2025-08-15T14:30:03","date_gmt":"2025-08-15T14:30:03","guid":{"rendered":"https:\/\/simonbois.de\/?post_type=product&#038;p=4579"},"modified":"2025-08-17T08:12:34","modified_gmt":"2025-08-17T08:12:34","slug":"holzmann-ed400fd-elektronische-metalldrehmaschine","status":"publish","type":"product","link":"https:\/\/simonbois.de\/de\/product\/holzmann-ed400fd-elektronische-metalldrehmaschine\/","title":{"rendered":"HOLZMANN ED400FD Elektronische Metalldrehmaschine"},"content":{"rendered":"<p>\u00a0<\/p>\n<p>Technische Daten:<\/p>\n<p>Leistung: 600 W \u2013 230 V<br \/>\nDrehzahl: 50 \u2013 2500 U\/min<br \/>\nSpitzenweite: 400 mm<br \/>\nMaximaler Durchmesser \u00fcber dem Schlitten: 210 mm<br \/>\nMaximaler Durchmesser unter dem gebrochenen Bett: 110 mm<br \/>\nBettbreite: 100 mm<br \/>\nSpindelbohrung: 21 mm<br \/>\nSpindelaufnahme: MK3<br \/>\nReitstock-Morsekonus: MK2<br \/>\nReitstockhub: 55 mm<br \/>\nMetrische Gewinde: 0,5 \u2013 3 mm<br \/>\nZollgewinde: 8 \u2013 44 TPI<br \/>\nPlanschlittenhub: 80 mm<br \/>\nSchlittenhub: 290 mm<br \/>\nNetto-\/Bruttogewicht: 65\/70 kg<br \/>\nMaschinenabmessungen: 950 x 390 x 350 mm<\/p>\n<p>Die Holzmann ED400FD ist eine Metalldrehmaschine mit einem Durchmesser von 100 mm. Lieferumfang:<\/p>\n<p>3-Backenfutter, \u00d8 100 mm<br \/>\n4-fach Revolver<br \/>\nMK3 Reitstock<br \/>\nMK2 Reitstock<br \/>\nSpannfutterschutz<br \/>\nSp\u00e4newanne<br \/>\nDrehzahlwechsler<br \/>\nSchraubenschl\u00fcssel<\/p>\n<p>Vorteile der Holzmann ED400FD Drehmaschine:<\/p>\n<p>\u00a0<\/p>","protected":false},"excerpt":{"rendered":"<p>Digitale Drehzahlanzeige<br \/>\nVariable Drehzahl<br \/>\nPrismatisches Bett aus Grauguss, induktionsgeh\u00e4rtet und pr\u00e4zisionsgeschliffen<br \/>\nGeh\u00e4rtete Spindel mit einstellbaren Kegellagern<br \/>\nSpindelnase mit einer Genauigkeit von weniger als 0,009 mm f\u00fcr maximale Drehpr\u00e4zision<br \/>\nStufenlos einstellbare Drehzahl, die Drehzahl ist leicht auf der Digitalanzeige abzulesen<br \/>\nAusgestattet mit einer Drehzahl\u00e4nderung f\u00fcr einen gro\u00dfen Arbeitsbereich<br \/>\nDie F\u00fchrungen sind individuell einstellbar und ein V-Keil sorgt f\u00fcr langj\u00e4hrige Pr\u00e4zision<br \/>\nLeistungsstarker, wartungsfreier Motor mit Ausl\u00f6setaste<br \/>\nKontinuierliche Kraft\u00fcbertragung<br \/>\nDer Reitstock ist f\u00fcr Kegeldrehen einstellbar<br \/>\nLinks-\/Rechtslauf (CW\/CCW)<\/p>","protected":false},"featured_media":4589,"comment_status":"open","ping_status":"closed","template":"","meta":[],"product_brand":[],"product_cat":[191],"product_tag":[],"class_list":{"0":"post-4579","1":"product","2":"type-product","3":"status-publish","4":"has-post-thumbnail","6":"product_cat-maschinen","8":"first","9":"instock","10":"taxable","11":"shipping-taxable","12":"purchasable","13":"product-type-simple"},"yoast_head":"<!-- This site is optimized with the Yoast SEO plugin v27.5 - https:\/\/yoast.com\/product\/yoast-seo-wordpress\/ -->\n<title>HOLZMANN ED400FD Elektronische Metalldrehmaschine - SIMON BOIS<\/title>\n<meta name=\"robots\" content=\"index, follow, max-snippet:-1, max-image-preview:large, max-video-preview:-1\" \/>\n<link rel=\"canonical\" href=\"https:\/\/simonbois.de\/de\/product\/holzmann-ed400fd-elektronische-metalldrehmaschine\/\" \/>\n<meta property=\"og:locale\" content=\"de_DE\" \/>\n<meta property=\"og:type\" content=\"article\" \/>\n<meta property=\"og:title\" content=\"HOLZMANN ED400FD Elektronische Metalldrehmaschine - SIMON BOIS\" \/>\n<meta property=\"og:description\" content=\"Digitale Drehzahlanzeige Variable Drehzahl Prismatisches Bett aus Grauguss, induktionsgeh\u00e4rtet und pr\u00e4zisionsgeschliffen Geh\u00e4rtete Spindel mit einstellbaren Kegellagern Spindelnase mit einer Genauigkeit von weniger als 0,009 mm f\u00fcr maximale Drehpr\u00e4zision Stufenlos einstellbare Drehzahl, die Drehzahl ist leicht auf der Digitalanzeige abzulesen Ausgestattet mit einer Drehzahl\u00e4nderung f\u00fcr einen gro\u00dfen Arbeitsbereich Die F\u00fchrungen sind individuell einstellbar und ein V-Keil sorgt f\u00fcr langj\u00e4hrige Pr\u00e4zision Leistungsstarker, wartungsfreier Motor mit Ausl\u00f6setaste Kontinuierliche Kraft\u00fcbertragung Der Reitstock ist f\u00fcr Kegeldrehen einstellbar Links-\/Rechtslauf (CW\/CCW)\" \/>\n<meta property=\"og:url\" content=\"https:\/\/simonbois.de\/de\/product\/holzmann-ed400fd-elektronische-metalldrehmaschine\/\" \/>\n<meta property=\"og:site_name\" content=\"SIMON BOIS\" \/>\n<meta property=\"article:modified_time\" content=\"2025-08-17T08:12:34+00:00\" \/>\n<meta property=\"og:image\" content=\"https:\/\/simonbois.de\/wp-content\/uploads\/2025\/08\/18-3.webp\" \/>\n\t<meta property=\"og:image:width\" content=\"600\" \/>\n\t<meta property=\"og:image:height\" content=\"600\" \/>\n\t<meta property=\"og:image:type\" content=\"image\/webp\" \/>\n<meta name=\"twitter:card\" content=\"summary_large_image\" \/>\n<meta name=\"twitter:label1\" content=\"Gesch\u00e4tzte Lesezeit\" \/>\n\t<meta name=\"twitter:data1\" content=\"1\u00a0Minute\" \/>\n<script type=\"application\/ld+json\" class=\"yoast-schema-graph\">{\"@context\":\"https:\\\/\\\/schema.org\",\"@graph\":[{\"@type\":\"WebPage\",\"@id\":\"https:\\\/\\\/simonbois.de\\\/product\\\/holzmann-ed400fd-elektronische-metalldrehmaschine\\\/\",\"url\":\"https:\\\/\\\/simonbois.de\\\/product\\\/holzmann-ed400fd-elektronische-metalldrehmaschine\\\/\",\"name\":\"HOLZMANN ED400FD Elektronische Metalldrehmaschine - SIMON BOIS\",\"isPartOf\":{\"@id\":\"https:\\\/\\\/simonbois.de\\\/#website\"},\"primaryImageOfPage\":{\"@id\":\"https:\\\/\\\/simonbois.de\\\/product\\\/holzmann-ed400fd-elektronische-metalldrehmaschine\\\/#primaryimage\"},\"image\":{\"@id\":\"https:\\\/\\\/simonbois.de\\\/product\\\/holzmann-ed400fd-elektronische-metalldrehmaschine\\\/#primaryimage\"},\"thumbnailUrl\":\"https:\\\/\\\/simonbois.de\\\/wp-content\\\/uploads\\\/2025\\\/08\\\/18-3.webp\",\"datePublished\":\"2025-08-15T14:30:03+00:00\",\"dateModified\":\"2025-08-17T08:12:34+00:00\",\"breadcrumb\":{\"@id\":\"https:\\\/\\\/simonbois.de\\\/product\\\/holzmann-ed400fd-elektronische-metalldrehmaschine\\\/#breadcrumb\"},\"inLanguage\":\"de\",\"potentialAction\":[{\"@type\":\"ReadAction\",\"target\":[\"https:\\\/\\\/simonbois.de\\\/product\\\/holzmann-ed400fd-elektronische-metalldrehmaschine\\\/\"]}]},{\"@type\":\"ImageObject\",\"inLanguage\":\"de\",\"@id\":\"https:\\\/\\\/simonbois.de\\\/product\\\/holzmann-ed400fd-elektronische-metalldrehmaschine\\\/#primaryimage\",\"url\":\"https:\\\/\\\/simonbois.de\\\/wp-content\\\/uploads\\\/2025\\\/08\\\/18-3.webp\",\"contentUrl\":\"https:\\\/\\\/simonbois.de\\\/wp-content\\\/uploads\\\/2025\\\/08\\\/18-3.webp\",\"width\":600,\"height\":600},{\"@type\":\"BreadcrumbList\",\"@id\":\"https:\\\/\\\/simonbois.de\\\/product\\\/holzmann-ed400fd-elektronische-metalldrehmaschine\\\/#breadcrumb\",\"itemListElement\":[{\"@type\":\"ListItem\",\"position\":1,\"name\":\"Home\",\"item\":\"https:\\\/\\\/simonbois.de\\\/\"},{\"@type\":\"ListItem\",\"position\":2,\"name\":\"Shop\",\"item\":\"https:\\\/\\\/simonbois.de\\\/shop-2\\\/\"},{\"@type\":\"ListItem\",\"position\":3,\"name\":\"HOLZMANN ED400FD Elektronische Metalldrehmaschine\"}]},{\"@type\":\"WebSite\",\"@id\":\"https:\\\/\\\/simonbois.de\\\/#website\",\"url\":\"https:\\\/\\\/simonbois.de\\\/\",\"name\":\"SIMON BOIS\",\"description\":\"Verkauf und Lieferung von Brennholz auf Paletten\",\"potentialAction\":[{\"@type\":\"SearchAction\",\"target\":{\"@type\":\"EntryPoint\",\"urlTemplate\":\"https:\\\/\\\/simonbois.de\\\/?s={search_term_string}\"},\"query-input\":{\"@type\":\"PropertyValueSpecification\",\"valueRequired\":true,\"valueName\":\"search_term_string\"}}],\"inLanguage\":\"de\"}]}<\/script>\n<!-- \/ Yoast SEO plugin. -->","yoast_head_json":{"title":"HOLZMANN ED400FD Elektronische Metalldrehmaschine - SIMON BOIS","robots":{"index":"index","follow":"follow","max-snippet":"max-snippet:-1","max-image-preview":"max-image-preview:large","max-video-preview":"max-video-preview:-1"},"canonical":"https:\/\/simonbois.de\/de\/product\/holzmann-ed400fd-elektronische-metalldrehmaschine\/","og_locale":"de_DE","og_type":"article","og_title":"HOLZMANN ED400FD Elektronische Metalldrehmaschine - SIMON BOIS","og_description":"Digitale Drehzahlanzeige Variable Drehzahl Prismatisches Bett aus Grauguss, induktionsgeh\u00e4rtet und pr\u00e4zisionsgeschliffen Geh\u00e4rtete Spindel mit einstellbaren Kegellagern Spindelnase mit einer Genauigkeit von weniger als 0,009 mm f\u00fcr maximale Drehpr\u00e4zision Stufenlos einstellbare Drehzahl, die Drehzahl ist leicht auf der Digitalanzeige abzulesen Ausgestattet mit einer Drehzahl\u00e4nderung f\u00fcr einen gro\u00dfen Arbeitsbereich Die F\u00fchrungen sind individuell einstellbar und ein V-Keil sorgt f\u00fcr langj\u00e4hrige Pr\u00e4zision Leistungsstarker, wartungsfreier Motor mit Ausl\u00f6setaste Kontinuierliche Kraft\u00fcbertragung Der Reitstock ist f\u00fcr Kegeldrehen einstellbar Links-\/Rechtslauf (CW\/CCW)","og_url":"https:\/\/simonbois.de\/de\/product\/holzmann-ed400fd-elektronische-metalldrehmaschine\/","og_site_name":"SIMON BOIS","article_modified_time":"2025-08-17T08:12:34+00:00","og_image":[{"width":600,"height":600,"url":"https:\/\/simonbois.de\/wp-content\/uploads\/2025\/08\/18-3.webp","type":"image\/webp"}],"twitter_card":"summary_large_image","twitter_misc":{"Gesch\u00e4tzte Lesezeit":"1\u00a0Minute"},"schema":{"@context":"https:\/\/schema.org","@graph":[{"@type":"WebPage","@id":"https:\/\/simonbois.de\/product\/holzmann-ed400fd-elektronische-metalldrehmaschine\/","url":"https:\/\/simonbois.de\/product\/holzmann-ed400fd-elektronische-metalldrehmaschine\/","name":"HOLZMANN ED400FD Elektronische Metalldrehmaschine - SIMON BOIS","isPartOf":{"@id":"https:\/\/simonbois.de\/#website"},"primaryImageOfPage":{"@id":"https:\/\/simonbois.de\/product\/holzmann-ed400fd-elektronische-metalldrehmaschine\/#primaryimage"},"image":{"@id":"https:\/\/simonbois.de\/product\/holzmann-ed400fd-elektronische-metalldrehmaschine\/#primaryimage"},"thumbnailUrl":"https:\/\/simonbois.de\/wp-content\/uploads\/2025\/08\/18-3.webp","datePublished":"2025-08-15T14:30:03+00:00","dateModified":"2025-08-17T08:12:34+00:00","breadcrumb":{"@id":"https:\/\/simonbois.de\/product\/holzmann-ed400fd-elektronische-metalldrehmaschine\/#breadcrumb"},"inLanguage":"de","potentialAction":[{"@type":"ReadAction","target":["https:\/\/simonbois.de\/product\/holzmann-ed400fd-elektronische-metalldrehmaschine\/"]}]},{"@type":"ImageObject","inLanguage":"de","@id":"https:\/\/simonbois.de\/product\/holzmann-ed400fd-elektronische-metalldrehmaschine\/#primaryimage","url":"https:\/\/simonbois.de\/wp-content\/uploads\/2025\/08\/18-3.webp","contentUrl":"https:\/\/simonbois.de\/wp-content\/uploads\/2025\/08\/18-3.webp","width":600,"height":600},{"@type":"BreadcrumbList","@id":"https:\/\/simonbois.de\/product\/holzmann-ed400fd-elektronische-metalldrehmaschine\/#breadcrumb","itemListElement":[{"@type":"ListItem","position":1,"name":"Home","item":"https:\/\/simonbois.de\/"},{"@type":"ListItem","position":2,"name":"Shop","item":"https:\/\/simonbois.de\/shop-2\/"},{"@type":"ListItem","position":3,"name":"HOLZMANN ED400FD Elektronische Metalldrehmaschine"}]},{"@type":"WebSite","@id":"https:\/\/simonbois.de\/#website","url":"https:\/\/simonbois.de\/","name":"SIMON BOIS","description":"Verkauf und Lieferung von Brennholz auf Paletten","potentialAction":[{"@type":"SearchAction","target":{"@type":"EntryPoint","urlTemplate":"https:\/\/simonbois.de\/?s={search_term_string}"},"query-input":{"@type":"PropertyValueSpecification","valueRequired":true,"valueName":"search_term_string"}}],"inLanguage":"de"}]}},"_links":{"self":[{"href":"https:\/\/simonbois.de\/de\/wp-json\/wp\/v2\/product\/4579","targetHints":{"allow":["GET"]}}],"collection":[{"href":"https:\/\/simonbois.de\/de\/wp-json\/wp\/v2\/product"}],"about":[{"href":"https:\/\/simonbois.de\/de\/wp-json\/wp\/v2\/types\/product"}],"replies":[{"embeddable":true,"href":"https:\/\/simonbois.de\/de\/wp-json\/wp\/v2\/comments?post=4579"}],"wp:featuredmedia":[{"embeddable":true,"href":"https:\/\/simonbois.de\/de\/wp-json\/wp\/v2\/media\/4589"}],"wp:attachment":[{"href":"https:\/\/simonbois.de\/de\/wp-json\/wp\/v2\/media?parent=4579"}],"wp:term":[{"taxonomy":"product_brand","embeddable":true,"href":"https:\/\/simonbois.de\/de\/wp-json\/wp\/v2\/product_brand?post=4579"},{"taxonomy":"product_cat","embeddable":true,"href":"https:\/\/simonbois.de\/de\/wp-json\/wp\/v2\/product_cat?post=4579"},{"taxonomy":"product_tag","embeddable":true,"href":"https:\/\/simonbois.de\/de\/wp-json\/wp\/v2\/product_tag?post=4579"}],"curies":[{"name":"wp","href":"https:\/\/api.w.org\/{rel}","templated":true}]}}