{"id":4578,"date":"2025-08-15T14:28:47","date_gmt":"2025-08-15T14:28:47","guid":{"rendered":"https:\/\/simonbois.de\/?post_type=product&#038;p=4578"},"modified":"2025-08-17T08:12:43","modified_gmt":"2025-08-17T08:12:43","slug":"bernardo-profi-400v-230v-elektronische-metalldrehmaschine","status":"publish","type":"product","link":"https:\/\/simonbois.de\/de\/product\/bernardo-profi-400v-230v-elektronische-metalldrehmaschine\/","title":{"rendered":"Bernardo Profi 400V \u2013 230V Elektronische Metalldrehmaschine"},"content":{"rendered":"<p>\u00a0<\/p>\n<p>Ausstattung:<\/p>\n<p>Spitzenweite: 400 mm<br \/>\nSpitzenh\u00f6he: 100 mm<br \/>\nBettdurchmesser: 200 mm<br \/>\nSpindelbohrung: 20 mm<br \/>\nSpindelaufnahme: MK 3<br \/>\nDrehzahlbereich: 50\u20131250 \/ 100\u20132500 U\/min<br \/>\nL\u00e4ngsvorschub: (3) von 0,089 bis 0,198 mm\/U<br \/>\nMetrische Gewinde: (14) von 0,3\u20133 mm<br \/>\nSpindelhub: 50 mm<br \/>\nReitstockaufnahme: MK 2<br \/>\nMotorleistung S1 (100 %): 0,60 kW \/ 230 V<br \/>\nMotorleistung S6 (40 %): 0,80 kW \/ 230 V<br \/>\nMaschinenabmessungen (B x T x H): 930 x 400 x 380 mm<br \/>\nGewicht: 65 kg<\/p>\n<p>Lieferung ohne Untergestell<br \/>\nVorteile der Profi 400 V Metalldrehmaschine:<\/p>\n<p>\u00a0<\/p>","protected":false},"excerpt":{"rendered":"<p>Standardm\u00e4\u00dfig mit Leitspindel zum Gewindeschneiden und automatischem L\u00e4ngsvorschub<br \/>\nStandardm\u00e4\u00dfig mit Wechselzahnr\u00e4dern zum metrischen Gewindeschneiden<br \/>\nHohe Rundlaufgenauigkeit der Spindelspitze (&lt;0,009 mm) dank hochwertiger Lager<br \/>\nErgonomische Anordnung der Bedienelemente<br \/>\nKompakte Maschine, optimales Preis-Leistungs-Verh\u00e4ltnis<br \/>\nElektronische Drehzahlregelung zur optimalen Anpassung der Schnittgeschwindigkeit an das Werkst\u00fcck<\/p>\n<p>Die Metalldrehmaschine wird geliefert mit:<\/p>\n<p>DK 11\u2013100 mm 3-Backenfutter, 4-fach-Revolver, Zentrierbohrern, Futterschutz, Wechselzahnr\u00e4dern, digitaler Drehzahlanzeige, Hinterschutz, Sp\u00e4newanne und Servicewerkzeugen.<\/p>","protected":false},"featured_media":4588,"comment_status":"open","ping_status":"closed","template":"","meta":[],"product_brand":[],"product_cat":[191],"product_tag":[],"class_list":{"0":"post-4578","1":"product","2":"type-product","3":"status-publish","4":"has-post-thumbnail","6":"product_cat-maschinen","8":"first","9":"instock","10":"taxable","11":"shipping-taxable","12":"purchasable","13":"product-type-simple"},"yoast_head":"<!-- This site is optimized with the Yoast SEO plugin v27.5 - https:\/\/yoast.com\/product\/yoast-seo-wordpress\/ -->\n<title>Bernardo Profi 400V \u2013 230V Elektronische Metalldrehmaschine - SIMON BOIS<\/title>\n<meta name=\"robots\" content=\"index, follow, max-snippet:-1, max-image-preview:large, max-video-preview:-1\" \/>\n<link rel=\"canonical\" href=\"https:\/\/simonbois.de\/de\/product\/bernardo-profi-400v-230v-elektronische-metalldrehmaschine\/\" \/>\n<meta property=\"og:locale\" content=\"de_DE\" \/>\n<meta property=\"og:type\" content=\"article\" \/>\n<meta property=\"og:title\" content=\"Bernardo Profi 400V \u2013 230V Elektronische Metalldrehmaschine - SIMON BOIS\" \/>\n<meta property=\"og:description\" content=\"Standardm\u00e4\u00dfig mit Leitspindel zum Gewindeschneiden und automatischem L\u00e4ngsvorschub Standardm\u00e4\u00dfig mit Wechselzahnr\u00e4dern zum metrischen Gewindeschneiden Hohe Rundlaufgenauigkeit der Spindelspitze (&lt;0,009 mm) dank hochwertiger Lager Ergonomische Anordnung der Bedienelemente Kompakte Maschine, optimales Preis-Leistungs-Verh\u00e4ltnis Elektronische Drehzahlregelung zur optimalen Anpassung der Schnittgeschwindigkeit an das Werkst\u00fcck  Die Metalldrehmaschine wird geliefert mit:  DK 11\u2013100 mm 3-Backenfutter, 4-fach-Revolver, Zentrierbohrern, Futterschutz, Wechselzahnr\u00e4dern, digitaler Drehzahlanzeige, Hinterschutz, Sp\u00e4newanne und Servicewerkzeugen.\" \/>\n<meta property=\"og:url\" content=\"https:\/\/simonbois.de\/de\/product\/bernardo-profi-400v-230v-elektronische-metalldrehmaschine\/\" \/>\n<meta property=\"og:site_name\" content=\"SIMON BOIS\" \/>\n<meta property=\"article:modified_time\" content=\"2025-08-17T08:12:43+00:00\" \/>\n<meta property=\"og:image\" content=\"https:\/\/simonbois.de\/wp-content\/uploads\/2025\/08\/17-3.webp\" \/>\n\t<meta property=\"og:image:width\" content=\"600\" \/>\n\t<meta property=\"og:image:height\" content=\"600\" \/>\n\t<meta property=\"og:image:type\" content=\"image\/webp\" \/>\n<meta name=\"twitter:card\" content=\"summary_large_image\" \/>\n<meta name=\"twitter:label1\" content=\"Gesch\u00e4tzte Lesezeit\" \/>\n\t<meta name=\"twitter:data1\" content=\"1\u00a0Minute\" \/>\n<script type=\"application\/ld+json\" class=\"yoast-schema-graph\">{\"@context\":\"https:\\\/\\\/schema.org\",\"@graph\":[{\"@type\":\"WebPage\",\"@id\":\"https:\\\/\\\/simonbois.de\\\/product\\\/bernardo-profi-400v-230v-elektronische-metalldrehmaschine\\\/\",\"url\":\"https:\\\/\\\/simonbois.de\\\/product\\\/bernardo-profi-400v-230v-elektronische-metalldrehmaschine\\\/\",\"name\":\"Bernardo Profi 400V \u2013 230V Elektronische Metalldrehmaschine - SIMON BOIS\",\"isPartOf\":{\"@id\":\"https:\\\/\\\/simonbois.de\\\/#website\"},\"primaryImageOfPage\":{\"@id\":\"https:\\\/\\\/simonbois.de\\\/product\\\/bernardo-profi-400v-230v-elektronische-metalldrehmaschine\\\/#primaryimage\"},\"image\":{\"@id\":\"https:\\\/\\\/simonbois.de\\\/product\\\/bernardo-profi-400v-230v-elektronische-metalldrehmaschine\\\/#primaryimage\"},\"thumbnailUrl\":\"https:\\\/\\\/simonbois.de\\\/wp-content\\\/uploads\\\/2025\\\/08\\\/17-3.webp\",\"datePublished\":\"2025-08-15T14:28:47+00:00\",\"dateModified\":\"2025-08-17T08:12:43+00:00\",\"breadcrumb\":{\"@id\":\"https:\\\/\\\/simonbois.de\\\/product\\\/bernardo-profi-400v-230v-elektronische-metalldrehmaschine\\\/#breadcrumb\"},\"inLanguage\":\"de\",\"potentialAction\":[{\"@type\":\"ReadAction\",\"target\":[\"https:\\\/\\\/simonbois.de\\\/product\\\/bernardo-profi-400v-230v-elektronische-metalldrehmaschine\\\/\"]}]},{\"@type\":\"ImageObject\",\"inLanguage\":\"de\",\"@id\":\"https:\\\/\\\/simonbois.de\\\/product\\\/bernardo-profi-400v-230v-elektronische-metalldrehmaschine\\\/#primaryimage\",\"url\":\"https:\\\/\\\/simonbois.de\\\/wp-content\\\/uploads\\\/2025\\\/08\\\/17-3.webp\",\"contentUrl\":\"https:\\\/\\\/simonbois.de\\\/wp-content\\\/uploads\\\/2025\\\/08\\\/17-3.webp\",\"width\":600,\"height\":600},{\"@type\":\"BreadcrumbList\",\"@id\":\"https:\\\/\\\/simonbois.de\\\/product\\\/bernardo-profi-400v-230v-elektronische-metalldrehmaschine\\\/#breadcrumb\",\"itemListElement\":[{\"@type\":\"ListItem\",\"position\":1,\"name\":\"Home\",\"item\":\"https:\\\/\\\/simonbois.de\\\/\"},{\"@type\":\"ListItem\",\"position\":2,\"name\":\"Shop\",\"item\":\"https:\\\/\\\/simonbois.de\\\/shop-2\\\/\"},{\"@type\":\"ListItem\",\"position\":3,\"name\":\"Bernardo Profi 400V \u2013 230V Elektronische Metalldrehmaschine\"}]},{\"@type\":\"WebSite\",\"@id\":\"https:\\\/\\\/simonbois.de\\\/#website\",\"url\":\"https:\\\/\\\/simonbois.de\\\/\",\"name\":\"SIMON BOIS\",\"description\":\"Verkauf und Lieferung von Brennholz auf Paletten\",\"potentialAction\":[{\"@type\":\"SearchAction\",\"target\":{\"@type\":\"EntryPoint\",\"urlTemplate\":\"https:\\\/\\\/simonbois.de\\\/?s={search_term_string}\"},\"query-input\":{\"@type\":\"PropertyValueSpecification\",\"valueRequired\":true,\"valueName\":\"search_term_string\"}}],\"inLanguage\":\"de\"}]}<\/script>\n<!-- \/ Yoast SEO plugin. -->","yoast_head_json":{"title":"Bernardo Profi 400V \u2013 230V Elektronische Metalldrehmaschine - SIMON BOIS","robots":{"index":"index","follow":"follow","max-snippet":"max-snippet:-1","max-image-preview":"max-image-preview:large","max-video-preview":"max-video-preview:-1"},"canonical":"https:\/\/simonbois.de\/de\/product\/bernardo-profi-400v-230v-elektronische-metalldrehmaschine\/","og_locale":"de_DE","og_type":"article","og_title":"Bernardo Profi 400V \u2013 230V Elektronische Metalldrehmaschine - SIMON BOIS","og_description":"Standardm\u00e4\u00dfig mit Leitspindel zum Gewindeschneiden und automatischem L\u00e4ngsvorschub Standardm\u00e4\u00dfig mit Wechselzahnr\u00e4dern zum metrischen Gewindeschneiden Hohe Rundlaufgenauigkeit der Spindelspitze (&lt;0,009 mm) dank hochwertiger Lager Ergonomische Anordnung der Bedienelemente Kompakte Maschine, optimales Preis-Leistungs-Verh\u00e4ltnis Elektronische Drehzahlregelung zur optimalen Anpassung der Schnittgeschwindigkeit an das Werkst\u00fcck  Die Metalldrehmaschine wird geliefert mit:  DK 11\u2013100 mm 3-Backenfutter, 4-fach-Revolver, Zentrierbohrern, Futterschutz, Wechselzahnr\u00e4dern, digitaler Drehzahlanzeige, Hinterschutz, Sp\u00e4newanne und Servicewerkzeugen.","og_url":"https:\/\/simonbois.de\/de\/product\/bernardo-profi-400v-230v-elektronische-metalldrehmaschine\/","og_site_name":"SIMON BOIS","article_modified_time":"2025-08-17T08:12:43+00:00","og_image":[{"width":600,"height":600,"url":"https:\/\/simonbois.de\/wp-content\/uploads\/2025\/08\/17-3.webp","type":"image\/webp"}],"twitter_card":"summary_large_image","twitter_misc":{"Gesch\u00e4tzte Lesezeit":"1\u00a0Minute"},"schema":{"@context":"https:\/\/schema.org","@graph":[{"@type":"WebPage","@id":"https:\/\/simonbois.de\/product\/bernardo-profi-400v-230v-elektronische-metalldrehmaschine\/","url":"https:\/\/simonbois.de\/product\/bernardo-profi-400v-230v-elektronische-metalldrehmaschine\/","name":"Bernardo Profi 400V \u2013 230V Elektronische Metalldrehmaschine - SIMON BOIS","isPartOf":{"@id":"https:\/\/simonbois.de\/#website"},"primaryImageOfPage":{"@id":"https:\/\/simonbois.de\/product\/bernardo-profi-400v-230v-elektronische-metalldrehmaschine\/#primaryimage"},"image":{"@id":"https:\/\/simonbois.de\/product\/bernardo-profi-400v-230v-elektronische-metalldrehmaschine\/#primaryimage"},"thumbnailUrl":"https:\/\/simonbois.de\/wp-content\/uploads\/2025\/08\/17-3.webp","datePublished":"2025-08-15T14:28:47+00:00","dateModified":"2025-08-17T08:12:43+00:00","breadcrumb":{"@id":"https:\/\/simonbois.de\/product\/bernardo-profi-400v-230v-elektronische-metalldrehmaschine\/#breadcrumb"},"inLanguage":"de","potentialAction":[{"@type":"ReadAction","target":["https:\/\/simonbois.de\/product\/bernardo-profi-400v-230v-elektronische-metalldrehmaschine\/"]}]},{"@type":"ImageObject","inLanguage":"de","@id":"https:\/\/simonbois.de\/product\/bernardo-profi-400v-230v-elektronische-metalldrehmaschine\/#primaryimage","url":"https:\/\/simonbois.de\/wp-content\/uploads\/2025\/08\/17-3.webp","contentUrl":"https:\/\/simonbois.de\/wp-content\/uploads\/2025\/08\/17-3.webp","width":600,"height":600},{"@type":"BreadcrumbList","@id":"https:\/\/simonbois.de\/product\/bernardo-profi-400v-230v-elektronische-metalldrehmaschine\/#breadcrumb","itemListElement":[{"@type":"ListItem","position":1,"name":"Home","item":"https:\/\/simonbois.de\/"},{"@type":"ListItem","position":2,"name":"Shop","item":"https:\/\/simonbois.de\/shop-2\/"},{"@type":"ListItem","position":3,"name":"Bernardo Profi 400V \u2013 230V Elektronische Metalldrehmaschine"}]},{"@type":"WebSite","@id":"https:\/\/simonbois.de\/#website","url":"https:\/\/simonbois.de\/","name":"SIMON BOIS","description":"Verkauf und Lieferung von Brennholz auf Paletten","potentialAction":[{"@type":"SearchAction","target":{"@type":"EntryPoint","urlTemplate":"https:\/\/simonbois.de\/?s={search_term_string}"},"query-input":{"@type":"PropertyValueSpecification","valueRequired":true,"valueName":"search_term_string"}}],"inLanguage":"de"}]}},"_links":{"self":[{"href":"https:\/\/simonbois.de\/de\/wp-json\/wp\/v2\/product\/4578","targetHints":{"allow":["GET"]}}],"collection":[{"href":"https:\/\/simonbois.de\/de\/wp-json\/wp\/v2\/product"}],"about":[{"href":"https:\/\/simonbois.de\/de\/wp-json\/wp\/v2\/types\/product"}],"replies":[{"embeddable":true,"href":"https:\/\/simonbois.de\/de\/wp-json\/wp\/v2\/comments?post=4578"}],"wp:featuredmedia":[{"embeddable":true,"href":"https:\/\/simonbois.de\/de\/wp-json\/wp\/v2\/media\/4588"}],"wp:attachment":[{"href":"https:\/\/simonbois.de\/de\/wp-json\/wp\/v2\/media?parent=4578"}],"wp:term":[{"taxonomy":"product_brand","embeddable":true,"href":"https:\/\/simonbois.de\/de\/wp-json\/wp\/v2\/product_brand?post=4578"},{"taxonomy":"product_cat","embeddable":true,"href":"https:\/\/simonbois.de\/de\/wp-json\/wp\/v2\/product_cat?post=4578"},{"taxonomy":"product_tag","embeddable":true,"href":"https:\/\/simonbois.de\/de\/wp-json\/wp\/v2\/product_tag?post=4578"}],"curies":[{"name":"wp","href":"https:\/\/api.w.org\/{rel}","templated":true}]}}