{"id":4575,"date":"2025-08-15T14:17:13","date_gmt":"2025-08-15T14:17:13","guid":{"rendered":"https:\/\/simonbois.de\/?post_type=product&#038;p=4575"},"modified":"2025-08-17T08:38:31","modified_gmt":"2025-08-17T08:38:31","slug":"femi-1750xl-bandsage","status":"publish","type":"product","link":"https:\/\/simonbois.de\/de\/product\/femi-1750xl-bandsage\/","title":{"rendered":"Femi 1750XL Bands\u00e4ge"},"content":{"rendered":"<p>\u00a0<\/p>\n<p>Leistungsstarker 2000-W-Universalmotor mit elektronischer Drehzahlregelung<br \/>\nKonstante Drehzahl mit Strombegrenzung<\/p>\n<p>Blattbreite: 20 mm f\u00fcr intensive Arbeiten<br \/>\nIntegriertes Schmiersystem, einfach einstellbar f\u00fcr Werkst\u00fccke unterschiedlicher Gr\u00f6\u00dfe<br \/>\nGro\u00dfer, herausnehmbarer Beh\u00e4lter mit Pumpenbeh\u00e4lter, leicht zu reinigen<br \/>\nRollen zur Unterst\u00fctzung von Zufuhr und Abfuhr der Werkst\u00fccke<br \/>\nIntegrierter Schnellspannschraubstock<br \/>\nReibungsbandspannung f\u00fcr pr\u00e4zisere Einstellung (PATENTIERT)<br \/>\nDoppelte, verschiebbare Bandf\u00fchrung<br \/>\nSolider und robuster Stahlsockel im Montagesatz enthalten<\/p>\n<p>TECHNISCHE DATEN<\/p>\n<p>Abmessungen: 1735 x 20 x 0,9 mm<br \/>\nGehrungsschnitte: 0\u00b0\u201345\u00b0<br \/>\nLeistungsaufnahme: 2000 W<br \/>\nSchnittgeschwindigkeit: 35\u201380 m\/min<br \/>\nLieferzeit: Anfrage<br \/>\n45\u00b0-Schnittkapazit\u00e4t: 100\u00d7100 mm<br \/>\n60\u00b0 Vierkantschnitte \u2013<br \/>\n90\u00b0 Vierkantschnitte: 150\u00d7150 mm<br \/>\n45\u00b0 Rechteckschnitte: 100\u00d7120 mm<br \/>\n60\u00b0 Rechteckschnitte \u2013<br \/>\n90\u00b0 Rechteckschnitte: 160\u00d7140 mm<br \/>\n45\u00b0 Rundschnitte: 110 mm<\/p>","protected":false},"excerpt":{"rendered":"<p>60\u00b0 Rundschnitte \u2013<br \/>\n90\u00b0 Rundschnitte: 155 mm<br \/>\nProduktgewicht: 75 kg<\/p>\n<p>Standardausstattung<\/p>\n<p>Untergestell mit Montagesatz<br \/>\nAbnehmbare Schmierstoffwanne<br \/>\nSchmierstoffpumpe<br \/>\nAbl\u00e4nganschlag f\u00fcr Seriens\u00e4gen<br \/>\nRollen zur Unterst\u00fctzung der Werkst\u00fccke am Ein- und Auslauf<br \/>\nmit 4 Absenkgeschwindigkeiten und automatischem Endanschlag<\/p>","protected":false},"featured_media":4576,"comment_status":"open","ping_status":"closed","template":"","meta":[],"product_brand":[],"product_cat":[191],"product_tag":[],"class_list":{"0":"post-4575","1":"product","2":"type-product","3":"status-publish","4":"has-post-thumbnail","6":"product_cat-maschinen","8":"first","9":"instock","10":"taxable","11":"shipping-taxable","12":"purchasable","13":"product-type-simple"},"yoast_head":"<!-- This site is optimized with the Yoast SEO plugin v27.5 - https:\/\/yoast.com\/product\/yoast-seo-wordpress\/ -->\n<title>Femi 1750XL Bands\u00e4ge - SIMON BOIS<\/title>\n<meta name=\"robots\" content=\"index, follow, max-snippet:-1, max-image-preview:large, max-video-preview:-1\" \/>\n<link rel=\"canonical\" href=\"https:\/\/simonbois.de\/de\/product\/femi-1750xl-bandsage\/\" \/>\n<meta property=\"og:locale\" content=\"de_DE\" \/>\n<meta property=\"og:type\" content=\"article\" \/>\n<meta property=\"og:title\" content=\"Femi 1750XL Bands\u00e4ge - SIMON BOIS\" \/>\n<meta property=\"og:description\" content=\"60\u00b0 Rundschnitte \u2013 90\u00b0 Rundschnitte: 155 mm Produktgewicht: 75 kg  Standardausstattung  Untergestell mit Montagesatz Abnehmbare Schmierstoffwanne Schmierstoffpumpe Abl\u00e4nganschlag f\u00fcr Seriens\u00e4gen Rollen zur Unterst\u00fctzung der Werkst\u00fccke am Ein- und Auslauf mit 4 Absenkgeschwindigkeiten und automatischem Endanschlag\" \/>\n<meta property=\"og:url\" content=\"https:\/\/simonbois.de\/de\/product\/femi-1750xl-bandsage\/\" \/>\n<meta property=\"og:site_name\" content=\"SIMON BOIS\" \/>\n<meta property=\"article:modified_time\" content=\"2025-08-17T08:38:31+00:00\" \/>\n<meta property=\"og:image\" content=\"https:\/\/simonbois.de\/wp-content\/uploads\/2025\/08\/9-4.webp\" \/>\n\t<meta property=\"og:image:width\" content=\"422\" \/>\n\t<meta property=\"og:image:height\" content=\"497\" \/>\n\t<meta property=\"og:image:type\" content=\"image\/webp\" \/>\n<meta name=\"twitter:card\" content=\"summary_large_image\" \/>\n<meta name=\"twitter:label1\" content=\"Gesch\u00e4tzte Lesezeit\" \/>\n\t<meta name=\"twitter:data1\" content=\"1\u00a0Minute\" \/>\n<script type=\"application\/ld+json\" class=\"yoast-schema-graph\">{\"@context\":\"https:\\\/\\\/schema.org\",\"@graph\":[{\"@type\":\"WebPage\",\"@id\":\"https:\\\/\\\/simonbois.de\\\/product\\\/femi-1750xl-bandsage\\\/\",\"url\":\"https:\\\/\\\/simonbois.de\\\/product\\\/femi-1750xl-bandsage\\\/\",\"name\":\"Femi 1750XL Bands\u00e4ge - SIMON BOIS\",\"isPartOf\":{\"@id\":\"https:\\\/\\\/simonbois.de\\\/#website\"},\"primaryImageOfPage\":{\"@id\":\"https:\\\/\\\/simonbois.de\\\/product\\\/femi-1750xl-bandsage\\\/#primaryimage\"},\"image\":{\"@id\":\"https:\\\/\\\/simonbois.de\\\/product\\\/femi-1750xl-bandsage\\\/#primaryimage\"},\"thumbnailUrl\":\"https:\\\/\\\/simonbois.de\\\/wp-content\\\/uploads\\\/2025\\\/08\\\/9-4.webp\",\"datePublished\":\"2025-08-15T14:17:13+00:00\",\"dateModified\":\"2025-08-17T08:38:31+00:00\",\"breadcrumb\":{\"@id\":\"https:\\\/\\\/simonbois.de\\\/product\\\/femi-1750xl-bandsage\\\/#breadcrumb\"},\"inLanguage\":\"de\",\"potentialAction\":[{\"@type\":\"ReadAction\",\"target\":[\"https:\\\/\\\/simonbois.de\\\/product\\\/femi-1750xl-bandsage\\\/\"]}]},{\"@type\":\"ImageObject\",\"inLanguage\":\"de\",\"@id\":\"https:\\\/\\\/simonbois.de\\\/product\\\/femi-1750xl-bandsage\\\/#primaryimage\",\"url\":\"https:\\\/\\\/simonbois.de\\\/wp-content\\\/uploads\\\/2025\\\/08\\\/9-4.webp\",\"contentUrl\":\"https:\\\/\\\/simonbois.de\\\/wp-content\\\/uploads\\\/2025\\\/08\\\/9-4.webp\",\"width\":422,\"height\":497},{\"@type\":\"BreadcrumbList\",\"@id\":\"https:\\\/\\\/simonbois.de\\\/product\\\/femi-1750xl-bandsage\\\/#breadcrumb\",\"itemListElement\":[{\"@type\":\"ListItem\",\"position\":1,\"name\":\"Home\",\"item\":\"https:\\\/\\\/simonbois.de\\\/\"},{\"@type\":\"ListItem\",\"position\":2,\"name\":\"Shop\",\"item\":\"https:\\\/\\\/simonbois.de\\\/shop-2\\\/\"},{\"@type\":\"ListItem\",\"position\":3,\"name\":\"Femi 1750XL Bands\u00e4ge\"}]},{\"@type\":\"WebSite\",\"@id\":\"https:\\\/\\\/simonbois.de\\\/#website\",\"url\":\"https:\\\/\\\/simonbois.de\\\/\",\"name\":\"SIMON BOIS\",\"description\":\"Verkauf und Lieferung von Brennholz auf Paletten\",\"potentialAction\":[{\"@type\":\"SearchAction\",\"target\":{\"@type\":\"EntryPoint\",\"urlTemplate\":\"https:\\\/\\\/simonbois.de\\\/?s={search_term_string}\"},\"query-input\":{\"@type\":\"PropertyValueSpecification\",\"valueRequired\":true,\"valueName\":\"search_term_string\"}}],\"inLanguage\":\"de\"}]}<\/script>\n<!-- \/ Yoast SEO plugin. -->","yoast_head_json":{"title":"Femi 1750XL Bands\u00e4ge - SIMON BOIS","robots":{"index":"index","follow":"follow","max-snippet":"max-snippet:-1","max-image-preview":"max-image-preview:large","max-video-preview":"max-video-preview:-1"},"canonical":"https:\/\/simonbois.de\/de\/product\/femi-1750xl-bandsage\/","og_locale":"de_DE","og_type":"article","og_title":"Femi 1750XL Bands\u00e4ge - SIMON BOIS","og_description":"60\u00b0 Rundschnitte \u2013 90\u00b0 Rundschnitte: 155 mm Produktgewicht: 75 kg  Standardausstattung  Untergestell mit Montagesatz Abnehmbare Schmierstoffwanne Schmierstoffpumpe Abl\u00e4nganschlag f\u00fcr Seriens\u00e4gen Rollen zur Unterst\u00fctzung der Werkst\u00fccke am Ein- und Auslauf mit 4 Absenkgeschwindigkeiten und automatischem Endanschlag","og_url":"https:\/\/simonbois.de\/de\/product\/femi-1750xl-bandsage\/","og_site_name":"SIMON BOIS","article_modified_time":"2025-08-17T08:38:31+00:00","og_image":[{"width":422,"height":497,"url":"https:\/\/simonbois.de\/wp-content\/uploads\/2025\/08\/9-4.webp","type":"image\/webp"}],"twitter_card":"summary_large_image","twitter_misc":{"Gesch\u00e4tzte Lesezeit":"1\u00a0Minute"},"schema":{"@context":"https:\/\/schema.org","@graph":[{"@type":"WebPage","@id":"https:\/\/simonbois.de\/product\/femi-1750xl-bandsage\/","url":"https:\/\/simonbois.de\/product\/femi-1750xl-bandsage\/","name":"Femi 1750XL Bands\u00e4ge - SIMON BOIS","isPartOf":{"@id":"https:\/\/simonbois.de\/#website"},"primaryImageOfPage":{"@id":"https:\/\/simonbois.de\/product\/femi-1750xl-bandsage\/#primaryimage"},"image":{"@id":"https:\/\/simonbois.de\/product\/femi-1750xl-bandsage\/#primaryimage"},"thumbnailUrl":"https:\/\/simonbois.de\/wp-content\/uploads\/2025\/08\/9-4.webp","datePublished":"2025-08-15T14:17:13+00:00","dateModified":"2025-08-17T08:38:31+00:00","breadcrumb":{"@id":"https:\/\/simonbois.de\/product\/femi-1750xl-bandsage\/#breadcrumb"},"inLanguage":"de","potentialAction":[{"@type":"ReadAction","target":["https:\/\/simonbois.de\/product\/femi-1750xl-bandsage\/"]}]},{"@type":"ImageObject","inLanguage":"de","@id":"https:\/\/simonbois.de\/product\/femi-1750xl-bandsage\/#primaryimage","url":"https:\/\/simonbois.de\/wp-content\/uploads\/2025\/08\/9-4.webp","contentUrl":"https:\/\/simonbois.de\/wp-content\/uploads\/2025\/08\/9-4.webp","width":422,"height":497},{"@type":"BreadcrumbList","@id":"https:\/\/simonbois.de\/product\/femi-1750xl-bandsage\/#breadcrumb","itemListElement":[{"@type":"ListItem","position":1,"name":"Home","item":"https:\/\/simonbois.de\/"},{"@type":"ListItem","position":2,"name":"Shop","item":"https:\/\/simonbois.de\/shop-2\/"},{"@type":"ListItem","position":3,"name":"Femi 1750XL Bands\u00e4ge"}]},{"@type":"WebSite","@id":"https:\/\/simonbois.de\/#website","url":"https:\/\/simonbois.de\/","name":"SIMON BOIS","description":"Verkauf und Lieferung von Brennholz auf Paletten","potentialAction":[{"@type":"SearchAction","target":{"@type":"EntryPoint","urlTemplate":"https:\/\/simonbois.de\/?s={search_term_string}"},"query-input":{"@type":"PropertyValueSpecification","valueRequired":true,"valueName":"search_term_string"}}],"inLanguage":"de"}]}},"_links":{"self":[{"href":"https:\/\/simonbois.de\/de\/wp-json\/wp\/v2\/product\/4575","targetHints":{"allow":["GET"]}}],"collection":[{"href":"https:\/\/simonbois.de\/de\/wp-json\/wp\/v2\/product"}],"about":[{"href":"https:\/\/simonbois.de\/de\/wp-json\/wp\/v2\/types\/product"}],"replies":[{"embeddable":true,"href":"https:\/\/simonbois.de\/de\/wp-json\/wp\/v2\/comments?post=4575"}],"wp:featuredmedia":[{"embeddable":true,"href":"https:\/\/simonbois.de\/de\/wp-json\/wp\/v2\/media\/4576"}],"wp:attachment":[{"href":"https:\/\/simonbois.de\/de\/wp-json\/wp\/v2\/media?parent=4575"}],"wp:term":[{"taxonomy":"product_brand","embeddable":true,"href":"https:\/\/simonbois.de\/de\/wp-json\/wp\/v2\/product_brand?post=4575"},{"taxonomy":"product_cat","embeddable":true,"href":"https:\/\/simonbois.de\/de\/wp-json\/wp\/v2\/product_cat?post=4575"},{"taxonomy":"product_tag","embeddable":true,"href":"https:\/\/simonbois.de\/de\/wp-json\/wp\/v2\/product_tag?post=4575"}],"curies":[{"name":"wp","href":"https:\/\/api.w.org\/{rel}","templated":true}]}}