{"id":4572,"date":"2025-08-15T14:26:11","date_gmt":"2025-08-15T14:26:11","guid":{"rendered":"https:\/\/simonbois.de\/?post_type=product&#038;p=4572"},"modified":"2025-08-17T08:13:06","modified_gmt":"2025-08-17T08:13:06","slug":"bernardo-profi450s-metalldrehmaschine","status":"publish","type":"product","link":"https:\/\/simonbois.de\/de\/product\/bernardo-profi450s-metalldrehmaschine\/","title":{"rendered":"Bernardo PROFI450S Metalldrehmaschine"},"content":{"rendered":"<p>\u00a0<\/p>\n<p>Technische Daten:<\/p>\n<p>Spitzenweite: 450 mm<br \/>\nSpitzenh\u00f6he: 115 mm<br \/>\nUmfangsdurchmesser \u00fcber Bett: 230 mm<br \/>\nBettbreite: 135 mm<br \/>\nSpindelbohrung: 20 mm<br \/>\nAufnahme in Spindelbohrung: MK 3<br \/>\nDrehzahlbereich: (6) 125\u20132000 U\/min<br \/>\nL\u00e4ngsvorschubbereich: (2) 0,1\u20130,2 mm\/U<br \/>\nMetrische Gewinde: (14) 0,4\u20133,5 mm<br \/>\nZollgewinde: (12) 8\u201344 Gg \/ 1\u2033<br \/>\nSpindelhub: 60 mm<br \/>\nSpindelaufnahme: MK 2<br \/>\nS1 Motorleistung 100 %: 0,90 kW \/ 230 V<br \/>\nS6 Motorleistung 40 %: 1,35 kW \/ 230 V<br \/>\nMaschine Abmessungen (B x T x H): 1000 x 580 x 500 mm<br \/>\nGewicht: ca. 112 kg<br \/>\n* ohne Untergestell<\/p>\n<p>Die Bernardo PROFI450S Metalldrehmaschine wird geliefert mit:<\/p>\n<p>125 mm 3-Backenfutter<br \/>\n125 mm Futterflansch<br \/>\nPlanschlitten mit oberer Auflage<br \/>\nFeste K\u00f6rnerspitze<br \/>\nGetriebewechsler<br \/>\n4-fach Stahlauflage<br \/>\nVorschubschutz<br \/>\nSp\u00e4ner\u00fcckwand<br \/>\nLeitspindelabdeckung<br \/>\nBedienwerkzeug<\/p>\n<p>\u00a0<\/p>","protected":false},"excerpt":{"rendered":"<p>Allgemeine Beschreibung:<\/p>\n<p>Standardm\u00e4\u00dfig mit Leitspindel zum Gewindeschneiden oder automatischen L\u00e4ngsvorschub<br \/>\nRobustes Maschinenbett mit induktionsgeh\u00e4rteter und geschliffener Bettf\u00fchrung<br \/>\nHohe Rundlaufgenauigkeit der Spindelspitze (\u2264 0,009 mm) durch Pr\u00e4zisions-Kegelrollenlager<br \/>\nDer Reitstock ist f\u00fcr Kegeldrehen einstellbar<br \/>\nBenutzerfreundliche Anordnung der Schaltelemente<br \/>\nF\u00fchrungen \u00fcber V-Flansche verstellbar<br \/>\nIdeal f\u00fcr die Bearbeitung von Stahl, NE-Metallen und Kunststoffen<br \/>\nVielseitige Einsatzm\u00f6glichkeiten: Feinmechanik, Ausbildung, Lehrwerkst\u00e4tten etc.<\/p>","protected":false},"featured_media":4586,"comment_status":"open","ping_status":"closed","template":"","meta":[],"product_brand":[],"product_cat":[191],"product_tag":[],"class_list":{"0":"post-4572","1":"product","2":"type-product","3":"status-publish","4":"has-post-thumbnail","6":"product_cat-maschinen","8":"first","9":"instock","10":"taxable","11":"shipping-taxable","12":"purchasable","13":"product-type-simple"},"yoast_head":"<!-- This site is optimized with the Yoast SEO plugin v27.5 - https:\/\/yoast.com\/product\/yoast-seo-wordpress\/ -->\n<title>Bernardo PROFI450S Metalldrehmaschine - SIMON BOIS<\/title>\n<meta name=\"robots\" content=\"index, follow, max-snippet:-1, max-image-preview:large, max-video-preview:-1\" \/>\n<link rel=\"canonical\" href=\"https:\/\/simonbois.de\/de\/product\/bernardo-profi450s-metalldrehmaschine\/\" \/>\n<meta property=\"og:locale\" content=\"de_DE\" \/>\n<meta property=\"og:type\" content=\"article\" \/>\n<meta property=\"og:title\" content=\"Bernardo PROFI450S Metalldrehmaschine - SIMON BOIS\" \/>\n<meta property=\"og:description\" content=\"Allgemeine Beschreibung:  Standardm\u00e4\u00dfig mit Leitspindel zum Gewindeschneiden oder automatischen L\u00e4ngsvorschub Robustes Maschinenbett mit induktionsgeh\u00e4rteter und geschliffener Bettf\u00fchrung Hohe Rundlaufgenauigkeit der Spindelspitze (\u2264 0,009 mm) durch Pr\u00e4zisions-Kegelrollenlager Der Reitstock ist f\u00fcr Kegeldrehen einstellbar Benutzerfreundliche Anordnung der Schaltelemente F\u00fchrungen \u00fcber V-Flansche verstellbar Ideal f\u00fcr die Bearbeitung von Stahl, NE-Metallen und Kunststoffen Vielseitige Einsatzm\u00f6glichkeiten: Feinmechanik, Ausbildung, Lehrwerkst\u00e4tten etc.\" \/>\n<meta property=\"og:url\" content=\"https:\/\/simonbois.de\/de\/product\/bernardo-profi450s-metalldrehmaschine\/\" \/>\n<meta property=\"og:site_name\" content=\"SIMON BOIS\" \/>\n<meta property=\"article:modified_time\" content=\"2025-08-17T08:13:06+00:00\" \/>\n<meta property=\"og:image\" content=\"https:\/\/simonbois.de\/wp-content\/uploads\/2025\/08\/15-4.webp\" \/>\n\t<meta property=\"og:image:width\" content=\"600\" \/>\n\t<meta property=\"og:image:height\" content=\"600\" \/>\n\t<meta property=\"og:image:type\" content=\"image\/webp\" \/>\n<meta name=\"twitter:card\" content=\"summary_large_image\" \/>\n<meta name=\"twitter:label1\" content=\"Gesch\u00e4tzte Lesezeit\" \/>\n\t<meta name=\"twitter:data1\" content=\"1\u00a0Minute\" \/>\n<script type=\"application\/ld+json\" class=\"yoast-schema-graph\">{\"@context\":\"https:\\\/\\\/schema.org\",\"@graph\":[{\"@type\":\"WebPage\",\"@id\":\"https:\\\/\\\/simonbois.de\\\/product\\\/bernardo-profi450s-metalldrehmaschine\\\/\",\"url\":\"https:\\\/\\\/simonbois.de\\\/product\\\/bernardo-profi450s-metalldrehmaschine\\\/\",\"name\":\"Bernardo PROFI450S Metalldrehmaschine - SIMON BOIS\",\"isPartOf\":{\"@id\":\"https:\\\/\\\/simonbois.de\\\/#website\"},\"primaryImageOfPage\":{\"@id\":\"https:\\\/\\\/simonbois.de\\\/product\\\/bernardo-profi450s-metalldrehmaschine\\\/#primaryimage\"},\"image\":{\"@id\":\"https:\\\/\\\/simonbois.de\\\/product\\\/bernardo-profi450s-metalldrehmaschine\\\/#primaryimage\"},\"thumbnailUrl\":\"https:\\\/\\\/simonbois.de\\\/wp-content\\\/uploads\\\/2025\\\/08\\\/15-4.webp\",\"datePublished\":\"2025-08-15T14:26:11+00:00\",\"dateModified\":\"2025-08-17T08:13:06+00:00\",\"breadcrumb\":{\"@id\":\"https:\\\/\\\/simonbois.de\\\/product\\\/bernardo-profi450s-metalldrehmaschine\\\/#breadcrumb\"},\"inLanguage\":\"de\",\"potentialAction\":[{\"@type\":\"ReadAction\",\"target\":[\"https:\\\/\\\/simonbois.de\\\/product\\\/bernardo-profi450s-metalldrehmaschine\\\/\"]}]},{\"@type\":\"ImageObject\",\"inLanguage\":\"de\",\"@id\":\"https:\\\/\\\/simonbois.de\\\/product\\\/bernardo-profi450s-metalldrehmaschine\\\/#primaryimage\",\"url\":\"https:\\\/\\\/simonbois.de\\\/wp-content\\\/uploads\\\/2025\\\/08\\\/15-4.webp\",\"contentUrl\":\"https:\\\/\\\/simonbois.de\\\/wp-content\\\/uploads\\\/2025\\\/08\\\/15-4.webp\",\"width\":600,\"height\":600},{\"@type\":\"BreadcrumbList\",\"@id\":\"https:\\\/\\\/simonbois.de\\\/product\\\/bernardo-profi450s-metalldrehmaschine\\\/#breadcrumb\",\"itemListElement\":[{\"@type\":\"ListItem\",\"position\":1,\"name\":\"Home\",\"item\":\"https:\\\/\\\/simonbois.de\\\/\"},{\"@type\":\"ListItem\",\"position\":2,\"name\":\"Shop\",\"item\":\"https:\\\/\\\/simonbois.de\\\/shop-2\\\/\"},{\"@type\":\"ListItem\",\"position\":3,\"name\":\"Bernardo PROFI450S Metalldrehmaschine\"}]},{\"@type\":\"WebSite\",\"@id\":\"https:\\\/\\\/simonbois.de\\\/#website\",\"url\":\"https:\\\/\\\/simonbois.de\\\/\",\"name\":\"SIMON BOIS\",\"description\":\"Verkauf und Lieferung von Brennholz auf Paletten\",\"potentialAction\":[{\"@type\":\"SearchAction\",\"target\":{\"@type\":\"EntryPoint\",\"urlTemplate\":\"https:\\\/\\\/simonbois.de\\\/?s={search_term_string}\"},\"query-input\":{\"@type\":\"PropertyValueSpecification\",\"valueRequired\":true,\"valueName\":\"search_term_string\"}}],\"inLanguage\":\"de\"}]}<\/script>\n<!-- \/ Yoast SEO plugin. -->","yoast_head_json":{"title":"Bernardo PROFI450S Metalldrehmaschine - SIMON BOIS","robots":{"index":"index","follow":"follow","max-snippet":"max-snippet:-1","max-image-preview":"max-image-preview:large","max-video-preview":"max-video-preview:-1"},"canonical":"https:\/\/simonbois.de\/de\/product\/bernardo-profi450s-metalldrehmaschine\/","og_locale":"de_DE","og_type":"article","og_title":"Bernardo PROFI450S Metalldrehmaschine - SIMON BOIS","og_description":"Allgemeine Beschreibung:  Standardm\u00e4\u00dfig mit Leitspindel zum Gewindeschneiden oder automatischen L\u00e4ngsvorschub Robustes Maschinenbett mit induktionsgeh\u00e4rteter und geschliffener Bettf\u00fchrung Hohe Rundlaufgenauigkeit der Spindelspitze (\u2264 0,009 mm) durch Pr\u00e4zisions-Kegelrollenlager Der Reitstock ist f\u00fcr Kegeldrehen einstellbar Benutzerfreundliche Anordnung der Schaltelemente F\u00fchrungen \u00fcber V-Flansche verstellbar Ideal f\u00fcr die Bearbeitung von Stahl, NE-Metallen und Kunststoffen Vielseitige Einsatzm\u00f6glichkeiten: Feinmechanik, Ausbildung, Lehrwerkst\u00e4tten etc.","og_url":"https:\/\/simonbois.de\/de\/product\/bernardo-profi450s-metalldrehmaschine\/","og_site_name":"SIMON BOIS","article_modified_time":"2025-08-17T08:13:06+00:00","og_image":[{"width":600,"height":600,"url":"https:\/\/simonbois.de\/wp-content\/uploads\/2025\/08\/15-4.webp","type":"image\/webp"}],"twitter_card":"summary_large_image","twitter_misc":{"Gesch\u00e4tzte Lesezeit":"1\u00a0Minute"},"schema":{"@context":"https:\/\/schema.org","@graph":[{"@type":"WebPage","@id":"https:\/\/simonbois.de\/product\/bernardo-profi450s-metalldrehmaschine\/","url":"https:\/\/simonbois.de\/product\/bernardo-profi450s-metalldrehmaschine\/","name":"Bernardo PROFI450S Metalldrehmaschine - SIMON BOIS","isPartOf":{"@id":"https:\/\/simonbois.de\/#website"},"primaryImageOfPage":{"@id":"https:\/\/simonbois.de\/product\/bernardo-profi450s-metalldrehmaschine\/#primaryimage"},"image":{"@id":"https:\/\/simonbois.de\/product\/bernardo-profi450s-metalldrehmaschine\/#primaryimage"},"thumbnailUrl":"https:\/\/simonbois.de\/wp-content\/uploads\/2025\/08\/15-4.webp","datePublished":"2025-08-15T14:26:11+00:00","dateModified":"2025-08-17T08:13:06+00:00","breadcrumb":{"@id":"https:\/\/simonbois.de\/product\/bernardo-profi450s-metalldrehmaschine\/#breadcrumb"},"inLanguage":"de","potentialAction":[{"@type":"ReadAction","target":["https:\/\/simonbois.de\/product\/bernardo-profi450s-metalldrehmaschine\/"]}]},{"@type":"ImageObject","inLanguage":"de","@id":"https:\/\/simonbois.de\/product\/bernardo-profi450s-metalldrehmaschine\/#primaryimage","url":"https:\/\/simonbois.de\/wp-content\/uploads\/2025\/08\/15-4.webp","contentUrl":"https:\/\/simonbois.de\/wp-content\/uploads\/2025\/08\/15-4.webp","width":600,"height":600},{"@type":"BreadcrumbList","@id":"https:\/\/simonbois.de\/product\/bernardo-profi450s-metalldrehmaschine\/#breadcrumb","itemListElement":[{"@type":"ListItem","position":1,"name":"Home","item":"https:\/\/simonbois.de\/"},{"@type":"ListItem","position":2,"name":"Shop","item":"https:\/\/simonbois.de\/shop-2\/"},{"@type":"ListItem","position":3,"name":"Bernardo PROFI450S Metalldrehmaschine"}]},{"@type":"WebSite","@id":"https:\/\/simonbois.de\/#website","url":"https:\/\/simonbois.de\/","name":"SIMON BOIS","description":"Verkauf und Lieferung von Brennholz auf Paletten","potentialAction":[{"@type":"SearchAction","target":{"@type":"EntryPoint","urlTemplate":"https:\/\/simonbois.de\/?s={search_term_string}"},"query-input":{"@type":"PropertyValueSpecification","valueRequired":true,"valueName":"search_term_string"}}],"inLanguage":"de"}]}},"_links":{"self":[{"href":"https:\/\/simonbois.de\/de\/wp-json\/wp\/v2\/product\/4572","targetHints":{"allow":["GET"]}}],"collection":[{"href":"https:\/\/simonbois.de\/de\/wp-json\/wp\/v2\/product"}],"about":[{"href":"https:\/\/simonbois.de\/de\/wp-json\/wp\/v2\/types\/product"}],"replies":[{"embeddable":true,"href":"https:\/\/simonbois.de\/de\/wp-json\/wp\/v2\/comments?post=4572"}],"wp:featuredmedia":[{"embeddable":true,"href":"https:\/\/simonbois.de\/de\/wp-json\/wp\/v2\/media\/4586"}],"wp:attachment":[{"href":"https:\/\/simonbois.de\/de\/wp-json\/wp\/v2\/media?parent=4572"}],"wp:term":[{"taxonomy":"product_brand","embeddable":true,"href":"https:\/\/simonbois.de\/de\/wp-json\/wp\/v2\/product_brand?post=4572"},{"taxonomy":"product_cat","embeddable":true,"href":"https:\/\/simonbois.de\/de\/wp-json\/wp\/v2\/product_cat?post=4572"},{"taxonomy":"product_tag","embeddable":true,"href":"https:\/\/simonbois.de\/de\/wp-json\/wp\/v2\/product_tag?post=4572"}],"curies":[{"name":"wp","href":"https:\/\/api.w.org\/{rel}","templated":true}]}}