{"id":4571,"date":"2025-08-15T14:24:57","date_gmt":"2025-08-15T14:24:57","guid":{"rendered":"https:\/\/simonbois.de\/?post_type=product&#038;p=4571"},"modified":"2025-08-17T08:13:15","modified_gmt":"2025-08-17T08:13:15","slug":"bernardo-profi-550-wq-metalldrehmaschine-230-v","status":"publish","type":"product","link":"https:\/\/simonbois.de\/de\/product\/bernardo-profi-550-wq-metalldrehmaschine-230-v\/","title":{"rendered":"Bernardo Profi 550 WQ Metalldrehmaschine \u2013 230 V"},"content":{"rendered":"<p>\u00a0<\/p>\n<p>Technische Daten:<\/p>\n<p>Spitzenweite: 550 mm<br \/>\nSpitzenh\u00f6he: 125 mm<br \/>\nBearbeitbarer Durchmesser \u00fcber Bett: 250 mm<br \/>\nBettbreite: 135 mm<br \/>\nSpindelbohrung: 26 mm<br \/>\nSpindelaufnahme: MK 4<br \/>\nDrehzahlbereich: (6) 125 \u2013 2000 U\/min<br \/>\nL\u00e4ngsvorsch\u00fcbe: (6) 0,06 \u2013 0,32 mm\/U<br \/>\nPlanvorsch\u00fcbe: (4) 0,03 \u2013 0,075 mm\/U<br \/>\nMetrische Gewinde: (18) 0,2 \u2013 3,5 mm<br \/>\nZollgewinde: (21) 8 \u2013 56 ZpZ<br \/>\nReitstockpinolenhub: 70 mm<br \/>\nReitstockpinolenaufnahme: MK 2<br \/>\nDauerleistung S1 100 %: 0,75 kW \/ 230 V<br \/>\nLeistung S6 40 %: 1,0 kW \/ 230 V<br \/>\nMaschinenabmessungen (B x T x H)*: 1210 x 610 x 450 mm<br \/>\nGewicht (ca.): 120 kg<br \/>\n3-Backenfutter DK11-125 mm<\/p>\n<p>Die Bernardo 550 WQ Metalldrehmaschine ist ausgestattet mit:<\/p>\n<p>3-Backenfutter DK11-125 mm<br \/>\n125 mm Spannzange<br \/>\nPlan- und Oberschlitten<br \/>\nFeste Reitst\u00f6cke<br \/>\nGewindeschneid-Einziehvorrichtung<br \/>\nAuswechselbare Ritzel<br \/>\n4-fach Revolver<br \/>\nFutterschutz<br \/>\nHinterer Schutz<br \/>\nLeitspindelschutz<br \/>\nServicewerkzeuge<\/p>\n<p>\u00a0<\/p>","protected":false},"excerpt":{"rendered":"<p>Vorteile der Bernardo Profi 550 WQ Metalldrehmaschine:<\/p>\n<p>Robuster Rahmen mit induktionsgeh\u00e4rtetem und geschliffenem Bettschlitten<br \/>\nHohe Rundlaufgenauigkeit der Spindelnase (\u2264 0,009 mm) dank hochwertiger Lager<br \/>\nThermo\u00fcberwachung mit Lichtalarm zum Schutz des Motors vor \u00dcberlastung<br \/>\nVerstellbarer Reitstock f\u00fcr die Bearbeitung von kegelf\u00f6rmigen Teilen<br \/>\nSorgf\u00e4ltige Positionierung der Bedienelemente<br \/>\nSpielausgleichende F\u00fchrungen<br \/>\nSpindel mit 2 einstellbaren Pr\u00e4zisions-Kegellagern (P5-Qualit\u00e4t)<br \/>\nStandardm\u00e4\u00dfig mit L\u00e4ngs- und Quervorschub<br \/>\nSicherheitsschalter mit Unterspannungsspule<\/p>","protected":false},"featured_media":4585,"comment_status":"open","ping_status":"closed","template":"","meta":[],"product_brand":[],"product_cat":[191],"product_tag":[],"class_list":{"0":"post-4571","1":"product","2":"type-product","3":"status-publish","4":"has-post-thumbnail","6":"product_cat-maschinen","8":"first","9":"instock","10":"taxable","11":"shipping-taxable","12":"purchasable","13":"product-type-simple"},"yoast_head":"<!-- This site is optimized with the Yoast SEO plugin v27.5 - https:\/\/yoast.com\/product\/yoast-seo-wordpress\/ -->\n<title>Bernardo Profi 550 WQ Metalldrehmaschine \u2013 230 V - SIMON BOIS<\/title>\n<meta name=\"robots\" content=\"index, follow, max-snippet:-1, max-image-preview:large, max-video-preview:-1\" \/>\n<link rel=\"canonical\" href=\"https:\/\/simonbois.de\/de\/product\/bernardo-profi-550-wq-metalldrehmaschine-230-v\/\" \/>\n<meta property=\"og:locale\" content=\"de_DE\" \/>\n<meta property=\"og:type\" content=\"article\" \/>\n<meta property=\"og:title\" content=\"Bernardo Profi 550 WQ Metalldrehmaschine \u2013 230 V - SIMON BOIS\" \/>\n<meta property=\"og:description\" content=\"Vorteile der Bernardo Profi 550 WQ Metalldrehmaschine:  Robuster Rahmen mit induktionsgeh\u00e4rtetem und geschliffenem Bettschlitten Hohe Rundlaufgenauigkeit der Spindelnase (\u2264 0,009 mm) dank hochwertiger Lager Thermo\u00fcberwachung mit Lichtalarm zum Schutz des Motors vor \u00dcberlastung Verstellbarer Reitstock f\u00fcr die Bearbeitung von kegelf\u00f6rmigen Teilen Sorgf\u00e4ltige Positionierung der Bedienelemente Spielausgleichende F\u00fchrungen Spindel mit 2 einstellbaren Pr\u00e4zisions-Kegellagern (P5-Qualit\u00e4t) Standardm\u00e4\u00dfig mit L\u00e4ngs- und Quervorschub Sicherheitsschalter mit Unterspannungsspule\" \/>\n<meta property=\"og:url\" content=\"https:\/\/simonbois.de\/de\/product\/bernardo-profi-550-wq-metalldrehmaschine-230-v\/\" \/>\n<meta property=\"og:site_name\" content=\"SIMON BOIS\" \/>\n<meta property=\"article:modified_time\" content=\"2025-08-17T08:13:15+00:00\" \/>\n<meta property=\"og:image\" content=\"https:\/\/simonbois.de\/wp-content\/uploads\/2025\/08\/14-4.webp\" \/>\n\t<meta property=\"og:image:width\" content=\"600\" \/>\n\t<meta property=\"og:image:height\" content=\"600\" \/>\n\t<meta property=\"og:image:type\" content=\"image\/webp\" \/>\n<meta name=\"twitter:card\" content=\"summary_large_image\" \/>\n<meta name=\"twitter:label1\" content=\"Gesch\u00e4tzte Lesezeit\" \/>\n\t<meta name=\"twitter:data1\" content=\"1\u00a0Minute\" \/>\n<script type=\"application\/ld+json\" class=\"yoast-schema-graph\">{\"@context\":\"https:\\\/\\\/schema.org\",\"@graph\":[{\"@type\":\"WebPage\",\"@id\":\"https:\\\/\\\/simonbois.de\\\/product\\\/bernardo-profi-550-wq-metalldrehmaschine-230-v\\\/\",\"url\":\"https:\\\/\\\/simonbois.de\\\/product\\\/bernardo-profi-550-wq-metalldrehmaschine-230-v\\\/\",\"name\":\"Bernardo Profi 550 WQ Metalldrehmaschine \u2013 230 V - SIMON BOIS\",\"isPartOf\":{\"@id\":\"https:\\\/\\\/simonbois.de\\\/#website\"},\"primaryImageOfPage\":{\"@id\":\"https:\\\/\\\/simonbois.de\\\/product\\\/bernardo-profi-550-wq-metalldrehmaschine-230-v\\\/#primaryimage\"},\"image\":{\"@id\":\"https:\\\/\\\/simonbois.de\\\/product\\\/bernardo-profi-550-wq-metalldrehmaschine-230-v\\\/#primaryimage\"},\"thumbnailUrl\":\"https:\\\/\\\/simonbois.de\\\/wp-content\\\/uploads\\\/2025\\\/08\\\/14-4.webp\",\"datePublished\":\"2025-08-15T14:24:57+00:00\",\"dateModified\":\"2025-08-17T08:13:15+00:00\",\"breadcrumb\":{\"@id\":\"https:\\\/\\\/simonbois.de\\\/product\\\/bernardo-profi-550-wq-metalldrehmaschine-230-v\\\/#breadcrumb\"},\"inLanguage\":\"de\",\"potentialAction\":[{\"@type\":\"ReadAction\",\"target\":[\"https:\\\/\\\/simonbois.de\\\/product\\\/bernardo-profi-550-wq-metalldrehmaschine-230-v\\\/\"]}]},{\"@type\":\"ImageObject\",\"inLanguage\":\"de\",\"@id\":\"https:\\\/\\\/simonbois.de\\\/product\\\/bernardo-profi-550-wq-metalldrehmaschine-230-v\\\/#primaryimage\",\"url\":\"https:\\\/\\\/simonbois.de\\\/wp-content\\\/uploads\\\/2025\\\/08\\\/14-4.webp\",\"contentUrl\":\"https:\\\/\\\/simonbois.de\\\/wp-content\\\/uploads\\\/2025\\\/08\\\/14-4.webp\",\"width\":600,\"height\":600},{\"@type\":\"BreadcrumbList\",\"@id\":\"https:\\\/\\\/simonbois.de\\\/product\\\/bernardo-profi-550-wq-metalldrehmaschine-230-v\\\/#breadcrumb\",\"itemListElement\":[{\"@type\":\"ListItem\",\"position\":1,\"name\":\"Home\",\"item\":\"https:\\\/\\\/simonbois.de\\\/\"},{\"@type\":\"ListItem\",\"position\":2,\"name\":\"Shop\",\"item\":\"https:\\\/\\\/simonbois.de\\\/shop-2\\\/\"},{\"@type\":\"ListItem\",\"position\":3,\"name\":\"Bernardo Profi 550 WQ Metalldrehmaschine \u2013 230 V\"}]},{\"@type\":\"WebSite\",\"@id\":\"https:\\\/\\\/simonbois.de\\\/#website\",\"url\":\"https:\\\/\\\/simonbois.de\\\/\",\"name\":\"SIMON BOIS\",\"description\":\"Verkauf und Lieferung von Brennholz auf Paletten\",\"potentialAction\":[{\"@type\":\"SearchAction\",\"target\":{\"@type\":\"EntryPoint\",\"urlTemplate\":\"https:\\\/\\\/simonbois.de\\\/?s={search_term_string}\"},\"query-input\":{\"@type\":\"PropertyValueSpecification\",\"valueRequired\":true,\"valueName\":\"search_term_string\"}}],\"inLanguage\":\"de\"}]}<\/script>\n<!-- \/ Yoast SEO plugin. -->","yoast_head_json":{"title":"Bernardo Profi 550 WQ Metalldrehmaschine \u2013 230 V - SIMON BOIS","robots":{"index":"index","follow":"follow","max-snippet":"max-snippet:-1","max-image-preview":"max-image-preview:large","max-video-preview":"max-video-preview:-1"},"canonical":"https:\/\/simonbois.de\/de\/product\/bernardo-profi-550-wq-metalldrehmaschine-230-v\/","og_locale":"de_DE","og_type":"article","og_title":"Bernardo Profi 550 WQ Metalldrehmaschine \u2013 230 V - SIMON BOIS","og_description":"Vorteile der Bernardo Profi 550 WQ Metalldrehmaschine:  Robuster Rahmen mit induktionsgeh\u00e4rtetem und geschliffenem Bettschlitten Hohe Rundlaufgenauigkeit der Spindelnase (\u2264 0,009 mm) dank hochwertiger Lager Thermo\u00fcberwachung mit Lichtalarm zum Schutz des Motors vor \u00dcberlastung Verstellbarer Reitstock f\u00fcr die Bearbeitung von kegelf\u00f6rmigen Teilen Sorgf\u00e4ltige Positionierung der Bedienelemente Spielausgleichende F\u00fchrungen Spindel mit 2 einstellbaren Pr\u00e4zisions-Kegellagern (P5-Qualit\u00e4t) Standardm\u00e4\u00dfig mit L\u00e4ngs- und Quervorschub Sicherheitsschalter mit Unterspannungsspule","og_url":"https:\/\/simonbois.de\/de\/product\/bernardo-profi-550-wq-metalldrehmaschine-230-v\/","og_site_name":"SIMON BOIS","article_modified_time":"2025-08-17T08:13:15+00:00","og_image":[{"width":600,"height":600,"url":"https:\/\/simonbois.de\/wp-content\/uploads\/2025\/08\/14-4.webp","type":"image\/webp"}],"twitter_card":"summary_large_image","twitter_misc":{"Gesch\u00e4tzte Lesezeit":"1\u00a0Minute"},"schema":{"@context":"https:\/\/schema.org","@graph":[{"@type":"WebPage","@id":"https:\/\/simonbois.de\/product\/bernardo-profi-550-wq-metalldrehmaschine-230-v\/","url":"https:\/\/simonbois.de\/product\/bernardo-profi-550-wq-metalldrehmaschine-230-v\/","name":"Bernardo Profi 550 WQ Metalldrehmaschine \u2013 230 V - SIMON BOIS","isPartOf":{"@id":"https:\/\/simonbois.de\/#website"},"primaryImageOfPage":{"@id":"https:\/\/simonbois.de\/product\/bernardo-profi-550-wq-metalldrehmaschine-230-v\/#primaryimage"},"image":{"@id":"https:\/\/simonbois.de\/product\/bernardo-profi-550-wq-metalldrehmaschine-230-v\/#primaryimage"},"thumbnailUrl":"https:\/\/simonbois.de\/wp-content\/uploads\/2025\/08\/14-4.webp","datePublished":"2025-08-15T14:24:57+00:00","dateModified":"2025-08-17T08:13:15+00:00","breadcrumb":{"@id":"https:\/\/simonbois.de\/product\/bernardo-profi-550-wq-metalldrehmaschine-230-v\/#breadcrumb"},"inLanguage":"de","potentialAction":[{"@type":"ReadAction","target":["https:\/\/simonbois.de\/product\/bernardo-profi-550-wq-metalldrehmaschine-230-v\/"]}]},{"@type":"ImageObject","inLanguage":"de","@id":"https:\/\/simonbois.de\/product\/bernardo-profi-550-wq-metalldrehmaschine-230-v\/#primaryimage","url":"https:\/\/simonbois.de\/wp-content\/uploads\/2025\/08\/14-4.webp","contentUrl":"https:\/\/simonbois.de\/wp-content\/uploads\/2025\/08\/14-4.webp","width":600,"height":600},{"@type":"BreadcrumbList","@id":"https:\/\/simonbois.de\/product\/bernardo-profi-550-wq-metalldrehmaschine-230-v\/#breadcrumb","itemListElement":[{"@type":"ListItem","position":1,"name":"Home","item":"https:\/\/simonbois.de\/"},{"@type":"ListItem","position":2,"name":"Shop","item":"https:\/\/simonbois.de\/shop-2\/"},{"@type":"ListItem","position":3,"name":"Bernardo Profi 550 WQ Metalldrehmaschine \u2013 230 V"}]},{"@type":"WebSite","@id":"https:\/\/simonbois.de\/#website","url":"https:\/\/simonbois.de\/","name":"SIMON BOIS","description":"Verkauf und Lieferung von Brennholz auf Paletten","potentialAction":[{"@type":"SearchAction","target":{"@type":"EntryPoint","urlTemplate":"https:\/\/simonbois.de\/?s={search_term_string}"},"query-input":{"@type":"PropertyValueSpecification","valueRequired":true,"valueName":"search_term_string"}}],"inLanguage":"de"}]}},"_links":{"self":[{"href":"https:\/\/simonbois.de\/de\/wp-json\/wp\/v2\/product\/4571","targetHints":{"allow":["GET"]}}],"collection":[{"href":"https:\/\/simonbois.de\/de\/wp-json\/wp\/v2\/product"}],"about":[{"href":"https:\/\/simonbois.de\/de\/wp-json\/wp\/v2\/types\/product"}],"replies":[{"embeddable":true,"href":"https:\/\/simonbois.de\/de\/wp-json\/wp\/v2\/comments?post=4571"}],"wp:featuredmedia":[{"embeddable":true,"href":"https:\/\/simonbois.de\/de\/wp-json\/wp\/v2\/media\/4585"}],"wp:attachment":[{"href":"https:\/\/simonbois.de\/de\/wp-json\/wp\/v2\/media?parent=4571"}],"wp:term":[{"taxonomy":"product_brand","embeddable":true,"href":"https:\/\/simonbois.de\/de\/wp-json\/wp\/v2\/product_brand?post=4571"},{"taxonomy":"product_cat","embeddable":true,"href":"https:\/\/simonbois.de\/de\/wp-json\/wp\/v2\/product_cat?post=4571"},{"taxonomy":"product_tag","embeddable":true,"href":"https:\/\/simonbois.de\/de\/wp-json\/wp\/v2\/product_tag?post=4571"}],"curies":[{"name":"wp","href":"https:\/\/api.w.org\/{rel}","templated":true}]}}