{"id":4569,"date":"2025-08-15T14:22:20","date_gmt":"2025-08-15T14:22:20","guid":{"rendered":"https:\/\/simonbois.de\/?post_type=product&#038;p=4569"},"modified":"2025-08-17T08:13:35","modified_gmt":"2025-08-17T08:13:35","slug":"bernardo-hobby-350-top-metalldrehmaschine-230-v","status":"publish","type":"product","link":"https:\/\/simonbois.de\/de\/product\/bernardo-hobby-350-top-metalldrehmaschine-230-v\/","title":{"rendered":"Bernardo Hobby 350 TOP Metalldrehmaschine \u2013 230 V"},"content":{"rendered":"<p>\u00a0<\/p>\n<p>Technische Daten:<\/p>\n<p>Spitzenweite: 300 mm<br \/>\nSpitzenh\u00f6he: 90 mm<br \/>\nUmlaufdurchmesser \u00fcber Bett: 180 mm<br \/>\nDrehdurchmesser am Planschlitten: 110 mm<br \/>\nSpindelbohrung: 20 mm<br \/>\nSpindelaufnahme: MK 3<br \/>\nStufenlose Drehzahl: 50 \u2013 1100 \/ 120 \u2013 2500 U\/min<br \/>\nL\u00e4ngsvorschub: 0,1 \/ 0,2 mm\/U<br \/>\nMetrische Gewinde: (9) 0,5 \u2013 2,5 mm<br \/>\nPinolenhub: 60 mm<br \/>\nPinolenaufnahme: MK 2<br \/>\nMotorleistung S1 100 %: 0,45 kW<br \/>\nMotorleistung S6 40 %: 0,60 kW<br \/>\nMaschinenabmessungen (B x T x H)*: 880 x 320 x 310 mm<br \/>\nGewicht: ca. 52 kg<br \/>\n* ohne Untergestell<\/p>\n<p>Allgemeine Beschreibung der Bernardo Hobby 350 TOP Metalldrehmaschine:<\/p>\n<p>Gleichstrommotor f\u00fcr optimales Drehmoment im unteren Drehzahlbereich<br \/>\nHoher Spindelrundlauf (besser als 0,015 mm) dank Pr\u00e4zisionskugellagern<br \/>\nIdeal f\u00fcr die Bearbeitung von Stahl, NE-Metallen und Kunststoffen<br \/>\nSerienm\u00e4\u00dfig mit Frontspindel zum Gewindeschneiden oder automatischen L\u00e4ngsvorschub<br \/>\nPr\u00e4zise Spindellagerung mit 2 nachstellbaren Kegelrollenlagern<br \/>\nLeistungsstarker Gleichstrommotor mit 450 W Antriebsleistung<br \/>\nSerienm\u00e4\u00dfig mit Metallwechselr\u00e4dern zum Schneiden metrischer Gewinde<br \/>\nVielseitig einsetzbar: L\u00e4ngsdrehen, Plandrehen, Bohren, Gewindeschneiden etc.<\/p>\n<p>\u00a0<\/p>","protected":false},"excerpt":{"rendered":"<p>Die Bernardo Hobby 350 TOP Metalldrehmaschine wird geliefert mit:<\/p>\n<p>100 mm 3-Backenfutter<br \/>\nSchutz der Futter<br \/>\nSchnellwechselstahlhalter mit 4 Eins\u00e4tzen<br \/>\nMetallwechselr\u00e4der<br \/>\nSp\u00e4ner\u00fcckwand<br \/>\nDigitale Drehzahlanzeige<br \/>\nMetallschwungr\u00e4der<br \/>\nFeste Kornspitzen<br \/>\nBedienwerkzeug<\/p>","protected":false},"featured_media":4583,"comment_status":"open","ping_status":"closed","template":"","meta":[],"product_brand":[],"product_cat":[191],"product_tag":[],"class_list":{"0":"post-4569","1":"product","2":"type-product","3":"status-publish","4":"has-post-thumbnail","6":"product_cat-maschinen","8":"first","9":"instock","10":"taxable","11":"shipping-taxable","12":"purchasable","13":"product-type-simple"},"yoast_head":"<!-- This site is optimized with the Yoast SEO plugin v27.5 - https:\/\/yoast.com\/product\/yoast-seo-wordpress\/ -->\n<title>Bernardo Hobby 350 TOP Metalldrehmaschine \u2013 230 V - SIMON BOIS<\/title>\n<meta name=\"robots\" content=\"index, follow, max-snippet:-1, max-image-preview:large, max-video-preview:-1\" \/>\n<link rel=\"canonical\" href=\"https:\/\/simonbois.de\/de\/product\/bernardo-hobby-350-top-metalldrehmaschine-230-v\/\" \/>\n<meta property=\"og:locale\" content=\"de_DE\" \/>\n<meta property=\"og:type\" content=\"article\" \/>\n<meta property=\"og:title\" content=\"Bernardo Hobby 350 TOP Metalldrehmaschine \u2013 230 V - SIMON BOIS\" \/>\n<meta property=\"og:description\" content=\"Die Bernardo Hobby 350 TOP Metalldrehmaschine wird geliefert mit:  100 mm 3-Backenfutter Schutz der Futter Schnellwechselstahlhalter mit 4 Eins\u00e4tzen Metallwechselr\u00e4der Sp\u00e4ner\u00fcckwand Digitale Drehzahlanzeige Metallschwungr\u00e4der Feste Kornspitzen Bedienwerkzeug\" \/>\n<meta property=\"og:url\" content=\"https:\/\/simonbois.de\/de\/product\/bernardo-hobby-350-top-metalldrehmaschine-230-v\/\" \/>\n<meta property=\"og:site_name\" content=\"SIMON BOIS\" \/>\n<meta property=\"article:modified_time\" content=\"2025-08-17T08:13:35+00:00\" \/>\n<meta property=\"og:image\" content=\"https:\/\/simonbois.de\/wp-content\/uploads\/2025\/08\/12-4.webp\" \/>\n\t<meta property=\"og:image:width\" content=\"600\" \/>\n\t<meta property=\"og:image:height\" content=\"600\" \/>\n\t<meta property=\"og:image:type\" content=\"image\/webp\" \/>\n<meta name=\"twitter:card\" content=\"summary_large_image\" \/>\n<meta name=\"twitter:label1\" content=\"Gesch\u00e4tzte Lesezeit\" \/>\n\t<meta name=\"twitter:data1\" content=\"1\u00a0Minute\" \/>\n<script type=\"application\/ld+json\" class=\"yoast-schema-graph\">{\"@context\":\"https:\\\/\\\/schema.org\",\"@graph\":[{\"@type\":\"WebPage\",\"@id\":\"https:\\\/\\\/simonbois.de\\\/product\\\/bernardo-hobby-350-top-metalldrehmaschine-230-v\\\/\",\"url\":\"https:\\\/\\\/simonbois.de\\\/product\\\/bernardo-hobby-350-top-metalldrehmaschine-230-v\\\/\",\"name\":\"Bernardo Hobby 350 TOP Metalldrehmaschine \u2013 230 V - SIMON BOIS\",\"isPartOf\":{\"@id\":\"https:\\\/\\\/simonbois.de\\\/#website\"},\"primaryImageOfPage\":{\"@id\":\"https:\\\/\\\/simonbois.de\\\/product\\\/bernardo-hobby-350-top-metalldrehmaschine-230-v\\\/#primaryimage\"},\"image\":{\"@id\":\"https:\\\/\\\/simonbois.de\\\/product\\\/bernardo-hobby-350-top-metalldrehmaschine-230-v\\\/#primaryimage\"},\"thumbnailUrl\":\"https:\\\/\\\/simonbois.de\\\/wp-content\\\/uploads\\\/2025\\\/08\\\/12-4.webp\",\"datePublished\":\"2025-08-15T14:22:20+00:00\",\"dateModified\":\"2025-08-17T08:13:35+00:00\",\"breadcrumb\":{\"@id\":\"https:\\\/\\\/simonbois.de\\\/product\\\/bernardo-hobby-350-top-metalldrehmaschine-230-v\\\/#breadcrumb\"},\"inLanguage\":\"de\",\"potentialAction\":[{\"@type\":\"ReadAction\",\"target\":[\"https:\\\/\\\/simonbois.de\\\/product\\\/bernardo-hobby-350-top-metalldrehmaschine-230-v\\\/\"]}]},{\"@type\":\"ImageObject\",\"inLanguage\":\"de\",\"@id\":\"https:\\\/\\\/simonbois.de\\\/product\\\/bernardo-hobby-350-top-metalldrehmaschine-230-v\\\/#primaryimage\",\"url\":\"https:\\\/\\\/simonbois.de\\\/wp-content\\\/uploads\\\/2025\\\/08\\\/12-4.webp\",\"contentUrl\":\"https:\\\/\\\/simonbois.de\\\/wp-content\\\/uploads\\\/2025\\\/08\\\/12-4.webp\",\"width\":600,\"height\":600},{\"@type\":\"BreadcrumbList\",\"@id\":\"https:\\\/\\\/simonbois.de\\\/product\\\/bernardo-hobby-350-top-metalldrehmaschine-230-v\\\/#breadcrumb\",\"itemListElement\":[{\"@type\":\"ListItem\",\"position\":1,\"name\":\"Home\",\"item\":\"https:\\\/\\\/simonbois.de\\\/\"},{\"@type\":\"ListItem\",\"position\":2,\"name\":\"Shop\",\"item\":\"https:\\\/\\\/simonbois.de\\\/shop-2\\\/\"},{\"@type\":\"ListItem\",\"position\":3,\"name\":\"Bernardo Hobby 350 TOP Metalldrehmaschine \u2013 230 V\"}]},{\"@type\":\"WebSite\",\"@id\":\"https:\\\/\\\/simonbois.de\\\/#website\",\"url\":\"https:\\\/\\\/simonbois.de\\\/\",\"name\":\"SIMON BOIS\",\"description\":\"Verkauf und Lieferung von Brennholz auf Paletten\",\"potentialAction\":[{\"@type\":\"SearchAction\",\"target\":{\"@type\":\"EntryPoint\",\"urlTemplate\":\"https:\\\/\\\/simonbois.de\\\/?s={search_term_string}\"},\"query-input\":{\"@type\":\"PropertyValueSpecification\",\"valueRequired\":true,\"valueName\":\"search_term_string\"}}],\"inLanguage\":\"de\"}]}<\/script>\n<!-- \/ Yoast SEO plugin. -->","yoast_head_json":{"title":"Bernardo Hobby 350 TOP Metalldrehmaschine \u2013 230 V - SIMON BOIS","robots":{"index":"index","follow":"follow","max-snippet":"max-snippet:-1","max-image-preview":"max-image-preview:large","max-video-preview":"max-video-preview:-1"},"canonical":"https:\/\/simonbois.de\/de\/product\/bernardo-hobby-350-top-metalldrehmaschine-230-v\/","og_locale":"de_DE","og_type":"article","og_title":"Bernardo Hobby 350 TOP Metalldrehmaschine \u2013 230 V - SIMON BOIS","og_description":"Die Bernardo Hobby 350 TOP Metalldrehmaschine wird geliefert mit:  100 mm 3-Backenfutter Schutz der Futter Schnellwechselstahlhalter mit 4 Eins\u00e4tzen Metallwechselr\u00e4der Sp\u00e4ner\u00fcckwand Digitale Drehzahlanzeige Metallschwungr\u00e4der Feste Kornspitzen Bedienwerkzeug","og_url":"https:\/\/simonbois.de\/de\/product\/bernardo-hobby-350-top-metalldrehmaschine-230-v\/","og_site_name":"SIMON BOIS","article_modified_time":"2025-08-17T08:13:35+00:00","og_image":[{"width":600,"height":600,"url":"https:\/\/simonbois.de\/wp-content\/uploads\/2025\/08\/12-4.webp","type":"image\/webp"}],"twitter_card":"summary_large_image","twitter_misc":{"Gesch\u00e4tzte Lesezeit":"1\u00a0Minute"},"schema":{"@context":"https:\/\/schema.org","@graph":[{"@type":"WebPage","@id":"https:\/\/simonbois.de\/product\/bernardo-hobby-350-top-metalldrehmaschine-230-v\/","url":"https:\/\/simonbois.de\/product\/bernardo-hobby-350-top-metalldrehmaschine-230-v\/","name":"Bernardo Hobby 350 TOP Metalldrehmaschine \u2013 230 V - SIMON BOIS","isPartOf":{"@id":"https:\/\/simonbois.de\/#website"},"primaryImageOfPage":{"@id":"https:\/\/simonbois.de\/product\/bernardo-hobby-350-top-metalldrehmaschine-230-v\/#primaryimage"},"image":{"@id":"https:\/\/simonbois.de\/product\/bernardo-hobby-350-top-metalldrehmaschine-230-v\/#primaryimage"},"thumbnailUrl":"https:\/\/simonbois.de\/wp-content\/uploads\/2025\/08\/12-4.webp","datePublished":"2025-08-15T14:22:20+00:00","dateModified":"2025-08-17T08:13:35+00:00","breadcrumb":{"@id":"https:\/\/simonbois.de\/product\/bernardo-hobby-350-top-metalldrehmaschine-230-v\/#breadcrumb"},"inLanguage":"de","potentialAction":[{"@type":"ReadAction","target":["https:\/\/simonbois.de\/product\/bernardo-hobby-350-top-metalldrehmaschine-230-v\/"]}]},{"@type":"ImageObject","inLanguage":"de","@id":"https:\/\/simonbois.de\/product\/bernardo-hobby-350-top-metalldrehmaschine-230-v\/#primaryimage","url":"https:\/\/simonbois.de\/wp-content\/uploads\/2025\/08\/12-4.webp","contentUrl":"https:\/\/simonbois.de\/wp-content\/uploads\/2025\/08\/12-4.webp","width":600,"height":600},{"@type":"BreadcrumbList","@id":"https:\/\/simonbois.de\/product\/bernardo-hobby-350-top-metalldrehmaschine-230-v\/#breadcrumb","itemListElement":[{"@type":"ListItem","position":1,"name":"Home","item":"https:\/\/simonbois.de\/"},{"@type":"ListItem","position":2,"name":"Shop","item":"https:\/\/simonbois.de\/shop-2\/"},{"@type":"ListItem","position":3,"name":"Bernardo Hobby 350 TOP Metalldrehmaschine \u2013 230 V"}]},{"@type":"WebSite","@id":"https:\/\/simonbois.de\/#website","url":"https:\/\/simonbois.de\/","name":"SIMON BOIS","description":"Verkauf und Lieferung von Brennholz auf Paletten","potentialAction":[{"@type":"SearchAction","target":{"@type":"EntryPoint","urlTemplate":"https:\/\/simonbois.de\/?s={search_term_string}"},"query-input":{"@type":"PropertyValueSpecification","valueRequired":true,"valueName":"search_term_string"}}],"inLanguage":"de"}]}},"_links":{"self":[{"href":"https:\/\/simonbois.de\/de\/wp-json\/wp\/v2\/product\/4569","targetHints":{"allow":["GET"]}}],"collection":[{"href":"https:\/\/simonbois.de\/de\/wp-json\/wp\/v2\/product"}],"about":[{"href":"https:\/\/simonbois.de\/de\/wp-json\/wp\/v2\/types\/product"}],"replies":[{"embeddable":true,"href":"https:\/\/simonbois.de\/de\/wp-json\/wp\/v2\/comments?post=4569"}],"wp:featuredmedia":[{"embeddable":true,"href":"https:\/\/simonbois.de\/de\/wp-json\/wp\/v2\/media\/4583"}],"wp:attachment":[{"href":"https:\/\/simonbois.de\/de\/wp-json\/wp\/v2\/media?parent=4569"}],"wp:term":[{"taxonomy":"product_brand","embeddable":true,"href":"https:\/\/simonbois.de\/de\/wp-json\/wp\/v2\/product_brand?post=4569"},{"taxonomy":"product_cat","embeddable":true,"href":"https:\/\/simonbois.de\/de\/wp-json\/wp\/v2\/product_cat?post=4569"},{"taxonomy":"product_tag","embeddable":true,"href":"https:\/\/simonbois.de\/de\/wp-json\/wp\/v2\/product_tag?post=4569"}],"curies":[{"name":"wp","href":"https:\/\/api.w.org\/{rel}","templated":true}]}}