{"id":4557,"date":"2025-08-15T14:14:45","date_gmt":"2025-08-15T14:14:45","guid":{"rendered":"https:\/\/simonbois.de\/?post_type=product&#038;p=4557"},"modified":"2025-08-17T08:38:42","modified_gmt":"2025-08-17T08:38:42","slug":"bernardo-vms-360-vertikale-metallbandsage","status":"publish","type":"product","link":"https:\/\/simonbois.de\/de\/product\/bernardo-vms-360-vertikale-metallbandsage\/","title":{"rendered":"Bernardo VMS 360 Vertikale Metallbands\u00e4ge"},"content":{"rendered":"<p>Solider Gusseisentisch mit breiter Arbeitsfl\u00e4che f\u00fcr sicheres Arbeiten.<br \/>\nSerienm\u00e4\u00dfig mit Bandschwei\u00dfger\u00e4t (Schneiden, Schwei\u00dfen und Entgraten).<br \/>\nSerienm\u00e4\u00dfig mit variabler Schnittgeschwindigkeit.<br \/>\nRobuster Stahlrahmen f\u00fcr leisen Betrieb.<br \/>\nPr\u00e4zise Bandf\u00fchrung f\u00fcr optimale Schnitte.<br \/>\nIdeal f\u00fcr Konturen und komplexe Formen.<br \/>\nTisch 15\u00b0 in alle 4 Richtungen neigbar.<br \/>\nGebl\u00e4se im Kompressor enthalten.<br \/>\nB\u00e4nder ab 3 mm Breite f\u00fcr Kurven.<\/p>\n<p>Ausstattung<\/p>\n<p>Band<br \/>\nBandschwei\u00dfger\u00e4t mit Gl\u00fchfunktion.<br \/>\nHalogenbeleuchtung.<br \/>\nMei\u00dfel<br \/>\nEntgratrad<br \/>\nSp\u00e4neb\u00fcrste<\/p>","protected":false},"excerpt":{"rendered":"<p>Gebl\u00e4se<br \/>\nWeitere Informationen.<br \/>\nSchnittbreite: 355 mm.<br \/>\nSchnitth\u00f6he: 230 mm.<br \/>\nArbeitsh\u00f6he: 960 mm.<br \/>\nSchnittgeschwindigkeit, Stufe 1: 20 \u2013 90 m\/min<br \/>\nBandl\u00e4nge 2840 mm<br \/>\nBandbreite 3 \u2013 16 mm<br \/>\nTischabmessungen 500 x 400 mm<br \/>\nTischneigungsbereich (in alle 4 Richtungen) 15\u00b0<br \/>\nMotorleistung 0,75 kW<br \/>\nBlattschwei\u00dfger\u00e4t 2,4 kVA<br \/>\nMaschinenabmessungen (B x T x H) 940 x 560 x 1850 mm<br \/>\nGewicht (ca.) 250 kg<\/p>","protected":false},"featured_media":4567,"comment_status":"open","ping_status":"closed","template":"","meta":[],"product_brand":[],"product_cat":[191],"product_tag":[],"class_list":{"0":"post-4557","1":"product","2":"type-product","3":"status-publish","4":"has-post-thumbnail","6":"product_cat-maschinen","8":"first","9":"instock","10":"taxable","11":"shipping-taxable","12":"purchasable","13":"product-type-simple"},"yoast_head":"<!-- This site is optimized with the Yoast SEO plugin v27.5 - https:\/\/yoast.com\/product\/yoast-seo-wordpress\/ -->\n<title>Bernardo VMS 360 Vertikale Metallbands\u00e4ge - SIMON BOIS<\/title>\n<meta name=\"robots\" content=\"index, follow, max-snippet:-1, max-image-preview:large, max-video-preview:-1\" \/>\n<link rel=\"canonical\" href=\"https:\/\/simonbois.de\/de\/product\/bernardo-vms-360-vertikale-metallbandsage\/\" \/>\n<meta property=\"og:locale\" content=\"de_DE\" \/>\n<meta property=\"og:type\" content=\"article\" \/>\n<meta property=\"og:title\" content=\"Bernardo VMS 360 Vertikale Metallbands\u00e4ge - SIMON BOIS\" \/>\n<meta property=\"og:description\" content=\"Gebl\u00e4se Weitere Informationen. Schnittbreite: 355 mm. Schnitth\u00f6he: 230 mm. Arbeitsh\u00f6he: 960 mm. Schnittgeschwindigkeit, Stufe 1: 20 \u2013 90 m\/min Bandl\u00e4nge 2840 mm Bandbreite 3 \u2013 16 mm Tischabmessungen 500 x 400 mm Tischneigungsbereich (in alle 4 Richtungen) 15\u00b0 Motorleistung 0,75 kW Blattschwei\u00dfger\u00e4t 2,4 kVA Maschinenabmessungen (B x T x H) 940 x 560 x 1850 mm Gewicht (ca.) 250 kg\" \/>\n<meta property=\"og:url\" content=\"https:\/\/simonbois.de\/de\/product\/bernardo-vms-360-vertikale-metallbandsage\/\" \/>\n<meta property=\"og:site_name\" content=\"SIMON BOIS\" \/>\n<meta property=\"article:modified_time\" content=\"2025-08-17T08:38:42+00:00\" \/>\n<meta property=\"og:image\" content=\"https:\/\/simonbois.de\/wp-content\/uploads\/2025\/08\/8-4.webp\" \/>\n\t<meta property=\"og:image:width\" content=\"600\" \/>\n\t<meta property=\"og:image:height\" content=\"600\" \/>\n\t<meta property=\"og:image:type\" content=\"image\/webp\" \/>\n<meta name=\"twitter:card\" content=\"summary_large_image\" \/>\n<meta name=\"twitter:label1\" content=\"Gesch\u00e4tzte Lesezeit\" \/>\n\t<meta name=\"twitter:data1\" content=\"1\u00a0Minute\" \/>\n<script type=\"application\/ld+json\" class=\"yoast-schema-graph\">{\"@context\":\"https:\\\/\\\/schema.org\",\"@graph\":[{\"@type\":\"WebPage\",\"@id\":\"https:\\\/\\\/simonbois.de\\\/product\\\/bernardo-vms-360-vertikale-metallbandsage\\\/\",\"url\":\"https:\\\/\\\/simonbois.de\\\/product\\\/bernardo-vms-360-vertikale-metallbandsage\\\/\",\"name\":\"Bernardo VMS 360 Vertikale Metallbands\u00e4ge - SIMON BOIS\",\"isPartOf\":{\"@id\":\"https:\\\/\\\/simonbois.de\\\/#website\"},\"primaryImageOfPage\":{\"@id\":\"https:\\\/\\\/simonbois.de\\\/product\\\/bernardo-vms-360-vertikale-metallbandsage\\\/#primaryimage\"},\"image\":{\"@id\":\"https:\\\/\\\/simonbois.de\\\/product\\\/bernardo-vms-360-vertikale-metallbandsage\\\/#primaryimage\"},\"thumbnailUrl\":\"https:\\\/\\\/simonbois.de\\\/wp-content\\\/uploads\\\/2025\\\/08\\\/8-4.webp\",\"datePublished\":\"2025-08-15T14:14:45+00:00\",\"dateModified\":\"2025-08-17T08:38:42+00:00\",\"breadcrumb\":{\"@id\":\"https:\\\/\\\/simonbois.de\\\/product\\\/bernardo-vms-360-vertikale-metallbandsage\\\/#breadcrumb\"},\"inLanguage\":\"de\",\"potentialAction\":[{\"@type\":\"ReadAction\",\"target\":[\"https:\\\/\\\/simonbois.de\\\/product\\\/bernardo-vms-360-vertikale-metallbandsage\\\/\"]}]},{\"@type\":\"ImageObject\",\"inLanguage\":\"de\",\"@id\":\"https:\\\/\\\/simonbois.de\\\/product\\\/bernardo-vms-360-vertikale-metallbandsage\\\/#primaryimage\",\"url\":\"https:\\\/\\\/simonbois.de\\\/wp-content\\\/uploads\\\/2025\\\/08\\\/8-4.webp\",\"contentUrl\":\"https:\\\/\\\/simonbois.de\\\/wp-content\\\/uploads\\\/2025\\\/08\\\/8-4.webp\",\"width\":600,\"height\":600},{\"@type\":\"BreadcrumbList\",\"@id\":\"https:\\\/\\\/simonbois.de\\\/product\\\/bernardo-vms-360-vertikale-metallbandsage\\\/#breadcrumb\",\"itemListElement\":[{\"@type\":\"ListItem\",\"position\":1,\"name\":\"Home\",\"item\":\"https:\\\/\\\/simonbois.de\\\/\"},{\"@type\":\"ListItem\",\"position\":2,\"name\":\"Shop\",\"item\":\"https:\\\/\\\/simonbois.de\\\/shop-2\\\/\"},{\"@type\":\"ListItem\",\"position\":3,\"name\":\"Bernardo VMS 360 Vertikale Metallbands\u00e4ge\"}]},{\"@type\":\"WebSite\",\"@id\":\"https:\\\/\\\/simonbois.de\\\/#website\",\"url\":\"https:\\\/\\\/simonbois.de\\\/\",\"name\":\"SIMON BOIS\",\"description\":\"Verkauf und Lieferung von Brennholz auf Paletten\",\"potentialAction\":[{\"@type\":\"SearchAction\",\"target\":{\"@type\":\"EntryPoint\",\"urlTemplate\":\"https:\\\/\\\/simonbois.de\\\/?s={search_term_string}\"},\"query-input\":{\"@type\":\"PropertyValueSpecification\",\"valueRequired\":true,\"valueName\":\"search_term_string\"}}],\"inLanguage\":\"de\"}]}<\/script>\n<!-- \/ Yoast SEO plugin. -->","yoast_head_json":{"title":"Bernardo VMS 360 Vertikale Metallbands\u00e4ge - SIMON BOIS","robots":{"index":"index","follow":"follow","max-snippet":"max-snippet:-1","max-image-preview":"max-image-preview:large","max-video-preview":"max-video-preview:-1"},"canonical":"https:\/\/simonbois.de\/de\/product\/bernardo-vms-360-vertikale-metallbandsage\/","og_locale":"de_DE","og_type":"article","og_title":"Bernardo VMS 360 Vertikale Metallbands\u00e4ge - SIMON BOIS","og_description":"Gebl\u00e4se Weitere Informationen. Schnittbreite: 355 mm. Schnitth\u00f6he: 230 mm. Arbeitsh\u00f6he: 960 mm. Schnittgeschwindigkeit, Stufe 1: 20 \u2013 90 m\/min Bandl\u00e4nge 2840 mm Bandbreite 3 \u2013 16 mm Tischabmessungen 500 x 400 mm Tischneigungsbereich (in alle 4 Richtungen) 15\u00b0 Motorleistung 0,75 kW Blattschwei\u00dfger\u00e4t 2,4 kVA Maschinenabmessungen (B x T x H) 940 x 560 x 1850 mm Gewicht (ca.) 250 kg","og_url":"https:\/\/simonbois.de\/de\/product\/bernardo-vms-360-vertikale-metallbandsage\/","og_site_name":"SIMON BOIS","article_modified_time":"2025-08-17T08:38:42+00:00","og_image":[{"width":600,"height":600,"url":"https:\/\/simonbois.de\/wp-content\/uploads\/2025\/08\/8-4.webp","type":"image\/webp"}],"twitter_card":"summary_large_image","twitter_misc":{"Gesch\u00e4tzte Lesezeit":"1\u00a0Minute"},"schema":{"@context":"https:\/\/schema.org","@graph":[{"@type":"WebPage","@id":"https:\/\/simonbois.de\/product\/bernardo-vms-360-vertikale-metallbandsage\/","url":"https:\/\/simonbois.de\/product\/bernardo-vms-360-vertikale-metallbandsage\/","name":"Bernardo VMS 360 Vertikale Metallbands\u00e4ge - SIMON BOIS","isPartOf":{"@id":"https:\/\/simonbois.de\/#website"},"primaryImageOfPage":{"@id":"https:\/\/simonbois.de\/product\/bernardo-vms-360-vertikale-metallbandsage\/#primaryimage"},"image":{"@id":"https:\/\/simonbois.de\/product\/bernardo-vms-360-vertikale-metallbandsage\/#primaryimage"},"thumbnailUrl":"https:\/\/simonbois.de\/wp-content\/uploads\/2025\/08\/8-4.webp","datePublished":"2025-08-15T14:14:45+00:00","dateModified":"2025-08-17T08:38:42+00:00","breadcrumb":{"@id":"https:\/\/simonbois.de\/product\/bernardo-vms-360-vertikale-metallbandsage\/#breadcrumb"},"inLanguage":"de","potentialAction":[{"@type":"ReadAction","target":["https:\/\/simonbois.de\/product\/bernardo-vms-360-vertikale-metallbandsage\/"]}]},{"@type":"ImageObject","inLanguage":"de","@id":"https:\/\/simonbois.de\/product\/bernardo-vms-360-vertikale-metallbandsage\/#primaryimage","url":"https:\/\/simonbois.de\/wp-content\/uploads\/2025\/08\/8-4.webp","contentUrl":"https:\/\/simonbois.de\/wp-content\/uploads\/2025\/08\/8-4.webp","width":600,"height":600},{"@type":"BreadcrumbList","@id":"https:\/\/simonbois.de\/product\/bernardo-vms-360-vertikale-metallbandsage\/#breadcrumb","itemListElement":[{"@type":"ListItem","position":1,"name":"Home","item":"https:\/\/simonbois.de\/"},{"@type":"ListItem","position":2,"name":"Shop","item":"https:\/\/simonbois.de\/shop-2\/"},{"@type":"ListItem","position":3,"name":"Bernardo VMS 360 Vertikale Metallbands\u00e4ge"}]},{"@type":"WebSite","@id":"https:\/\/simonbois.de\/#website","url":"https:\/\/simonbois.de\/","name":"SIMON BOIS","description":"Verkauf und Lieferung von Brennholz auf Paletten","potentialAction":[{"@type":"SearchAction","target":{"@type":"EntryPoint","urlTemplate":"https:\/\/simonbois.de\/?s={search_term_string}"},"query-input":{"@type":"PropertyValueSpecification","valueRequired":true,"valueName":"search_term_string"}}],"inLanguage":"de"}]}},"_links":{"self":[{"href":"https:\/\/simonbois.de\/de\/wp-json\/wp\/v2\/product\/4557","targetHints":{"allow":["GET"]}}],"collection":[{"href":"https:\/\/simonbois.de\/de\/wp-json\/wp\/v2\/product"}],"about":[{"href":"https:\/\/simonbois.de\/de\/wp-json\/wp\/v2\/types\/product"}],"replies":[{"embeddable":true,"href":"https:\/\/simonbois.de\/de\/wp-json\/wp\/v2\/comments?post=4557"}],"wp:featuredmedia":[{"embeddable":true,"href":"https:\/\/simonbois.de\/de\/wp-json\/wp\/v2\/media\/4567"}],"wp:attachment":[{"href":"https:\/\/simonbois.de\/de\/wp-json\/wp\/v2\/media?parent=4557"}],"wp:term":[{"taxonomy":"product_brand","embeddable":true,"href":"https:\/\/simonbois.de\/de\/wp-json\/wp\/v2\/product_brand?post=4557"},{"taxonomy":"product_cat","embeddable":true,"href":"https:\/\/simonbois.de\/de\/wp-json\/wp\/v2\/product_cat?post=4557"},{"taxonomy":"product_tag","embeddable":true,"href":"https:\/\/simonbois.de\/de\/wp-json\/wp\/v2\/product_tag?post=4557"}],"curies":[{"name":"wp","href":"https:\/\/api.w.org\/{rel}","templated":true}]}}