{"id":4556,"date":"2025-08-15T14:12:31","date_gmt":"2025-08-15T14:12:31","guid":{"rendered":"https:\/\/simonbois.de\/?post_type=product&#038;p=4556"},"modified":"2025-08-17T08:38:55","modified_gmt":"2025-08-17T08:38:55","slug":"bernardo-kf25d-vario-metallbohr-und-frasmaschine-600-w","status":"publish","type":"product","link":"https:\/\/simonbois.de\/de\/product\/bernardo-kf25d-vario-metallbohr-und-frasmaschine-600-w\/","title":{"rendered":"Bernardo KF25D Vario Metallbohr- und Fr\u00e4smaschine \u2013 600 W"},"content":{"rendered":"<p>\u00a0<\/p>\n<p>\u00a0<\/p>\n<p>Technische Daten der Bernardo KF25D Vario Metallbohr- und Fr\u00e4smaschine:<\/p>\n<p>Bohrleistung Stahl: 20 mm<br \/>\nMaximale Planfr\u00e4sleistung: 63 mm<br \/>\nMaximale Fr\u00e4sleistung: 20 mm<br \/>\nZylinderausladung: 170 mm<br \/>\nMin.\/Max. Spindel-\/Tischabstand: 45\/325 mm<br \/>\nSpindelhub: 52 mm<br \/>\nSpindeldrehzahl stufenlos: 50 \u2013 1125 \/ 100 \u2013 2250 U\/min<br \/>\nSpindelaufnahme: MK 2<br \/>\nTischabmessungen: 500 x 180 mm<br \/>\nVerfahrweg (x\/y): 305 \/ 150 mm<br \/>\nFr\u00e4skopf schwenkbar: -90\u00b0 bis +90\u00b0<br \/>\nFr\u00e4skopfh\u00f6henverstellung: 275 mm<br \/>\nT-Nutenma\u00dfe: 12 mm<br \/>\nDauerleistung S1 100 %: 0,60 kW \/ 230 V<br \/>\nLeistung S6 40 %: 0,90 kW \/ 230 V<br \/>\nMaschinenabmessungen (B x T x H)*: 750 x 560 x 930 mm<br \/>\nGewicht (ca.): 110 kg<br \/>\n* ohne Untergestell<\/p>\n<p>Vorteile der Bernardo KF25D Vario Metallbohr- und -fr\u00e4smaschine Maschine:<\/p>\n<p>Serienm\u00e4\u00dfig mit Drehrichtungsumkehr zum Gewindeschneiden<br \/>\nErgonomische Anordnung der Bedienelemente<br \/>\nStabiler Kreuztisch mit gut ablesbarer Skala<br \/>\nStufenlose Drehzahlregelung zur Anpassung an das Werkst\u00fcck<br \/>\n2-stufiges Getriebe f\u00fcr optimale Drehmoment\u00fcbertragung<br \/>\nExzellenter Spindelrundlauf dank Kegellagern (\u2264 0,015 mm)<br \/>\nBeidseitig schwenkbarer Fr\u00e4skopf f\u00fcr Eckbohrungen, Fasen etc.<br \/>\nSerienm\u00e4\u00dfig mit digitalen Anzeigen f\u00fcr Spindeldrehzahl und -tiefe<br \/>\nSchwalbenschwanzf\u00fchrung in x-, y- und z-Richtung, einstellbar \u00fcber Einstellscheibe<br \/>\nSpindel heben und senken \u00fcber Hebel, Feineinstellung \u00fcber Handrad<br \/>\nMit EMV-Filter; sch\u00fctzt elektrische Ger\u00e4te vor elektromagnetischen St\u00f6rungen<\/p>\n<p>\u00a0<\/p>","protected":false},"excerpt":{"rendered":"<p>* ohne Untergestell<\/p>\n<p>Die Bernardo KF25D Vario Metall Bohr- und Fr\u00e4smaschine wird geliefert mit:<\/p>\n<p>Bohrfutteraufnahme MK 2 \/ B 16<br \/>\nZugstange<br \/>\nDigitale Tiefenanzeige<br \/>\nDigitale Drehzahlanzeige<br \/>\nEMV-Filter nach CE-Norm<br \/>\nH\u00f6henverstellbare Schutzhaube<br \/>\nServicewerkzeug<\/p>","protected":false},"featured_media":4566,"comment_status":"open","ping_status":"closed","template":"","meta":[],"product_brand":[],"product_cat":[191],"product_tag":[],"class_list":{"0":"post-4556","1":"product","2":"type-product","3":"status-publish","4":"has-post-thumbnail","6":"product_cat-maschinen","8":"first","9":"instock","10":"taxable","11":"shipping-taxable","12":"purchasable","13":"product-type-simple"},"yoast_head":"<!-- This site is optimized with the Yoast SEO plugin v27.5 - https:\/\/yoast.com\/product\/yoast-seo-wordpress\/ -->\n<title>Bernardo KF25D Vario Metallbohr- und Fr\u00e4smaschine \u2013 600 W - SIMON BOIS<\/title>\n<meta name=\"robots\" content=\"index, follow, max-snippet:-1, max-image-preview:large, max-video-preview:-1\" \/>\n<link rel=\"canonical\" href=\"https:\/\/simonbois.de\/de\/product\/bernardo-kf25d-vario-metallbohr-und-frasmaschine-600-w\/\" \/>\n<meta property=\"og:locale\" content=\"de_DE\" \/>\n<meta property=\"og:type\" content=\"article\" \/>\n<meta property=\"og:title\" content=\"Bernardo KF25D Vario Metallbohr- und Fr\u00e4smaschine \u2013 600 W - SIMON BOIS\" \/>\n<meta property=\"og:description\" content=\"* ohne Untergestell  Die Bernardo KF25D Vario Metall Bohr- und Fr\u00e4smaschine wird geliefert mit:  Bohrfutteraufnahme MK 2 \/ B 16 Zugstange Digitale Tiefenanzeige Digitale Drehzahlanzeige EMV-Filter nach CE-Norm H\u00f6henverstellbare Schutzhaube Servicewerkzeug\" \/>\n<meta property=\"og:url\" content=\"https:\/\/simonbois.de\/de\/product\/bernardo-kf25d-vario-metallbohr-und-frasmaschine-600-w\/\" \/>\n<meta property=\"og:site_name\" content=\"SIMON BOIS\" \/>\n<meta property=\"article:modified_time\" content=\"2025-08-17T08:38:55+00:00\" \/>\n<meta property=\"og:image\" content=\"https:\/\/simonbois.de\/wp-content\/uploads\/2025\/08\/7-4.webp\" \/>\n\t<meta property=\"og:image:width\" content=\"600\" \/>\n\t<meta property=\"og:image:height\" content=\"673\" \/>\n\t<meta property=\"og:image:type\" content=\"image\/webp\" \/>\n<meta name=\"twitter:card\" content=\"summary_large_image\" \/>\n<meta name=\"twitter:label1\" content=\"Gesch\u00e4tzte Lesezeit\" \/>\n\t<meta name=\"twitter:data1\" content=\"2\u00a0Minuten\" \/>\n<script type=\"application\/ld+json\" class=\"yoast-schema-graph\">{\"@context\":\"https:\\\/\\\/schema.org\",\"@graph\":[{\"@type\":\"WebPage\",\"@id\":\"https:\\\/\\\/simonbois.de\\\/product\\\/bernardo-kf25d-vario-metallbohr-und-frasmaschine-600-w\\\/\",\"url\":\"https:\\\/\\\/simonbois.de\\\/product\\\/bernardo-kf25d-vario-metallbohr-und-frasmaschine-600-w\\\/\",\"name\":\"Bernardo KF25D Vario Metallbohr- und Fr\u00e4smaschine \u2013 600 W - SIMON BOIS\",\"isPartOf\":{\"@id\":\"https:\\\/\\\/simonbois.de\\\/#website\"},\"primaryImageOfPage\":{\"@id\":\"https:\\\/\\\/simonbois.de\\\/product\\\/bernardo-kf25d-vario-metallbohr-und-frasmaschine-600-w\\\/#primaryimage\"},\"image\":{\"@id\":\"https:\\\/\\\/simonbois.de\\\/product\\\/bernardo-kf25d-vario-metallbohr-und-frasmaschine-600-w\\\/#primaryimage\"},\"thumbnailUrl\":\"https:\\\/\\\/simonbois.de\\\/wp-content\\\/uploads\\\/2025\\\/08\\\/7-4.webp\",\"datePublished\":\"2025-08-15T14:12:31+00:00\",\"dateModified\":\"2025-08-17T08:38:55+00:00\",\"breadcrumb\":{\"@id\":\"https:\\\/\\\/simonbois.de\\\/product\\\/bernardo-kf25d-vario-metallbohr-und-frasmaschine-600-w\\\/#breadcrumb\"},\"inLanguage\":\"de\",\"potentialAction\":[{\"@type\":\"ReadAction\",\"target\":[\"https:\\\/\\\/simonbois.de\\\/product\\\/bernardo-kf25d-vario-metallbohr-und-frasmaschine-600-w\\\/\"]}]},{\"@type\":\"ImageObject\",\"inLanguage\":\"de\",\"@id\":\"https:\\\/\\\/simonbois.de\\\/product\\\/bernardo-kf25d-vario-metallbohr-und-frasmaschine-600-w\\\/#primaryimage\",\"url\":\"https:\\\/\\\/simonbois.de\\\/wp-content\\\/uploads\\\/2025\\\/08\\\/7-4.webp\",\"contentUrl\":\"https:\\\/\\\/simonbois.de\\\/wp-content\\\/uploads\\\/2025\\\/08\\\/7-4.webp\",\"width\":600,\"height\":673},{\"@type\":\"BreadcrumbList\",\"@id\":\"https:\\\/\\\/simonbois.de\\\/product\\\/bernardo-kf25d-vario-metallbohr-und-frasmaschine-600-w\\\/#breadcrumb\",\"itemListElement\":[{\"@type\":\"ListItem\",\"position\":1,\"name\":\"Home\",\"item\":\"https:\\\/\\\/simonbois.de\\\/\"},{\"@type\":\"ListItem\",\"position\":2,\"name\":\"Shop\",\"item\":\"https:\\\/\\\/simonbois.de\\\/shop-2\\\/\"},{\"@type\":\"ListItem\",\"position\":3,\"name\":\"Bernardo KF25D Vario Metallbohr- und Fr\u00e4smaschine \u2013 600 W\"}]},{\"@type\":\"WebSite\",\"@id\":\"https:\\\/\\\/simonbois.de\\\/#website\",\"url\":\"https:\\\/\\\/simonbois.de\\\/\",\"name\":\"SIMON BOIS\",\"description\":\"Verkauf und Lieferung von Brennholz auf Paletten\",\"potentialAction\":[{\"@type\":\"SearchAction\",\"target\":{\"@type\":\"EntryPoint\",\"urlTemplate\":\"https:\\\/\\\/simonbois.de\\\/?s={search_term_string}\"},\"query-input\":{\"@type\":\"PropertyValueSpecification\",\"valueRequired\":true,\"valueName\":\"search_term_string\"}}],\"inLanguage\":\"de\"}]}<\/script>\n<!-- \/ Yoast SEO plugin. -->","yoast_head_json":{"title":"Bernardo KF25D Vario Metallbohr- und Fr\u00e4smaschine \u2013 600 W - SIMON BOIS","robots":{"index":"index","follow":"follow","max-snippet":"max-snippet:-1","max-image-preview":"max-image-preview:large","max-video-preview":"max-video-preview:-1"},"canonical":"https:\/\/simonbois.de\/de\/product\/bernardo-kf25d-vario-metallbohr-und-frasmaschine-600-w\/","og_locale":"de_DE","og_type":"article","og_title":"Bernardo KF25D Vario Metallbohr- und Fr\u00e4smaschine \u2013 600 W - SIMON BOIS","og_description":"* ohne Untergestell  Die Bernardo KF25D Vario Metall Bohr- und Fr\u00e4smaschine wird geliefert mit:  Bohrfutteraufnahme MK 2 \/ B 16 Zugstange Digitale Tiefenanzeige Digitale Drehzahlanzeige EMV-Filter nach CE-Norm H\u00f6henverstellbare Schutzhaube Servicewerkzeug","og_url":"https:\/\/simonbois.de\/de\/product\/bernardo-kf25d-vario-metallbohr-und-frasmaschine-600-w\/","og_site_name":"SIMON BOIS","article_modified_time":"2025-08-17T08:38:55+00:00","og_image":[{"width":600,"height":673,"url":"https:\/\/simonbois.de\/wp-content\/uploads\/2025\/08\/7-4.webp","type":"image\/webp"}],"twitter_card":"summary_large_image","twitter_misc":{"Gesch\u00e4tzte Lesezeit":"2\u00a0Minuten"},"schema":{"@context":"https:\/\/schema.org","@graph":[{"@type":"WebPage","@id":"https:\/\/simonbois.de\/product\/bernardo-kf25d-vario-metallbohr-und-frasmaschine-600-w\/","url":"https:\/\/simonbois.de\/product\/bernardo-kf25d-vario-metallbohr-und-frasmaschine-600-w\/","name":"Bernardo KF25D Vario Metallbohr- und Fr\u00e4smaschine \u2013 600 W - SIMON BOIS","isPartOf":{"@id":"https:\/\/simonbois.de\/#website"},"primaryImageOfPage":{"@id":"https:\/\/simonbois.de\/product\/bernardo-kf25d-vario-metallbohr-und-frasmaschine-600-w\/#primaryimage"},"image":{"@id":"https:\/\/simonbois.de\/product\/bernardo-kf25d-vario-metallbohr-und-frasmaschine-600-w\/#primaryimage"},"thumbnailUrl":"https:\/\/simonbois.de\/wp-content\/uploads\/2025\/08\/7-4.webp","datePublished":"2025-08-15T14:12:31+00:00","dateModified":"2025-08-17T08:38:55+00:00","breadcrumb":{"@id":"https:\/\/simonbois.de\/product\/bernardo-kf25d-vario-metallbohr-und-frasmaschine-600-w\/#breadcrumb"},"inLanguage":"de","potentialAction":[{"@type":"ReadAction","target":["https:\/\/simonbois.de\/product\/bernardo-kf25d-vario-metallbohr-und-frasmaschine-600-w\/"]}]},{"@type":"ImageObject","inLanguage":"de","@id":"https:\/\/simonbois.de\/product\/bernardo-kf25d-vario-metallbohr-und-frasmaschine-600-w\/#primaryimage","url":"https:\/\/simonbois.de\/wp-content\/uploads\/2025\/08\/7-4.webp","contentUrl":"https:\/\/simonbois.de\/wp-content\/uploads\/2025\/08\/7-4.webp","width":600,"height":673},{"@type":"BreadcrumbList","@id":"https:\/\/simonbois.de\/product\/bernardo-kf25d-vario-metallbohr-und-frasmaschine-600-w\/#breadcrumb","itemListElement":[{"@type":"ListItem","position":1,"name":"Home","item":"https:\/\/simonbois.de\/"},{"@type":"ListItem","position":2,"name":"Shop","item":"https:\/\/simonbois.de\/shop-2\/"},{"@type":"ListItem","position":3,"name":"Bernardo KF25D Vario Metallbohr- und Fr\u00e4smaschine \u2013 600 W"}]},{"@type":"WebSite","@id":"https:\/\/simonbois.de\/#website","url":"https:\/\/simonbois.de\/","name":"SIMON BOIS","description":"Verkauf und Lieferung von Brennholz auf Paletten","potentialAction":[{"@type":"SearchAction","target":{"@type":"EntryPoint","urlTemplate":"https:\/\/simonbois.de\/?s={search_term_string}"},"query-input":{"@type":"PropertyValueSpecification","valueRequired":true,"valueName":"search_term_string"}}],"inLanguage":"de"}]}},"_links":{"self":[{"href":"https:\/\/simonbois.de\/de\/wp-json\/wp\/v2\/product\/4556","targetHints":{"allow":["GET"]}}],"collection":[{"href":"https:\/\/simonbois.de\/de\/wp-json\/wp\/v2\/product"}],"about":[{"href":"https:\/\/simonbois.de\/de\/wp-json\/wp\/v2\/types\/product"}],"replies":[{"embeddable":true,"href":"https:\/\/simonbois.de\/de\/wp-json\/wp\/v2\/comments?post=4556"}],"wp:featuredmedia":[{"embeddable":true,"href":"https:\/\/simonbois.de\/de\/wp-json\/wp\/v2\/media\/4566"}],"wp:attachment":[{"href":"https:\/\/simonbois.de\/de\/wp-json\/wp\/v2\/media?parent=4556"}],"wp:term":[{"taxonomy":"product_brand","embeddable":true,"href":"https:\/\/simonbois.de\/de\/wp-json\/wp\/v2\/product_brand?post=4556"},{"taxonomy":"product_cat","embeddable":true,"href":"https:\/\/simonbois.de\/de\/wp-json\/wp\/v2\/product_cat?post=4556"},{"taxonomy":"product_tag","embeddable":true,"href":"https:\/\/simonbois.de\/de\/wp-json\/wp\/v2\/product_tag?post=4556"}],"curies":[{"name":"wp","href":"https:\/\/api.w.org\/{rel}","templated":true}]}}