{"id":4555,"date":"2025-08-15T14:10:53","date_gmt":"2025-08-15T14:10:53","guid":{"rendered":"https:\/\/simonbois.de\/?post_type=product&#038;p=4555"},"modified":"2025-08-17T08:39:14","modified_gmt":"2025-08-17T08:39:14","slug":"bernardo-kf20l-metallbohr-und-frasmaschine","status":"publish","type":"product","link":"https:\/\/simonbois.de\/de\/product\/bernardo-kf20l-metallbohr-und-frasmaschine\/","title":{"rendered":"Bernardo KF20L Metallbohr- und Fr\u00e4smaschine"},"content":{"rendered":"<p>\u00a0<\/p>\n<p>Technische Daten der Bernardo KF20L Metallbohr- und Fr\u00e4smaschine:<\/p>\n<p>Bohrleistung Stahl: 13 mm<br \/>\nMaximale Planbearbeitungsleistung: 30 mm<br \/>\nMaximale Fr\u00e4sleistung: 16 mm<br \/>\nZylinderausladung: 165 mm<br \/>\nSpindel-\/Tischabstand: 100 \u2013 290 mm<br \/>\nVariable Spindeldrehzahl: L = 0 \u2013 1000 U\/min \/ H = 0 \u2013 2500 U\/min<br \/>\nSpindelaufnahme: MK 3<br \/>\nTischabmessungen: 460 x 120 mm<br \/>\nVerfahrweg (x\/y): 300 \/ 130 mm<br \/>\nSchwenkfr\u00e4skopf: -45\u00b0 bis +45\u00b0<br \/>\nFr\u00e4skopfh\u00f6henverstellung: 190 mm<br \/>\nT-Nutenma\u00df: 12 mm<br \/>\nDauerleistung S1 100 %: 0,35 kW \/ 230 V<br \/>\nLeistung S6 40 %: 0,55 kW \/ 230 V<br \/>\nMaschinenma\u00dfe (B x T x H): 510 x 550 x 760 mm<br \/>\nGewicht (ca.): 53 kg<\/p>\n<p>Vorteile der Bernardo KF20L Metall-Bohr- und Fr\u00e4smaschine:<\/p>\n<p>Einzelf\u00fchrungssperre f\u00fcr sauberes Arbeiten<br \/>\nSchwenkbarer Fr\u00e4skopf (-45\u00b0 bis +45\u00b0) f\u00fcr vielseitigen Einsatz<br \/>\nElektronisch geregelter Antrieb<br \/>\nGro\u00dfer Drehzahlbereich (2 Stufen) von 0 bis 2500 U\/min<br \/>\nSchwalbenschwanzf\u00fchrung in der X-, Y- und Z-Achse<\/p>","protected":false},"excerpt":{"rendered":"<p>Bohrtiefe auf \u00fcbersichtlicher Skala ablesbar<br \/>\nFeineinstellung der Fr\u00e4sspindel<br \/>\nFr\u00e4sen: Spindelpositionierung \u00fcber Handrad<br \/>\nBohren: Spindelpositionierung \u00fcber Hebel<\/p>\n<p>Die Bernardo KF20L Metall-Bohr- und Fr\u00e4smaschine wird geliefert mit:<\/p>\n<p>Zahnkranzbohrfutter 1 \u2013 13 mm \/ B 16<br \/>\nBohrfutteraufnahme MK 3 \/ B 16<br \/>\nM12 Zugstange<br \/>\nH\u00f6henverstellbarer Schutz<br \/>\nServiceschl\u00fcssel<\/p>","protected":false},"featured_media":4565,"comment_status":"open","ping_status":"closed","template":"","meta":[],"product_brand":[],"product_cat":[191],"product_tag":[],"class_list":{"0":"post-4555","1":"product","2":"type-product","3":"status-publish","4":"has-post-thumbnail","6":"product_cat-maschinen","8":"first","9":"instock","10":"taxable","11":"shipping-taxable","12":"purchasable","13":"product-type-simple"},"yoast_head":"<!-- This site is optimized with the Yoast SEO plugin v27.5 - https:\/\/yoast.com\/product\/yoast-seo-wordpress\/ -->\n<title>Bernardo KF20L Metallbohr- und Fr\u00e4smaschine - SIMON BOIS<\/title>\n<meta name=\"robots\" content=\"index, follow, max-snippet:-1, max-image-preview:large, max-video-preview:-1\" \/>\n<link rel=\"canonical\" href=\"https:\/\/simonbois.de\/de\/product\/bernardo-kf20l-metallbohr-und-frasmaschine\/\" \/>\n<meta property=\"og:locale\" content=\"de_DE\" \/>\n<meta property=\"og:type\" content=\"article\" \/>\n<meta property=\"og:title\" content=\"Bernardo KF20L Metallbohr- und Fr\u00e4smaschine - SIMON BOIS\" \/>\n<meta property=\"og:description\" content=\"Bohrtiefe auf \u00fcbersichtlicher Skala ablesbar Feineinstellung der Fr\u00e4sspindel Fr\u00e4sen: Spindelpositionierung \u00fcber Handrad Bohren: Spindelpositionierung \u00fcber Hebel  Die Bernardo KF20L Metall-Bohr- und Fr\u00e4smaschine wird geliefert mit:  Zahnkranzbohrfutter 1 \u2013 13 mm \/ B 16 Bohrfutteraufnahme MK 3 \/ B 16 M12 Zugstange H\u00f6henverstellbarer Schutz Serviceschl\u00fcssel\" \/>\n<meta property=\"og:url\" content=\"https:\/\/simonbois.de\/de\/product\/bernardo-kf20l-metallbohr-und-frasmaschine\/\" \/>\n<meta property=\"og:site_name\" content=\"SIMON BOIS\" \/>\n<meta property=\"article:modified_time\" content=\"2025-08-17T08:39:14+00:00\" \/>\n<meta property=\"og:image\" content=\"https:\/\/simonbois.de\/wp-content\/uploads\/2025\/08\/6-4.webp\" \/>\n\t<meta property=\"og:image:width\" content=\"600\" \/>\n\t<meta property=\"og:image:height\" content=\"600\" \/>\n\t<meta property=\"og:image:type\" content=\"image\/webp\" \/>\n<meta name=\"twitter:card\" content=\"summary_large_image\" \/>\n<meta name=\"twitter:label1\" content=\"Gesch\u00e4tzte Lesezeit\" \/>\n\t<meta name=\"twitter:data1\" content=\"1\u00a0Minute\" \/>\n<script type=\"application\/ld+json\" class=\"yoast-schema-graph\">{\"@context\":\"https:\\\/\\\/schema.org\",\"@graph\":[{\"@type\":\"WebPage\",\"@id\":\"https:\\\/\\\/simonbois.de\\\/product\\\/bernardo-kf20l-metallbohr-und-frasmaschine\\\/\",\"url\":\"https:\\\/\\\/simonbois.de\\\/product\\\/bernardo-kf20l-metallbohr-und-frasmaschine\\\/\",\"name\":\"Bernardo KF20L Metallbohr- und Fr\u00e4smaschine - SIMON BOIS\",\"isPartOf\":{\"@id\":\"https:\\\/\\\/simonbois.de\\\/#website\"},\"primaryImageOfPage\":{\"@id\":\"https:\\\/\\\/simonbois.de\\\/product\\\/bernardo-kf20l-metallbohr-und-frasmaschine\\\/#primaryimage\"},\"image\":{\"@id\":\"https:\\\/\\\/simonbois.de\\\/product\\\/bernardo-kf20l-metallbohr-und-frasmaschine\\\/#primaryimage\"},\"thumbnailUrl\":\"https:\\\/\\\/simonbois.de\\\/wp-content\\\/uploads\\\/2025\\\/08\\\/6-4.webp\",\"datePublished\":\"2025-08-15T14:10:53+00:00\",\"dateModified\":\"2025-08-17T08:39:14+00:00\",\"breadcrumb\":{\"@id\":\"https:\\\/\\\/simonbois.de\\\/product\\\/bernardo-kf20l-metallbohr-und-frasmaschine\\\/#breadcrumb\"},\"inLanguage\":\"de\",\"potentialAction\":[{\"@type\":\"ReadAction\",\"target\":[\"https:\\\/\\\/simonbois.de\\\/product\\\/bernardo-kf20l-metallbohr-und-frasmaschine\\\/\"]}]},{\"@type\":\"ImageObject\",\"inLanguage\":\"de\",\"@id\":\"https:\\\/\\\/simonbois.de\\\/product\\\/bernardo-kf20l-metallbohr-und-frasmaschine\\\/#primaryimage\",\"url\":\"https:\\\/\\\/simonbois.de\\\/wp-content\\\/uploads\\\/2025\\\/08\\\/6-4.webp\",\"contentUrl\":\"https:\\\/\\\/simonbois.de\\\/wp-content\\\/uploads\\\/2025\\\/08\\\/6-4.webp\",\"width\":600,\"height\":600},{\"@type\":\"BreadcrumbList\",\"@id\":\"https:\\\/\\\/simonbois.de\\\/product\\\/bernardo-kf20l-metallbohr-und-frasmaschine\\\/#breadcrumb\",\"itemListElement\":[{\"@type\":\"ListItem\",\"position\":1,\"name\":\"Home\",\"item\":\"https:\\\/\\\/simonbois.de\\\/\"},{\"@type\":\"ListItem\",\"position\":2,\"name\":\"Shop\",\"item\":\"https:\\\/\\\/simonbois.de\\\/shop-2\\\/\"},{\"@type\":\"ListItem\",\"position\":3,\"name\":\"Bernardo KF20L Metallbohr- und Fr\u00e4smaschine\"}]},{\"@type\":\"WebSite\",\"@id\":\"https:\\\/\\\/simonbois.de\\\/#website\",\"url\":\"https:\\\/\\\/simonbois.de\\\/\",\"name\":\"SIMON BOIS\",\"description\":\"Verkauf und Lieferung von Brennholz auf Paletten\",\"potentialAction\":[{\"@type\":\"SearchAction\",\"target\":{\"@type\":\"EntryPoint\",\"urlTemplate\":\"https:\\\/\\\/simonbois.de\\\/?s={search_term_string}\"},\"query-input\":{\"@type\":\"PropertyValueSpecification\",\"valueRequired\":true,\"valueName\":\"search_term_string\"}}],\"inLanguage\":\"de\"}]}<\/script>\n<!-- \/ Yoast SEO plugin. -->","yoast_head_json":{"title":"Bernardo KF20L Metallbohr- und Fr\u00e4smaschine - SIMON BOIS","robots":{"index":"index","follow":"follow","max-snippet":"max-snippet:-1","max-image-preview":"max-image-preview:large","max-video-preview":"max-video-preview:-1"},"canonical":"https:\/\/simonbois.de\/de\/product\/bernardo-kf20l-metallbohr-und-frasmaschine\/","og_locale":"de_DE","og_type":"article","og_title":"Bernardo KF20L Metallbohr- und Fr\u00e4smaschine - SIMON BOIS","og_description":"Bohrtiefe auf \u00fcbersichtlicher Skala ablesbar Feineinstellung der Fr\u00e4sspindel Fr\u00e4sen: Spindelpositionierung \u00fcber Handrad Bohren: Spindelpositionierung \u00fcber Hebel  Die Bernardo KF20L Metall-Bohr- und Fr\u00e4smaschine wird geliefert mit:  Zahnkranzbohrfutter 1 \u2013 13 mm \/ B 16 Bohrfutteraufnahme MK 3 \/ B 16 M12 Zugstange H\u00f6henverstellbarer Schutz Serviceschl\u00fcssel","og_url":"https:\/\/simonbois.de\/de\/product\/bernardo-kf20l-metallbohr-und-frasmaschine\/","og_site_name":"SIMON BOIS","article_modified_time":"2025-08-17T08:39:14+00:00","og_image":[{"width":600,"height":600,"url":"https:\/\/simonbois.de\/wp-content\/uploads\/2025\/08\/6-4.webp","type":"image\/webp"}],"twitter_card":"summary_large_image","twitter_misc":{"Gesch\u00e4tzte Lesezeit":"1\u00a0Minute"},"schema":{"@context":"https:\/\/schema.org","@graph":[{"@type":"WebPage","@id":"https:\/\/simonbois.de\/product\/bernardo-kf20l-metallbohr-und-frasmaschine\/","url":"https:\/\/simonbois.de\/product\/bernardo-kf20l-metallbohr-und-frasmaschine\/","name":"Bernardo KF20L Metallbohr- und Fr\u00e4smaschine - SIMON BOIS","isPartOf":{"@id":"https:\/\/simonbois.de\/#website"},"primaryImageOfPage":{"@id":"https:\/\/simonbois.de\/product\/bernardo-kf20l-metallbohr-und-frasmaschine\/#primaryimage"},"image":{"@id":"https:\/\/simonbois.de\/product\/bernardo-kf20l-metallbohr-und-frasmaschine\/#primaryimage"},"thumbnailUrl":"https:\/\/simonbois.de\/wp-content\/uploads\/2025\/08\/6-4.webp","datePublished":"2025-08-15T14:10:53+00:00","dateModified":"2025-08-17T08:39:14+00:00","breadcrumb":{"@id":"https:\/\/simonbois.de\/product\/bernardo-kf20l-metallbohr-und-frasmaschine\/#breadcrumb"},"inLanguage":"de","potentialAction":[{"@type":"ReadAction","target":["https:\/\/simonbois.de\/product\/bernardo-kf20l-metallbohr-und-frasmaschine\/"]}]},{"@type":"ImageObject","inLanguage":"de","@id":"https:\/\/simonbois.de\/product\/bernardo-kf20l-metallbohr-und-frasmaschine\/#primaryimage","url":"https:\/\/simonbois.de\/wp-content\/uploads\/2025\/08\/6-4.webp","contentUrl":"https:\/\/simonbois.de\/wp-content\/uploads\/2025\/08\/6-4.webp","width":600,"height":600},{"@type":"BreadcrumbList","@id":"https:\/\/simonbois.de\/product\/bernardo-kf20l-metallbohr-und-frasmaschine\/#breadcrumb","itemListElement":[{"@type":"ListItem","position":1,"name":"Home","item":"https:\/\/simonbois.de\/"},{"@type":"ListItem","position":2,"name":"Shop","item":"https:\/\/simonbois.de\/shop-2\/"},{"@type":"ListItem","position":3,"name":"Bernardo KF20L Metallbohr- und Fr\u00e4smaschine"}]},{"@type":"WebSite","@id":"https:\/\/simonbois.de\/#website","url":"https:\/\/simonbois.de\/","name":"SIMON BOIS","description":"Verkauf und Lieferung von Brennholz auf Paletten","potentialAction":[{"@type":"SearchAction","target":{"@type":"EntryPoint","urlTemplate":"https:\/\/simonbois.de\/?s={search_term_string}"},"query-input":{"@type":"PropertyValueSpecification","valueRequired":true,"valueName":"search_term_string"}}],"inLanguage":"de"}]}},"_links":{"self":[{"href":"https:\/\/simonbois.de\/de\/wp-json\/wp\/v2\/product\/4555","targetHints":{"allow":["GET"]}}],"collection":[{"href":"https:\/\/simonbois.de\/de\/wp-json\/wp\/v2\/product"}],"about":[{"href":"https:\/\/simonbois.de\/de\/wp-json\/wp\/v2\/types\/product"}],"replies":[{"embeddable":true,"href":"https:\/\/simonbois.de\/de\/wp-json\/wp\/v2\/comments?post=4555"}],"wp:featuredmedia":[{"embeddable":true,"href":"https:\/\/simonbois.de\/de\/wp-json\/wp\/v2\/media\/4565"}],"wp:attachment":[{"href":"https:\/\/simonbois.de\/de\/wp-json\/wp\/v2\/media?parent=4555"}],"wp:term":[{"taxonomy":"product_brand","embeddable":true,"href":"https:\/\/simonbois.de\/de\/wp-json\/wp\/v2\/product_brand?post=4555"},{"taxonomy":"product_cat","embeddable":true,"href":"https:\/\/simonbois.de\/de\/wp-json\/wp\/v2\/product_cat?post=4555"},{"taxonomy":"product_tag","embeddable":true,"href":"https:\/\/simonbois.de\/de\/wp-json\/wp\/v2\/product_tag?post=4555"}],"curies":[{"name":"wp","href":"https:\/\/api.w.org\/{rel}","templated":true}]}}