{"id":4553,"date":"2025-08-15T14:02:53","date_gmt":"2025-08-15T14:02:53","guid":{"rendered":"https:\/\/simonbois.de\/?post_type=product&#038;p=4553"},"modified":"2025-08-17T08:39:35","modified_gmt":"2025-08-17T08:39:35","slug":"bernardo-bf35bdc-metall-bohr-und-frasmaschine-mit-automatischem-vorschub-und-3-achsen-digitalanzeige","status":"publish","type":"product","link":"https:\/\/simonbois.de\/de\/product\/bernardo-bf35bdc-metall-bohr-und-frasmaschine-mit-automatischem-vorschub-und-3-achsen-digitalanzeige\/","title":{"rendered":"Bernardo BF35BDC Metall-Bohr- und Fr\u00e4smaschine mit automatischem Vorschub und 3-Achsen-Digitalanzeige"},"content":{"rendered":"<p>\u00a0<\/p>\n<p>Allgemeine Beschreibung der Bernardo BF35BDC Metall-Bohr- und Fr\u00e4smaschine:<\/p>\n<p>Variable Drehzahlregelung; die Drehzahl l\u00e4sst sich stufenlos an das Werkst\u00fcck anpassen.<br \/>\nVielseitige Anwendungsm\u00f6glichkeiten, z. B. Nutenfr\u00e4sen, Planfr\u00e4sen, Ausbohren etc.<br \/>\nDigitale Anzeige von Drehzahl und Bohrtiefe inklusive.<br \/>\nStandardm\u00e4\u00dfiger Rechts- und Linkslauf, ideal zum Gewindeschneiden.<br \/>\nGleichstrommotor f\u00fcr optimales Drehmoment im unteren Drehzahlbereich.<br \/>\nSchwalbenschwanzf\u00fchrung f\u00fcr X-, Y- und Z-Achse, einstellbar \u00fcber Keilleisten.<br \/>\nHohe Rundlaufgenauigkeit (\u2264 0,015 mm) der Spannzange dank Pr\u00e4zisionslagern.<br \/>\nDer Fr\u00e4skopf ist beidseitig schwenkbar f\u00fcr Eckbohrungen, Fasen etc.<br \/>\nGro\u00dfer Kreuztisch mit T-Nuten und pr\u00e4zisionsbearbeiteter Oberfl\u00e4che<\/p>\n<p>Technische Daten der Bernardo BF35BDC Metallbohr- und Fr\u00e4smaschine:<\/p>\n<p>Bohrleistung in Stahl: 35 mm<br \/>\nMax. Planfr\u00e4ser: 75 mm<br \/>\nMax. Schaftfr\u00e4ser: 25 mm<br \/>\nMax. Schneidgewinde: L 20<br \/>\n\u00dcberhang: 190 mm<br \/>\nMin.\/max. Abstand Spindel \u2013 Tisch: 90 bis 440 mm<br \/>\nStifthub: 90 Millimeter<br \/>\nStufenlose Spindeldrehzahl: 100 bis 1500\/200 bis 3000 U\/min<br \/>\nSpindelaufnahme: MK 3<br \/>\nTischgr\u00f6\u00dfe: 840 x 210 mm<br \/>\nVerfahrweg (x\/y): 535\/225 mm<br \/>\nFr\u00e4skopfschwenkung: -90\u00b0 bis +90\u00b0<br \/>\nFr\u00e4skopfh\u00f6henverstellung: 350 Millimeter<br \/>\nT-Nutengr\u00f6\u00dfe: 14 Millimeter<br \/>\nS1 Motorabgabeleistung 100 %: 1,5 kW \/ 230 V<br \/>\nS6 Motoraufnahmeleistung 40 %: 2,2 kW \/ 230 V<br \/>\nMaschinenabmessungen (B x T x H): 1180 x 710 x 1220 mm<br \/>\nGewicht: ca. : 210 kg<br \/>\n* ohne Untergestell<\/p>\n<p>\u00a0<\/p>","protected":false},"excerpt":{"rendered":"<p>Die Bernardo BF35BDC Metallbohr- und Fr\u00e4smaschine wird geliefert mit:<\/p>\n<p>ES-12 V 3-Achsen-Digitalanzeige mit LCD-Display<br \/>\nAL 450 D X-Achsen-Vorschub<br \/>\n3-16 mm \/ B 16 Zahnkranzbohrfutter<br \/>\nMK 3 \/ B 16 Bohrfutteraufnahmeschaft<br \/>\nM 12 Zugstange<br \/>\nDigitale Drehzahlanzeige<br \/>\nDigitale Tiefenanzeige<br \/>\nEMV-Filter nach EG-Norm<br \/>\nH\u00f6henverstellbare Schutzhaube<br \/>\nGewindeschneidvorrichtung<br \/>\nService-Werkzeuge<\/p>","protected":false},"featured_media":4563,"comment_status":"open","ping_status":"closed","template":"","meta":[],"product_brand":[],"product_cat":[191],"product_tag":[],"class_list":{"0":"post-4553","1":"product","2":"type-product","3":"status-publish","4":"has-post-thumbnail","6":"product_cat-maschinen","8":"first","9":"instock","10":"taxable","11":"shipping-taxable","12":"purchasable","13":"product-type-simple"},"yoast_head":"<!-- This site is optimized with the Yoast SEO plugin v27.5 - https:\/\/yoast.com\/product\/yoast-seo-wordpress\/ -->\n<title>Bernardo BF35BDC Metall-Bohr- und Fr\u00e4smaschine mit automatischem Vorschub und 3-Achsen-Digitalanzeige - SIMON BOIS<\/title>\n<meta name=\"robots\" content=\"index, follow, max-snippet:-1, max-image-preview:large, max-video-preview:-1\" \/>\n<link rel=\"canonical\" href=\"https:\/\/simonbois.de\/de\/product\/bernardo-bf35bdc-metall-bohr-und-frasmaschine-mit-automatischem-vorschub-und-3-achsen-digitalanzeige\/\" \/>\n<meta property=\"og:locale\" content=\"de_DE\" \/>\n<meta property=\"og:type\" content=\"article\" \/>\n<meta property=\"og:title\" content=\"Bernardo BF35BDC Metall-Bohr- und Fr\u00e4smaschine mit automatischem Vorschub und 3-Achsen-Digitalanzeige - SIMON BOIS\" \/>\n<meta property=\"og:description\" content=\"Die Bernardo BF35BDC Metallbohr- und Fr\u00e4smaschine wird geliefert mit:  ES-12 V 3-Achsen-Digitalanzeige mit LCD-Display AL 450 D X-Achsen-Vorschub 3-16 mm \/ B 16 Zahnkranzbohrfutter MK 3 \/ B 16 Bohrfutteraufnahmeschaft M 12 Zugstange Digitale Drehzahlanzeige Digitale Tiefenanzeige EMV-Filter nach EG-Norm H\u00f6henverstellbare Schutzhaube Gewindeschneidvorrichtung Service-Werkzeuge\" \/>\n<meta property=\"og:url\" content=\"https:\/\/simonbois.de\/de\/product\/bernardo-bf35bdc-metall-bohr-und-frasmaschine-mit-automatischem-vorschub-und-3-achsen-digitalanzeige\/\" \/>\n<meta property=\"og:site_name\" content=\"SIMON BOIS\" \/>\n<meta property=\"article:modified_time\" content=\"2025-08-17T08:39:35+00:00\" \/>\n<meta property=\"og:image\" content=\"https:\/\/simonbois.de\/wp-content\/uploads\/2025\/08\/4-4.webp\" \/>\n\t<meta property=\"og:image:width\" content=\"600\" \/>\n\t<meta property=\"og:image:height\" content=\"673\" \/>\n\t<meta property=\"og:image:type\" content=\"image\/webp\" \/>\n<meta name=\"twitter:card\" content=\"summary_large_image\" \/>\n<meta name=\"twitter:label1\" content=\"Gesch\u00e4tzte Lesezeit\" \/>\n\t<meta name=\"twitter:data1\" content=\"2\u00a0Minuten\" \/>\n<script type=\"application\/ld+json\" class=\"yoast-schema-graph\">{\"@context\":\"https:\\\/\\\/schema.org\",\"@graph\":[{\"@type\":\"WebPage\",\"@id\":\"https:\\\/\\\/simonbois.de\\\/product\\\/bernardo-bf35bdc-metall-bohr-und-frasmaschine-mit-automatischem-vorschub-und-3-achsen-digitalanzeige\\\/\",\"url\":\"https:\\\/\\\/simonbois.de\\\/product\\\/bernardo-bf35bdc-metall-bohr-und-frasmaschine-mit-automatischem-vorschub-und-3-achsen-digitalanzeige\\\/\",\"name\":\"Bernardo BF35BDC Metall-Bohr- und Fr\u00e4smaschine mit automatischem Vorschub und 3-Achsen-Digitalanzeige - SIMON BOIS\",\"isPartOf\":{\"@id\":\"https:\\\/\\\/simonbois.de\\\/#website\"},\"primaryImageOfPage\":{\"@id\":\"https:\\\/\\\/simonbois.de\\\/product\\\/bernardo-bf35bdc-metall-bohr-und-frasmaschine-mit-automatischem-vorschub-und-3-achsen-digitalanzeige\\\/#primaryimage\"},\"image\":{\"@id\":\"https:\\\/\\\/simonbois.de\\\/product\\\/bernardo-bf35bdc-metall-bohr-und-frasmaschine-mit-automatischem-vorschub-und-3-achsen-digitalanzeige\\\/#primaryimage\"},\"thumbnailUrl\":\"https:\\\/\\\/simonbois.de\\\/wp-content\\\/uploads\\\/2025\\\/08\\\/4-4.webp\",\"datePublished\":\"2025-08-15T14:02:53+00:00\",\"dateModified\":\"2025-08-17T08:39:35+00:00\",\"breadcrumb\":{\"@id\":\"https:\\\/\\\/simonbois.de\\\/product\\\/bernardo-bf35bdc-metall-bohr-und-frasmaschine-mit-automatischem-vorschub-und-3-achsen-digitalanzeige\\\/#breadcrumb\"},\"inLanguage\":\"de\",\"potentialAction\":[{\"@type\":\"ReadAction\",\"target\":[\"https:\\\/\\\/simonbois.de\\\/product\\\/bernardo-bf35bdc-metall-bohr-und-frasmaschine-mit-automatischem-vorschub-und-3-achsen-digitalanzeige\\\/\"]}]},{\"@type\":\"ImageObject\",\"inLanguage\":\"de\",\"@id\":\"https:\\\/\\\/simonbois.de\\\/product\\\/bernardo-bf35bdc-metall-bohr-und-frasmaschine-mit-automatischem-vorschub-und-3-achsen-digitalanzeige\\\/#primaryimage\",\"url\":\"https:\\\/\\\/simonbois.de\\\/wp-content\\\/uploads\\\/2025\\\/08\\\/4-4.webp\",\"contentUrl\":\"https:\\\/\\\/simonbois.de\\\/wp-content\\\/uploads\\\/2025\\\/08\\\/4-4.webp\",\"width\":600,\"height\":673},{\"@type\":\"BreadcrumbList\",\"@id\":\"https:\\\/\\\/simonbois.de\\\/product\\\/bernardo-bf35bdc-metall-bohr-und-frasmaschine-mit-automatischem-vorschub-und-3-achsen-digitalanzeige\\\/#breadcrumb\",\"itemListElement\":[{\"@type\":\"ListItem\",\"position\":1,\"name\":\"Home\",\"item\":\"https:\\\/\\\/simonbois.de\\\/\"},{\"@type\":\"ListItem\",\"position\":2,\"name\":\"Shop\",\"item\":\"https:\\\/\\\/simonbois.de\\\/shop-2\\\/\"},{\"@type\":\"ListItem\",\"position\":3,\"name\":\"Bernardo BF35BDC Metall-Bohr- und Fr\u00e4smaschine mit automatischem Vorschub und 3-Achsen-Digitalanzeige\"}]},{\"@type\":\"WebSite\",\"@id\":\"https:\\\/\\\/simonbois.de\\\/#website\",\"url\":\"https:\\\/\\\/simonbois.de\\\/\",\"name\":\"SIMON BOIS\",\"description\":\"Verkauf und Lieferung von Brennholz auf Paletten\",\"potentialAction\":[{\"@type\":\"SearchAction\",\"target\":{\"@type\":\"EntryPoint\",\"urlTemplate\":\"https:\\\/\\\/simonbois.de\\\/?s={search_term_string}\"},\"query-input\":{\"@type\":\"PropertyValueSpecification\",\"valueRequired\":true,\"valueName\":\"search_term_string\"}}],\"inLanguage\":\"de\"}]}<\/script>\n<!-- \/ Yoast SEO plugin. -->","yoast_head_json":{"title":"Bernardo BF35BDC Metall-Bohr- und Fr\u00e4smaschine mit automatischem Vorschub und 3-Achsen-Digitalanzeige - SIMON BOIS","robots":{"index":"index","follow":"follow","max-snippet":"max-snippet:-1","max-image-preview":"max-image-preview:large","max-video-preview":"max-video-preview:-1"},"canonical":"https:\/\/simonbois.de\/de\/product\/bernardo-bf35bdc-metall-bohr-und-frasmaschine-mit-automatischem-vorschub-und-3-achsen-digitalanzeige\/","og_locale":"de_DE","og_type":"article","og_title":"Bernardo BF35BDC Metall-Bohr- und Fr\u00e4smaschine mit automatischem Vorschub und 3-Achsen-Digitalanzeige - SIMON BOIS","og_description":"Die Bernardo BF35BDC Metallbohr- und Fr\u00e4smaschine wird geliefert mit:  ES-12 V 3-Achsen-Digitalanzeige mit LCD-Display AL 450 D X-Achsen-Vorschub 3-16 mm \/ B 16 Zahnkranzbohrfutter MK 3 \/ B 16 Bohrfutteraufnahmeschaft M 12 Zugstange Digitale Drehzahlanzeige Digitale Tiefenanzeige EMV-Filter nach EG-Norm H\u00f6henverstellbare Schutzhaube Gewindeschneidvorrichtung Service-Werkzeuge","og_url":"https:\/\/simonbois.de\/de\/product\/bernardo-bf35bdc-metall-bohr-und-frasmaschine-mit-automatischem-vorschub-und-3-achsen-digitalanzeige\/","og_site_name":"SIMON BOIS","article_modified_time":"2025-08-17T08:39:35+00:00","og_image":[{"width":600,"height":673,"url":"https:\/\/simonbois.de\/wp-content\/uploads\/2025\/08\/4-4.webp","type":"image\/webp"}],"twitter_card":"summary_large_image","twitter_misc":{"Gesch\u00e4tzte Lesezeit":"2\u00a0Minuten"},"schema":{"@context":"https:\/\/schema.org","@graph":[{"@type":"WebPage","@id":"https:\/\/simonbois.de\/product\/bernardo-bf35bdc-metall-bohr-und-frasmaschine-mit-automatischem-vorschub-und-3-achsen-digitalanzeige\/","url":"https:\/\/simonbois.de\/product\/bernardo-bf35bdc-metall-bohr-und-frasmaschine-mit-automatischem-vorschub-und-3-achsen-digitalanzeige\/","name":"Bernardo BF35BDC Metall-Bohr- und Fr\u00e4smaschine mit automatischem Vorschub und 3-Achsen-Digitalanzeige - SIMON BOIS","isPartOf":{"@id":"https:\/\/simonbois.de\/#website"},"primaryImageOfPage":{"@id":"https:\/\/simonbois.de\/product\/bernardo-bf35bdc-metall-bohr-und-frasmaschine-mit-automatischem-vorschub-und-3-achsen-digitalanzeige\/#primaryimage"},"image":{"@id":"https:\/\/simonbois.de\/product\/bernardo-bf35bdc-metall-bohr-und-frasmaschine-mit-automatischem-vorschub-und-3-achsen-digitalanzeige\/#primaryimage"},"thumbnailUrl":"https:\/\/simonbois.de\/wp-content\/uploads\/2025\/08\/4-4.webp","datePublished":"2025-08-15T14:02:53+00:00","dateModified":"2025-08-17T08:39:35+00:00","breadcrumb":{"@id":"https:\/\/simonbois.de\/product\/bernardo-bf35bdc-metall-bohr-und-frasmaschine-mit-automatischem-vorschub-und-3-achsen-digitalanzeige\/#breadcrumb"},"inLanguage":"de","potentialAction":[{"@type":"ReadAction","target":["https:\/\/simonbois.de\/product\/bernardo-bf35bdc-metall-bohr-und-frasmaschine-mit-automatischem-vorschub-und-3-achsen-digitalanzeige\/"]}]},{"@type":"ImageObject","inLanguage":"de","@id":"https:\/\/simonbois.de\/product\/bernardo-bf35bdc-metall-bohr-und-frasmaschine-mit-automatischem-vorschub-und-3-achsen-digitalanzeige\/#primaryimage","url":"https:\/\/simonbois.de\/wp-content\/uploads\/2025\/08\/4-4.webp","contentUrl":"https:\/\/simonbois.de\/wp-content\/uploads\/2025\/08\/4-4.webp","width":600,"height":673},{"@type":"BreadcrumbList","@id":"https:\/\/simonbois.de\/product\/bernardo-bf35bdc-metall-bohr-und-frasmaschine-mit-automatischem-vorschub-und-3-achsen-digitalanzeige\/#breadcrumb","itemListElement":[{"@type":"ListItem","position":1,"name":"Home","item":"https:\/\/simonbois.de\/"},{"@type":"ListItem","position":2,"name":"Shop","item":"https:\/\/simonbois.de\/shop-2\/"},{"@type":"ListItem","position":3,"name":"Bernardo BF35BDC Metall-Bohr- und Fr\u00e4smaschine mit automatischem Vorschub und 3-Achsen-Digitalanzeige"}]},{"@type":"WebSite","@id":"https:\/\/simonbois.de\/#website","url":"https:\/\/simonbois.de\/","name":"SIMON BOIS","description":"Verkauf und Lieferung von Brennholz auf Paletten","potentialAction":[{"@type":"SearchAction","target":{"@type":"EntryPoint","urlTemplate":"https:\/\/simonbois.de\/?s={search_term_string}"},"query-input":{"@type":"PropertyValueSpecification","valueRequired":true,"valueName":"search_term_string"}}],"inLanguage":"de"}]}},"_links":{"self":[{"href":"https:\/\/simonbois.de\/de\/wp-json\/wp\/v2\/product\/4553","targetHints":{"allow":["GET"]}}],"collection":[{"href":"https:\/\/simonbois.de\/de\/wp-json\/wp\/v2\/product"}],"about":[{"href":"https:\/\/simonbois.de\/de\/wp-json\/wp\/v2\/types\/product"}],"replies":[{"embeddable":true,"href":"https:\/\/simonbois.de\/de\/wp-json\/wp\/v2\/comments?post=4553"}],"wp:featuredmedia":[{"embeddable":true,"href":"https:\/\/simonbois.de\/de\/wp-json\/wp\/v2\/media\/4563"}],"wp:attachment":[{"href":"https:\/\/simonbois.de\/de\/wp-json\/wp\/v2\/media?parent=4553"}],"wp:term":[{"taxonomy":"product_brand","embeddable":true,"href":"https:\/\/simonbois.de\/de\/wp-json\/wp\/v2\/product_brand?post=4553"},{"taxonomy":"product_cat","embeddable":true,"href":"https:\/\/simonbois.de\/de\/wp-json\/wp\/v2\/product_cat?post=4553"},{"taxonomy":"product_tag","embeddable":true,"href":"https:\/\/simonbois.de\/de\/wp-json\/wp\/v2\/product_tag?post=4553"}],"curies":[{"name":"wp","href":"https:\/\/api.w.org\/{rel}","templated":true}]}}