{"id":4551,"date":"2025-08-15T14:02:39","date_gmt":"2025-08-15T14:02:39","guid":{"rendered":"https:\/\/simonbois.de\/?post_type=product&#038;p=4551"},"modified":"2025-08-17T08:39:47","modified_gmt":"2025-08-17T08:39:47","slug":"bernardo-kf25pro-bohr-und-frasmaschine-mit-vorschub-und-3-achsen-digitalanzeige","status":"publish","type":"product","link":"https:\/\/simonbois.de\/de\/product\/bernardo-kf25pro-bohr-und-frasmaschine-mit-vorschub-und-3-achsen-digitalanzeige\/","title":{"rendered":"Bernardo KF25PRO Bohr- und Fr\u00e4smaschine mit Vorschub und 3-Achsen-Digitalanzeige"},"content":{"rendered":"<p>\u00a0<\/p>\n<p>Die Bernardo KF25PRO Bohr- und Fr\u00e4smaschine bietet vielf\u00e4ltige Einsatzm\u00f6glichkeiten!<\/p>\n<p>Sie eignet sich ideal zum Stemmen, Plandrehen, Ausbohren und mehr.<br \/>\nAllgemeine Beschreibung der Bernardo KF25PRO Bohr- und Fr\u00e4smaschine:<\/p>\n<p>Gro\u00dfer Drehzahlbereich (50\u20133000 U\/min), optimale Drehmoment\u00fcbertragung \u00fcber ein 2-Gang-Getriebe<br \/>\nRegelbare Drehzahl mit variabler Drehzahlregelung zur Anpassung an das Werkst\u00fcck<br \/>\nModell auch mit variablem Tischvorschub und 3-Achsen-Positionsanzeige erh\u00e4ltlich<br \/>\nGro\u00dfer Kreuztisch mit Pr\u00e4zisionsoberfl\u00e4che und T-Nuten<br \/>\nGleichstrommotor f\u00fcr optimales Drehmoment bei niedrigen Drehzahlen<br \/>\nBeidseitig schwenkbarer Fr\u00e4skopf f\u00fcr Winkelbohren, Anfasen etc.<br \/>\nMit EMV-Filter zum Schutz elektrischer Ger\u00e4te vor elektromagnetischen St\u00f6rungen.<br \/>\nSerienm\u00e4\u00dfig mit Drehrichtungsumkehr zum Gewindeschneiden.<br \/>\nExzellente Spindelrundlaufgenauigkeit durch Kegellager (\u2264 0,015 mm).<br \/>\nSchwalbenschwanzf\u00fchrung in X-, Y- und Z-Richtung, einstellbar durch Einstellscheiben.<br \/>\nSpindelabsenkung und -anhebung per Hebel, Feineinstellung per Handrad.<\/p>\n<p>Technische Daten der Bernardo KF25PRO Bohr- und Fr\u00e4smaschine:<\/p>\n<p>Bohrleistung Stahl: 20 mm<br \/>\nMaximale Plandrehleistung: 63 mm<br \/>\nMaximale Fr\u00e4sleistung: 20 mm<br \/>\nZylinderhals: 170 mm<br \/>\nSpindel-\/Tischabstand min.\/max.: 45\/325 mm<br \/>\nSpindelhub: 52 mm<br \/>\nSpindeldrehzahl stufenlos: 50\u20131500 \/ 100\u20133000 U\/min<br \/>\nSpindelaufnahme: MK 3<br \/>\nTischabmessungen: 700 x 180 mm<br \/>\nHub (x\/y): 470 \/ 150 mm<br \/>\nFr\u00e4skopf schwenkbar: -90\u00b0 bis +90\u00b0<br \/>\nFr\u00e4skopfh\u00f6henverstellung: 275 mm<br \/>\nT-Nutenma\u00df: 12 mm<br \/>\nDauerleistung S1 100 %: 0,90 kW \/ 230 V<br \/>\nDauerleistung S6 40 %: 1,35 kW \/ 230 V V<\/p>","protected":false},"excerpt":{"rendered":"<p>Maschinenma\u00dfe (B x T x H)*: 950 x 560 x 930 mm<br \/>\nGewicht: ca. 135 kg<br \/>\n* ohne Untergestell<\/p>\n<p>Die Bernardo KF25PRO Fr\u00e4sbohrmaschine wird geliefert mit:<\/p>\n<p>3-Achsen-Digitalanzeige i200 mit LCD-Display<br \/>\nBohrfutteraufnahme MK 3 \/ B 16<br \/>\nZugstange<br \/>\nVorschub X-Achse FTV 6<br \/>\nDigitale Tiefenanzeige<br \/>\nDigitale Drehzahlanzeige<br \/>\nCE-konformer EMV-Filter<br \/>\nH\u00f6henverstellbare Schutzhaube<br \/>\nService-Werkzeuge<\/p>","protected":false},"featured_media":4561,"comment_status":"open","ping_status":"closed","template":"","meta":[],"product_brand":[],"product_cat":[191],"product_tag":[],"class_list":{"0":"post-4551","1":"product","2":"type-product","3":"status-publish","4":"has-post-thumbnail","6":"product_cat-maschinen","8":"first","9":"instock","10":"taxable","11":"shipping-taxable","12":"purchasable","13":"product-type-simple"},"yoast_head":"<!-- This site is optimized with the Yoast SEO plugin v27.5 - https:\/\/yoast.com\/product\/yoast-seo-wordpress\/ -->\n<title>Bernardo KF25PRO Bohr- und Fr\u00e4smaschine mit Vorschub und 3-Achsen-Digitalanzeige - SIMON BOIS<\/title>\n<meta name=\"robots\" content=\"index, follow, max-snippet:-1, max-image-preview:large, max-video-preview:-1\" \/>\n<link rel=\"canonical\" href=\"https:\/\/simonbois.de\/de\/product\/bernardo-kf25pro-bohr-und-frasmaschine-mit-vorschub-und-3-achsen-digitalanzeige\/\" \/>\n<meta property=\"og:locale\" content=\"de_DE\" \/>\n<meta property=\"og:type\" content=\"article\" \/>\n<meta property=\"og:title\" content=\"Bernardo KF25PRO Bohr- und Fr\u00e4smaschine mit Vorschub und 3-Achsen-Digitalanzeige - SIMON BOIS\" \/>\n<meta property=\"og:description\" content=\"Maschinenma\u00dfe (B x T x H)*: 950 x 560 x 930 mm Gewicht: ca. 135 kg * ohne Untergestell  Die Bernardo KF25PRO Fr\u00e4sbohrmaschine wird geliefert mit:  3-Achsen-Digitalanzeige i200 mit LCD-Display Bohrfutteraufnahme MK 3 \/ B 16 Zugstange Vorschub X-Achse FTV 6 Digitale Tiefenanzeige Digitale Drehzahlanzeige CE-konformer EMV-Filter H\u00f6henverstellbare Schutzhaube Service-Werkzeuge\" \/>\n<meta property=\"og:url\" content=\"https:\/\/simonbois.de\/de\/product\/bernardo-kf25pro-bohr-und-frasmaschine-mit-vorschub-und-3-achsen-digitalanzeige\/\" \/>\n<meta property=\"og:site_name\" content=\"SIMON BOIS\" \/>\n<meta property=\"article:modified_time\" content=\"2025-08-17T08:39:47+00:00\" \/>\n<meta property=\"og:image\" content=\"https:\/\/simonbois.de\/wp-content\/uploads\/2025\/08\/2-4.webp\" \/>\n\t<meta property=\"og:image:width\" content=\"600\" \/>\n\t<meta property=\"og:image:height\" content=\"673\" \/>\n\t<meta property=\"og:image:type\" content=\"image\/webp\" \/>\n<meta name=\"twitter:card\" content=\"summary_large_image\" \/>\n<meta name=\"twitter:label1\" content=\"Gesch\u00e4tzte Lesezeit\" \/>\n\t<meta name=\"twitter:data1\" content=\"2\u00a0Minuten\" \/>\n<script type=\"application\/ld+json\" class=\"yoast-schema-graph\">{\"@context\":\"https:\\\/\\\/schema.org\",\"@graph\":[{\"@type\":\"WebPage\",\"@id\":\"https:\\\/\\\/simonbois.de\\\/product\\\/bernardo-kf25pro-bohr-und-frasmaschine-mit-vorschub-und-3-achsen-digitalanzeige\\\/\",\"url\":\"https:\\\/\\\/simonbois.de\\\/product\\\/bernardo-kf25pro-bohr-und-frasmaschine-mit-vorschub-und-3-achsen-digitalanzeige\\\/\",\"name\":\"Bernardo KF25PRO Bohr- und Fr\u00e4smaschine mit Vorschub und 3-Achsen-Digitalanzeige - SIMON BOIS\",\"isPartOf\":{\"@id\":\"https:\\\/\\\/simonbois.de\\\/#website\"},\"primaryImageOfPage\":{\"@id\":\"https:\\\/\\\/simonbois.de\\\/product\\\/bernardo-kf25pro-bohr-und-frasmaschine-mit-vorschub-und-3-achsen-digitalanzeige\\\/#primaryimage\"},\"image\":{\"@id\":\"https:\\\/\\\/simonbois.de\\\/product\\\/bernardo-kf25pro-bohr-und-frasmaschine-mit-vorschub-und-3-achsen-digitalanzeige\\\/#primaryimage\"},\"thumbnailUrl\":\"https:\\\/\\\/simonbois.de\\\/wp-content\\\/uploads\\\/2025\\\/08\\\/2-4.webp\",\"datePublished\":\"2025-08-15T14:02:39+00:00\",\"dateModified\":\"2025-08-17T08:39:47+00:00\",\"breadcrumb\":{\"@id\":\"https:\\\/\\\/simonbois.de\\\/product\\\/bernardo-kf25pro-bohr-und-frasmaschine-mit-vorschub-und-3-achsen-digitalanzeige\\\/#breadcrumb\"},\"inLanguage\":\"de\",\"potentialAction\":[{\"@type\":\"ReadAction\",\"target\":[\"https:\\\/\\\/simonbois.de\\\/product\\\/bernardo-kf25pro-bohr-und-frasmaschine-mit-vorschub-und-3-achsen-digitalanzeige\\\/\"]}]},{\"@type\":\"ImageObject\",\"inLanguage\":\"de\",\"@id\":\"https:\\\/\\\/simonbois.de\\\/product\\\/bernardo-kf25pro-bohr-und-frasmaschine-mit-vorschub-und-3-achsen-digitalanzeige\\\/#primaryimage\",\"url\":\"https:\\\/\\\/simonbois.de\\\/wp-content\\\/uploads\\\/2025\\\/08\\\/2-4.webp\",\"contentUrl\":\"https:\\\/\\\/simonbois.de\\\/wp-content\\\/uploads\\\/2025\\\/08\\\/2-4.webp\",\"width\":600,\"height\":673},{\"@type\":\"BreadcrumbList\",\"@id\":\"https:\\\/\\\/simonbois.de\\\/product\\\/bernardo-kf25pro-bohr-und-frasmaschine-mit-vorschub-und-3-achsen-digitalanzeige\\\/#breadcrumb\",\"itemListElement\":[{\"@type\":\"ListItem\",\"position\":1,\"name\":\"Home\",\"item\":\"https:\\\/\\\/simonbois.de\\\/\"},{\"@type\":\"ListItem\",\"position\":2,\"name\":\"Shop\",\"item\":\"https:\\\/\\\/simonbois.de\\\/shop-2\\\/\"},{\"@type\":\"ListItem\",\"position\":3,\"name\":\"Bernardo KF25PRO Bohr- und Fr\u00e4smaschine mit Vorschub und 3-Achsen-Digitalanzeige\"}]},{\"@type\":\"WebSite\",\"@id\":\"https:\\\/\\\/simonbois.de\\\/#website\",\"url\":\"https:\\\/\\\/simonbois.de\\\/\",\"name\":\"SIMON BOIS\",\"description\":\"Verkauf und Lieferung von Brennholz auf Paletten\",\"potentialAction\":[{\"@type\":\"SearchAction\",\"target\":{\"@type\":\"EntryPoint\",\"urlTemplate\":\"https:\\\/\\\/simonbois.de\\\/?s={search_term_string}\"},\"query-input\":{\"@type\":\"PropertyValueSpecification\",\"valueRequired\":true,\"valueName\":\"search_term_string\"}}],\"inLanguage\":\"de\"}]}<\/script>\n<!-- \/ Yoast SEO plugin. -->","yoast_head_json":{"title":"Bernardo KF25PRO Bohr- und Fr\u00e4smaschine mit Vorschub und 3-Achsen-Digitalanzeige - SIMON BOIS","robots":{"index":"index","follow":"follow","max-snippet":"max-snippet:-1","max-image-preview":"max-image-preview:large","max-video-preview":"max-video-preview:-1"},"canonical":"https:\/\/simonbois.de\/de\/product\/bernardo-kf25pro-bohr-und-frasmaschine-mit-vorschub-und-3-achsen-digitalanzeige\/","og_locale":"de_DE","og_type":"article","og_title":"Bernardo KF25PRO Bohr- und Fr\u00e4smaschine mit Vorschub und 3-Achsen-Digitalanzeige - SIMON BOIS","og_description":"Maschinenma\u00dfe (B x T x H)*: 950 x 560 x 930 mm Gewicht: ca. 135 kg * ohne Untergestell  Die Bernardo KF25PRO Fr\u00e4sbohrmaschine wird geliefert mit:  3-Achsen-Digitalanzeige i200 mit LCD-Display Bohrfutteraufnahme MK 3 \/ B 16 Zugstange Vorschub X-Achse FTV 6 Digitale Tiefenanzeige Digitale Drehzahlanzeige CE-konformer EMV-Filter H\u00f6henverstellbare Schutzhaube Service-Werkzeuge","og_url":"https:\/\/simonbois.de\/de\/product\/bernardo-kf25pro-bohr-und-frasmaschine-mit-vorschub-und-3-achsen-digitalanzeige\/","og_site_name":"SIMON BOIS","article_modified_time":"2025-08-17T08:39:47+00:00","og_image":[{"width":600,"height":673,"url":"https:\/\/simonbois.de\/wp-content\/uploads\/2025\/08\/2-4.webp","type":"image\/webp"}],"twitter_card":"summary_large_image","twitter_misc":{"Gesch\u00e4tzte Lesezeit":"2\u00a0Minuten"},"schema":{"@context":"https:\/\/schema.org","@graph":[{"@type":"WebPage","@id":"https:\/\/simonbois.de\/product\/bernardo-kf25pro-bohr-und-frasmaschine-mit-vorschub-und-3-achsen-digitalanzeige\/","url":"https:\/\/simonbois.de\/product\/bernardo-kf25pro-bohr-und-frasmaschine-mit-vorschub-und-3-achsen-digitalanzeige\/","name":"Bernardo KF25PRO Bohr- und Fr\u00e4smaschine mit Vorschub und 3-Achsen-Digitalanzeige - SIMON BOIS","isPartOf":{"@id":"https:\/\/simonbois.de\/#website"},"primaryImageOfPage":{"@id":"https:\/\/simonbois.de\/product\/bernardo-kf25pro-bohr-und-frasmaschine-mit-vorschub-und-3-achsen-digitalanzeige\/#primaryimage"},"image":{"@id":"https:\/\/simonbois.de\/product\/bernardo-kf25pro-bohr-und-frasmaschine-mit-vorschub-und-3-achsen-digitalanzeige\/#primaryimage"},"thumbnailUrl":"https:\/\/simonbois.de\/wp-content\/uploads\/2025\/08\/2-4.webp","datePublished":"2025-08-15T14:02:39+00:00","dateModified":"2025-08-17T08:39:47+00:00","breadcrumb":{"@id":"https:\/\/simonbois.de\/product\/bernardo-kf25pro-bohr-und-frasmaschine-mit-vorschub-und-3-achsen-digitalanzeige\/#breadcrumb"},"inLanguage":"de","potentialAction":[{"@type":"ReadAction","target":["https:\/\/simonbois.de\/product\/bernardo-kf25pro-bohr-und-frasmaschine-mit-vorschub-und-3-achsen-digitalanzeige\/"]}]},{"@type":"ImageObject","inLanguage":"de","@id":"https:\/\/simonbois.de\/product\/bernardo-kf25pro-bohr-und-frasmaschine-mit-vorschub-und-3-achsen-digitalanzeige\/#primaryimage","url":"https:\/\/simonbois.de\/wp-content\/uploads\/2025\/08\/2-4.webp","contentUrl":"https:\/\/simonbois.de\/wp-content\/uploads\/2025\/08\/2-4.webp","width":600,"height":673},{"@type":"BreadcrumbList","@id":"https:\/\/simonbois.de\/product\/bernardo-kf25pro-bohr-und-frasmaschine-mit-vorschub-und-3-achsen-digitalanzeige\/#breadcrumb","itemListElement":[{"@type":"ListItem","position":1,"name":"Home","item":"https:\/\/simonbois.de\/"},{"@type":"ListItem","position":2,"name":"Shop","item":"https:\/\/simonbois.de\/shop-2\/"},{"@type":"ListItem","position":3,"name":"Bernardo KF25PRO Bohr- und Fr\u00e4smaschine mit Vorschub und 3-Achsen-Digitalanzeige"}]},{"@type":"WebSite","@id":"https:\/\/simonbois.de\/#website","url":"https:\/\/simonbois.de\/","name":"SIMON BOIS","description":"Verkauf und Lieferung von Brennholz auf Paletten","potentialAction":[{"@type":"SearchAction","target":{"@type":"EntryPoint","urlTemplate":"https:\/\/simonbois.de\/?s={search_term_string}"},"query-input":{"@type":"PropertyValueSpecification","valueRequired":true,"valueName":"search_term_string"}}],"inLanguage":"de"}]}},"_links":{"self":[{"href":"https:\/\/simonbois.de\/de\/wp-json\/wp\/v2\/product\/4551","targetHints":{"allow":["GET"]}}],"collection":[{"href":"https:\/\/simonbois.de\/de\/wp-json\/wp\/v2\/product"}],"about":[{"href":"https:\/\/simonbois.de\/de\/wp-json\/wp\/v2\/types\/product"}],"replies":[{"embeddable":true,"href":"https:\/\/simonbois.de\/de\/wp-json\/wp\/v2\/comments?post=4551"}],"wp:featuredmedia":[{"embeddable":true,"href":"https:\/\/simonbois.de\/de\/wp-json\/wp\/v2\/media\/4561"}],"wp:attachment":[{"href":"https:\/\/simonbois.de\/de\/wp-json\/wp\/v2\/media?parent=4551"}],"wp:term":[{"taxonomy":"product_brand","embeddable":true,"href":"https:\/\/simonbois.de\/de\/wp-json\/wp\/v2\/product_brand?post=4551"},{"taxonomy":"product_cat","embeddable":true,"href":"https:\/\/simonbois.de\/de\/wp-json\/wp\/v2\/product_cat?post=4551"},{"taxonomy":"product_tag","embeddable":true,"href":"https:\/\/simonbois.de\/de\/wp-json\/wp\/v2\/product_tag?post=4551"}],"curies":[{"name":"wp","href":"https:\/\/api.w.org\/{rel}","templated":true}]}}