{"id":4540,"date":"2025-08-15T14:02:35","date_gmt":"2025-08-15T14:02:35","guid":{"rendered":"https:\/\/simonbois.de\/?post_type=product&#038;p=4540"},"modified":"2025-08-17T08:39:58","modified_gmt":"2025-08-17T08:39:58","slug":"holzmann-bf500d-universalfrasmaschine-400-v","status":"publish","type":"product","link":"https:\/\/simonbois.de\/de\/product\/holzmann-bf500d-universalfrasmaschine-400-v\/","title":{"rendered":"Holzmann BF500D Universalfr\u00e4smaschine \u2013 400 V"},"content":{"rendered":"<p>\u00a0<\/p>\n<p>\u00a0<\/p>\n<p>Technische Daten der Holzmann BF500D Fr\u00e4smaschine:<\/p>\n<p>Leistung S1 (100 %) \/ S6: 800 W \u2013 1500 W \/ 1400 W \u2013 2400 W<br \/>\nSpannung: 400 V<br \/>\nAusladung: 190 \u2013 740 mm<br \/>\nSpindelaufnahme: ISO 40<br \/>\nDrehzahlen: 110 \u2013 1760 (8)<br \/>\nAbstand Spannfutter\/Tisch: 440 mm<br \/>\nVerfahrweg Z-Achse: 130 mm<br \/>\nVerfahrweg Y-Achse: 230 mm<br \/>\nVerfahrweg X-Achse: 400 mm<br \/>\nSchwenkkopf: +\/- 40\u00b0<br \/>\nTischabmessungen: 1000 x 240 mm<br \/>\nVerpackung: 2220 x 1100 x 1140 mm<br \/>\nNettogewicht: 850 kg<br \/>\nGewicht Bruttogewicht: 970 kg<\/p>\n<p>Holzmann BF500D Universalfr\u00e4smaschine aus robustem, vibrationsd\u00e4mpfendem Gusseisen.<\/p>\n<p>Diese Maschine verf\u00fcgt \u00fcber eine Horizontalfr\u00e4sfunktion!<br \/>\nVorteile der Holzmann BF500D Fr\u00e4smaschine:<\/p>\n<p>Robuster, schwenkbarer Fr\u00e4skopf mit Vertikalgetriebe (+90\u00b0-90\u00b0)<br \/>\n\u00d6lbadgetriebe mit geschliffenen und geh\u00e4rteten Zahnr\u00e4dern<br \/>\nRechts-Linkslauf serienm\u00e4\u00dfig<br \/>\nSchlittenentriegelung \u00fcber Dreispeichenhebel und Pr\u00e4zisionsrad<\/p>","protected":false},"excerpt":{"rendered":"<p>Mit Tiefenskala<br \/>\nSchwerer und breiter Kreuztisch mit 14 mm T-Nutensteinen<br \/>\nAutomatischer Zahnradvorschub der X-Achse<br \/>\nAutomatische und einstellbare Anschl\u00e4ge der X-Achse<br \/>\nSchwenktischf\u00fchrungen \u00fcber V-Kanten einstellbar<br \/>\nK\u00fchlsystem und Halogenlampe im Lieferumfang enthalten<\/p>\n<p>ACHTUNG: OHNE DIGITALANZEIGE!<\/p>\n<p>Lieferumfang:<\/p>\n<p>K\u00fchlsystem, X1-Spindel, 22-mm-Fr\u00e4sspindel, 1 x 27-mm-Fr\u00e4sschaft, 8-fach Bohrfuttersatz (4, 5, 6, 8, 10, 14, 12, 16 mm), 1\u201316-mm-Schaft (B18), 1 x MK3, 1 x MK2 und 1 x B18-Adapter, Profi-Bit mit 160 mm Maulweite und Halogenlampe.<\/p>","protected":false},"featured_media":4560,"comment_status":"open","ping_status":"closed","template":"","meta":[],"product_brand":[],"product_cat":[191],"product_tag":[],"class_list":{"0":"post-4540","1":"product","2":"type-product","3":"status-publish","4":"has-post-thumbnail","6":"product_cat-maschinen","8":"first","9":"instock","10":"taxable","11":"shipping-taxable","12":"purchasable","13":"product-type-simple"},"yoast_head":"<!-- This site is optimized with the Yoast SEO plugin v27.5 - https:\/\/yoast.com\/product\/yoast-seo-wordpress\/ -->\n<title>Holzmann BF500D Universalfr\u00e4smaschine \u2013 400 V - SIMON BOIS<\/title>\n<meta name=\"robots\" content=\"index, follow, max-snippet:-1, max-image-preview:large, max-video-preview:-1\" \/>\n<link rel=\"canonical\" href=\"https:\/\/simonbois.de\/de\/product\/holzmann-bf500d-universalfrasmaschine-400-v\/\" \/>\n<meta property=\"og:locale\" content=\"de_DE\" \/>\n<meta property=\"og:type\" content=\"article\" \/>\n<meta property=\"og:title\" content=\"Holzmann BF500D Universalfr\u00e4smaschine \u2013 400 V - SIMON BOIS\" \/>\n<meta property=\"og:description\" content=\"Mit Tiefenskala Schwerer und breiter Kreuztisch mit 14 mm T-Nutensteinen Automatischer Zahnradvorschub der X-Achse Automatische und einstellbare Anschl\u00e4ge der X-Achse Schwenktischf\u00fchrungen \u00fcber V-Kanten einstellbar K\u00fchlsystem und Halogenlampe im Lieferumfang enthalten  ACHTUNG: OHNE DIGITALANZEIGE!  Lieferumfang:  K\u00fchlsystem, X1-Spindel, 22-mm-Fr\u00e4sspindel, 1 x 27-mm-Fr\u00e4sschaft, 8-fach Bohrfuttersatz (4, 5, 6, 8, 10, 14, 12, 16 mm), 1\u201316-mm-Schaft (B18), 1 x MK3, 1 x MK2 und 1 x B18-Adapter, Profi-Bit mit 160 mm Maulweite und Halogenlampe.\" \/>\n<meta property=\"og:url\" content=\"https:\/\/simonbois.de\/de\/product\/holzmann-bf500d-universalfrasmaschine-400-v\/\" \/>\n<meta property=\"og:site_name\" content=\"SIMON BOIS\" \/>\n<meta property=\"article:modified_time\" content=\"2025-08-17T08:39:58+00:00\" \/>\n<meta property=\"og:image\" content=\"https:\/\/simonbois.de\/wp-content\/uploads\/2025\/08\/1-4.webp\" \/>\n\t<meta property=\"og:image:width\" content=\"600\" \/>\n\t<meta property=\"og:image:height\" content=\"600\" \/>\n\t<meta property=\"og:image:type\" content=\"image\/webp\" \/>\n<meta name=\"twitter:card\" content=\"summary_large_image\" \/>\n<meta name=\"twitter:label1\" content=\"Gesch\u00e4tzte Lesezeit\" \/>\n\t<meta name=\"twitter:data1\" content=\"1\u00a0Minute\" \/>\n<script type=\"application\/ld+json\" class=\"yoast-schema-graph\">{\"@context\":\"https:\\\/\\\/schema.org\",\"@graph\":[{\"@type\":\"WebPage\",\"@id\":\"https:\\\/\\\/simonbois.de\\\/product\\\/holzmann-bf500d-universalfrasmaschine-400-v\\\/\",\"url\":\"https:\\\/\\\/simonbois.de\\\/product\\\/holzmann-bf500d-universalfrasmaschine-400-v\\\/\",\"name\":\"Holzmann BF500D Universalfr\u00e4smaschine \u2013 400 V - SIMON BOIS\",\"isPartOf\":{\"@id\":\"https:\\\/\\\/simonbois.de\\\/#website\"},\"primaryImageOfPage\":{\"@id\":\"https:\\\/\\\/simonbois.de\\\/product\\\/holzmann-bf500d-universalfrasmaschine-400-v\\\/#primaryimage\"},\"image\":{\"@id\":\"https:\\\/\\\/simonbois.de\\\/product\\\/holzmann-bf500d-universalfrasmaschine-400-v\\\/#primaryimage\"},\"thumbnailUrl\":\"https:\\\/\\\/simonbois.de\\\/wp-content\\\/uploads\\\/2025\\\/08\\\/1-4.webp\",\"datePublished\":\"2025-08-15T14:02:35+00:00\",\"dateModified\":\"2025-08-17T08:39:58+00:00\",\"breadcrumb\":{\"@id\":\"https:\\\/\\\/simonbois.de\\\/product\\\/holzmann-bf500d-universalfrasmaschine-400-v\\\/#breadcrumb\"},\"inLanguage\":\"de\",\"potentialAction\":[{\"@type\":\"ReadAction\",\"target\":[\"https:\\\/\\\/simonbois.de\\\/product\\\/holzmann-bf500d-universalfrasmaschine-400-v\\\/\"]}]},{\"@type\":\"ImageObject\",\"inLanguage\":\"de\",\"@id\":\"https:\\\/\\\/simonbois.de\\\/product\\\/holzmann-bf500d-universalfrasmaschine-400-v\\\/#primaryimage\",\"url\":\"https:\\\/\\\/simonbois.de\\\/wp-content\\\/uploads\\\/2025\\\/08\\\/1-4.webp\",\"contentUrl\":\"https:\\\/\\\/simonbois.de\\\/wp-content\\\/uploads\\\/2025\\\/08\\\/1-4.webp\",\"width\":600,\"height\":600},{\"@type\":\"BreadcrumbList\",\"@id\":\"https:\\\/\\\/simonbois.de\\\/product\\\/holzmann-bf500d-universalfrasmaschine-400-v\\\/#breadcrumb\",\"itemListElement\":[{\"@type\":\"ListItem\",\"position\":1,\"name\":\"Home\",\"item\":\"https:\\\/\\\/simonbois.de\\\/\"},{\"@type\":\"ListItem\",\"position\":2,\"name\":\"Shop\",\"item\":\"https:\\\/\\\/simonbois.de\\\/shop-2\\\/\"},{\"@type\":\"ListItem\",\"position\":3,\"name\":\"Holzmann BF500D Universalfr\u00e4smaschine \u2013 400 V\"}]},{\"@type\":\"WebSite\",\"@id\":\"https:\\\/\\\/simonbois.de\\\/#website\",\"url\":\"https:\\\/\\\/simonbois.de\\\/\",\"name\":\"SIMON BOIS\",\"description\":\"Verkauf und Lieferung von Brennholz auf Paletten\",\"potentialAction\":[{\"@type\":\"SearchAction\",\"target\":{\"@type\":\"EntryPoint\",\"urlTemplate\":\"https:\\\/\\\/simonbois.de\\\/?s={search_term_string}\"},\"query-input\":{\"@type\":\"PropertyValueSpecification\",\"valueRequired\":true,\"valueName\":\"search_term_string\"}}],\"inLanguage\":\"de\"}]}<\/script>\n<!-- \/ Yoast SEO plugin. -->","yoast_head_json":{"title":"Holzmann BF500D Universalfr\u00e4smaschine \u2013 400 V - SIMON BOIS","robots":{"index":"index","follow":"follow","max-snippet":"max-snippet:-1","max-image-preview":"max-image-preview:large","max-video-preview":"max-video-preview:-1"},"canonical":"https:\/\/simonbois.de\/de\/product\/holzmann-bf500d-universalfrasmaschine-400-v\/","og_locale":"de_DE","og_type":"article","og_title":"Holzmann BF500D Universalfr\u00e4smaschine \u2013 400 V - SIMON BOIS","og_description":"Mit Tiefenskala Schwerer und breiter Kreuztisch mit 14 mm T-Nutensteinen Automatischer Zahnradvorschub der X-Achse Automatische und einstellbare Anschl\u00e4ge der X-Achse Schwenktischf\u00fchrungen \u00fcber V-Kanten einstellbar K\u00fchlsystem und Halogenlampe im Lieferumfang enthalten  ACHTUNG: OHNE DIGITALANZEIGE!  Lieferumfang:  K\u00fchlsystem, X1-Spindel, 22-mm-Fr\u00e4sspindel, 1 x 27-mm-Fr\u00e4sschaft, 8-fach Bohrfuttersatz (4, 5, 6, 8, 10, 14, 12, 16 mm), 1\u201316-mm-Schaft (B18), 1 x MK3, 1 x MK2 und 1 x B18-Adapter, Profi-Bit mit 160 mm Maulweite und Halogenlampe.","og_url":"https:\/\/simonbois.de\/de\/product\/holzmann-bf500d-universalfrasmaschine-400-v\/","og_site_name":"SIMON BOIS","article_modified_time":"2025-08-17T08:39:58+00:00","og_image":[{"width":600,"height":600,"url":"https:\/\/simonbois.de\/wp-content\/uploads\/2025\/08\/1-4.webp","type":"image\/webp"}],"twitter_card":"summary_large_image","twitter_misc":{"Gesch\u00e4tzte Lesezeit":"1\u00a0Minute"},"schema":{"@context":"https:\/\/schema.org","@graph":[{"@type":"WebPage","@id":"https:\/\/simonbois.de\/product\/holzmann-bf500d-universalfrasmaschine-400-v\/","url":"https:\/\/simonbois.de\/product\/holzmann-bf500d-universalfrasmaschine-400-v\/","name":"Holzmann BF500D Universalfr\u00e4smaschine \u2013 400 V - SIMON BOIS","isPartOf":{"@id":"https:\/\/simonbois.de\/#website"},"primaryImageOfPage":{"@id":"https:\/\/simonbois.de\/product\/holzmann-bf500d-universalfrasmaschine-400-v\/#primaryimage"},"image":{"@id":"https:\/\/simonbois.de\/product\/holzmann-bf500d-universalfrasmaschine-400-v\/#primaryimage"},"thumbnailUrl":"https:\/\/simonbois.de\/wp-content\/uploads\/2025\/08\/1-4.webp","datePublished":"2025-08-15T14:02:35+00:00","dateModified":"2025-08-17T08:39:58+00:00","breadcrumb":{"@id":"https:\/\/simonbois.de\/product\/holzmann-bf500d-universalfrasmaschine-400-v\/#breadcrumb"},"inLanguage":"de","potentialAction":[{"@type":"ReadAction","target":["https:\/\/simonbois.de\/product\/holzmann-bf500d-universalfrasmaschine-400-v\/"]}]},{"@type":"ImageObject","inLanguage":"de","@id":"https:\/\/simonbois.de\/product\/holzmann-bf500d-universalfrasmaschine-400-v\/#primaryimage","url":"https:\/\/simonbois.de\/wp-content\/uploads\/2025\/08\/1-4.webp","contentUrl":"https:\/\/simonbois.de\/wp-content\/uploads\/2025\/08\/1-4.webp","width":600,"height":600},{"@type":"BreadcrumbList","@id":"https:\/\/simonbois.de\/product\/holzmann-bf500d-universalfrasmaschine-400-v\/#breadcrumb","itemListElement":[{"@type":"ListItem","position":1,"name":"Home","item":"https:\/\/simonbois.de\/"},{"@type":"ListItem","position":2,"name":"Shop","item":"https:\/\/simonbois.de\/shop-2\/"},{"@type":"ListItem","position":3,"name":"Holzmann BF500D Universalfr\u00e4smaschine \u2013 400 V"}]},{"@type":"WebSite","@id":"https:\/\/simonbois.de\/#website","url":"https:\/\/simonbois.de\/","name":"SIMON BOIS","description":"Verkauf und Lieferung von Brennholz auf Paletten","potentialAction":[{"@type":"SearchAction","target":{"@type":"EntryPoint","urlTemplate":"https:\/\/simonbois.de\/?s={search_term_string}"},"query-input":{"@type":"PropertyValueSpecification","valueRequired":true,"valueName":"search_term_string"}}],"inLanguage":"de"}]}},"_links":{"self":[{"href":"https:\/\/simonbois.de\/de\/wp-json\/wp\/v2\/product\/4540","targetHints":{"allow":["GET"]}}],"collection":[{"href":"https:\/\/simonbois.de\/de\/wp-json\/wp\/v2\/product"}],"about":[{"href":"https:\/\/simonbois.de\/de\/wp-json\/wp\/v2\/types\/product"}],"replies":[{"embeddable":true,"href":"https:\/\/simonbois.de\/de\/wp-json\/wp\/v2\/comments?post=4540"}],"wp:featuredmedia":[{"embeddable":true,"href":"https:\/\/simonbois.de\/de\/wp-json\/wp\/v2\/media\/4560"}],"wp:attachment":[{"href":"https:\/\/simonbois.de\/de\/wp-json\/wp\/v2\/media?parent=4540"}],"wp:term":[{"taxonomy":"product_brand","embeddable":true,"href":"https:\/\/simonbois.de\/de\/wp-json\/wp\/v2\/product_brand?post=4540"},{"taxonomy":"product_cat","embeddable":true,"href":"https:\/\/simonbois.de\/de\/wp-json\/wp\/v2\/product_cat?post=4540"},{"taxonomy":"product_tag","embeddable":true,"href":"https:\/\/simonbois.de\/de\/wp-json\/wp\/v2\/product_tag?post=4540"}],"curies":[{"name":"wp","href":"https:\/\/api.w.org\/{rel}","templated":true}]}}