{"id":4524,"date":"2025-08-15T11:53:13","date_gmt":"2025-08-15T11:53:13","guid":{"rendered":"https:\/\/simonbois.de\/?post_type=product&#038;p=4524"},"modified":"2025-08-17T08:40:20","modified_gmt":"2025-08-17T08:40:20","slug":"jet-drehstrom-abricht-dickenhobelmaschine-jpt-410-t","status":"publish","type":"product","link":"https:\/\/simonbois.de\/de\/product\/jet-drehstrom-abricht-dickenhobelmaschine-jpt-410-t\/","title":{"rendered":"JET Drehstrom-Abricht-Dickenhobelmaschine JPT 410 T"},"content":{"rendered":"<p>\u00a0<\/p>\n<p>Vorteile:<\/p>\n<p>Ultraschneller Wechsel von Abricht- auf Dickenhobelmaschine durch gleichzeitiges Schwenken der beiden Tischplatten.<br \/>\nDer bearbeitete Abrichttisch aus Grauguss garantiert optimales Gleiten der Werkst\u00fccke.<br \/>\nAbschaltbarer Holzvorschub in Abrichtposition.<br \/>\nSicherung am Spindelschutz in Abrichtposition.<br \/>\nNachsch\u00e4rfbare Messer.<br \/>\nOptionaler Verschiebesatz.<\/p>\n<p>Lieferumfang:<\/p>\n<p>Satz mit 3 montierten Messern.<br \/>\n100-mm-Absaugd\u00fcse.<br \/>\nPr\u00e4zisions-Abrichttischf\u00fchrung.<br \/>\nSchwenkbarer Spindelschutz.<br \/>\nSchieber.<\/p>\n<p>Ausstattung:<\/p>\n<p>Stromversorgung: 400 V.<br \/>\nMotorleistung: P1-T 4450 W \/ S6 40 %.<br \/>\nMotorleistung: P2-T 2950 W \/ S1 100 %<\/p>","protected":false},"excerpt":{"rendered":"<p>Maximale Hobelbreite 407 mm<br \/>\nMaximale Hobelh\u00f6he 3 \u2013 225 mm<br \/>\nMaximale Schnittst\u00e4rke (Hobeln) 4,5 mm<br \/>\nMaximale Schnittst\u00e4rke (Dickenhobeln) 3 mm<br \/>\nVorschubgeschwindigkeit 7 m\/min<br \/>\nDurchmesser der Gummi-Abtriebswalze 32 mm<br \/>\nDickenhobeltischl\u00e4nge 1660 x 410 mm<br \/>\nMindestwerkst\u00fcckl\u00e4nge 150 mm<br \/>\nDrehzahl \u2013 Dickenhobel 5500 U\/min<br \/>\nWellendurchmesser: 70 mm<br \/>\nAnzahl der Messer: 3<br \/>\nAbrichtanschlag (H x B): 150 x 1100 mm<br \/>\nAnschlagneigung: +45\u00b0 \/ 90\u00b0<br \/>\nDurchmesser des Absauganschlusses: 100 mm<br \/>\nAbmessungen: 1600 x 870 x 1000 mm<br \/>\nNettogewicht (kg): 370 kg<br \/>\nHersteller: Jet<\/p>","protected":false},"featured_media":4535,"comment_status":"open","ping_status":"closed","template":"","meta":[],"product_brand":[],"product_cat":[191],"product_tag":[],"class_list":{"0":"post-4524","1":"product","2":"type-product","3":"status-publish","4":"has-post-thumbnail","6":"product_cat-maschinen","8":"first","9":"instock","10":"taxable","11":"shipping-taxable","12":"purchasable","13":"product-type-simple"},"yoast_head":"<!-- This site is optimized with the Yoast SEO plugin v27.5 - https:\/\/yoast.com\/product\/yoast-seo-wordpress\/ -->\n<title>JET Drehstrom-Abricht-Dickenhobelmaschine JPT 410 T - SIMON BOIS<\/title>\n<meta name=\"robots\" content=\"index, follow, max-snippet:-1, max-image-preview:large, max-video-preview:-1\" \/>\n<link rel=\"canonical\" href=\"https:\/\/simonbois.de\/de\/product\/jet-drehstrom-abricht-dickenhobelmaschine-jpt-410-t\/\" \/>\n<meta property=\"og:locale\" content=\"de_DE\" \/>\n<meta property=\"og:type\" content=\"article\" \/>\n<meta property=\"og:title\" content=\"JET Drehstrom-Abricht-Dickenhobelmaschine JPT 410 T - SIMON BOIS\" \/>\n<meta property=\"og:description\" content=\"Maximale Hobelbreite 407 mm Maximale Hobelh\u00f6he 3 \u2013 225 mm Maximale Schnittst\u00e4rke (Hobeln) 4,5 mm Maximale Schnittst\u00e4rke (Dickenhobeln) 3 mm Vorschubgeschwindigkeit 7 m\/min Durchmesser der Gummi-Abtriebswalze 32 mm Dickenhobeltischl\u00e4nge 1660 x 410 mm Mindestwerkst\u00fcckl\u00e4nge 150 mm Drehzahl \u2013 Dickenhobel 5500 U\/min Wellendurchmesser: 70 mm Anzahl der Messer: 3 Abrichtanschlag (H x B): 150 x 1100 mm Anschlagneigung: +45\u00b0 \/ 90\u00b0 Durchmesser des Absauganschlusses: 100 mm Abmessungen: 1600 x 870 x 1000 mm Nettogewicht (kg): 370 kg Hersteller: Jet\" \/>\n<meta property=\"og:url\" content=\"https:\/\/simonbois.de\/de\/product\/jet-drehstrom-abricht-dickenhobelmaschine-jpt-410-t\/\" \/>\n<meta property=\"og:site_name\" content=\"SIMON BOIS\" \/>\n<meta property=\"article:modified_time\" content=\"2025-08-17T08:40:20+00:00\" \/>\n<meta property=\"og:image\" content=\"https:\/\/simonbois.de\/wp-content\/uploads\/2025\/08\/32.webp\" \/>\n\t<meta property=\"og:image:width\" content=\"600\" \/>\n\t<meta property=\"og:image:height\" content=\"418\" \/>\n\t<meta property=\"og:image:type\" content=\"image\/webp\" \/>\n<meta name=\"twitter:card\" content=\"summary_large_image\" \/>\n<meta name=\"twitter:label1\" content=\"Gesch\u00e4tzte Lesezeit\" \/>\n\t<meta name=\"twitter:data1\" content=\"1\u00a0Minute\" \/>\n<script type=\"application\/ld+json\" class=\"yoast-schema-graph\">{\"@context\":\"https:\\\/\\\/schema.org\",\"@graph\":[{\"@type\":\"WebPage\",\"@id\":\"https:\\\/\\\/simonbois.de\\\/product\\\/jet-drehstrom-abricht-dickenhobelmaschine-jpt-410-t\\\/\",\"url\":\"https:\\\/\\\/simonbois.de\\\/product\\\/jet-drehstrom-abricht-dickenhobelmaschine-jpt-410-t\\\/\",\"name\":\"JET Drehstrom-Abricht-Dickenhobelmaschine JPT 410 T - SIMON BOIS\",\"isPartOf\":{\"@id\":\"https:\\\/\\\/simonbois.de\\\/#website\"},\"primaryImageOfPage\":{\"@id\":\"https:\\\/\\\/simonbois.de\\\/product\\\/jet-drehstrom-abricht-dickenhobelmaschine-jpt-410-t\\\/#primaryimage\"},\"image\":{\"@id\":\"https:\\\/\\\/simonbois.de\\\/product\\\/jet-drehstrom-abricht-dickenhobelmaschine-jpt-410-t\\\/#primaryimage\"},\"thumbnailUrl\":\"https:\\\/\\\/simonbois.de\\\/wp-content\\\/uploads\\\/2025\\\/08\\\/32.webp\",\"datePublished\":\"2025-08-15T11:53:13+00:00\",\"dateModified\":\"2025-08-17T08:40:20+00:00\",\"breadcrumb\":{\"@id\":\"https:\\\/\\\/simonbois.de\\\/product\\\/jet-drehstrom-abricht-dickenhobelmaschine-jpt-410-t\\\/#breadcrumb\"},\"inLanguage\":\"de\",\"potentialAction\":[{\"@type\":\"ReadAction\",\"target\":[\"https:\\\/\\\/simonbois.de\\\/product\\\/jet-drehstrom-abricht-dickenhobelmaschine-jpt-410-t\\\/\"]}]},{\"@type\":\"ImageObject\",\"inLanguage\":\"de\",\"@id\":\"https:\\\/\\\/simonbois.de\\\/product\\\/jet-drehstrom-abricht-dickenhobelmaschine-jpt-410-t\\\/#primaryimage\",\"url\":\"https:\\\/\\\/simonbois.de\\\/wp-content\\\/uploads\\\/2025\\\/08\\\/32.webp\",\"contentUrl\":\"https:\\\/\\\/simonbois.de\\\/wp-content\\\/uploads\\\/2025\\\/08\\\/32.webp\",\"width\":600,\"height\":418},{\"@type\":\"BreadcrumbList\",\"@id\":\"https:\\\/\\\/simonbois.de\\\/product\\\/jet-drehstrom-abricht-dickenhobelmaschine-jpt-410-t\\\/#breadcrumb\",\"itemListElement\":[{\"@type\":\"ListItem\",\"position\":1,\"name\":\"Home\",\"item\":\"https:\\\/\\\/simonbois.de\\\/\"},{\"@type\":\"ListItem\",\"position\":2,\"name\":\"Shop\",\"item\":\"https:\\\/\\\/simonbois.de\\\/shop-2\\\/\"},{\"@type\":\"ListItem\",\"position\":3,\"name\":\"JET Drehstrom-Abricht-Dickenhobelmaschine JPT 410 T\"}]},{\"@type\":\"WebSite\",\"@id\":\"https:\\\/\\\/simonbois.de\\\/#website\",\"url\":\"https:\\\/\\\/simonbois.de\\\/\",\"name\":\"SIMON BOIS\",\"description\":\"Verkauf und Lieferung von Brennholz auf Paletten\",\"potentialAction\":[{\"@type\":\"SearchAction\",\"target\":{\"@type\":\"EntryPoint\",\"urlTemplate\":\"https:\\\/\\\/simonbois.de\\\/?s={search_term_string}\"},\"query-input\":{\"@type\":\"PropertyValueSpecification\",\"valueRequired\":true,\"valueName\":\"search_term_string\"}}],\"inLanguage\":\"de\"}]}<\/script>\n<!-- \/ Yoast SEO plugin. -->","yoast_head_json":{"title":"JET Drehstrom-Abricht-Dickenhobelmaschine JPT 410 T - SIMON BOIS","robots":{"index":"index","follow":"follow","max-snippet":"max-snippet:-1","max-image-preview":"max-image-preview:large","max-video-preview":"max-video-preview:-1"},"canonical":"https:\/\/simonbois.de\/de\/product\/jet-drehstrom-abricht-dickenhobelmaschine-jpt-410-t\/","og_locale":"de_DE","og_type":"article","og_title":"JET Drehstrom-Abricht-Dickenhobelmaschine JPT 410 T - SIMON BOIS","og_description":"Maximale Hobelbreite 407 mm Maximale Hobelh\u00f6he 3 \u2013 225 mm Maximale Schnittst\u00e4rke (Hobeln) 4,5 mm Maximale Schnittst\u00e4rke (Dickenhobeln) 3 mm Vorschubgeschwindigkeit 7 m\/min Durchmesser der Gummi-Abtriebswalze 32 mm Dickenhobeltischl\u00e4nge 1660 x 410 mm Mindestwerkst\u00fcckl\u00e4nge 150 mm Drehzahl \u2013 Dickenhobel 5500 U\/min Wellendurchmesser: 70 mm Anzahl der Messer: 3 Abrichtanschlag (H x B): 150 x 1100 mm Anschlagneigung: +45\u00b0 \/ 90\u00b0 Durchmesser des Absauganschlusses: 100 mm Abmessungen: 1600 x 870 x 1000 mm Nettogewicht (kg): 370 kg Hersteller: Jet","og_url":"https:\/\/simonbois.de\/de\/product\/jet-drehstrom-abricht-dickenhobelmaschine-jpt-410-t\/","og_site_name":"SIMON BOIS","article_modified_time":"2025-08-17T08:40:20+00:00","og_image":[{"width":600,"height":418,"url":"https:\/\/simonbois.de\/wp-content\/uploads\/2025\/08\/32.webp","type":"image\/webp"}],"twitter_card":"summary_large_image","twitter_misc":{"Gesch\u00e4tzte Lesezeit":"1\u00a0Minute"},"schema":{"@context":"https:\/\/schema.org","@graph":[{"@type":"WebPage","@id":"https:\/\/simonbois.de\/product\/jet-drehstrom-abricht-dickenhobelmaschine-jpt-410-t\/","url":"https:\/\/simonbois.de\/product\/jet-drehstrom-abricht-dickenhobelmaschine-jpt-410-t\/","name":"JET Drehstrom-Abricht-Dickenhobelmaschine JPT 410 T - SIMON BOIS","isPartOf":{"@id":"https:\/\/simonbois.de\/#website"},"primaryImageOfPage":{"@id":"https:\/\/simonbois.de\/product\/jet-drehstrom-abricht-dickenhobelmaschine-jpt-410-t\/#primaryimage"},"image":{"@id":"https:\/\/simonbois.de\/product\/jet-drehstrom-abricht-dickenhobelmaschine-jpt-410-t\/#primaryimage"},"thumbnailUrl":"https:\/\/simonbois.de\/wp-content\/uploads\/2025\/08\/32.webp","datePublished":"2025-08-15T11:53:13+00:00","dateModified":"2025-08-17T08:40:20+00:00","breadcrumb":{"@id":"https:\/\/simonbois.de\/product\/jet-drehstrom-abricht-dickenhobelmaschine-jpt-410-t\/#breadcrumb"},"inLanguage":"de","potentialAction":[{"@type":"ReadAction","target":["https:\/\/simonbois.de\/product\/jet-drehstrom-abricht-dickenhobelmaschine-jpt-410-t\/"]}]},{"@type":"ImageObject","inLanguage":"de","@id":"https:\/\/simonbois.de\/product\/jet-drehstrom-abricht-dickenhobelmaschine-jpt-410-t\/#primaryimage","url":"https:\/\/simonbois.de\/wp-content\/uploads\/2025\/08\/32.webp","contentUrl":"https:\/\/simonbois.de\/wp-content\/uploads\/2025\/08\/32.webp","width":600,"height":418},{"@type":"BreadcrumbList","@id":"https:\/\/simonbois.de\/product\/jet-drehstrom-abricht-dickenhobelmaschine-jpt-410-t\/#breadcrumb","itemListElement":[{"@type":"ListItem","position":1,"name":"Home","item":"https:\/\/simonbois.de\/"},{"@type":"ListItem","position":2,"name":"Shop","item":"https:\/\/simonbois.de\/shop-2\/"},{"@type":"ListItem","position":3,"name":"JET Drehstrom-Abricht-Dickenhobelmaschine JPT 410 T"}]},{"@type":"WebSite","@id":"https:\/\/simonbois.de\/#website","url":"https:\/\/simonbois.de\/","name":"SIMON BOIS","description":"Verkauf und Lieferung von Brennholz auf Paletten","potentialAction":[{"@type":"SearchAction","target":{"@type":"EntryPoint","urlTemplate":"https:\/\/simonbois.de\/?s={search_term_string}"},"query-input":{"@type":"PropertyValueSpecification","valueRequired":true,"valueName":"search_term_string"}}],"inLanguage":"de"}]}},"_links":{"self":[{"href":"https:\/\/simonbois.de\/de\/wp-json\/wp\/v2\/product\/4524","targetHints":{"allow":["GET"]}}],"collection":[{"href":"https:\/\/simonbois.de\/de\/wp-json\/wp\/v2\/product"}],"about":[{"href":"https:\/\/simonbois.de\/de\/wp-json\/wp\/v2\/types\/product"}],"replies":[{"embeddable":true,"href":"https:\/\/simonbois.de\/de\/wp-json\/wp\/v2\/comments?post=4524"}],"wp:featuredmedia":[{"embeddable":true,"href":"https:\/\/simonbois.de\/de\/wp-json\/wp\/v2\/media\/4535"}],"wp:attachment":[{"href":"https:\/\/simonbois.de\/de\/wp-json\/wp\/v2\/media?parent=4524"}],"wp:term":[{"taxonomy":"product_brand","embeddable":true,"href":"https:\/\/simonbois.de\/de\/wp-json\/wp\/v2\/product_brand?post=4524"},{"taxonomy":"product_cat","embeddable":true,"href":"https:\/\/simonbois.de\/de\/wp-json\/wp\/v2\/product_cat?post=4524"},{"taxonomy":"product_tag","embeddable":true,"href":"https:\/\/simonbois.de\/de\/wp-json\/wp\/v2\/product_tag?post=4524"}],"curies":[{"name":"wp","href":"https:\/\/api.w.org\/{rel}","templated":true}]}}