{"id":4523,"date":"2025-08-15T11:53:04","date_gmt":"2025-08-15T11:53:04","guid":{"rendered":"https:\/\/simonbois.de\/?post_type=product&#038;p=4523"},"modified":"2025-08-17T08:40:52","modified_gmt":"2025-08-17T08:40:52","slug":"holzprofi-maker-dr250-abricht-dickenhobelmaschine","status":"publish","type":"product","link":"https:\/\/simonbois.de\/de\/product\/holzprofi-maker-dr250-abricht-dickenhobelmaschine\/","title":{"rendered":"Holzprofi MAKER DR250 Abricht-Dickenhobelmaschine"},"content":{"rendered":"<p>\u00a0<\/p>\n<p>\u00a0<\/p>\n<p>Die DR250 Abricht-Dickenhobelmaschine aus der Holzprofi Maker-Reihe ist eine neue Maschine von Holzprofi. Sie verf\u00fcgt \u00fcber eine Schr\u00e4gspindel mit Hartmetallspitzen \u2013 eine Seltenheit bei 250-mm-Hobelmaschinen!<\/p>\n<p>Diese kleine Werkstattmaschine mit kompakter Stellfl\u00e4che bietet eine gro\u00dfz\u00fcgige Hobell\u00e4nge von bis zu 1050 mm.<\/p>\n<p>Ausgestattet mit Gusseisentischen und Hartmetallspitzen f\u00fcr pr\u00e4zises Schleifen und Ausd\u00fcnnen von Holz, erm\u00f6glicht diese hochwertig verarbeitete Maschine pr\u00e4zise Bearbeitungen, die Heimwerker, die mit Holz arbeiten, perfekt zufriedenstellen.<\/p>\n<p>Mit einer Leistung von 2000 W bietet sie ausreichend Leistung f\u00fcr die Bearbeitung von Harth\u00f6lzern.<\/p>\n<p>Vorteile und Einsatzm\u00f6glichkeiten der Abricht-Dickenhobelmaschine im \u00dcberblick<\/p>\n<p>Grauguss-Abrichttische mit gleichzeitiger \u00d6ffnung, gro\u00dfe L\u00e4nge 1050 mm;<br \/>\nAbrichttischbreite 250 mm mit H\u00f6henverstellung per Kurbel;<br \/>\nDie Filterhaube (\u00f8 100 mm) l\u00e4sst sich zwischen Abricht- und Dickenhobelbetrieb abklappen.<\/p>\n<p>Doppelschnecken-Spiralwelle mit 24 Messern (12 Messer pro Messer).<\/p>\n<p>L\u00e4ngere Standzeit der Hartmetallmesser im Vergleich zu herk\u00f6mmlichen Messern.<\/p>\n<p>Hohe Abtragsh\u00f6he pro Durchgang von 2,5 mm beim Dickenhobeln bis 3 mm beim Abrichthobeln.<\/p>\n<p>Deaktivierbarer Vorschub beim Dickenhobeln.<\/p>\n<p>\u00a0<\/p>","protected":false},"excerpt":{"rendered":"<p>Die L\u00e4ngsdurchgangskapazit\u00e4t der Maschine kann durch eine oder mehrere optionale Tischverl\u00e4ngerungen zum Abricht- und\/oder Dickenhobeln erweitert werden: siehe Referenzen DR250-EXT und DR250-EXT-SUPPORT.<\/p>\n<p>Lieferumfang<\/p>\n<p>Im Lieferumfang enthalten: eine 200 x 425 mm gro\u00dfe Tischverl\u00e4ngerung f\u00fcr den Ein- und Auslauftisch zum Abricht- oder Dickenhobeln.<\/p>\n<p>Senkrechtanschlag.<\/p>\n<p>Klappbare Absaugstutzen mit 100 mm Durchmesser.<\/p>\n<p>Wellenschutz.<br \/>\nDoppelschnecken-Spiralwelle.<\/p>\n<p>Digitalz\u00e4hler f\u00fcr die Abrichttischh\u00f6he.<\/p>","protected":false},"featured_media":4536,"comment_status":"open","ping_status":"closed","template":"","meta":[],"product_brand":[],"product_cat":[191],"product_tag":[],"class_list":{"0":"post-4523","1":"product","2":"type-product","3":"status-publish","4":"has-post-thumbnail","6":"product_cat-maschinen","8":"first","9":"instock","10":"taxable","11":"shipping-taxable","12":"purchasable","13":"product-type-simple"},"yoast_head":"<!-- This site is optimized with the Yoast SEO plugin v27.5 - https:\/\/yoast.com\/product\/yoast-seo-wordpress\/ -->\n<title>Holzprofi MAKER DR250 Abricht-Dickenhobelmaschine - SIMON BOIS<\/title>\n<meta name=\"robots\" content=\"index, follow, max-snippet:-1, max-image-preview:large, max-video-preview:-1\" \/>\n<link rel=\"canonical\" href=\"https:\/\/simonbois.de\/de\/product\/holzprofi-maker-dr250-abricht-dickenhobelmaschine\/\" \/>\n<meta property=\"og:locale\" content=\"de_DE\" \/>\n<meta property=\"og:type\" content=\"article\" \/>\n<meta property=\"og:title\" content=\"Holzprofi MAKER DR250 Abricht-Dickenhobelmaschine - SIMON BOIS\" \/>\n<meta property=\"og:description\" content=\"Die L\u00e4ngsdurchgangskapazit\u00e4t der Maschine kann durch eine oder mehrere optionale Tischverl\u00e4ngerungen zum Abricht- und\/oder Dickenhobeln erweitert werden: siehe Referenzen DR250-EXT und DR250-EXT-SUPPORT.  Lieferumfang  Im Lieferumfang enthalten: eine 200 x 425 mm gro\u00dfe Tischverl\u00e4ngerung f\u00fcr den Ein- und Auslauftisch zum Abricht- oder Dickenhobeln.  Senkrechtanschlag.  Klappbare Absaugstutzen mit 100 mm Durchmesser.  Wellenschutz. Doppelschnecken-Spiralwelle.  Digitalz\u00e4hler f\u00fcr die Abrichttischh\u00f6he.\" \/>\n<meta property=\"og:url\" content=\"https:\/\/simonbois.de\/de\/product\/holzprofi-maker-dr250-abricht-dickenhobelmaschine\/\" \/>\n<meta property=\"og:site_name\" content=\"SIMON BOIS\" \/>\n<meta property=\"article:modified_time\" content=\"2025-08-17T08:40:52+00:00\" \/>\n<meta property=\"og:image\" content=\"https:\/\/simonbois.de\/wp-content\/uploads\/2025\/08\/31.webp\" \/>\n\t<meta property=\"og:image:width\" content=\"600\" \/>\n\t<meta property=\"og:image:height\" content=\"600\" \/>\n\t<meta property=\"og:image:type\" content=\"image\/webp\" \/>\n<meta name=\"twitter:card\" content=\"summary_large_image\" \/>\n<meta name=\"twitter:label1\" content=\"Gesch\u00e4tzte Lesezeit\" \/>\n\t<meta name=\"twitter:data1\" content=\"1\u00a0Minute\" \/>\n<script type=\"application\/ld+json\" class=\"yoast-schema-graph\">{\"@context\":\"https:\\\/\\\/schema.org\",\"@graph\":[{\"@type\":\"WebPage\",\"@id\":\"https:\\\/\\\/simonbois.de\\\/product\\\/holzprofi-maker-dr250-abricht-dickenhobelmaschine\\\/\",\"url\":\"https:\\\/\\\/simonbois.de\\\/product\\\/holzprofi-maker-dr250-abricht-dickenhobelmaschine\\\/\",\"name\":\"Holzprofi MAKER DR250 Abricht-Dickenhobelmaschine - SIMON BOIS\",\"isPartOf\":{\"@id\":\"https:\\\/\\\/simonbois.de\\\/#website\"},\"primaryImageOfPage\":{\"@id\":\"https:\\\/\\\/simonbois.de\\\/product\\\/holzprofi-maker-dr250-abricht-dickenhobelmaschine\\\/#primaryimage\"},\"image\":{\"@id\":\"https:\\\/\\\/simonbois.de\\\/product\\\/holzprofi-maker-dr250-abricht-dickenhobelmaschine\\\/#primaryimage\"},\"thumbnailUrl\":\"https:\\\/\\\/simonbois.de\\\/wp-content\\\/uploads\\\/2025\\\/08\\\/31.webp\",\"datePublished\":\"2025-08-15T11:53:04+00:00\",\"dateModified\":\"2025-08-17T08:40:52+00:00\",\"breadcrumb\":{\"@id\":\"https:\\\/\\\/simonbois.de\\\/product\\\/holzprofi-maker-dr250-abricht-dickenhobelmaschine\\\/#breadcrumb\"},\"inLanguage\":\"de\",\"potentialAction\":[{\"@type\":\"ReadAction\",\"target\":[\"https:\\\/\\\/simonbois.de\\\/product\\\/holzprofi-maker-dr250-abricht-dickenhobelmaschine\\\/\"]}]},{\"@type\":\"ImageObject\",\"inLanguage\":\"de\",\"@id\":\"https:\\\/\\\/simonbois.de\\\/product\\\/holzprofi-maker-dr250-abricht-dickenhobelmaschine\\\/#primaryimage\",\"url\":\"https:\\\/\\\/simonbois.de\\\/wp-content\\\/uploads\\\/2025\\\/08\\\/31.webp\",\"contentUrl\":\"https:\\\/\\\/simonbois.de\\\/wp-content\\\/uploads\\\/2025\\\/08\\\/31.webp\",\"width\":600,\"height\":600},{\"@type\":\"BreadcrumbList\",\"@id\":\"https:\\\/\\\/simonbois.de\\\/product\\\/holzprofi-maker-dr250-abricht-dickenhobelmaschine\\\/#breadcrumb\",\"itemListElement\":[{\"@type\":\"ListItem\",\"position\":1,\"name\":\"Home\",\"item\":\"https:\\\/\\\/simonbois.de\\\/\"},{\"@type\":\"ListItem\",\"position\":2,\"name\":\"Shop\",\"item\":\"https:\\\/\\\/simonbois.de\\\/shop-2\\\/\"},{\"@type\":\"ListItem\",\"position\":3,\"name\":\"Holzprofi MAKER DR250 Abricht-Dickenhobelmaschine\"}]},{\"@type\":\"WebSite\",\"@id\":\"https:\\\/\\\/simonbois.de\\\/#website\",\"url\":\"https:\\\/\\\/simonbois.de\\\/\",\"name\":\"SIMON BOIS\",\"description\":\"Verkauf und Lieferung von Brennholz auf Paletten\",\"potentialAction\":[{\"@type\":\"SearchAction\",\"target\":{\"@type\":\"EntryPoint\",\"urlTemplate\":\"https:\\\/\\\/simonbois.de\\\/?s={search_term_string}\"},\"query-input\":{\"@type\":\"PropertyValueSpecification\",\"valueRequired\":true,\"valueName\":\"search_term_string\"}}],\"inLanguage\":\"de\"}]}<\/script>\n<!-- \/ Yoast SEO plugin. -->","yoast_head_json":{"title":"Holzprofi MAKER DR250 Abricht-Dickenhobelmaschine - SIMON BOIS","robots":{"index":"index","follow":"follow","max-snippet":"max-snippet:-1","max-image-preview":"max-image-preview:large","max-video-preview":"max-video-preview:-1"},"canonical":"https:\/\/simonbois.de\/de\/product\/holzprofi-maker-dr250-abricht-dickenhobelmaschine\/","og_locale":"de_DE","og_type":"article","og_title":"Holzprofi MAKER DR250 Abricht-Dickenhobelmaschine - SIMON BOIS","og_description":"Die L\u00e4ngsdurchgangskapazit\u00e4t der Maschine kann durch eine oder mehrere optionale Tischverl\u00e4ngerungen zum Abricht- und\/oder Dickenhobeln erweitert werden: siehe Referenzen DR250-EXT und DR250-EXT-SUPPORT.  Lieferumfang  Im Lieferumfang enthalten: eine 200 x 425 mm gro\u00dfe Tischverl\u00e4ngerung f\u00fcr den Ein- und Auslauftisch zum Abricht- oder Dickenhobeln.  Senkrechtanschlag.  Klappbare Absaugstutzen mit 100 mm Durchmesser.  Wellenschutz. Doppelschnecken-Spiralwelle.  Digitalz\u00e4hler f\u00fcr die Abrichttischh\u00f6he.","og_url":"https:\/\/simonbois.de\/de\/product\/holzprofi-maker-dr250-abricht-dickenhobelmaschine\/","og_site_name":"SIMON BOIS","article_modified_time":"2025-08-17T08:40:52+00:00","og_image":[{"width":600,"height":600,"url":"https:\/\/simonbois.de\/wp-content\/uploads\/2025\/08\/31.webp","type":"image\/webp"}],"twitter_card":"summary_large_image","twitter_misc":{"Gesch\u00e4tzte Lesezeit":"1\u00a0Minute"},"schema":{"@context":"https:\/\/schema.org","@graph":[{"@type":"WebPage","@id":"https:\/\/simonbois.de\/product\/holzprofi-maker-dr250-abricht-dickenhobelmaschine\/","url":"https:\/\/simonbois.de\/product\/holzprofi-maker-dr250-abricht-dickenhobelmaschine\/","name":"Holzprofi MAKER DR250 Abricht-Dickenhobelmaschine - SIMON BOIS","isPartOf":{"@id":"https:\/\/simonbois.de\/#website"},"primaryImageOfPage":{"@id":"https:\/\/simonbois.de\/product\/holzprofi-maker-dr250-abricht-dickenhobelmaschine\/#primaryimage"},"image":{"@id":"https:\/\/simonbois.de\/product\/holzprofi-maker-dr250-abricht-dickenhobelmaschine\/#primaryimage"},"thumbnailUrl":"https:\/\/simonbois.de\/wp-content\/uploads\/2025\/08\/31.webp","datePublished":"2025-08-15T11:53:04+00:00","dateModified":"2025-08-17T08:40:52+00:00","breadcrumb":{"@id":"https:\/\/simonbois.de\/product\/holzprofi-maker-dr250-abricht-dickenhobelmaschine\/#breadcrumb"},"inLanguage":"de","potentialAction":[{"@type":"ReadAction","target":["https:\/\/simonbois.de\/product\/holzprofi-maker-dr250-abricht-dickenhobelmaschine\/"]}]},{"@type":"ImageObject","inLanguage":"de","@id":"https:\/\/simonbois.de\/product\/holzprofi-maker-dr250-abricht-dickenhobelmaschine\/#primaryimage","url":"https:\/\/simonbois.de\/wp-content\/uploads\/2025\/08\/31.webp","contentUrl":"https:\/\/simonbois.de\/wp-content\/uploads\/2025\/08\/31.webp","width":600,"height":600},{"@type":"BreadcrumbList","@id":"https:\/\/simonbois.de\/product\/holzprofi-maker-dr250-abricht-dickenhobelmaschine\/#breadcrumb","itemListElement":[{"@type":"ListItem","position":1,"name":"Home","item":"https:\/\/simonbois.de\/"},{"@type":"ListItem","position":2,"name":"Shop","item":"https:\/\/simonbois.de\/shop-2\/"},{"@type":"ListItem","position":3,"name":"Holzprofi MAKER DR250 Abricht-Dickenhobelmaschine"}]},{"@type":"WebSite","@id":"https:\/\/simonbois.de\/#website","url":"https:\/\/simonbois.de\/","name":"SIMON BOIS","description":"Verkauf und Lieferung von Brennholz auf Paletten","potentialAction":[{"@type":"SearchAction","target":{"@type":"EntryPoint","urlTemplate":"https:\/\/simonbois.de\/?s={search_term_string}"},"query-input":{"@type":"PropertyValueSpecification","valueRequired":true,"valueName":"search_term_string"}}],"inLanguage":"de"}]}},"_links":{"self":[{"href":"https:\/\/simonbois.de\/de\/wp-json\/wp\/v2\/product\/4523","targetHints":{"allow":["GET"]}}],"collection":[{"href":"https:\/\/simonbois.de\/de\/wp-json\/wp\/v2\/product"}],"about":[{"href":"https:\/\/simonbois.de\/de\/wp-json\/wp\/v2\/types\/product"}],"replies":[{"embeddable":true,"href":"https:\/\/simonbois.de\/de\/wp-json\/wp\/v2\/comments?post=4523"}],"wp:featuredmedia":[{"embeddable":true,"href":"https:\/\/simonbois.de\/de\/wp-json\/wp\/v2\/media\/4536"}],"wp:attachment":[{"href":"https:\/\/simonbois.de\/de\/wp-json\/wp\/v2\/media?parent=4523"}],"wp:term":[{"taxonomy":"product_brand","embeddable":true,"href":"https:\/\/simonbois.de\/de\/wp-json\/wp\/v2\/product_brand?post=4523"},{"taxonomy":"product_cat","embeddable":true,"href":"https:\/\/simonbois.de\/de\/wp-json\/wp\/v2\/product_cat?post=4523"},{"taxonomy":"product_tag","embeddable":true,"href":"https:\/\/simonbois.de\/de\/wp-json\/wp\/v2\/product_tag?post=4523"}],"curies":[{"name":"wp","href":"https:\/\/api.w.org\/{rel}","templated":true}]}}