{"id":4512,"date":"2025-08-15T11:30:55","date_gmt":"2025-08-15T11:30:55","guid":{"rendered":"https:\/\/simonbois.de\/?post_type=product&#038;p=4512"},"modified":"2025-08-15T11:30:55","modified_gmt":"2025-08-15T11:30:55","slug":"bernardo-dc650cf-spanesauger-400-v","status":"publish","type":"product","link":"https:\/\/simonbois.de\/de\/product\/bernardo-dc650cf-spanesauger-400-v\/","title":{"rendered":"Bernardo DC650CF Sp\u00e4nesauger \u2013 400 V"},"content":{"rendered":"<p>\u00a0<\/p>\n<p>Allgemeine Beschreibung:<\/p>\n<p>Einfacher Beutelwechsel dank Schnellverschluss<br \/>\nStarke Saugkraft dank aerodynamischem Stahlrotor<br \/>\nFilterpatrone mit Reinigungsb\u00fcrsten serienm\u00e4\u00dfig<br \/>\nFilterpatrone mit gro\u00dfer Filterfl\u00e4che f\u00fcr verbesserte Saugleistung<br \/>\nLeistungsstarker Motor sorgt f\u00fcr konstante Saugleistung<\/p>\n<p>Technische Daten des Bernardo DC650CF Sp\u00e4nesaugers:<\/p>\n<p>Leistung: 5310 m\u00b3\/h<br \/>\nFilterfl\u00e4che: 12,0 m\u00b2<br \/>\nMax. Unterdruck: 2.340 Pa<br \/>\nEinlassdurchmesser: 1 x 180 mm<br \/>\nEinlassdurchmesser mit Adapter: 4 x 100 mm<\/p>","protected":false},"excerpt":{"rendered":"<p>Beutelvolumen: 570 Liter (je 3 x 190 Liter)<br \/>\nLeerlaufdrehzahl: 2.950 U\/min<br \/>\nSchalldruck: 80 dB<br \/>\nMotorabgabeleistung S1 100 %: 3,7 kW (5,0 PS)<br \/>\nMotoraufnahmeleistung S6 40 %: 5,1 kW (7,0 PS)<br \/>\nSpannung: 3-phasig 400 V \/ 50 Hz<br \/>\nAbmessungen: 2184 x 582 x 1755 mm<br \/>\nGewicht: ca. 112 kg<\/p>\n<p>Der Bernardo DC650CF Sp\u00e4nesauger wird geliefert mit:<\/p>\n<p>3 FP2-Filterpatronen<br \/>\nFangbeutel<br \/>\n1 x 180 mm \/ 4 x 100 mm Adapter<br \/>\nSchlauch mit 100 mm Durchmesser nicht im Lieferumfang enthalten (siehe Optionen)<\/p>","protected":false},"featured_media":4513,"comment_status":"open","ping_status":"closed","template":"","meta":[],"product_brand":[],"product_cat":[191],"product_tag":[],"class_list":{"0":"post-4512","1":"product","2":"type-product","3":"status-publish","4":"has-post-thumbnail","6":"product_cat-maschinen","8":"first","9":"instock","10":"taxable","11":"shipping-taxable","12":"purchasable","13":"product-type-simple"},"yoast_head":"<!-- This site is optimized with the Yoast SEO plugin v27.5 - https:\/\/yoast.com\/product\/yoast-seo-wordpress\/ -->\n<title>Bernardo DC650CF Sp\u00e4nesauger \u2013 400 V - SIMON BOIS<\/title>\n<meta name=\"robots\" content=\"index, follow, max-snippet:-1, max-image-preview:large, max-video-preview:-1\" \/>\n<link rel=\"canonical\" href=\"https:\/\/simonbois.de\/de\/product\/bernardo-dc650cf-spanesauger-400-v\/\" \/>\n<meta property=\"og:locale\" content=\"de_DE\" \/>\n<meta property=\"og:type\" content=\"article\" \/>\n<meta property=\"og:title\" content=\"Bernardo DC650CF Sp\u00e4nesauger \u2013 400 V - SIMON BOIS\" \/>\n<meta property=\"og:description\" content=\"Beutelvolumen: 570 Liter (je 3 x 190 Liter) Leerlaufdrehzahl: 2.950 U\/min Schalldruck: 80 dB Motorabgabeleistung S1 100 %: 3,7 kW (5,0 PS) Motoraufnahmeleistung S6 40 %: 5,1 kW (7,0 PS) Spannung: 3-phasig 400 V \/ 50 Hz Abmessungen: 2184 x 582 x 1755 mm Gewicht: ca. 112 kg  Der Bernardo DC650CF Sp\u00e4nesauger wird geliefert mit:  3 FP2-Filterpatronen Fangbeutel 1 x 180 mm \/ 4 x 100 mm Adapter Schlauch mit 100 mm Durchmesser nicht im Lieferumfang enthalten (siehe Optionen)\" \/>\n<meta property=\"og:url\" content=\"https:\/\/simonbois.de\/de\/product\/bernardo-dc650cf-spanesauger-400-v\/\" \/>\n<meta property=\"og:site_name\" content=\"SIMON BOIS\" \/>\n<meta property=\"og:image\" content=\"https:\/\/simonbois.de\/wp-content\/uploads\/2025\/08\/22-1.webp\" \/>\n\t<meta property=\"og:image:width\" content=\"600\" \/>\n\t<meta property=\"og:image:height\" content=\"600\" \/>\n\t<meta property=\"og:image:type\" content=\"image\/webp\" \/>\n<meta name=\"twitter:card\" content=\"summary_large_image\" \/>\n<script type=\"application\/ld+json\" class=\"yoast-schema-graph\">{\"@context\":\"https:\\\/\\\/schema.org\",\"@graph\":[{\"@type\":\"WebPage\",\"@id\":\"https:\\\/\\\/simonbois.de\\\/product\\\/bernardo-dc650cf-spanesauger-400-v\\\/\",\"url\":\"https:\\\/\\\/simonbois.de\\\/product\\\/bernardo-dc650cf-spanesauger-400-v\\\/\",\"name\":\"Bernardo DC650CF Sp\u00e4nesauger \u2013 400 V - SIMON BOIS\",\"isPartOf\":{\"@id\":\"https:\\\/\\\/simonbois.de\\\/#website\"},\"primaryImageOfPage\":{\"@id\":\"https:\\\/\\\/simonbois.de\\\/product\\\/bernardo-dc650cf-spanesauger-400-v\\\/#primaryimage\"},\"image\":{\"@id\":\"https:\\\/\\\/simonbois.de\\\/product\\\/bernardo-dc650cf-spanesauger-400-v\\\/#primaryimage\"},\"thumbnailUrl\":\"https:\\\/\\\/simonbois.de\\\/wp-content\\\/uploads\\\/2025\\\/08\\\/22-1.webp\",\"datePublished\":\"2025-08-15T11:30:55+00:00\",\"breadcrumb\":{\"@id\":\"https:\\\/\\\/simonbois.de\\\/product\\\/bernardo-dc650cf-spanesauger-400-v\\\/#breadcrumb\"},\"inLanguage\":\"de\",\"potentialAction\":[{\"@type\":\"ReadAction\",\"target\":[\"https:\\\/\\\/simonbois.de\\\/product\\\/bernardo-dc650cf-spanesauger-400-v\\\/\"]}]},{\"@type\":\"ImageObject\",\"inLanguage\":\"de\",\"@id\":\"https:\\\/\\\/simonbois.de\\\/product\\\/bernardo-dc650cf-spanesauger-400-v\\\/#primaryimage\",\"url\":\"https:\\\/\\\/simonbois.de\\\/wp-content\\\/uploads\\\/2025\\\/08\\\/22-1.webp\",\"contentUrl\":\"https:\\\/\\\/simonbois.de\\\/wp-content\\\/uploads\\\/2025\\\/08\\\/22-1.webp\",\"width\":600,\"height\":600},{\"@type\":\"BreadcrumbList\",\"@id\":\"https:\\\/\\\/simonbois.de\\\/product\\\/bernardo-dc650cf-spanesauger-400-v\\\/#breadcrumb\",\"itemListElement\":[{\"@type\":\"ListItem\",\"position\":1,\"name\":\"Home\",\"item\":\"https:\\\/\\\/simonbois.de\\\/\"},{\"@type\":\"ListItem\",\"position\":2,\"name\":\"Shop\",\"item\":\"https:\\\/\\\/simonbois.de\\\/shop-2\\\/\"},{\"@type\":\"ListItem\",\"position\":3,\"name\":\"Bernardo DC650CF Sp\u00e4nesauger \u2013 400 V\"}]},{\"@type\":\"WebSite\",\"@id\":\"https:\\\/\\\/simonbois.de\\\/#website\",\"url\":\"https:\\\/\\\/simonbois.de\\\/\",\"name\":\"SIMON BOIS\",\"description\":\"Verkauf und Lieferung von Brennholz auf Paletten\",\"potentialAction\":[{\"@type\":\"SearchAction\",\"target\":{\"@type\":\"EntryPoint\",\"urlTemplate\":\"https:\\\/\\\/simonbois.de\\\/?s={search_term_string}\"},\"query-input\":{\"@type\":\"PropertyValueSpecification\",\"valueRequired\":true,\"valueName\":\"search_term_string\"}}],\"inLanguage\":\"de\"}]}<\/script>\n<!-- \/ Yoast SEO plugin. -->","yoast_head_json":{"title":"Bernardo DC650CF Sp\u00e4nesauger \u2013 400 V - SIMON BOIS","robots":{"index":"index","follow":"follow","max-snippet":"max-snippet:-1","max-image-preview":"max-image-preview:large","max-video-preview":"max-video-preview:-1"},"canonical":"https:\/\/simonbois.de\/de\/product\/bernardo-dc650cf-spanesauger-400-v\/","og_locale":"de_DE","og_type":"article","og_title":"Bernardo DC650CF Sp\u00e4nesauger \u2013 400 V - SIMON BOIS","og_description":"Beutelvolumen: 570 Liter (je 3 x 190 Liter) Leerlaufdrehzahl: 2.950 U\/min Schalldruck: 80 dB Motorabgabeleistung S1 100 %: 3,7 kW (5,0 PS) Motoraufnahmeleistung S6 40 %: 5,1 kW (7,0 PS) Spannung: 3-phasig 400 V \/ 50 Hz Abmessungen: 2184 x 582 x 1755 mm Gewicht: ca. 112 kg  Der Bernardo DC650CF Sp\u00e4nesauger wird geliefert mit:  3 FP2-Filterpatronen Fangbeutel 1 x 180 mm \/ 4 x 100 mm Adapter Schlauch mit 100 mm Durchmesser nicht im Lieferumfang enthalten (siehe Optionen)","og_url":"https:\/\/simonbois.de\/de\/product\/bernardo-dc650cf-spanesauger-400-v\/","og_site_name":"SIMON BOIS","og_image":[{"width":600,"height":600,"url":"https:\/\/simonbois.de\/wp-content\/uploads\/2025\/08\/22-1.webp","type":"image\/webp"}],"twitter_card":"summary_large_image","schema":{"@context":"https:\/\/schema.org","@graph":[{"@type":"WebPage","@id":"https:\/\/simonbois.de\/product\/bernardo-dc650cf-spanesauger-400-v\/","url":"https:\/\/simonbois.de\/product\/bernardo-dc650cf-spanesauger-400-v\/","name":"Bernardo DC650CF Sp\u00e4nesauger \u2013 400 V - SIMON BOIS","isPartOf":{"@id":"https:\/\/simonbois.de\/#website"},"primaryImageOfPage":{"@id":"https:\/\/simonbois.de\/product\/bernardo-dc650cf-spanesauger-400-v\/#primaryimage"},"image":{"@id":"https:\/\/simonbois.de\/product\/bernardo-dc650cf-spanesauger-400-v\/#primaryimage"},"thumbnailUrl":"https:\/\/simonbois.de\/wp-content\/uploads\/2025\/08\/22-1.webp","datePublished":"2025-08-15T11:30:55+00:00","breadcrumb":{"@id":"https:\/\/simonbois.de\/product\/bernardo-dc650cf-spanesauger-400-v\/#breadcrumb"},"inLanguage":"de","potentialAction":[{"@type":"ReadAction","target":["https:\/\/simonbois.de\/product\/bernardo-dc650cf-spanesauger-400-v\/"]}]},{"@type":"ImageObject","inLanguage":"de","@id":"https:\/\/simonbois.de\/product\/bernardo-dc650cf-spanesauger-400-v\/#primaryimage","url":"https:\/\/simonbois.de\/wp-content\/uploads\/2025\/08\/22-1.webp","contentUrl":"https:\/\/simonbois.de\/wp-content\/uploads\/2025\/08\/22-1.webp","width":600,"height":600},{"@type":"BreadcrumbList","@id":"https:\/\/simonbois.de\/product\/bernardo-dc650cf-spanesauger-400-v\/#breadcrumb","itemListElement":[{"@type":"ListItem","position":1,"name":"Home","item":"https:\/\/simonbois.de\/"},{"@type":"ListItem","position":2,"name":"Shop","item":"https:\/\/simonbois.de\/shop-2\/"},{"@type":"ListItem","position":3,"name":"Bernardo DC650CF Sp\u00e4nesauger \u2013 400 V"}]},{"@type":"WebSite","@id":"https:\/\/simonbois.de\/#website","url":"https:\/\/simonbois.de\/","name":"SIMON BOIS","description":"Verkauf und Lieferung von Brennholz auf Paletten","potentialAction":[{"@type":"SearchAction","target":{"@type":"EntryPoint","urlTemplate":"https:\/\/simonbois.de\/?s={search_term_string}"},"query-input":{"@type":"PropertyValueSpecification","valueRequired":true,"valueName":"search_term_string"}}],"inLanguage":"de"}]}},"_links":{"self":[{"href":"https:\/\/simonbois.de\/de\/wp-json\/wp\/v2\/product\/4512","targetHints":{"allow":["GET"]}}],"collection":[{"href":"https:\/\/simonbois.de\/de\/wp-json\/wp\/v2\/product"}],"about":[{"href":"https:\/\/simonbois.de\/de\/wp-json\/wp\/v2\/types\/product"}],"replies":[{"embeddable":true,"href":"https:\/\/simonbois.de\/de\/wp-json\/wp\/v2\/comments?post=4512"}],"wp:featuredmedia":[{"embeddable":true,"href":"https:\/\/simonbois.de\/de\/wp-json\/wp\/v2\/media\/4513"}],"wp:attachment":[{"href":"https:\/\/simonbois.de\/de\/wp-json\/wp\/v2\/media?parent=4512"}],"wp:term":[{"taxonomy":"product_brand","embeddable":true,"href":"https:\/\/simonbois.de\/de\/wp-json\/wp\/v2\/product_brand?post=4512"},{"taxonomy":"product_cat","embeddable":true,"href":"https:\/\/simonbois.de\/de\/wp-json\/wp\/v2\/product_cat?post=4512"},{"taxonomy":"product_tag","embeddable":true,"href":"https:\/\/simonbois.de\/de\/wp-json\/wp\/v2\/product_tag?post=4512"}],"curies":[{"name":"wp","href":"https:\/\/api.w.org\/{rel}","templated":true}]}}