{"id":4508,"date":"2025-08-15T11:44:05","date_gmt":"2025-08-15T11:44:05","guid":{"rendered":"https:\/\/simonbois.de\/?post_type=product&#038;p=4508"},"modified":"2025-08-17T08:41:52","modified_gmt":"2025-08-17T08:41:52","slug":"holzmann-hob-260-eco-mono-abricht-und-dickenhobelmaschine","status":"publish","type":"product","link":"https:\/\/simonbois.de\/de\/product\/holzmann-hob-260-eco-mono-abricht-und-dickenhobelmaschine\/","title":{"rendered":"Holzmann HOB 260 ECO Mono Abricht- und Dickenhobelmaschine"},"content":{"rendered":"<p>\u00a0<\/p>\n<p>\u00a0<\/p>\n<p>Verstellbarer Abrichtanschlag aus Aluminium, 45\u00b0 neigbar.<br \/>\nSchwenkbare Abrichttische aus Grauguss mit ger\u00e4uschd\u00e4mpfenden Kanten.<br \/>\nDer stabile und robuste Schwei\u00dfrahmen sorgt f\u00fcr hohe Stabilit\u00e4t.<br \/>\nAutomatischer Vorschub mit ausr\u00fcckbarer Kupplung.<br \/>\nPraktische Stecker-\/Schalterkombination.<br \/>\nDer Wechsel von Abricht- zu Dickenhobeln erfolgt durch einfaches Schwenken bei positionierter Absaugklappe.<br \/>\nDie auf einem Gusseisenblock montierten Ein- und Auszugsrollen sorgen f\u00fcr optimalen Werkst\u00fcckdruck.<br \/>\nKomfortable Abrichttischh\u00f6henverstellung mit Handrad und Millimeteranschlag<br \/>\n20-Messer-Steilspindel<\/p>\n<p>Ausstattung:<br \/>\nSteilspindel, Abrichtanschlag, 3 Ersatzmesser<\/p>\n<p>Weitere Informationen<br \/>\nHobelbreite: 250 mm<br \/>\nAbmessungen Abrichttisch: 1085 x 256 mm<br \/>\nTischh\u00f6he: 850 mm<br \/>\nMaximaler Vorschub: 3 mm<br \/>\nAbmessungen Abrichtanschlag: 750 x 130 mm<\/p>","protected":false},"excerpt":{"rendered":"<p>Schwenkwinkel Abrichtanschlag: 90\u00b0\u201345\u00b0<br \/>\nMaximale Hobelbreite: 245 mm<br \/>\nAbmessungen Abrichttisch: 590 x 245 mm<br \/>\nMaximale Hobelh\u00f6he: 195 mm<br \/>\nMindesthobelh\u00f6he: 8 mm<br \/>\nMaximaler Vorschub: 2 mm<br \/>\nVorschubgeschwindigkeit: 5,5 m\/min<br \/>\nMotorleistung: S1 (100 %) \/ (S6) 1,5 kW \/ 2,1 kW<br \/>\nSpannung: 230 V<br \/>\nDrehzahl der Welle: 4000 U\/min<br \/>\nHobelwellendurchmesser: 75 mm<br \/>\nAnzahl der Messer: 20<br \/>\nNettogewicht: ca. 146 kg<br \/>\nBruttogewicht: ca. 167 kg<br \/>\nAbsaugd\u00fcsendurchmesser: 100 mm<br \/>\nMaschinenabmessungen: 1084 x 472 x 1050 mm<\/p>","protected":false},"featured_media":4521,"comment_status":"open","ping_status":"closed","template":"","meta":[],"product_brand":[],"product_cat":[191],"product_tag":[],"class_list":{"0":"post-4508","1":"product","2":"type-product","3":"status-publish","4":"has-post-thumbnail","6":"product_cat-maschinen","8":"first","9":"instock","10":"taxable","11":"shipping-taxable","12":"purchasable","13":"product-type-simple"},"yoast_head":"<!-- This site is optimized with the Yoast SEO plugin v27.5 - https:\/\/yoast.com\/product\/yoast-seo-wordpress\/ -->\n<title>Holzmann HOB 260 ECO Mono Abricht- und Dickenhobelmaschine - SIMON BOIS<\/title>\n<meta name=\"robots\" content=\"index, follow, max-snippet:-1, max-image-preview:large, max-video-preview:-1\" \/>\n<link rel=\"canonical\" href=\"https:\/\/simonbois.de\/de\/product\/holzmann-hob-260-eco-mono-abricht-und-dickenhobelmaschine\/\" \/>\n<meta property=\"og:locale\" content=\"de_DE\" \/>\n<meta property=\"og:type\" content=\"article\" \/>\n<meta property=\"og:title\" content=\"Holzmann HOB 260 ECO Mono Abricht- und Dickenhobelmaschine - SIMON BOIS\" \/>\n<meta property=\"og:description\" content=\"Schwenkwinkel Abrichtanschlag: 90\u00b0\u201345\u00b0 Maximale Hobelbreite: 245 mm Abmessungen Abrichttisch: 590 x 245 mm Maximale Hobelh\u00f6he: 195 mm Mindesthobelh\u00f6he: 8 mm Maximaler Vorschub: 2 mm Vorschubgeschwindigkeit: 5,5 m\/min Motorleistung: S1 (100 %) \/ (S6) 1,5 kW \/ 2,1 kW Spannung: 230 V Drehzahl der Welle: 4000 U\/min Hobelwellendurchmesser: 75 mm Anzahl der Messer: 20 Nettogewicht: ca. 146 kg Bruttogewicht: ca. 167 kg Absaugd\u00fcsendurchmesser: 100 mm Maschinenabmessungen: 1084 x 472 x 1050 mm\" \/>\n<meta property=\"og:url\" content=\"https:\/\/simonbois.de\/de\/product\/holzmann-hob-260-eco-mono-abricht-und-dickenhobelmaschine\/\" \/>\n<meta property=\"og:site_name\" content=\"SIMON BOIS\" \/>\n<meta property=\"article:modified_time\" content=\"2025-08-17T08:41:52+00:00\" \/>\n<meta property=\"og:image\" content=\"https:\/\/simonbois.de\/wp-content\/uploads\/2025\/08\/29-1.webp\" \/>\n\t<meta property=\"og:image:width\" content=\"600\" \/>\n\t<meta property=\"og:image:height\" content=\"600\" \/>\n\t<meta property=\"og:image:type\" content=\"image\/webp\" \/>\n<meta name=\"twitter:card\" content=\"summary_large_image\" \/>\n<meta name=\"twitter:label1\" content=\"Gesch\u00e4tzte Lesezeit\" \/>\n\t<meta name=\"twitter:data1\" content=\"1\u00a0Minute\" \/>\n<script type=\"application\/ld+json\" class=\"yoast-schema-graph\">{\"@context\":\"https:\\\/\\\/schema.org\",\"@graph\":[{\"@type\":\"WebPage\",\"@id\":\"https:\\\/\\\/simonbois.de\\\/product\\\/holzmann-hob-260-eco-mono-abricht-und-dickenhobelmaschine\\\/\",\"url\":\"https:\\\/\\\/simonbois.de\\\/product\\\/holzmann-hob-260-eco-mono-abricht-und-dickenhobelmaschine\\\/\",\"name\":\"Holzmann HOB 260 ECO Mono Abricht- und Dickenhobelmaschine - SIMON BOIS\",\"isPartOf\":{\"@id\":\"https:\\\/\\\/simonbois.de\\\/#website\"},\"primaryImageOfPage\":{\"@id\":\"https:\\\/\\\/simonbois.de\\\/product\\\/holzmann-hob-260-eco-mono-abricht-und-dickenhobelmaschine\\\/#primaryimage\"},\"image\":{\"@id\":\"https:\\\/\\\/simonbois.de\\\/product\\\/holzmann-hob-260-eco-mono-abricht-und-dickenhobelmaschine\\\/#primaryimage\"},\"thumbnailUrl\":\"https:\\\/\\\/simonbois.de\\\/wp-content\\\/uploads\\\/2025\\\/08\\\/29-1.webp\",\"datePublished\":\"2025-08-15T11:44:05+00:00\",\"dateModified\":\"2025-08-17T08:41:52+00:00\",\"breadcrumb\":{\"@id\":\"https:\\\/\\\/simonbois.de\\\/product\\\/holzmann-hob-260-eco-mono-abricht-und-dickenhobelmaschine\\\/#breadcrumb\"},\"inLanguage\":\"de\",\"potentialAction\":[{\"@type\":\"ReadAction\",\"target\":[\"https:\\\/\\\/simonbois.de\\\/product\\\/holzmann-hob-260-eco-mono-abricht-und-dickenhobelmaschine\\\/\"]}]},{\"@type\":\"ImageObject\",\"inLanguage\":\"de\",\"@id\":\"https:\\\/\\\/simonbois.de\\\/product\\\/holzmann-hob-260-eco-mono-abricht-und-dickenhobelmaschine\\\/#primaryimage\",\"url\":\"https:\\\/\\\/simonbois.de\\\/wp-content\\\/uploads\\\/2025\\\/08\\\/29-1.webp\",\"contentUrl\":\"https:\\\/\\\/simonbois.de\\\/wp-content\\\/uploads\\\/2025\\\/08\\\/29-1.webp\",\"width\":600,\"height\":600},{\"@type\":\"BreadcrumbList\",\"@id\":\"https:\\\/\\\/simonbois.de\\\/product\\\/holzmann-hob-260-eco-mono-abricht-und-dickenhobelmaschine\\\/#breadcrumb\",\"itemListElement\":[{\"@type\":\"ListItem\",\"position\":1,\"name\":\"Home\",\"item\":\"https:\\\/\\\/simonbois.de\\\/\"},{\"@type\":\"ListItem\",\"position\":2,\"name\":\"Shop\",\"item\":\"https:\\\/\\\/simonbois.de\\\/shop-2\\\/\"},{\"@type\":\"ListItem\",\"position\":3,\"name\":\"Holzmann HOB 260 ECO Mono Abricht- und Dickenhobelmaschine\"}]},{\"@type\":\"WebSite\",\"@id\":\"https:\\\/\\\/simonbois.de\\\/#website\",\"url\":\"https:\\\/\\\/simonbois.de\\\/\",\"name\":\"SIMON BOIS\",\"description\":\"Verkauf und Lieferung von Brennholz auf Paletten\",\"potentialAction\":[{\"@type\":\"SearchAction\",\"target\":{\"@type\":\"EntryPoint\",\"urlTemplate\":\"https:\\\/\\\/simonbois.de\\\/?s={search_term_string}\"},\"query-input\":{\"@type\":\"PropertyValueSpecification\",\"valueRequired\":true,\"valueName\":\"search_term_string\"}}],\"inLanguage\":\"de\"}]}<\/script>\n<!-- \/ Yoast SEO plugin. -->","yoast_head_json":{"title":"Holzmann HOB 260 ECO Mono Abricht- und Dickenhobelmaschine - SIMON BOIS","robots":{"index":"index","follow":"follow","max-snippet":"max-snippet:-1","max-image-preview":"max-image-preview:large","max-video-preview":"max-video-preview:-1"},"canonical":"https:\/\/simonbois.de\/de\/product\/holzmann-hob-260-eco-mono-abricht-und-dickenhobelmaschine\/","og_locale":"de_DE","og_type":"article","og_title":"Holzmann HOB 260 ECO Mono Abricht- und Dickenhobelmaschine - SIMON BOIS","og_description":"Schwenkwinkel Abrichtanschlag: 90\u00b0\u201345\u00b0 Maximale Hobelbreite: 245 mm Abmessungen Abrichttisch: 590 x 245 mm Maximale Hobelh\u00f6he: 195 mm Mindesthobelh\u00f6he: 8 mm Maximaler Vorschub: 2 mm Vorschubgeschwindigkeit: 5,5 m\/min Motorleistung: S1 (100 %) \/ (S6) 1,5 kW \/ 2,1 kW Spannung: 230 V Drehzahl der Welle: 4000 U\/min Hobelwellendurchmesser: 75 mm Anzahl der Messer: 20 Nettogewicht: ca. 146 kg Bruttogewicht: ca. 167 kg Absaugd\u00fcsendurchmesser: 100 mm Maschinenabmessungen: 1084 x 472 x 1050 mm","og_url":"https:\/\/simonbois.de\/de\/product\/holzmann-hob-260-eco-mono-abricht-und-dickenhobelmaschine\/","og_site_name":"SIMON BOIS","article_modified_time":"2025-08-17T08:41:52+00:00","og_image":[{"width":600,"height":600,"url":"https:\/\/simonbois.de\/wp-content\/uploads\/2025\/08\/29-1.webp","type":"image\/webp"}],"twitter_card":"summary_large_image","twitter_misc":{"Gesch\u00e4tzte Lesezeit":"1\u00a0Minute"},"schema":{"@context":"https:\/\/schema.org","@graph":[{"@type":"WebPage","@id":"https:\/\/simonbois.de\/product\/holzmann-hob-260-eco-mono-abricht-und-dickenhobelmaschine\/","url":"https:\/\/simonbois.de\/product\/holzmann-hob-260-eco-mono-abricht-und-dickenhobelmaschine\/","name":"Holzmann HOB 260 ECO Mono Abricht- und Dickenhobelmaschine - SIMON BOIS","isPartOf":{"@id":"https:\/\/simonbois.de\/#website"},"primaryImageOfPage":{"@id":"https:\/\/simonbois.de\/product\/holzmann-hob-260-eco-mono-abricht-und-dickenhobelmaschine\/#primaryimage"},"image":{"@id":"https:\/\/simonbois.de\/product\/holzmann-hob-260-eco-mono-abricht-und-dickenhobelmaschine\/#primaryimage"},"thumbnailUrl":"https:\/\/simonbois.de\/wp-content\/uploads\/2025\/08\/29-1.webp","datePublished":"2025-08-15T11:44:05+00:00","dateModified":"2025-08-17T08:41:52+00:00","breadcrumb":{"@id":"https:\/\/simonbois.de\/product\/holzmann-hob-260-eco-mono-abricht-und-dickenhobelmaschine\/#breadcrumb"},"inLanguage":"de","potentialAction":[{"@type":"ReadAction","target":["https:\/\/simonbois.de\/product\/holzmann-hob-260-eco-mono-abricht-und-dickenhobelmaschine\/"]}]},{"@type":"ImageObject","inLanguage":"de","@id":"https:\/\/simonbois.de\/product\/holzmann-hob-260-eco-mono-abricht-und-dickenhobelmaschine\/#primaryimage","url":"https:\/\/simonbois.de\/wp-content\/uploads\/2025\/08\/29-1.webp","contentUrl":"https:\/\/simonbois.de\/wp-content\/uploads\/2025\/08\/29-1.webp","width":600,"height":600},{"@type":"BreadcrumbList","@id":"https:\/\/simonbois.de\/product\/holzmann-hob-260-eco-mono-abricht-und-dickenhobelmaschine\/#breadcrumb","itemListElement":[{"@type":"ListItem","position":1,"name":"Home","item":"https:\/\/simonbois.de\/"},{"@type":"ListItem","position":2,"name":"Shop","item":"https:\/\/simonbois.de\/shop-2\/"},{"@type":"ListItem","position":3,"name":"Holzmann HOB 260 ECO Mono Abricht- und Dickenhobelmaschine"}]},{"@type":"WebSite","@id":"https:\/\/simonbois.de\/#website","url":"https:\/\/simonbois.de\/","name":"SIMON BOIS","description":"Verkauf und Lieferung von Brennholz auf Paletten","potentialAction":[{"@type":"SearchAction","target":{"@type":"EntryPoint","urlTemplate":"https:\/\/simonbois.de\/?s={search_term_string}"},"query-input":{"@type":"PropertyValueSpecification","valueRequired":true,"valueName":"search_term_string"}}],"inLanguage":"de"}]}},"_links":{"self":[{"href":"https:\/\/simonbois.de\/de\/wp-json\/wp\/v2\/product\/4508","targetHints":{"allow":["GET"]}}],"collection":[{"href":"https:\/\/simonbois.de\/de\/wp-json\/wp\/v2\/product"}],"about":[{"href":"https:\/\/simonbois.de\/de\/wp-json\/wp\/v2\/types\/product"}],"replies":[{"embeddable":true,"href":"https:\/\/simonbois.de\/de\/wp-json\/wp\/v2\/comments?post=4508"}],"wp:featuredmedia":[{"embeddable":true,"href":"https:\/\/simonbois.de\/de\/wp-json\/wp\/v2\/media\/4521"}],"wp:attachment":[{"href":"https:\/\/simonbois.de\/de\/wp-json\/wp\/v2\/media?parent=4508"}],"wp:term":[{"taxonomy":"product_brand","embeddable":true,"href":"https:\/\/simonbois.de\/de\/wp-json\/wp\/v2\/product_brand?post=4508"},{"taxonomy":"product_cat","embeddable":true,"href":"https:\/\/simonbois.de\/de\/wp-json\/wp\/v2\/product_cat?post=4508"},{"taxonomy":"product_tag","embeddable":true,"href":"https:\/\/simonbois.de\/de\/wp-json\/wp\/v2\/product_tag?post=4508"}],"curies":[{"name":"wp","href":"https:\/\/api.w.org\/{rel}","templated":true}]}}