{"id":4506,"date":"2025-08-15T11:39:42","date_gmt":"2025-08-15T11:39:42","guid":{"rendered":"https:\/\/simonbois.de\/?post_type=product&#038;p=4506"},"modified":"2025-08-17T08:42:15","modified_gmt":"2025-08-17T08:42:15","slug":"jet-dc-1100ck-m-spaneabsauger-mit-filterpatrone-230-v","status":"publish","type":"product","link":"https:\/\/simonbois.de\/de\/product\/jet-dc-1100ck-m-spaneabsauger-mit-filterpatrone-230-v\/","title":{"rendered":"JET DC-1100CK-M Sp\u00e4neabsauger mit Filterpatrone \u2013 230 V"},"content":{"rendered":"<p>\u00a0<\/p>\n<p>\u00a0<\/p>\n<p>Technische Daten des JET DC-1100CK-M Sp\u00e4neabsaugers:<\/p>\n<p>Spannung: 230 V<br \/>\nLeistung: 1,1 kW (1,5 PS) S1<br \/>\nSpannung: 230 V ~3L\/PE 50 Hz<br \/>\nLeistung: 1,1 kW (1,5 PS) S1<br \/>\nSaugvolumen \u00f8150 mm: 1620 m\u00b3\/h<br \/>\nSaugvolumen \u00f8100 mm: 1150 m\u00b3\/h<br \/>\nSp\u00e4nesackvolumen: 200 l<br \/>\nVakuumdruck: 1700 Pa<br \/>\nAnschluss: \u00f8150 mm (Y: 2 x \u00f8100 mm)<br \/>\nAbmessungen: 940 x 510 x 1830 mm<br \/>\nNettogewicht: 71 kg<br \/>\nSchalldruckpegel (EN) ISO 11202): LpA 80 dB(A)<\/p>\n<p>Vorteile des JET DC-1100CK-M Sp\u00e4nesaugers:<\/p>\n<p>Der Vortex Cone verbessert die Sp\u00e4neabscheidung und die Effizienz des Auffangbeutels.<br \/>\nVerhindert vorzeitiges Verstopfen des Filters f\u00fcr gleichbleibende Leistung.<br \/>\nEinstufige Konfiguration f\u00fcr sparsamen und leisen Betrieb.<br \/>\nDie Luftgeschwindigkeitskonfiguration (CFM) entspricht den Leistungsspezifikationen.<br \/>\nKomplett geschlossene, bel\u00fcftete und dauergeschmierte Motoren erm\u00f6glichen einen kontinuierlichen Betrieb.<br \/>\nVier Rollen sorgen f\u00fcr verbesserte Man\u00f6vrierf\u00e4higkeit und absolute Mobilit\u00e4t.<br \/>\nSchnellverschluss-Auffangbeutel mit Gummizug f\u00fcr schnelles und einfaches Anbringen und Abnehmen.<br \/>\nWahlweise 1 x 150 mm oder 2 x 100 mm Einl\u00e4sse, passend f\u00fcr die meisten Maschinen.<\/p>\n<p>\u00a0<\/p>","protected":false},"excerpt":{"rendered":"<p>Vortex Cone-Technologie:<\/p>\n<p>Nur Luft und Feinpartikel gelangen in den Filterbereich. Dank der reduzierten Staubkonzentration treten weniger gesundheitliche Probleme auf.<br \/>\n98 % der Sp\u00e4ne befinden sich nicht mehr im Filterbereich, wodurch Verstopfungen vermieden werden.<br \/>\nDie Saugleistung bleibt konstant, und der Fangsack kann mehr Sp\u00e4ne aufnehmen.<\/p>\n<p>Der JET DC-1100CK-M Sp\u00e4nesauger wird geliefert mit:<\/p>\n<p>1 x Filterkartusche<br \/>\n5 x Sp\u00e4nebeutel<br \/>\nRollvorrichtung<br \/>\nKegelhalter<br \/>\nKegel<br \/>\n2 x 100 mm Y-Verbinder<\/p>","protected":false},"featured_media":4519,"comment_status":"open","ping_status":"closed","template":"","meta":[],"product_brand":[],"product_cat":[191],"product_tag":[],"class_list":{"0":"post-4506","1":"product","2":"type-product","3":"status-publish","4":"has-post-thumbnail","6":"product_cat-maschinen","8":"first","9":"instock","10":"taxable","11":"shipping-taxable","12":"purchasable","13":"product-type-simple"},"yoast_head":"<!-- This site is optimized with the Yoast SEO plugin v27.5 - https:\/\/yoast.com\/product\/yoast-seo-wordpress\/ -->\n<title>JET DC-1100CK-M Sp\u00e4neabsauger mit Filterpatrone \u2013 230 V - SIMON BOIS<\/title>\n<meta name=\"robots\" content=\"index, follow, max-snippet:-1, max-image-preview:large, max-video-preview:-1\" \/>\n<link rel=\"canonical\" href=\"https:\/\/simonbois.de\/de\/product\/jet-dc-1100ck-m-spaneabsauger-mit-filterpatrone-230-v\/\" \/>\n<meta property=\"og:locale\" content=\"de_DE\" \/>\n<meta property=\"og:type\" content=\"article\" \/>\n<meta property=\"og:title\" content=\"JET DC-1100CK-M Sp\u00e4neabsauger mit Filterpatrone \u2013 230 V - SIMON BOIS\" \/>\n<meta property=\"og:description\" content=\"Vortex Cone-Technologie:  Nur Luft und Feinpartikel gelangen in den Filterbereich. Dank der reduzierten Staubkonzentration treten weniger gesundheitliche Probleme auf. 98 % der Sp\u00e4ne befinden sich nicht mehr im Filterbereich, wodurch Verstopfungen vermieden werden. Die Saugleistung bleibt konstant, und der Fangsack kann mehr Sp\u00e4ne aufnehmen.  Der JET DC-1100CK-M Sp\u00e4nesauger wird geliefert mit:  1 x Filterkartusche 5 x Sp\u00e4nebeutel Rollvorrichtung Kegelhalter Kegel 2 x 100 mm Y-Verbinder\" \/>\n<meta property=\"og:url\" content=\"https:\/\/simonbois.de\/de\/product\/jet-dc-1100ck-m-spaneabsauger-mit-filterpatrone-230-v\/\" \/>\n<meta property=\"og:site_name\" content=\"SIMON BOIS\" \/>\n<meta property=\"article:modified_time\" content=\"2025-08-17T08:42:15+00:00\" \/>\n<meta property=\"og:image\" content=\"https:\/\/simonbois.de\/wp-content\/uploads\/2025\/08\/27-1.webp\" \/>\n\t<meta property=\"og:image:width\" content=\"600\" \/>\n\t<meta property=\"og:image:height\" content=\"600\" \/>\n\t<meta property=\"og:image:type\" content=\"image\/webp\" \/>\n<meta name=\"twitter:card\" content=\"summary_large_image\" \/>\n<meta name=\"twitter:label1\" content=\"Gesch\u00e4tzte Lesezeit\" \/>\n\t<meta name=\"twitter:data1\" content=\"1\u00a0Minute\" \/>\n<script type=\"application\/ld+json\" class=\"yoast-schema-graph\">{\"@context\":\"https:\\\/\\\/schema.org\",\"@graph\":[{\"@type\":\"WebPage\",\"@id\":\"https:\\\/\\\/simonbois.de\\\/product\\\/jet-dc-1100ck-m-spaneabsauger-mit-filterpatrone-230-v\\\/\",\"url\":\"https:\\\/\\\/simonbois.de\\\/product\\\/jet-dc-1100ck-m-spaneabsauger-mit-filterpatrone-230-v\\\/\",\"name\":\"JET DC-1100CK-M Sp\u00e4neabsauger mit Filterpatrone \u2013 230 V - SIMON BOIS\",\"isPartOf\":{\"@id\":\"https:\\\/\\\/simonbois.de\\\/#website\"},\"primaryImageOfPage\":{\"@id\":\"https:\\\/\\\/simonbois.de\\\/product\\\/jet-dc-1100ck-m-spaneabsauger-mit-filterpatrone-230-v\\\/#primaryimage\"},\"image\":{\"@id\":\"https:\\\/\\\/simonbois.de\\\/product\\\/jet-dc-1100ck-m-spaneabsauger-mit-filterpatrone-230-v\\\/#primaryimage\"},\"thumbnailUrl\":\"https:\\\/\\\/simonbois.de\\\/wp-content\\\/uploads\\\/2025\\\/08\\\/27-1.webp\",\"datePublished\":\"2025-08-15T11:39:42+00:00\",\"dateModified\":\"2025-08-17T08:42:15+00:00\",\"breadcrumb\":{\"@id\":\"https:\\\/\\\/simonbois.de\\\/product\\\/jet-dc-1100ck-m-spaneabsauger-mit-filterpatrone-230-v\\\/#breadcrumb\"},\"inLanguage\":\"de\",\"potentialAction\":[{\"@type\":\"ReadAction\",\"target\":[\"https:\\\/\\\/simonbois.de\\\/product\\\/jet-dc-1100ck-m-spaneabsauger-mit-filterpatrone-230-v\\\/\"]}]},{\"@type\":\"ImageObject\",\"inLanguage\":\"de\",\"@id\":\"https:\\\/\\\/simonbois.de\\\/product\\\/jet-dc-1100ck-m-spaneabsauger-mit-filterpatrone-230-v\\\/#primaryimage\",\"url\":\"https:\\\/\\\/simonbois.de\\\/wp-content\\\/uploads\\\/2025\\\/08\\\/27-1.webp\",\"contentUrl\":\"https:\\\/\\\/simonbois.de\\\/wp-content\\\/uploads\\\/2025\\\/08\\\/27-1.webp\",\"width\":600,\"height\":600},{\"@type\":\"BreadcrumbList\",\"@id\":\"https:\\\/\\\/simonbois.de\\\/product\\\/jet-dc-1100ck-m-spaneabsauger-mit-filterpatrone-230-v\\\/#breadcrumb\",\"itemListElement\":[{\"@type\":\"ListItem\",\"position\":1,\"name\":\"Home\",\"item\":\"https:\\\/\\\/simonbois.de\\\/\"},{\"@type\":\"ListItem\",\"position\":2,\"name\":\"Shop\",\"item\":\"https:\\\/\\\/simonbois.de\\\/shop-2\\\/\"},{\"@type\":\"ListItem\",\"position\":3,\"name\":\"JET DC-1100CK-M Sp\u00e4neabsauger mit Filterpatrone \u2013 230 V\"}]},{\"@type\":\"WebSite\",\"@id\":\"https:\\\/\\\/simonbois.de\\\/#website\",\"url\":\"https:\\\/\\\/simonbois.de\\\/\",\"name\":\"SIMON BOIS\",\"description\":\"Verkauf und Lieferung von Brennholz auf Paletten\",\"potentialAction\":[{\"@type\":\"SearchAction\",\"target\":{\"@type\":\"EntryPoint\",\"urlTemplate\":\"https:\\\/\\\/simonbois.de\\\/?s={search_term_string}\"},\"query-input\":{\"@type\":\"PropertyValueSpecification\",\"valueRequired\":true,\"valueName\":\"search_term_string\"}}],\"inLanguage\":\"de\"}]}<\/script>\n<!-- \/ Yoast SEO plugin. -->","yoast_head_json":{"title":"JET DC-1100CK-M Sp\u00e4neabsauger mit Filterpatrone \u2013 230 V - SIMON BOIS","robots":{"index":"index","follow":"follow","max-snippet":"max-snippet:-1","max-image-preview":"max-image-preview:large","max-video-preview":"max-video-preview:-1"},"canonical":"https:\/\/simonbois.de\/de\/product\/jet-dc-1100ck-m-spaneabsauger-mit-filterpatrone-230-v\/","og_locale":"de_DE","og_type":"article","og_title":"JET DC-1100CK-M Sp\u00e4neabsauger mit Filterpatrone \u2013 230 V - SIMON BOIS","og_description":"Vortex Cone-Technologie:  Nur Luft und Feinpartikel gelangen in den Filterbereich. Dank der reduzierten Staubkonzentration treten weniger gesundheitliche Probleme auf. 98 % der Sp\u00e4ne befinden sich nicht mehr im Filterbereich, wodurch Verstopfungen vermieden werden. Die Saugleistung bleibt konstant, und der Fangsack kann mehr Sp\u00e4ne aufnehmen.  Der JET DC-1100CK-M Sp\u00e4nesauger wird geliefert mit:  1 x Filterkartusche 5 x Sp\u00e4nebeutel Rollvorrichtung Kegelhalter Kegel 2 x 100 mm Y-Verbinder","og_url":"https:\/\/simonbois.de\/de\/product\/jet-dc-1100ck-m-spaneabsauger-mit-filterpatrone-230-v\/","og_site_name":"SIMON BOIS","article_modified_time":"2025-08-17T08:42:15+00:00","og_image":[{"width":600,"height":600,"url":"https:\/\/simonbois.de\/wp-content\/uploads\/2025\/08\/27-1.webp","type":"image\/webp"}],"twitter_card":"summary_large_image","twitter_misc":{"Gesch\u00e4tzte Lesezeit":"1\u00a0Minute"},"schema":{"@context":"https:\/\/schema.org","@graph":[{"@type":"WebPage","@id":"https:\/\/simonbois.de\/product\/jet-dc-1100ck-m-spaneabsauger-mit-filterpatrone-230-v\/","url":"https:\/\/simonbois.de\/product\/jet-dc-1100ck-m-spaneabsauger-mit-filterpatrone-230-v\/","name":"JET DC-1100CK-M Sp\u00e4neabsauger mit Filterpatrone \u2013 230 V - SIMON BOIS","isPartOf":{"@id":"https:\/\/simonbois.de\/#website"},"primaryImageOfPage":{"@id":"https:\/\/simonbois.de\/product\/jet-dc-1100ck-m-spaneabsauger-mit-filterpatrone-230-v\/#primaryimage"},"image":{"@id":"https:\/\/simonbois.de\/product\/jet-dc-1100ck-m-spaneabsauger-mit-filterpatrone-230-v\/#primaryimage"},"thumbnailUrl":"https:\/\/simonbois.de\/wp-content\/uploads\/2025\/08\/27-1.webp","datePublished":"2025-08-15T11:39:42+00:00","dateModified":"2025-08-17T08:42:15+00:00","breadcrumb":{"@id":"https:\/\/simonbois.de\/product\/jet-dc-1100ck-m-spaneabsauger-mit-filterpatrone-230-v\/#breadcrumb"},"inLanguage":"de","potentialAction":[{"@type":"ReadAction","target":["https:\/\/simonbois.de\/product\/jet-dc-1100ck-m-spaneabsauger-mit-filterpatrone-230-v\/"]}]},{"@type":"ImageObject","inLanguage":"de","@id":"https:\/\/simonbois.de\/product\/jet-dc-1100ck-m-spaneabsauger-mit-filterpatrone-230-v\/#primaryimage","url":"https:\/\/simonbois.de\/wp-content\/uploads\/2025\/08\/27-1.webp","contentUrl":"https:\/\/simonbois.de\/wp-content\/uploads\/2025\/08\/27-1.webp","width":600,"height":600},{"@type":"BreadcrumbList","@id":"https:\/\/simonbois.de\/product\/jet-dc-1100ck-m-spaneabsauger-mit-filterpatrone-230-v\/#breadcrumb","itemListElement":[{"@type":"ListItem","position":1,"name":"Home","item":"https:\/\/simonbois.de\/"},{"@type":"ListItem","position":2,"name":"Shop","item":"https:\/\/simonbois.de\/shop-2\/"},{"@type":"ListItem","position":3,"name":"JET DC-1100CK-M Sp\u00e4neabsauger mit Filterpatrone \u2013 230 V"}]},{"@type":"WebSite","@id":"https:\/\/simonbois.de\/#website","url":"https:\/\/simonbois.de\/","name":"SIMON BOIS","description":"Verkauf und Lieferung von Brennholz auf Paletten","potentialAction":[{"@type":"SearchAction","target":{"@type":"EntryPoint","urlTemplate":"https:\/\/simonbois.de\/?s={search_term_string}"},"query-input":{"@type":"PropertyValueSpecification","valueRequired":true,"valueName":"search_term_string"}}],"inLanguage":"de"}]}},"_links":{"self":[{"href":"https:\/\/simonbois.de\/de\/wp-json\/wp\/v2\/product\/4506","targetHints":{"allow":["GET"]}}],"collection":[{"href":"https:\/\/simonbois.de\/de\/wp-json\/wp\/v2\/product"}],"about":[{"href":"https:\/\/simonbois.de\/de\/wp-json\/wp\/v2\/types\/product"}],"replies":[{"embeddable":true,"href":"https:\/\/simonbois.de\/de\/wp-json\/wp\/v2\/comments?post=4506"}],"wp:featuredmedia":[{"embeddable":true,"href":"https:\/\/simonbois.de\/de\/wp-json\/wp\/v2\/media\/4519"}],"wp:attachment":[{"href":"https:\/\/simonbois.de\/de\/wp-json\/wp\/v2\/media?parent=4506"}],"wp:term":[{"taxonomy":"product_brand","embeddable":true,"href":"https:\/\/simonbois.de\/de\/wp-json\/wp\/v2\/product_brand?post=4506"},{"taxonomy":"product_cat","embeddable":true,"href":"https:\/\/simonbois.de\/de\/wp-json\/wp\/v2\/product_cat?post=4506"},{"taxonomy":"product_tag","embeddable":true,"href":"https:\/\/simonbois.de\/de\/wp-json\/wp\/v2\/product_tag?post=4506"}],"curies":[{"name":"wp","href":"https:\/\/api.w.org\/{rel}","templated":true}]}}