{"id":4505,"date":"2025-08-15T11:38:00","date_gmt":"2025-08-15T11:38:00","guid":{"rendered":"https:\/\/simonbois.de\/?post_type=product&#038;p=4505"},"modified":"2025-08-17T08:42:27","modified_gmt":"2025-08-17T08:42:27","slug":"holzmann-abs-4560-spanesauger-400-v","status":"publish","type":"product","link":"https:\/\/simonbois.de\/de\/product\/holzmann-abs-4560-spanesauger-400-v\/","title":{"rendered":"Holzmann ABS 4560 Sp\u00e4nesauger \u2013 400 V"},"content":{"rendered":"<p>\u00a0<\/p>\n<p>\u00a0<\/p>\n<p>Technische Daten dieses Sp\u00e4nesaugers:<\/p>\n<p>Stahl-Laufrad<br \/>\nFilterleistung: 6,0 m\u00b2<br \/>\nLuftansaugung (m3\/h): 4560<br \/>\nF\u00fcllvolumen (l): 3 x 160 l oder 480 l<br \/>\nAnzahl der Saugd\u00fcsen und Durchmesser (mm): 4 x \u00f8 100 \u2013 1 x \u00f8 180 mm<br \/>\nLautst\u00e4rke: 80<br \/>\nLeistung S6 (40 %): 5100 W (7 PS)<br \/>\nLeistung S1 (100 %): 3700 W (5 PS)<\/p>","protected":false},"excerpt":{"rendered":"<p>Abmessungen: 2184 x 582 x 2330 mm<br \/>\nSackdurchmesser: 500 mm<br \/>\nUntere Sackh\u00f6he: 850 mm<br \/>\nL\u00fcfterdurchmesser: 360 mm<br \/>\nDrehzahl: 2950 U\/min<br \/>\nSpannung 400 V<br \/>\nGesamth\u00f6he: 2330 mm<br \/>\nNettogewicht: 140 kg<br \/>\nBruttogewicht: 145 kg<br \/>\nVerpackungsma\u00dfe: 710 x 1180 x 860 mm<\/p>\n<p>Der Holzmann ABS4560 Sp\u00e4nesauger wird geliefert mit:<\/p>\n<p>Filterbeutel \u2013 Auffangbeutel<br \/>\nTransportr\u00e4der<\/p>","protected":false},"featured_media":4518,"comment_status":"open","ping_status":"closed","template":"","meta":[],"product_brand":[],"product_cat":[191],"product_tag":[],"class_list":{"0":"post-4505","1":"product","2":"type-product","3":"status-publish","4":"has-post-thumbnail","6":"product_cat-maschinen","8":"first","9":"instock","10":"taxable","11":"shipping-taxable","12":"purchasable","13":"product-type-simple"},"yoast_head":"<!-- This site is optimized with the Yoast SEO plugin v27.5 - https:\/\/yoast.com\/product\/yoast-seo-wordpress\/ -->\n<title>Holzmann ABS 4560 Sp\u00e4nesauger \u2013 400 V - SIMON BOIS<\/title>\n<meta name=\"robots\" content=\"index, follow, max-snippet:-1, max-image-preview:large, max-video-preview:-1\" \/>\n<link rel=\"canonical\" href=\"https:\/\/simonbois.de\/de\/product\/holzmann-abs-4560-spanesauger-400-v\/\" \/>\n<meta property=\"og:locale\" content=\"de_DE\" \/>\n<meta property=\"og:type\" content=\"article\" \/>\n<meta property=\"og:title\" content=\"Holzmann ABS 4560 Sp\u00e4nesauger \u2013 400 V - SIMON BOIS\" \/>\n<meta property=\"og:description\" content=\"Abmessungen: 2184 x 582 x 2330 mm Sackdurchmesser: 500 mm Untere Sackh\u00f6he: 850 mm L\u00fcfterdurchmesser: 360 mm Drehzahl: 2950 U\/min Spannung 400 V Gesamth\u00f6he: 2330 mm Nettogewicht: 140 kg Bruttogewicht: 145 kg Verpackungsma\u00dfe: 710 x 1180 x 860 mm  Der Holzmann ABS4560 Sp\u00e4nesauger wird geliefert mit:  Filterbeutel \u2013 Auffangbeutel Transportr\u00e4der\" \/>\n<meta property=\"og:url\" content=\"https:\/\/simonbois.de\/de\/product\/holzmann-abs-4560-spanesauger-400-v\/\" \/>\n<meta property=\"og:site_name\" content=\"SIMON BOIS\" \/>\n<meta property=\"article:modified_time\" content=\"2025-08-17T08:42:27+00:00\" \/>\n<meta property=\"og:image\" content=\"https:\/\/simonbois.de\/wp-content\/uploads\/2025\/08\/26-1.webp\" \/>\n\t<meta property=\"og:image:width\" content=\"600\" \/>\n\t<meta property=\"og:image:height\" content=\"673\" \/>\n\t<meta property=\"og:image:type\" content=\"image\/webp\" \/>\n<meta name=\"twitter:card\" content=\"summary_large_image\" \/>\n<meta name=\"twitter:label1\" content=\"Gesch\u00e4tzte Lesezeit\" \/>\n\t<meta name=\"twitter:data1\" content=\"1\u00a0Minute\" \/>\n<script type=\"application\/ld+json\" class=\"yoast-schema-graph\">{\"@context\":\"https:\\\/\\\/schema.org\",\"@graph\":[{\"@type\":\"WebPage\",\"@id\":\"https:\\\/\\\/simonbois.de\\\/product\\\/holzmann-abs-4560-spanesauger-400-v\\\/\",\"url\":\"https:\\\/\\\/simonbois.de\\\/product\\\/holzmann-abs-4560-spanesauger-400-v\\\/\",\"name\":\"Holzmann ABS 4560 Sp\u00e4nesauger \u2013 400 V - SIMON BOIS\",\"isPartOf\":{\"@id\":\"https:\\\/\\\/simonbois.de\\\/#website\"},\"primaryImageOfPage\":{\"@id\":\"https:\\\/\\\/simonbois.de\\\/product\\\/holzmann-abs-4560-spanesauger-400-v\\\/#primaryimage\"},\"image\":{\"@id\":\"https:\\\/\\\/simonbois.de\\\/product\\\/holzmann-abs-4560-spanesauger-400-v\\\/#primaryimage\"},\"thumbnailUrl\":\"https:\\\/\\\/simonbois.de\\\/wp-content\\\/uploads\\\/2025\\\/08\\\/26-1.webp\",\"datePublished\":\"2025-08-15T11:38:00+00:00\",\"dateModified\":\"2025-08-17T08:42:27+00:00\",\"breadcrumb\":{\"@id\":\"https:\\\/\\\/simonbois.de\\\/product\\\/holzmann-abs-4560-spanesauger-400-v\\\/#breadcrumb\"},\"inLanguage\":\"de\",\"potentialAction\":[{\"@type\":\"ReadAction\",\"target\":[\"https:\\\/\\\/simonbois.de\\\/product\\\/holzmann-abs-4560-spanesauger-400-v\\\/\"]}]},{\"@type\":\"ImageObject\",\"inLanguage\":\"de\",\"@id\":\"https:\\\/\\\/simonbois.de\\\/product\\\/holzmann-abs-4560-spanesauger-400-v\\\/#primaryimage\",\"url\":\"https:\\\/\\\/simonbois.de\\\/wp-content\\\/uploads\\\/2025\\\/08\\\/26-1.webp\",\"contentUrl\":\"https:\\\/\\\/simonbois.de\\\/wp-content\\\/uploads\\\/2025\\\/08\\\/26-1.webp\",\"width\":600,\"height\":673},{\"@type\":\"BreadcrumbList\",\"@id\":\"https:\\\/\\\/simonbois.de\\\/product\\\/holzmann-abs-4560-spanesauger-400-v\\\/#breadcrumb\",\"itemListElement\":[{\"@type\":\"ListItem\",\"position\":1,\"name\":\"Home\",\"item\":\"https:\\\/\\\/simonbois.de\\\/\"},{\"@type\":\"ListItem\",\"position\":2,\"name\":\"Shop\",\"item\":\"https:\\\/\\\/simonbois.de\\\/shop-2\\\/\"},{\"@type\":\"ListItem\",\"position\":3,\"name\":\"Holzmann ABS 4560 Sp\u00e4nesauger \u2013 400 V\"}]},{\"@type\":\"WebSite\",\"@id\":\"https:\\\/\\\/simonbois.de\\\/#website\",\"url\":\"https:\\\/\\\/simonbois.de\\\/\",\"name\":\"SIMON BOIS\",\"description\":\"Verkauf und Lieferung von Brennholz auf Paletten\",\"potentialAction\":[{\"@type\":\"SearchAction\",\"target\":{\"@type\":\"EntryPoint\",\"urlTemplate\":\"https:\\\/\\\/simonbois.de\\\/?s={search_term_string}\"},\"query-input\":{\"@type\":\"PropertyValueSpecification\",\"valueRequired\":true,\"valueName\":\"search_term_string\"}}],\"inLanguage\":\"de\"}]}<\/script>\n<!-- \/ Yoast SEO plugin. -->","yoast_head_json":{"title":"Holzmann ABS 4560 Sp\u00e4nesauger \u2013 400 V - SIMON BOIS","robots":{"index":"index","follow":"follow","max-snippet":"max-snippet:-1","max-image-preview":"max-image-preview:large","max-video-preview":"max-video-preview:-1"},"canonical":"https:\/\/simonbois.de\/de\/product\/holzmann-abs-4560-spanesauger-400-v\/","og_locale":"de_DE","og_type":"article","og_title":"Holzmann ABS 4560 Sp\u00e4nesauger \u2013 400 V - SIMON BOIS","og_description":"Abmessungen: 2184 x 582 x 2330 mm Sackdurchmesser: 500 mm Untere Sackh\u00f6he: 850 mm L\u00fcfterdurchmesser: 360 mm Drehzahl: 2950 U\/min Spannung 400 V Gesamth\u00f6he: 2330 mm Nettogewicht: 140 kg Bruttogewicht: 145 kg Verpackungsma\u00dfe: 710 x 1180 x 860 mm  Der Holzmann ABS4560 Sp\u00e4nesauger wird geliefert mit:  Filterbeutel \u2013 Auffangbeutel Transportr\u00e4der","og_url":"https:\/\/simonbois.de\/de\/product\/holzmann-abs-4560-spanesauger-400-v\/","og_site_name":"SIMON BOIS","article_modified_time":"2025-08-17T08:42:27+00:00","og_image":[{"width":600,"height":673,"url":"https:\/\/simonbois.de\/wp-content\/uploads\/2025\/08\/26-1.webp","type":"image\/webp"}],"twitter_card":"summary_large_image","twitter_misc":{"Gesch\u00e4tzte Lesezeit":"1\u00a0Minute"},"schema":{"@context":"https:\/\/schema.org","@graph":[{"@type":"WebPage","@id":"https:\/\/simonbois.de\/product\/holzmann-abs-4560-spanesauger-400-v\/","url":"https:\/\/simonbois.de\/product\/holzmann-abs-4560-spanesauger-400-v\/","name":"Holzmann ABS 4560 Sp\u00e4nesauger \u2013 400 V - SIMON BOIS","isPartOf":{"@id":"https:\/\/simonbois.de\/#website"},"primaryImageOfPage":{"@id":"https:\/\/simonbois.de\/product\/holzmann-abs-4560-spanesauger-400-v\/#primaryimage"},"image":{"@id":"https:\/\/simonbois.de\/product\/holzmann-abs-4560-spanesauger-400-v\/#primaryimage"},"thumbnailUrl":"https:\/\/simonbois.de\/wp-content\/uploads\/2025\/08\/26-1.webp","datePublished":"2025-08-15T11:38:00+00:00","dateModified":"2025-08-17T08:42:27+00:00","breadcrumb":{"@id":"https:\/\/simonbois.de\/product\/holzmann-abs-4560-spanesauger-400-v\/#breadcrumb"},"inLanguage":"de","potentialAction":[{"@type":"ReadAction","target":["https:\/\/simonbois.de\/product\/holzmann-abs-4560-spanesauger-400-v\/"]}]},{"@type":"ImageObject","inLanguage":"de","@id":"https:\/\/simonbois.de\/product\/holzmann-abs-4560-spanesauger-400-v\/#primaryimage","url":"https:\/\/simonbois.de\/wp-content\/uploads\/2025\/08\/26-1.webp","contentUrl":"https:\/\/simonbois.de\/wp-content\/uploads\/2025\/08\/26-1.webp","width":600,"height":673},{"@type":"BreadcrumbList","@id":"https:\/\/simonbois.de\/product\/holzmann-abs-4560-spanesauger-400-v\/#breadcrumb","itemListElement":[{"@type":"ListItem","position":1,"name":"Home","item":"https:\/\/simonbois.de\/"},{"@type":"ListItem","position":2,"name":"Shop","item":"https:\/\/simonbois.de\/shop-2\/"},{"@type":"ListItem","position":3,"name":"Holzmann ABS 4560 Sp\u00e4nesauger \u2013 400 V"}]},{"@type":"WebSite","@id":"https:\/\/simonbois.de\/#website","url":"https:\/\/simonbois.de\/","name":"SIMON BOIS","description":"Verkauf und Lieferung von Brennholz auf Paletten","potentialAction":[{"@type":"SearchAction","target":{"@type":"EntryPoint","urlTemplate":"https:\/\/simonbois.de\/?s={search_term_string}"},"query-input":{"@type":"PropertyValueSpecification","valueRequired":true,"valueName":"search_term_string"}}],"inLanguage":"de"}]}},"_links":{"self":[{"href":"https:\/\/simonbois.de\/de\/wp-json\/wp\/v2\/product\/4505","targetHints":{"allow":["GET"]}}],"collection":[{"href":"https:\/\/simonbois.de\/de\/wp-json\/wp\/v2\/product"}],"about":[{"href":"https:\/\/simonbois.de\/de\/wp-json\/wp\/v2\/types\/product"}],"replies":[{"embeddable":true,"href":"https:\/\/simonbois.de\/de\/wp-json\/wp\/v2\/comments?post=4505"}],"wp:featuredmedia":[{"embeddable":true,"href":"https:\/\/simonbois.de\/de\/wp-json\/wp\/v2\/media\/4518"}],"wp:attachment":[{"href":"https:\/\/simonbois.de\/de\/wp-json\/wp\/v2\/media?parent=4505"}],"wp:term":[{"taxonomy":"product_brand","embeddable":true,"href":"https:\/\/simonbois.de\/de\/wp-json\/wp\/v2\/product_brand?post=4505"},{"taxonomy":"product_cat","embeddable":true,"href":"https:\/\/simonbois.de\/de\/wp-json\/wp\/v2\/product_cat?post=4505"},{"taxonomy":"product_tag","embeddable":true,"href":"https:\/\/simonbois.de\/de\/wp-json\/wp\/v2\/product_tag?post=4505"}],"curies":[{"name":"wp","href":"https:\/\/api.w.org\/{rel}","templated":true}]}}