{"id":4503,"date":"2025-08-15T11:34:29","date_gmt":"2025-08-15T11:34:29","guid":{"rendered":"https:\/\/simonbois.de\/?post_type=product&#038;p=4503"},"modified":"2025-08-17T08:42:53","modified_gmt":"2025-08-17T08:42:53","slug":"bernardo-dc850cf-spaneabsauger-400-v","status":"publish","type":"product","link":"https:\/\/simonbois.de\/de\/product\/bernardo-dc850cf-spaneabsauger-400-v\/","title":{"rendered":"Bernardo DC850CF Sp\u00e4neabsauger \u2013 400 V"},"content":{"rendered":"<p>\u00a0<\/p>\n<p>\u00a0<\/p>\n<p>Allgemeine Beschreibung:<\/p>\n<p>Ideal zum Absaugen von S\u00e4gemehl und Sp\u00e4nen<br \/>\nFilterpatronen im Lieferumfang enthalten<br \/>\nAdapter f\u00fcr den gleichzeitigen Anschluss von vier Maschinen im Lieferumfang enthalten<br \/>\nRobustes Stahlblechgeh\u00e4use reduziert statische Aufladung im Vergleich zu Kunststoffgeh\u00e4usen<br \/>\nFilterpatrone mit gro\u00dfer Filterfl\u00e4che f\u00fcr verbesserte Saugleistung<br \/>\nStarke Saugleistung dank aerodynamischem Stahlrotor<\/p>\n<p>Technische Daten des Bernardo DC850CF Sp\u00e4neabsaugers:<\/p>\n<p>Absaugleistung: 7800 m\u00b3\/h<br \/>\nFilterfl\u00e4che: 16,0 m\u00b2<br \/>\nMax. Vakuumdruck: 2340 Pa<br \/>\nSaugd\u00fcsendurchmesser: 1 x 180 mm<br \/>\nSaugd\u00fcsendurchmesser mit Verteiler: 4 x 100 mm<br \/>\nBeutelvolumen: 760 l (4 x 190 l)<\/p>","protected":false},"excerpt":{"rendered":"<p>Leerlaufdrehzahl: 2800 U\/min<br \/>\nGer\u00e4uschpegel: 80 dB<br \/>\nDauerleistung S1 100 %: 5,2 kW (7,0 PS)<br \/>\nLeistung S6 40 %: 7,0 kW (9,5 PS)<br \/>\nSpannung: 400 V \/ 50 Hz<br \/>\nMaschinenma\u00dfe (B x T x H): 1480 x 1480 x 1730 mm<br \/>\nGewicht: ca. 115 kg<\/p>\n<p>Der Bernardo DC850CF Sp\u00e4nesauger wird geliefert mit:<\/p>\n<p>4 FP2-Filterpatronen<br \/>\n4 Sp\u00e4nebeutel<br \/>\n1 x 180 mm \/ 4 x 100 mm Adapter<\/p>","protected":false},"featured_media":4515,"comment_status":"open","ping_status":"closed","template":"","meta":[],"product_brand":[],"product_cat":[191],"product_tag":[],"class_list":{"0":"post-4503","1":"product","2":"type-product","3":"status-publish","4":"has-post-thumbnail","6":"product_cat-maschinen","8":"first","9":"instock","10":"taxable","11":"shipping-taxable","12":"purchasable","13":"product-type-simple"},"yoast_head":"<!-- This site is optimized with the Yoast SEO plugin v27.5 - https:\/\/yoast.com\/product\/yoast-seo-wordpress\/ -->\n<title>Bernardo DC850CF Sp\u00e4neabsauger \u2013 400 V - SIMON BOIS<\/title>\n<meta name=\"robots\" content=\"index, follow, max-snippet:-1, max-image-preview:large, max-video-preview:-1\" \/>\n<link rel=\"canonical\" href=\"https:\/\/simonbois.de\/de\/product\/bernardo-dc850cf-spaneabsauger-400-v\/\" \/>\n<meta property=\"og:locale\" content=\"de_DE\" \/>\n<meta property=\"og:type\" content=\"article\" \/>\n<meta property=\"og:title\" content=\"Bernardo DC850CF Sp\u00e4neabsauger \u2013 400 V - SIMON BOIS\" \/>\n<meta property=\"og:description\" content=\"Leerlaufdrehzahl: 2800 U\/min Ger\u00e4uschpegel: 80 dB Dauerleistung S1 100 %: 5,2 kW (7,0 PS) Leistung S6 40 %: 7,0 kW (9,5 PS) Spannung: 400 V \/ 50 Hz Maschinenma\u00dfe (B x T x H): 1480 x 1480 x 1730 mm Gewicht: ca. 115 kg  Der Bernardo DC850CF Sp\u00e4nesauger wird geliefert mit:  4 FP2-Filterpatronen 4 Sp\u00e4nebeutel 1 x 180 mm \/ 4 x 100 mm Adapter\" \/>\n<meta property=\"og:url\" content=\"https:\/\/simonbois.de\/de\/product\/bernardo-dc850cf-spaneabsauger-400-v\/\" \/>\n<meta property=\"og:site_name\" content=\"SIMON BOIS\" \/>\n<meta property=\"article:modified_time\" content=\"2025-08-17T08:42:53+00:00\" \/>\n<meta property=\"og:image\" content=\"https:\/\/simonbois.de\/wp-content\/uploads\/2025\/08\/24-1.webp\" \/>\n\t<meta property=\"og:image:width\" content=\"600\" \/>\n\t<meta property=\"og:image:height\" content=\"600\" \/>\n\t<meta property=\"og:image:type\" content=\"image\/webp\" \/>\n<meta name=\"twitter:card\" content=\"summary_large_image\" \/>\n<meta name=\"twitter:label1\" content=\"Gesch\u00e4tzte Lesezeit\" \/>\n\t<meta name=\"twitter:data1\" content=\"1\u00a0Minute\" \/>\n<script type=\"application\/ld+json\" class=\"yoast-schema-graph\">{\"@context\":\"https:\\\/\\\/schema.org\",\"@graph\":[{\"@type\":\"WebPage\",\"@id\":\"https:\\\/\\\/simonbois.de\\\/product\\\/bernardo-dc850cf-spaneabsauger-400-v\\\/\",\"url\":\"https:\\\/\\\/simonbois.de\\\/product\\\/bernardo-dc850cf-spaneabsauger-400-v\\\/\",\"name\":\"Bernardo DC850CF Sp\u00e4neabsauger \u2013 400 V - SIMON BOIS\",\"isPartOf\":{\"@id\":\"https:\\\/\\\/simonbois.de\\\/#website\"},\"primaryImageOfPage\":{\"@id\":\"https:\\\/\\\/simonbois.de\\\/product\\\/bernardo-dc850cf-spaneabsauger-400-v\\\/#primaryimage\"},\"image\":{\"@id\":\"https:\\\/\\\/simonbois.de\\\/product\\\/bernardo-dc850cf-spaneabsauger-400-v\\\/#primaryimage\"},\"thumbnailUrl\":\"https:\\\/\\\/simonbois.de\\\/wp-content\\\/uploads\\\/2025\\\/08\\\/24-1.webp\",\"datePublished\":\"2025-08-15T11:34:29+00:00\",\"dateModified\":\"2025-08-17T08:42:53+00:00\",\"breadcrumb\":{\"@id\":\"https:\\\/\\\/simonbois.de\\\/product\\\/bernardo-dc850cf-spaneabsauger-400-v\\\/#breadcrumb\"},\"inLanguage\":\"de\",\"potentialAction\":[{\"@type\":\"ReadAction\",\"target\":[\"https:\\\/\\\/simonbois.de\\\/product\\\/bernardo-dc850cf-spaneabsauger-400-v\\\/\"]}]},{\"@type\":\"ImageObject\",\"inLanguage\":\"de\",\"@id\":\"https:\\\/\\\/simonbois.de\\\/product\\\/bernardo-dc850cf-spaneabsauger-400-v\\\/#primaryimage\",\"url\":\"https:\\\/\\\/simonbois.de\\\/wp-content\\\/uploads\\\/2025\\\/08\\\/24-1.webp\",\"contentUrl\":\"https:\\\/\\\/simonbois.de\\\/wp-content\\\/uploads\\\/2025\\\/08\\\/24-1.webp\",\"width\":600,\"height\":600},{\"@type\":\"BreadcrumbList\",\"@id\":\"https:\\\/\\\/simonbois.de\\\/product\\\/bernardo-dc850cf-spaneabsauger-400-v\\\/#breadcrumb\",\"itemListElement\":[{\"@type\":\"ListItem\",\"position\":1,\"name\":\"Home\",\"item\":\"https:\\\/\\\/simonbois.de\\\/\"},{\"@type\":\"ListItem\",\"position\":2,\"name\":\"Shop\",\"item\":\"https:\\\/\\\/simonbois.de\\\/shop-2\\\/\"},{\"@type\":\"ListItem\",\"position\":3,\"name\":\"Bernardo DC850CF Sp\u00e4neabsauger \u2013 400 V\"}]},{\"@type\":\"WebSite\",\"@id\":\"https:\\\/\\\/simonbois.de\\\/#website\",\"url\":\"https:\\\/\\\/simonbois.de\\\/\",\"name\":\"SIMON BOIS\",\"description\":\"Verkauf und Lieferung von Brennholz auf Paletten\",\"potentialAction\":[{\"@type\":\"SearchAction\",\"target\":{\"@type\":\"EntryPoint\",\"urlTemplate\":\"https:\\\/\\\/simonbois.de\\\/?s={search_term_string}\"},\"query-input\":{\"@type\":\"PropertyValueSpecification\",\"valueRequired\":true,\"valueName\":\"search_term_string\"}}],\"inLanguage\":\"de\"}]}<\/script>\n<!-- \/ Yoast SEO plugin. -->","yoast_head_json":{"title":"Bernardo DC850CF Sp\u00e4neabsauger \u2013 400 V - SIMON BOIS","robots":{"index":"index","follow":"follow","max-snippet":"max-snippet:-1","max-image-preview":"max-image-preview:large","max-video-preview":"max-video-preview:-1"},"canonical":"https:\/\/simonbois.de\/de\/product\/bernardo-dc850cf-spaneabsauger-400-v\/","og_locale":"de_DE","og_type":"article","og_title":"Bernardo DC850CF Sp\u00e4neabsauger \u2013 400 V - SIMON BOIS","og_description":"Leerlaufdrehzahl: 2800 U\/min Ger\u00e4uschpegel: 80 dB Dauerleistung S1 100 %: 5,2 kW (7,0 PS) Leistung S6 40 %: 7,0 kW (9,5 PS) Spannung: 400 V \/ 50 Hz Maschinenma\u00dfe (B x T x H): 1480 x 1480 x 1730 mm Gewicht: ca. 115 kg  Der Bernardo DC850CF Sp\u00e4nesauger wird geliefert mit:  4 FP2-Filterpatronen 4 Sp\u00e4nebeutel 1 x 180 mm \/ 4 x 100 mm Adapter","og_url":"https:\/\/simonbois.de\/de\/product\/bernardo-dc850cf-spaneabsauger-400-v\/","og_site_name":"SIMON BOIS","article_modified_time":"2025-08-17T08:42:53+00:00","og_image":[{"width":600,"height":600,"url":"https:\/\/simonbois.de\/wp-content\/uploads\/2025\/08\/24-1.webp","type":"image\/webp"}],"twitter_card":"summary_large_image","twitter_misc":{"Gesch\u00e4tzte Lesezeit":"1\u00a0Minute"},"schema":{"@context":"https:\/\/schema.org","@graph":[{"@type":"WebPage","@id":"https:\/\/simonbois.de\/product\/bernardo-dc850cf-spaneabsauger-400-v\/","url":"https:\/\/simonbois.de\/product\/bernardo-dc850cf-spaneabsauger-400-v\/","name":"Bernardo DC850CF Sp\u00e4neabsauger \u2013 400 V - SIMON BOIS","isPartOf":{"@id":"https:\/\/simonbois.de\/#website"},"primaryImageOfPage":{"@id":"https:\/\/simonbois.de\/product\/bernardo-dc850cf-spaneabsauger-400-v\/#primaryimage"},"image":{"@id":"https:\/\/simonbois.de\/product\/bernardo-dc850cf-spaneabsauger-400-v\/#primaryimage"},"thumbnailUrl":"https:\/\/simonbois.de\/wp-content\/uploads\/2025\/08\/24-1.webp","datePublished":"2025-08-15T11:34:29+00:00","dateModified":"2025-08-17T08:42:53+00:00","breadcrumb":{"@id":"https:\/\/simonbois.de\/product\/bernardo-dc850cf-spaneabsauger-400-v\/#breadcrumb"},"inLanguage":"de","potentialAction":[{"@type":"ReadAction","target":["https:\/\/simonbois.de\/product\/bernardo-dc850cf-spaneabsauger-400-v\/"]}]},{"@type":"ImageObject","inLanguage":"de","@id":"https:\/\/simonbois.de\/product\/bernardo-dc850cf-spaneabsauger-400-v\/#primaryimage","url":"https:\/\/simonbois.de\/wp-content\/uploads\/2025\/08\/24-1.webp","contentUrl":"https:\/\/simonbois.de\/wp-content\/uploads\/2025\/08\/24-1.webp","width":600,"height":600},{"@type":"BreadcrumbList","@id":"https:\/\/simonbois.de\/product\/bernardo-dc850cf-spaneabsauger-400-v\/#breadcrumb","itemListElement":[{"@type":"ListItem","position":1,"name":"Home","item":"https:\/\/simonbois.de\/"},{"@type":"ListItem","position":2,"name":"Shop","item":"https:\/\/simonbois.de\/shop-2\/"},{"@type":"ListItem","position":3,"name":"Bernardo DC850CF Sp\u00e4neabsauger \u2013 400 V"}]},{"@type":"WebSite","@id":"https:\/\/simonbois.de\/#website","url":"https:\/\/simonbois.de\/","name":"SIMON BOIS","description":"Verkauf und Lieferung von Brennholz auf Paletten","potentialAction":[{"@type":"SearchAction","target":{"@type":"EntryPoint","urlTemplate":"https:\/\/simonbois.de\/?s={search_term_string}"},"query-input":{"@type":"PropertyValueSpecification","valueRequired":true,"valueName":"search_term_string"}}],"inLanguage":"de"}]}},"_links":{"self":[{"href":"https:\/\/simonbois.de\/de\/wp-json\/wp\/v2\/product\/4503","targetHints":{"allow":["GET"]}}],"collection":[{"href":"https:\/\/simonbois.de\/de\/wp-json\/wp\/v2\/product"}],"about":[{"href":"https:\/\/simonbois.de\/de\/wp-json\/wp\/v2\/types\/product"}],"replies":[{"embeddable":true,"href":"https:\/\/simonbois.de\/de\/wp-json\/wp\/v2\/comments?post=4503"}],"wp:featuredmedia":[{"embeddable":true,"href":"https:\/\/simonbois.de\/de\/wp-json\/wp\/v2\/media\/4515"}],"wp:attachment":[{"href":"https:\/\/simonbois.de\/de\/wp-json\/wp\/v2\/media?parent=4503"}],"wp:term":[{"taxonomy":"product_brand","embeddable":true,"href":"https:\/\/simonbois.de\/de\/wp-json\/wp\/v2\/product_brand?post=4503"},{"taxonomy":"product_cat","embeddable":true,"href":"https:\/\/simonbois.de\/de\/wp-json\/wp\/v2\/product_cat?post=4503"},{"taxonomy":"product_tag","embeddable":true,"href":"https:\/\/simonbois.de\/de\/wp-json\/wp\/v2\/product_tag?post=4503"}],"curies":[{"name":"wp","href":"https:\/\/api.w.org\/{rel}","templated":true}]}}