{"id":4488,"date":"2025-08-15T11:12:42","date_gmt":"2025-08-15T11:12:42","guid":{"rendered":"https:\/\/simonbois.de\/?post_type=product&#038;p=4488"},"modified":"2025-08-15T11:12:43","modified_gmt":"2025-08-15T11:12:43","slug":"valboval-pellets-palette-mit-65-sacken-a-15-kg-2","status":"publish","type":"product","link":"https:\/\/simonbois.de\/de\/product\/valboval-pellets-palette-mit-65-sacken-a-15-kg-2\/","title":{"rendered":"Valboval Pellets \u2013 Palette mit 65 S\u00e4cken \u00e0 15 kg"},"content":{"rendered":"<p>\u00a0<\/p>\n<p>Beschreibung<br \/>\nVALBOVAL Pellets geh\u00f6ren zu unseren Premiumprodukten; ihre Qualit\u00e4t \u00fcbertrifft die Anforderungen der DIN Plus-Norm.<\/p>\n<p>Dank ihres geringen Asche- und Staubgehalts verstopfen sie weder Ihren Ofen noch Ihren Heizeinsatz oder Ihren Heizkessel.<\/p>\n<p>Der hohe Heizwert (5 kWh\/kg) garantiert Ihnen gleichm\u00e4\u00dfige W\u00e4rme in Ihrem Zuhause und einen schnellen Temperaturanstieg.<\/p>\n<p>\u00a0<\/p>","protected":false},"excerpt":{"rendered":"<p>Sie eignen sich ideal f\u00fcr alle Pelletheizungen.<\/p>\n<p>Diese Pellets werden in Frankreich hergestellt. Mit Ihrem Kauf entscheiden Sie sich f\u00fcr eine \u00f6kologische und wirtschaftliche Heizmethode und schonen gleichzeitig Ihr Ger\u00e4t.<\/p>\n<p>Referenz<br \/>\nPELLET_PALETTE_VALBOVAL<\/p>","protected":false},"featured_media":4497,"comment_status":"open","ping_status":"closed","template":"","meta":[],"product_brand":[],"product_cat":[194],"product_tag":[],"class_list":{"0":"post-4488","1":"product","2":"type-product","3":"status-publish","4":"has-post-thumbnail","6":"product_cat-pellets","8":"first","9":"instock","10":"taxable","11":"shipping-taxable","12":"purchasable","13":"product-type-simple"},"yoast_head":"<!-- This site is optimized with the Yoast SEO plugin v27.5 - https:\/\/yoast.com\/product\/yoast-seo-wordpress\/ -->\n<title>Valboval Pellets \u2013 Palette mit 65 S\u00e4cken \u00e0 15 kg - SIMON BOIS<\/title>\n<meta name=\"robots\" content=\"index, follow, max-snippet:-1, max-image-preview:large, max-video-preview:-1\" \/>\n<link rel=\"canonical\" href=\"https:\/\/simonbois.de\/de\/product\/valboval-pellets-palette-mit-65-sacken-a-15-kg-2\/\" \/>\n<meta property=\"og:locale\" content=\"de_DE\" \/>\n<meta property=\"og:type\" content=\"article\" \/>\n<meta property=\"og:title\" content=\"Valboval Pellets \u2013 Palette mit 65 S\u00e4cken \u00e0 15 kg - SIMON BOIS\" \/>\n<meta property=\"og:description\" content=\"Sie eignen sich ideal f\u00fcr alle Pelletheizungen.  Diese Pellets werden in Frankreich hergestellt. Mit Ihrem Kauf entscheiden Sie sich f\u00fcr eine \u00f6kologische und wirtschaftliche Heizmethode und schonen gleichzeitig Ihr Ger\u00e4t.  Referenz PELLET_PALETTE_VALBOVAL\" \/>\n<meta property=\"og:url\" content=\"https:\/\/simonbois.de\/de\/product\/valboval-pellets-palette-mit-65-sacken-a-15-kg-2\/\" \/>\n<meta property=\"og:site_name\" content=\"SIMON BOIS\" \/>\n<meta property=\"article:modified_time\" content=\"2025-08-15T11:12:43+00:00\" \/>\n<meta property=\"og:image\" content=\"https:\/\/simonbois.de\/wp-content\/uploads\/2025\/08\/18-2.webp\" \/>\n\t<meta property=\"og:image:width\" content=\"800\" \/>\n\t<meta property=\"og:image:height\" content=\"800\" \/>\n\t<meta property=\"og:image:type\" content=\"image\/webp\" \/>\n<meta name=\"twitter:card\" content=\"summary_large_image\" \/>\n<script type=\"application\/ld+json\" class=\"yoast-schema-graph\">{\"@context\":\"https:\\\/\\\/schema.org\",\"@graph\":[{\"@type\":\"WebPage\",\"@id\":\"https:\\\/\\\/simonbois.de\\\/product\\\/valboval-pellets-palette-mit-65-sacken-a-15-kg-2\\\/\",\"url\":\"https:\\\/\\\/simonbois.de\\\/product\\\/valboval-pellets-palette-mit-65-sacken-a-15-kg-2\\\/\",\"name\":\"Valboval Pellets \u2013 Palette mit 65 S\u00e4cken \u00e0 15 kg - SIMON BOIS\",\"isPartOf\":{\"@id\":\"https:\\\/\\\/simonbois.de\\\/#website\"},\"primaryImageOfPage\":{\"@id\":\"https:\\\/\\\/simonbois.de\\\/product\\\/valboval-pellets-palette-mit-65-sacken-a-15-kg-2\\\/#primaryimage\"},\"image\":{\"@id\":\"https:\\\/\\\/simonbois.de\\\/product\\\/valboval-pellets-palette-mit-65-sacken-a-15-kg-2\\\/#primaryimage\"},\"thumbnailUrl\":\"https:\\\/\\\/simonbois.de\\\/wp-content\\\/uploads\\\/2025\\\/08\\\/18-2.webp\",\"datePublished\":\"2025-08-15T11:12:42+00:00\",\"dateModified\":\"2025-08-15T11:12:43+00:00\",\"breadcrumb\":{\"@id\":\"https:\\\/\\\/simonbois.de\\\/product\\\/valboval-pellets-palette-mit-65-sacken-a-15-kg-2\\\/#breadcrumb\"},\"inLanguage\":\"de\",\"potentialAction\":[{\"@type\":\"ReadAction\",\"target\":[\"https:\\\/\\\/simonbois.de\\\/product\\\/valboval-pellets-palette-mit-65-sacken-a-15-kg-2\\\/\"]}]},{\"@type\":\"ImageObject\",\"inLanguage\":\"de\",\"@id\":\"https:\\\/\\\/simonbois.de\\\/product\\\/valboval-pellets-palette-mit-65-sacken-a-15-kg-2\\\/#primaryimage\",\"url\":\"https:\\\/\\\/simonbois.de\\\/wp-content\\\/uploads\\\/2025\\\/08\\\/18-2.webp\",\"contentUrl\":\"https:\\\/\\\/simonbois.de\\\/wp-content\\\/uploads\\\/2025\\\/08\\\/18-2.webp\",\"width\":800,\"height\":800},{\"@type\":\"BreadcrumbList\",\"@id\":\"https:\\\/\\\/simonbois.de\\\/product\\\/valboval-pellets-palette-mit-65-sacken-a-15-kg-2\\\/#breadcrumb\",\"itemListElement\":[{\"@type\":\"ListItem\",\"position\":1,\"name\":\"Home\",\"item\":\"https:\\\/\\\/simonbois.de\\\/\"},{\"@type\":\"ListItem\",\"position\":2,\"name\":\"Shop\",\"item\":\"https:\\\/\\\/simonbois.de\\\/shop-2\\\/\"},{\"@type\":\"ListItem\",\"position\":3,\"name\":\"Valboval Pellets \u2013 Palette mit 65 S\u00e4cken \u00e0 15 kg\"}]},{\"@type\":\"WebSite\",\"@id\":\"https:\\\/\\\/simonbois.de\\\/#website\",\"url\":\"https:\\\/\\\/simonbois.de\\\/\",\"name\":\"SIMON BOIS\",\"description\":\"Verkauf und Lieferung von Brennholz auf Paletten\",\"potentialAction\":[{\"@type\":\"SearchAction\",\"target\":{\"@type\":\"EntryPoint\",\"urlTemplate\":\"https:\\\/\\\/simonbois.de\\\/?s={search_term_string}\"},\"query-input\":{\"@type\":\"PropertyValueSpecification\",\"valueRequired\":true,\"valueName\":\"search_term_string\"}}],\"inLanguage\":\"de\"}]}<\/script>\n<!-- \/ Yoast SEO plugin. -->","yoast_head_json":{"title":"Valboval Pellets \u2013 Palette mit 65 S\u00e4cken \u00e0 15 kg - SIMON BOIS","robots":{"index":"index","follow":"follow","max-snippet":"max-snippet:-1","max-image-preview":"max-image-preview:large","max-video-preview":"max-video-preview:-1"},"canonical":"https:\/\/simonbois.de\/de\/product\/valboval-pellets-palette-mit-65-sacken-a-15-kg-2\/","og_locale":"de_DE","og_type":"article","og_title":"Valboval Pellets \u2013 Palette mit 65 S\u00e4cken \u00e0 15 kg - SIMON BOIS","og_description":"Sie eignen sich ideal f\u00fcr alle Pelletheizungen.  Diese Pellets werden in Frankreich hergestellt. Mit Ihrem Kauf entscheiden Sie sich f\u00fcr eine \u00f6kologische und wirtschaftliche Heizmethode und schonen gleichzeitig Ihr Ger\u00e4t.  Referenz PELLET_PALETTE_VALBOVAL","og_url":"https:\/\/simonbois.de\/de\/product\/valboval-pellets-palette-mit-65-sacken-a-15-kg-2\/","og_site_name":"SIMON BOIS","article_modified_time":"2025-08-15T11:12:43+00:00","og_image":[{"width":800,"height":800,"url":"https:\/\/simonbois.de\/wp-content\/uploads\/2025\/08\/18-2.webp","type":"image\/webp"}],"twitter_card":"summary_large_image","schema":{"@context":"https:\/\/schema.org","@graph":[{"@type":"WebPage","@id":"https:\/\/simonbois.de\/product\/valboval-pellets-palette-mit-65-sacken-a-15-kg-2\/","url":"https:\/\/simonbois.de\/product\/valboval-pellets-palette-mit-65-sacken-a-15-kg-2\/","name":"Valboval Pellets \u2013 Palette mit 65 S\u00e4cken \u00e0 15 kg - SIMON BOIS","isPartOf":{"@id":"https:\/\/simonbois.de\/#website"},"primaryImageOfPage":{"@id":"https:\/\/simonbois.de\/product\/valboval-pellets-palette-mit-65-sacken-a-15-kg-2\/#primaryimage"},"image":{"@id":"https:\/\/simonbois.de\/product\/valboval-pellets-palette-mit-65-sacken-a-15-kg-2\/#primaryimage"},"thumbnailUrl":"https:\/\/simonbois.de\/wp-content\/uploads\/2025\/08\/18-2.webp","datePublished":"2025-08-15T11:12:42+00:00","dateModified":"2025-08-15T11:12:43+00:00","breadcrumb":{"@id":"https:\/\/simonbois.de\/product\/valboval-pellets-palette-mit-65-sacken-a-15-kg-2\/#breadcrumb"},"inLanguage":"de","potentialAction":[{"@type":"ReadAction","target":["https:\/\/simonbois.de\/product\/valboval-pellets-palette-mit-65-sacken-a-15-kg-2\/"]}]},{"@type":"ImageObject","inLanguage":"de","@id":"https:\/\/simonbois.de\/product\/valboval-pellets-palette-mit-65-sacken-a-15-kg-2\/#primaryimage","url":"https:\/\/simonbois.de\/wp-content\/uploads\/2025\/08\/18-2.webp","contentUrl":"https:\/\/simonbois.de\/wp-content\/uploads\/2025\/08\/18-2.webp","width":800,"height":800},{"@type":"BreadcrumbList","@id":"https:\/\/simonbois.de\/product\/valboval-pellets-palette-mit-65-sacken-a-15-kg-2\/#breadcrumb","itemListElement":[{"@type":"ListItem","position":1,"name":"Home","item":"https:\/\/simonbois.de\/"},{"@type":"ListItem","position":2,"name":"Shop","item":"https:\/\/simonbois.de\/shop-2\/"},{"@type":"ListItem","position":3,"name":"Valboval Pellets \u2013 Palette mit 65 S\u00e4cken \u00e0 15 kg"}]},{"@type":"WebSite","@id":"https:\/\/simonbois.de\/#website","url":"https:\/\/simonbois.de\/","name":"SIMON BOIS","description":"Verkauf und Lieferung von Brennholz auf Paletten","potentialAction":[{"@type":"SearchAction","target":{"@type":"EntryPoint","urlTemplate":"https:\/\/simonbois.de\/?s={search_term_string}"},"query-input":{"@type":"PropertyValueSpecification","valueRequired":true,"valueName":"search_term_string"}}],"inLanguage":"de"}]}},"_links":{"self":[{"href":"https:\/\/simonbois.de\/de\/wp-json\/wp\/v2\/product\/4488","targetHints":{"allow":["GET"]}}],"collection":[{"href":"https:\/\/simonbois.de\/de\/wp-json\/wp\/v2\/product"}],"about":[{"href":"https:\/\/simonbois.de\/de\/wp-json\/wp\/v2\/types\/product"}],"replies":[{"embeddable":true,"href":"https:\/\/simonbois.de\/de\/wp-json\/wp\/v2\/comments?post=4488"}],"wp:featuredmedia":[{"embeddable":true,"href":"https:\/\/simonbois.de\/de\/wp-json\/wp\/v2\/media\/4497"}],"wp:attachment":[{"href":"https:\/\/simonbois.de\/de\/wp-json\/wp\/v2\/media?parent=4488"}],"wp:term":[{"taxonomy":"product_brand","embeddable":true,"href":"https:\/\/simonbois.de\/de\/wp-json\/wp\/v2\/product_brand?post=4488"},{"taxonomy":"product_cat","embeddable":true,"href":"https:\/\/simonbois.de\/de\/wp-json\/wp\/v2\/product_cat?post=4488"},{"taxonomy":"product_tag","embeddable":true,"href":"https:\/\/simonbois.de\/de\/wp-json\/wp\/v2\/product_tag?post=4488"}],"curies":[{"name":"wp","href":"https:\/\/api.w.org\/{rel}","templated":true}]}}