{"id":4486,"date":"2025-08-15T11:10:24","date_gmt":"2025-08-15T11:10:24","guid":{"rendered":"https:\/\/simonbois.de\/?post_type=product&#038;p=4486"},"modified":"2025-08-15T11:10:24","modified_gmt":"2025-08-15T11:10:24","slug":"van-roje-pellet-palette-mit-65-sacken-a-15-kg","status":"publish","type":"product","link":"https:\/\/simonbois.de\/de\/product\/van-roje-pellet-palette-mit-65-sacken-a-15-kg\/","title":{"rendered":"Van Roje Pellet \u2013 Palette mit 65 S\u00e4cken \u00e0 15 kg"},"content":{"rendered":"<p>Beschreibung<br \/>\nDas Van Roje Pellet ist unser hochwertigstes Holzpellet.<\/p>\n<p>Das VAN ROJE Holzpellet \u00fcbertrifft die Anforderungen der DIN Plus- und EN Plus-Normen und ist zudem PEFC-zertifiziert (nachhaltige Forstwirtschaft).<\/p>\n<p>Sein Heizwert liegt 7 % \u00fcber dem DIN Plus-Standard.<\/p>\n<p>Es garantiert 44 % weniger Asche und 77 % weniger Staub im Vergleich zu einem Standardpellet.<\/p>\n<p>Dieses 100 % harzhaltige, zusatzstofffreie und CO2-neutrale Holzpellet ist ideal f\u00fcr Ihren Ofen oder Heizkessel.<\/p>\n<p>Es sorgt f\u00fcr einen schnellen Temperaturanstieg, h\u00e4lt die W\u00e4rme konstant und Sie verbrauchen weniger Pellets als bei anderen Marken.<\/p>\n<p>Ein hochwertiges deutsches Pellet!<\/p>\n<p>\u00a0<\/p>","protected":false},"excerpt":{"rendered":"<p>Sie haben sich f\u00fcr eine Holzpelletheizung entschieden \u2013 und Sie liegen richtig! Sie nutzt nicht nur erneuerbare Energie, sondern ist auch noch sparsam.<\/p>\n<p>Mit VANROJE Pellets profitieren Sie von einem schnellen Temperaturanstieg und k\u00f6nnen dank des geringen Staub- und Aschegehalts die W\u00e4rme einfach genie\u00dfen, ohne sie t\u00e4glich reinigen zu m\u00fcssen.<\/p>\n<p>Referenz<br \/>\nPELLET_PALETTE_VANROJE<\/p>","protected":false},"featured_media":4495,"comment_status":"open","ping_status":"closed","template":"","meta":[],"product_brand":[],"product_cat":[194],"product_tag":[],"class_list":{"0":"post-4486","1":"product","2":"type-product","3":"status-publish","4":"has-post-thumbnail","6":"product_cat-pellets","8":"first","9":"instock","10":"taxable","11":"shipping-taxable","12":"purchasable","13":"product-type-simple"},"yoast_head":"<!-- This site is optimized with the Yoast SEO plugin v27.5 - https:\/\/yoast.com\/product\/yoast-seo-wordpress\/ -->\n<title>Van Roje Pellet \u2013 Palette mit 65 S\u00e4cken \u00e0 15 kg - SIMON BOIS<\/title>\n<meta name=\"robots\" content=\"index, follow, max-snippet:-1, max-image-preview:large, max-video-preview:-1\" \/>\n<link rel=\"canonical\" href=\"https:\/\/simonbois.de\/de\/product\/van-roje-pellet-palette-mit-65-sacken-a-15-kg\/\" \/>\n<meta property=\"og:locale\" content=\"de_DE\" \/>\n<meta property=\"og:type\" content=\"article\" \/>\n<meta property=\"og:title\" content=\"Van Roje Pellet \u2013 Palette mit 65 S\u00e4cken \u00e0 15 kg - SIMON BOIS\" \/>\n<meta property=\"og:description\" content=\"Sie haben sich f\u00fcr eine Holzpelletheizung entschieden \u2013 und Sie liegen richtig! Sie nutzt nicht nur erneuerbare Energie, sondern ist auch noch sparsam.  Mit VANROJE Pellets profitieren Sie von einem schnellen Temperaturanstieg und k\u00f6nnen dank des geringen Staub- und Aschegehalts die W\u00e4rme einfach genie\u00dfen, ohne sie t\u00e4glich reinigen zu m\u00fcssen.  Referenz PELLET_PALETTE_VANROJE\" \/>\n<meta property=\"og:url\" content=\"https:\/\/simonbois.de\/de\/product\/van-roje-pellet-palette-mit-65-sacken-a-15-kg\/\" \/>\n<meta property=\"og:site_name\" content=\"SIMON BOIS\" \/>\n<meta property=\"og:image\" content=\"https:\/\/simonbois.de\/wp-content\/uploads\/2025\/08\/16-3.webp\" \/>\n\t<meta property=\"og:image:width\" content=\"800\" \/>\n\t<meta property=\"og:image:height\" content=\"800\" \/>\n\t<meta property=\"og:image:type\" content=\"image\/webp\" \/>\n<meta name=\"twitter:card\" content=\"summary_large_image\" \/>\n<script type=\"application\/ld+json\" class=\"yoast-schema-graph\">{\"@context\":\"https:\\\/\\\/schema.org\",\"@graph\":[{\"@type\":\"WebPage\",\"@id\":\"https:\\\/\\\/simonbois.de\\\/product\\\/van-roje-pellet-palette-mit-65-sacken-a-15-kg\\\/\",\"url\":\"https:\\\/\\\/simonbois.de\\\/product\\\/van-roje-pellet-palette-mit-65-sacken-a-15-kg\\\/\",\"name\":\"Van Roje Pellet \u2013 Palette mit 65 S\u00e4cken \u00e0 15 kg - SIMON BOIS\",\"isPartOf\":{\"@id\":\"https:\\\/\\\/simonbois.de\\\/#website\"},\"primaryImageOfPage\":{\"@id\":\"https:\\\/\\\/simonbois.de\\\/product\\\/van-roje-pellet-palette-mit-65-sacken-a-15-kg\\\/#primaryimage\"},\"image\":{\"@id\":\"https:\\\/\\\/simonbois.de\\\/product\\\/van-roje-pellet-palette-mit-65-sacken-a-15-kg\\\/#primaryimage\"},\"thumbnailUrl\":\"https:\\\/\\\/simonbois.de\\\/wp-content\\\/uploads\\\/2025\\\/08\\\/16-3.webp\",\"datePublished\":\"2025-08-15T11:10:24+00:00\",\"breadcrumb\":{\"@id\":\"https:\\\/\\\/simonbois.de\\\/product\\\/van-roje-pellet-palette-mit-65-sacken-a-15-kg\\\/#breadcrumb\"},\"inLanguage\":\"de\",\"potentialAction\":[{\"@type\":\"ReadAction\",\"target\":[\"https:\\\/\\\/simonbois.de\\\/product\\\/van-roje-pellet-palette-mit-65-sacken-a-15-kg\\\/\"]}]},{\"@type\":\"ImageObject\",\"inLanguage\":\"de\",\"@id\":\"https:\\\/\\\/simonbois.de\\\/product\\\/van-roje-pellet-palette-mit-65-sacken-a-15-kg\\\/#primaryimage\",\"url\":\"https:\\\/\\\/simonbois.de\\\/wp-content\\\/uploads\\\/2025\\\/08\\\/16-3.webp\",\"contentUrl\":\"https:\\\/\\\/simonbois.de\\\/wp-content\\\/uploads\\\/2025\\\/08\\\/16-3.webp\",\"width\":800,\"height\":800},{\"@type\":\"BreadcrumbList\",\"@id\":\"https:\\\/\\\/simonbois.de\\\/product\\\/van-roje-pellet-palette-mit-65-sacken-a-15-kg\\\/#breadcrumb\",\"itemListElement\":[{\"@type\":\"ListItem\",\"position\":1,\"name\":\"Home\",\"item\":\"https:\\\/\\\/simonbois.de\\\/\"},{\"@type\":\"ListItem\",\"position\":2,\"name\":\"Shop\",\"item\":\"https:\\\/\\\/simonbois.de\\\/shop-2\\\/\"},{\"@type\":\"ListItem\",\"position\":3,\"name\":\"Van Roje Pellet \u2013 Palette mit 65 S\u00e4cken \u00e0 15 kg\"}]},{\"@type\":\"WebSite\",\"@id\":\"https:\\\/\\\/simonbois.de\\\/#website\",\"url\":\"https:\\\/\\\/simonbois.de\\\/\",\"name\":\"SIMON BOIS\",\"description\":\"Verkauf und Lieferung von Brennholz auf Paletten\",\"potentialAction\":[{\"@type\":\"SearchAction\",\"target\":{\"@type\":\"EntryPoint\",\"urlTemplate\":\"https:\\\/\\\/simonbois.de\\\/?s={search_term_string}\"},\"query-input\":{\"@type\":\"PropertyValueSpecification\",\"valueRequired\":true,\"valueName\":\"search_term_string\"}}],\"inLanguage\":\"de\"}]}<\/script>\n<!-- \/ Yoast SEO plugin. -->","yoast_head_json":{"title":"Van Roje Pellet \u2013 Palette mit 65 S\u00e4cken \u00e0 15 kg - SIMON BOIS","robots":{"index":"index","follow":"follow","max-snippet":"max-snippet:-1","max-image-preview":"max-image-preview:large","max-video-preview":"max-video-preview:-1"},"canonical":"https:\/\/simonbois.de\/de\/product\/van-roje-pellet-palette-mit-65-sacken-a-15-kg\/","og_locale":"de_DE","og_type":"article","og_title":"Van Roje Pellet \u2013 Palette mit 65 S\u00e4cken \u00e0 15 kg - SIMON BOIS","og_description":"Sie haben sich f\u00fcr eine Holzpelletheizung entschieden \u2013 und Sie liegen richtig! Sie nutzt nicht nur erneuerbare Energie, sondern ist auch noch sparsam.  Mit VANROJE Pellets profitieren Sie von einem schnellen Temperaturanstieg und k\u00f6nnen dank des geringen Staub- und Aschegehalts die W\u00e4rme einfach genie\u00dfen, ohne sie t\u00e4glich reinigen zu m\u00fcssen.  Referenz PELLET_PALETTE_VANROJE","og_url":"https:\/\/simonbois.de\/de\/product\/van-roje-pellet-palette-mit-65-sacken-a-15-kg\/","og_site_name":"SIMON BOIS","og_image":[{"width":800,"height":800,"url":"https:\/\/simonbois.de\/wp-content\/uploads\/2025\/08\/16-3.webp","type":"image\/webp"}],"twitter_card":"summary_large_image","schema":{"@context":"https:\/\/schema.org","@graph":[{"@type":"WebPage","@id":"https:\/\/simonbois.de\/product\/van-roje-pellet-palette-mit-65-sacken-a-15-kg\/","url":"https:\/\/simonbois.de\/product\/van-roje-pellet-palette-mit-65-sacken-a-15-kg\/","name":"Van Roje Pellet \u2013 Palette mit 65 S\u00e4cken \u00e0 15 kg - SIMON BOIS","isPartOf":{"@id":"https:\/\/simonbois.de\/#website"},"primaryImageOfPage":{"@id":"https:\/\/simonbois.de\/product\/van-roje-pellet-palette-mit-65-sacken-a-15-kg\/#primaryimage"},"image":{"@id":"https:\/\/simonbois.de\/product\/van-roje-pellet-palette-mit-65-sacken-a-15-kg\/#primaryimage"},"thumbnailUrl":"https:\/\/simonbois.de\/wp-content\/uploads\/2025\/08\/16-3.webp","datePublished":"2025-08-15T11:10:24+00:00","breadcrumb":{"@id":"https:\/\/simonbois.de\/product\/van-roje-pellet-palette-mit-65-sacken-a-15-kg\/#breadcrumb"},"inLanguage":"de","potentialAction":[{"@type":"ReadAction","target":["https:\/\/simonbois.de\/product\/van-roje-pellet-palette-mit-65-sacken-a-15-kg\/"]}]},{"@type":"ImageObject","inLanguage":"de","@id":"https:\/\/simonbois.de\/product\/van-roje-pellet-palette-mit-65-sacken-a-15-kg\/#primaryimage","url":"https:\/\/simonbois.de\/wp-content\/uploads\/2025\/08\/16-3.webp","contentUrl":"https:\/\/simonbois.de\/wp-content\/uploads\/2025\/08\/16-3.webp","width":800,"height":800},{"@type":"BreadcrumbList","@id":"https:\/\/simonbois.de\/product\/van-roje-pellet-palette-mit-65-sacken-a-15-kg\/#breadcrumb","itemListElement":[{"@type":"ListItem","position":1,"name":"Home","item":"https:\/\/simonbois.de\/"},{"@type":"ListItem","position":2,"name":"Shop","item":"https:\/\/simonbois.de\/shop-2\/"},{"@type":"ListItem","position":3,"name":"Van Roje Pellet \u2013 Palette mit 65 S\u00e4cken \u00e0 15 kg"}]},{"@type":"WebSite","@id":"https:\/\/simonbois.de\/#website","url":"https:\/\/simonbois.de\/","name":"SIMON BOIS","description":"Verkauf und Lieferung von Brennholz auf Paletten","potentialAction":[{"@type":"SearchAction","target":{"@type":"EntryPoint","urlTemplate":"https:\/\/simonbois.de\/?s={search_term_string}"},"query-input":{"@type":"PropertyValueSpecification","valueRequired":true,"valueName":"search_term_string"}}],"inLanguage":"de"}]}},"_links":{"self":[{"href":"https:\/\/simonbois.de\/de\/wp-json\/wp\/v2\/product\/4486","targetHints":{"allow":["GET"]}}],"collection":[{"href":"https:\/\/simonbois.de\/de\/wp-json\/wp\/v2\/product"}],"about":[{"href":"https:\/\/simonbois.de\/de\/wp-json\/wp\/v2\/types\/product"}],"replies":[{"embeddable":true,"href":"https:\/\/simonbois.de\/de\/wp-json\/wp\/v2\/comments?post=4486"}],"wp:featuredmedia":[{"embeddable":true,"href":"https:\/\/simonbois.de\/de\/wp-json\/wp\/v2\/media\/4495"}],"wp:attachment":[{"href":"https:\/\/simonbois.de\/de\/wp-json\/wp\/v2\/media?parent=4486"}],"wp:term":[{"taxonomy":"product_brand","embeddable":true,"href":"https:\/\/simonbois.de\/de\/wp-json\/wp\/v2\/product_brand?post=4486"},{"taxonomy":"product_cat","embeddable":true,"href":"https:\/\/simonbois.de\/de\/wp-json\/wp\/v2\/product_cat?post=4486"},{"taxonomy":"product_tag","embeddable":true,"href":"https:\/\/simonbois.de\/de\/wp-json\/wp\/v2\/product_tag?post=4486"}],"curies":[{"name":"wp","href":"https:\/\/api.w.org\/{rel}","templated":true}]}}