{"id":4477,"date":"2025-08-15T11:02:03","date_gmt":"2025-08-15T11:02:03","guid":{"rendered":"https:\/\/simonbois.de\/?post_type=product&#038;p=4477"},"modified":"2025-08-15T11:02:03","modified_gmt":"2025-08-15T11:02:03","slug":"badger-pellets-palette-mit-65-sacken-a-15-kg","status":"publish","type":"product","link":"https:\/\/simonbois.de\/de\/product\/badger-pellets-palette-mit-65-sacken-a-15-kg\/","title":{"rendered":"Badger Pellets \u2013 Palette mit 65 S\u00e4cken \u00e0 15 kg"},"content":{"rendered":"<p>\u00a0<\/p>\n<p>Technisches Datenblatt<br \/>\nZusammensetzung<br \/>\n100 % Nadelholz<br \/>\nZertifikate<br \/>\nDIN Plus, EN Plus A1<br \/>\nHeizwert<br \/>\n\u00dcber 4,6 kWh\/kg<br \/>\nFeuchtigkeitsgehalt<br \/>\nUnter 10 %<br \/>\nAschegehalt<br \/>\nUnter 0,7 %<br \/>\nStaubgehalt<br \/>\nUnter 0,5 %<br \/>\nDurchmesser<br \/>\n6 mm<br \/>\nVerpackung<br \/>\nPalette<br \/>\nHerkunft<br \/>\nBelgien<\/p>\n<p>\u00a0<\/p>","protected":false},"excerpt":{"rendered":"<p>Beschreibung<br \/>\nBadger Holzpellets werden in Belgien in gleichbleibender Qualit\u00e4t aus Nadelholz aus nachhaltig bewirtschafteten, umweltfreundlichen W\u00e4ldern hergestellt.<\/p>\n<p>Diese Pellets sind 100 % nat\u00fcrlich, ohne Klebstoffe oder Zusatzstoffe und erf\u00fcllen die Anforderungen der DIN Plus- und EN Plus-Normen.<\/p>\n<p>Regelm\u00e4\u00dfige Kontrollen des Herstellungsprozesses \u2013 von der Rohstoffbeschaffung bis zur Verpackung \u2013 werden durchgef\u00fchrt.<\/p>\n<p>Sie erhalten garantiert hochwertige und leistungsstarke Pellets, die in Ihre Heizungsanlage passen und diese nicht verstopfen.<\/p>\n<p>Die Beutel bestehen aus Recyclingpapier und sind leicht recycelbar. Sie k\u00f6nnen sie daher einfacher im Altpapier entsorgen.<\/p>\n<p>Mit diesem Pellet erhalten Sie garantiert hochwertige Pellets, die seit \u00fcber 10 Jahren auf dem Markt bekannt sind.<\/p>","protected":false},"featured_media":4491,"comment_status":"open","ping_status":"closed","template":"","meta":[],"product_brand":[],"product_cat":[194],"product_tag":[],"class_list":{"0":"post-4477","1":"product","2":"type-product","3":"status-publish","4":"has-post-thumbnail","6":"product_cat-pellets","8":"first","9":"instock","10":"taxable","11":"shipping-taxable","12":"purchasable","13":"product-type-simple"},"yoast_head":"<!-- This site is optimized with the Yoast SEO plugin v27.5 - https:\/\/yoast.com\/product\/yoast-seo-wordpress\/ -->\n<title>Badger Pellets \u2013 Palette mit 65 S\u00e4cken \u00e0 15 kg - SIMON BOIS<\/title>\n<meta name=\"robots\" content=\"index, follow, max-snippet:-1, max-image-preview:large, max-video-preview:-1\" \/>\n<link rel=\"canonical\" href=\"https:\/\/simonbois.de\/de\/product\/badger-pellets-palette-mit-65-sacken-a-15-kg\/\" \/>\n<meta property=\"og:locale\" content=\"de_DE\" \/>\n<meta property=\"og:type\" content=\"article\" \/>\n<meta property=\"og:title\" content=\"Badger Pellets \u2013 Palette mit 65 S\u00e4cken \u00e0 15 kg - SIMON BOIS\" \/>\n<meta property=\"og:description\" content=\"Beschreibung Badger Holzpellets werden in Belgien in gleichbleibender Qualit\u00e4t aus Nadelholz aus nachhaltig bewirtschafteten, umweltfreundlichen W\u00e4ldern hergestellt.  Diese Pellets sind 100 % nat\u00fcrlich, ohne Klebstoffe oder Zusatzstoffe und erf\u00fcllen die Anforderungen der DIN Plus- und EN Plus-Normen.  Regelm\u00e4\u00dfige Kontrollen des Herstellungsprozesses \u2013 von der Rohstoffbeschaffung bis zur Verpackung \u2013 werden durchgef\u00fchrt.  Sie erhalten garantiert hochwertige und leistungsstarke Pellets, die in Ihre Heizungsanlage passen und diese nicht verstopfen.  Die Beutel bestehen aus Recyclingpapier und sind leicht recycelbar. Sie k\u00f6nnen sie daher einfacher im Altpapier entsorgen.  Mit diesem Pellet erhalten Sie garantiert hochwertige Pellets, die seit \u00fcber 10 Jahren auf dem Markt bekannt sind.\" \/>\n<meta property=\"og:url\" content=\"https:\/\/simonbois.de\/de\/product\/badger-pellets-palette-mit-65-sacken-a-15-kg\/\" \/>\n<meta property=\"og:site_name\" content=\"SIMON BOIS\" \/>\n<meta property=\"og:image\" content=\"https:\/\/simonbois.de\/wp-content\/uploads\/2025\/08\/12-3.webp\" \/>\n\t<meta property=\"og:image:width\" content=\"800\" \/>\n\t<meta property=\"og:image:height\" content=\"800\" \/>\n\t<meta property=\"og:image:type\" content=\"image\/webp\" \/>\n<meta name=\"twitter:card\" content=\"summary_large_image\" \/>\n<script type=\"application\/ld+json\" class=\"yoast-schema-graph\">{\"@context\":\"https:\\\/\\\/schema.org\",\"@graph\":[{\"@type\":\"WebPage\",\"@id\":\"https:\\\/\\\/simonbois.de\\\/product\\\/badger-pellets-palette-mit-65-sacken-a-15-kg\\\/\",\"url\":\"https:\\\/\\\/simonbois.de\\\/product\\\/badger-pellets-palette-mit-65-sacken-a-15-kg\\\/\",\"name\":\"Badger Pellets \u2013 Palette mit 65 S\u00e4cken \u00e0 15 kg - SIMON BOIS\",\"isPartOf\":{\"@id\":\"https:\\\/\\\/simonbois.de\\\/#website\"},\"primaryImageOfPage\":{\"@id\":\"https:\\\/\\\/simonbois.de\\\/product\\\/badger-pellets-palette-mit-65-sacken-a-15-kg\\\/#primaryimage\"},\"image\":{\"@id\":\"https:\\\/\\\/simonbois.de\\\/product\\\/badger-pellets-palette-mit-65-sacken-a-15-kg\\\/#primaryimage\"},\"thumbnailUrl\":\"https:\\\/\\\/simonbois.de\\\/wp-content\\\/uploads\\\/2025\\\/08\\\/12-3.webp\",\"datePublished\":\"2025-08-15T11:02:03+00:00\",\"breadcrumb\":{\"@id\":\"https:\\\/\\\/simonbois.de\\\/product\\\/badger-pellets-palette-mit-65-sacken-a-15-kg\\\/#breadcrumb\"},\"inLanguage\":\"de\",\"potentialAction\":[{\"@type\":\"ReadAction\",\"target\":[\"https:\\\/\\\/simonbois.de\\\/product\\\/badger-pellets-palette-mit-65-sacken-a-15-kg\\\/\"]}]},{\"@type\":\"ImageObject\",\"inLanguage\":\"de\",\"@id\":\"https:\\\/\\\/simonbois.de\\\/product\\\/badger-pellets-palette-mit-65-sacken-a-15-kg\\\/#primaryimage\",\"url\":\"https:\\\/\\\/simonbois.de\\\/wp-content\\\/uploads\\\/2025\\\/08\\\/12-3.webp\",\"contentUrl\":\"https:\\\/\\\/simonbois.de\\\/wp-content\\\/uploads\\\/2025\\\/08\\\/12-3.webp\",\"width\":800,\"height\":800},{\"@type\":\"BreadcrumbList\",\"@id\":\"https:\\\/\\\/simonbois.de\\\/product\\\/badger-pellets-palette-mit-65-sacken-a-15-kg\\\/#breadcrumb\",\"itemListElement\":[{\"@type\":\"ListItem\",\"position\":1,\"name\":\"Home\",\"item\":\"https:\\\/\\\/simonbois.de\\\/\"},{\"@type\":\"ListItem\",\"position\":2,\"name\":\"Shop\",\"item\":\"https:\\\/\\\/simonbois.de\\\/shop-2\\\/\"},{\"@type\":\"ListItem\",\"position\":3,\"name\":\"Badger Pellets \u2013 Palette mit 65 S\u00e4cken \u00e0 15 kg\"}]},{\"@type\":\"WebSite\",\"@id\":\"https:\\\/\\\/simonbois.de\\\/#website\",\"url\":\"https:\\\/\\\/simonbois.de\\\/\",\"name\":\"SIMON BOIS\",\"description\":\"Verkauf und Lieferung von Brennholz auf Paletten\",\"potentialAction\":[{\"@type\":\"SearchAction\",\"target\":{\"@type\":\"EntryPoint\",\"urlTemplate\":\"https:\\\/\\\/simonbois.de\\\/?s={search_term_string}\"},\"query-input\":{\"@type\":\"PropertyValueSpecification\",\"valueRequired\":true,\"valueName\":\"search_term_string\"}}],\"inLanguage\":\"de\"}]}<\/script>\n<!-- \/ Yoast SEO plugin. -->","yoast_head_json":{"title":"Badger Pellets \u2013 Palette mit 65 S\u00e4cken \u00e0 15 kg - SIMON BOIS","robots":{"index":"index","follow":"follow","max-snippet":"max-snippet:-1","max-image-preview":"max-image-preview:large","max-video-preview":"max-video-preview:-1"},"canonical":"https:\/\/simonbois.de\/de\/product\/badger-pellets-palette-mit-65-sacken-a-15-kg\/","og_locale":"de_DE","og_type":"article","og_title":"Badger Pellets \u2013 Palette mit 65 S\u00e4cken \u00e0 15 kg - SIMON BOIS","og_description":"Beschreibung Badger Holzpellets werden in Belgien in gleichbleibender Qualit\u00e4t aus Nadelholz aus nachhaltig bewirtschafteten, umweltfreundlichen W\u00e4ldern hergestellt.  Diese Pellets sind 100 % nat\u00fcrlich, ohne Klebstoffe oder Zusatzstoffe und erf\u00fcllen die Anforderungen der DIN Plus- und EN Plus-Normen.  Regelm\u00e4\u00dfige Kontrollen des Herstellungsprozesses \u2013 von der Rohstoffbeschaffung bis zur Verpackung \u2013 werden durchgef\u00fchrt.  Sie erhalten garantiert hochwertige und leistungsstarke Pellets, die in Ihre Heizungsanlage passen und diese nicht verstopfen.  Die Beutel bestehen aus Recyclingpapier und sind leicht recycelbar. Sie k\u00f6nnen sie daher einfacher im Altpapier entsorgen.  Mit diesem Pellet erhalten Sie garantiert hochwertige Pellets, die seit \u00fcber 10 Jahren auf dem Markt bekannt sind.","og_url":"https:\/\/simonbois.de\/de\/product\/badger-pellets-palette-mit-65-sacken-a-15-kg\/","og_site_name":"SIMON BOIS","og_image":[{"width":800,"height":800,"url":"https:\/\/simonbois.de\/wp-content\/uploads\/2025\/08\/12-3.webp","type":"image\/webp"}],"twitter_card":"summary_large_image","schema":{"@context":"https:\/\/schema.org","@graph":[{"@type":"WebPage","@id":"https:\/\/simonbois.de\/product\/badger-pellets-palette-mit-65-sacken-a-15-kg\/","url":"https:\/\/simonbois.de\/product\/badger-pellets-palette-mit-65-sacken-a-15-kg\/","name":"Badger Pellets \u2013 Palette mit 65 S\u00e4cken \u00e0 15 kg - SIMON BOIS","isPartOf":{"@id":"https:\/\/simonbois.de\/#website"},"primaryImageOfPage":{"@id":"https:\/\/simonbois.de\/product\/badger-pellets-palette-mit-65-sacken-a-15-kg\/#primaryimage"},"image":{"@id":"https:\/\/simonbois.de\/product\/badger-pellets-palette-mit-65-sacken-a-15-kg\/#primaryimage"},"thumbnailUrl":"https:\/\/simonbois.de\/wp-content\/uploads\/2025\/08\/12-3.webp","datePublished":"2025-08-15T11:02:03+00:00","breadcrumb":{"@id":"https:\/\/simonbois.de\/product\/badger-pellets-palette-mit-65-sacken-a-15-kg\/#breadcrumb"},"inLanguage":"de","potentialAction":[{"@type":"ReadAction","target":["https:\/\/simonbois.de\/product\/badger-pellets-palette-mit-65-sacken-a-15-kg\/"]}]},{"@type":"ImageObject","inLanguage":"de","@id":"https:\/\/simonbois.de\/product\/badger-pellets-palette-mit-65-sacken-a-15-kg\/#primaryimage","url":"https:\/\/simonbois.de\/wp-content\/uploads\/2025\/08\/12-3.webp","contentUrl":"https:\/\/simonbois.de\/wp-content\/uploads\/2025\/08\/12-3.webp","width":800,"height":800},{"@type":"BreadcrumbList","@id":"https:\/\/simonbois.de\/product\/badger-pellets-palette-mit-65-sacken-a-15-kg\/#breadcrumb","itemListElement":[{"@type":"ListItem","position":1,"name":"Home","item":"https:\/\/simonbois.de\/"},{"@type":"ListItem","position":2,"name":"Shop","item":"https:\/\/simonbois.de\/shop-2\/"},{"@type":"ListItem","position":3,"name":"Badger Pellets \u2013 Palette mit 65 S\u00e4cken \u00e0 15 kg"}]},{"@type":"WebSite","@id":"https:\/\/simonbois.de\/#website","url":"https:\/\/simonbois.de\/","name":"SIMON BOIS","description":"Verkauf und Lieferung von Brennholz auf Paletten","potentialAction":[{"@type":"SearchAction","target":{"@type":"EntryPoint","urlTemplate":"https:\/\/simonbois.de\/?s={search_term_string}"},"query-input":{"@type":"PropertyValueSpecification","valueRequired":true,"valueName":"search_term_string"}}],"inLanguage":"de"}]}},"_links":{"self":[{"href":"https:\/\/simonbois.de\/de\/wp-json\/wp\/v2\/product\/4477","targetHints":{"allow":["GET"]}}],"collection":[{"href":"https:\/\/simonbois.de\/de\/wp-json\/wp\/v2\/product"}],"about":[{"href":"https:\/\/simonbois.de\/de\/wp-json\/wp\/v2\/types\/product"}],"replies":[{"embeddable":true,"href":"https:\/\/simonbois.de\/de\/wp-json\/wp\/v2\/comments?post=4477"}],"wp:featuredmedia":[{"embeddable":true,"href":"https:\/\/simonbois.de\/de\/wp-json\/wp\/v2\/media\/4491"}],"wp:attachment":[{"href":"https:\/\/simonbois.de\/de\/wp-json\/wp\/v2\/media?parent=4477"}],"wp:term":[{"taxonomy":"product_brand","embeddable":true,"href":"https:\/\/simonbois.de\/de\/wp-json\/wp\/v2\/product_brand?post=4477"},{"taxonomy":"product_cat","embeddable":true,"href":"https:\/\/simonbois.de\/de\/wp-json\/wp\/v2\/product_cat?post=4477"},{"taxonomy":"product_tag","embeddable":true,"href":"https:\/\/simonbois.de\/de\/wp-json\/wp\/v2\/product_tag?post=4477"}],"curies":[{"name":"wp","href":"https:\/\/api.w.org\/{rel}","templated":true}]}}