{"id":4461,"date":"2025-08-15T10:47:37","date_gmt":"2025-08-15T10:47:37","guid":{"rendered":"https:\/\/simonbois.de\/?post_type=product&#038;p=4461"},"modified":"2025-08-15T10:47:38","modified_gmt":"2025-08-15T10:47:38","slug":"pelletpalette-mit-65-sacken-a-15-kg","status":"publish","type":"product","link":"https:\/\/simonbois.de\/de\/product\/pelletpalette-mit-65-sacken-a-15-kg\/","title":{"rendered":"Pelletpalette mit 65 S\u00e4cken \u00e0 15 kg"},"content":{"rendered":"<p>\u00a0<\/p>\n<p>Beschreibung<br \/>\nHELIOS Pellets sind qualitativ hochwertiger als die im Supermarkt erh\u00e4ltlichen Pellets und erfreuen sich seit \u00fcber 10 Jahren gro\u00dfer Beliebtheit.<\/p>\n<p>Dank des transparenten Beutels erkennen Sie schnell den Staubgehalt (< 0,5 %) und die sehr helle Farbe der Pellets.<\/p>\n<p>Der Heizwert von \u00fcber 4,7 kWh\/kg macht sie zu einem universellen Produkt zu einem attraktiven Preis.<\/p>\n<p>\u00a0<\/p>","protected":false},"excerpt":{"rendered":"<p>Diese Pellets eignen sich ideal f\u00fcr Holzpellet\u00f6fen, -eins\u00e4tze und -kessel.<\/p>\n<p>Wir verkaufen diese Pellets seit \u00fcber 10 Jahren und unsere Kunden sind rundum zufrieden. Probieren Sie sie einmal aus!<\/p>\n<p>Die Pellets m\u00fcssen trocken und bei moderaten Temperaturen gelagert werden.<\/p>\n<p>Die S\u00e4cke m\u00fcssen mit einer Palette vom Boden abgehoben und von W\u00e4nden ferngehalten werden. Sie d\u00fcrfen niemals mit Feuchtigkeit in Ber\u00fchrung kommen, da sie sonst unbrauchbar werden.<\/p>\n<p>Referenz<br \/>\nPELLET_PALETTE_HELIOS<\/p>","protected":false},"featured_media":4471,"comment_status":"open","ping_status":"closed","template":"","meta":[],"product_brand":[],"product_cat":[194],"product_tag":[],"class_list":{"0":"post-4461","1":"product","2":"type-product","3":"status-publish","4":"has-post-thumbnail","6":"product_cat-pellets","8":"first","9":"instock","10":"taxable","11":"shipping-taxable","12":"purchasable","13":"product-type-simple"},"yoast_head":"<!-- This site is optimized with the Yoast SEO plugin v27.5 - https:\/\/yoast.com\/product\/yoast-seo-wordpress\/ -->\n<title>Pelletpalette mit 65 S\u00e4cken \u00e0 15 kg - SIMON BOIS<\/title>\n<meta name=\"robots\" content=\"index, follow, max-snippet:-1, max-image-preview:large, max-video-preview:-1\" \/>\n<link rel=\"canonical\" href=\"https:\/\/simonbois.de\/de\/product\/pelletpalette-mit-65-sacken-a-15-kg\/\" \/>\n<meta property=\"og:locale\" content=\"de_DE\" \/>\n<meta property=\"og:type\" content=\"article\" \/>\n<meta property=\"og:title\" content=\"Pelletpalette mit 65 S\u00e4cken \u00e0 15 kg - SIMON BOIS\" \/>\n<meta property=\"og:description\" content=\"Diese Pellets eignen sich ideal f\u00fcr Holzpellet\u00f6fen, -eins\u00e4tze und -kessel.  Wir verkaufen diese Pellets seit \u00fcber 10 Jahren und unsere Kunden sind rundum zufrieden. Probieren Sie sie einmal aus!  Die Pellets m\u00fcssen trocken und bei moderaten Temperaturen gelagert werden.  Die S\u00e4cke m\u00fcssen mit einer Palette vom Boden abgehoben und von W\u00e4nden ferngehalten werden. Sie d\u00fcrfen niemals mit Feuchtigkeit in Ber\u00fchrung kommen, da sie sonst unbrauchbar werden.  Referenz PELLET_PALETTE_HELIOS\" \/>\n<meta property=\"og:url\" content=\"https:\/\/simonbois.de\/de\/product\/pelletpalette-mit-65-sacken-a-15-kg\/\" \/>\n<meta property=\"og:site_name\" content=\"SIMON BOIS\" \/>\n<meta property=\"article:modified_time\" content=\"2025-08-15T10:47:38+00:00\" \/>\n<meta property=\"og:image\" content=\"https:\/\/simonbois.de\/wp-content\/uploads\/2025\/08\/10-3.webp\" \/>\n\t<meta property=\"og:image:width\" content=\"800\" \/>\n\t<meta property=\"og:image:height\" content=\"800\" \/>\n\t<meta property=\"og:image:type\" content=\"image\/webp\" \/>\n<meta name=\"twitter:card\" content=\"summary_large_image\" \/>\n<script type=\"application\/ld+json\" class=\"yoast-schema-graph\">{\"@context\":\"https:\\\/\\\/schema.org\",\"@graph\":[{\"@type\":\"WebPage\",\"@id\":\"https:\\\/\\\/simonbois.de\\\/product\\\/pelletpalette-mit-65-sacken-a-15-kg\\\/\",\"url\":\"https:\\\/\\\/simonbois.de\\\/product\\\/pelletpalette-mit-65-sacken-a-15-kg\\\/\",\"name\":\"Pelletpalette mit 65 S\u00e4cken \u00e0 15 kg - SIMON BOIS\",\"isPartOf\":{\"@id\":\"https:\\\/\\\/simonbois.de\\\/#website\"},\"primaryImageOfPage\":{\"@id\":\"https:\\\/\\\/simonbois.de\\\/product\\\/pelletpalette-mit-65-sacken-a-15-kg\\\/#primaryimage\"},\"image\":{\"@id\":\"https:\\\/\\\/simonbois.de\\\/product\\\/pelletpalette-mit-65-sacken-a-15-kg\\\/#primaryimage\"},\"thumbnailUrl\":\"https:\\\/\\\/simonbois.de\\\/wp-content\\\/uploads\\\/2025\\\/08\\\/10-3.webp\",\"datePublished\":\"2025-08-15T10:47:37+00:00\",\"dateModified\":\"2025-08-15T10:47:38+00:00\",\"breadcrumb\":{\"@id\":\"https:\\\/\\\/simonbois.de\\\/product\\\/pelletpalette-mit-65-sacken-a-15-kg\\\/#breadcrumb\"},\"inLanguage\":\"de\",\"potentialAction\":[{\"@type\":\"ReadAction\",\"target\":[\"https:\\\/\\\/simonbois.de\\\/product\\\/pelletpalette-mit-65-sacken-a-15-kg\\\/\"]}]},{\"@type\":\"ImageObject\",\"inLanguage\":\"de\",\"@id\":\"https:\\\/\\\/simonbois.de\\\/product\\\/pelletpalette-mit-65-sacken-a-15-kg\\\/#primaryimage\",\"url\":\"https:\\\/\\\/simonbois.de\\\/wp-content\\\/uploads\\\/2025\\\/08\\\/10-3.webp\",\"contentUrl\":\"https:\\\/\\\/simonbois.de\\\/wp-content\\\/uploads\\\/2025\\\/08\\\/10-3.webp\",\"width\":800,\"height\":800},{\"@type\":\"BreadcrumbList\",\"@id\":\"https:\\\/\\\/simonbois.de\\\/product\\\/pelletpalette-mit-65-sacken-a-15-kg\\\/#breadcrumb\",\"itemListElement\":[{\"@type\":\"ListItem\",\"position\":1,\"name\":\"Home\",\"item\":\"https:\\\/\\\/simonbois.de\\\/\"},{\"@type\":\"ListItem\",\"position\":2,\"name\":\"Shop\",\"item\":\"https:\\\/\\\/simonbois.de\\\/shop-2\\\/\"},{\"@type\":\"ListItem\",\"position\":3,\"name\":\"Pelletpalette mit 65 S\u00e4cken \u00e0 15 kg\"}]},{\"@type\":\"WebSite\",\"@id\":\"https:\\\/\\\/simonbois.de\\\/#website\",\"url\":\"https:\\\/\\\/simonbois.de\\\/\",\"name\":\"SIMON BOIS\",\"description\":\"Verkauf und Lieferung von Brennholz auf Paletten\",\"potentialAction\":[{\"@type\":\"SearchAction\",\"target\":{\"@type\":\"EntryPoint\",\"urlTemplate\":\"https:\\\/\\\/simonbois.de\\\/?s={search_term_string}\"},\"query-input\":{\"@type\":\"PropertyValueSpecification\",\"valueRequired\":true,\"valueName\":\"search_term_string\"}}],\"inLanguage\":\"de\"}]}<\/script>\n<!-- \/ Yoast SEO plugin. -->","yoast_head_json":{"title":"Pelletpalette mit 65 S\u00e4cken \u00e0 15 kg - SIMON BOIS","robots":{"index":"index","follow":"follow","max-snippet":"max-snippet:-1","max-image-preview":"max-image-preview:large","max-video-preview":"max-video-preview:-1"},"canonical":"https:\/\/simonbois.de\/de\/product\/pelletpalette-mit-65-sacken-a-15-kg\/","og_locale":"de_DE","og_type":"article","og_title":"Pelletpalette mit 65 S\u00e4cken \u00e0 15 kg - SIMON BOIS","og_description":"Diese Pellets eignen sich ideal f\u00fcr Holzpellet\u00f6fen, -eins\u00e4tze und -kessel.  Wir verkaufen diese Pellets seit \u00fcber 10 Jahren und unsere Kunden sind rundum zufrieden. Probieren Sie sie einmal aus!  Die Pellets m\u00fcssen trocken und bei moderaten Temperaturen gelagert werden.  Die S\u00e4cke m\u00fcssen mit einer Palette vom Boden abgehoben und von W\u00e4nden ferngehalten werden. Sie d\u00fcrfen niemals mit Feuchtigkeit in Ber\u00fchrung kommen, da sie sonst unbrauchbar werden.  Referenz PELLET_PALETTE_HELIOS","og_url":"https:\/\/simonbois.de\/de\/product\/pelletpalette-mit-65-sacken-a-15-kg\/","og_site_name":"SIMON BOIS","article_modified_time":"2025-08-15T10:47:38+00:00","og_image":[{"width":800,"height":800,"url":"https:\/\/simonbois.de\/wp-content\/uploads\/2025\/08\/10-3.webp","type":"image\/webp"}],"twitter_card":"summary_large_image","schema":{"@context":"https:\/\/schema.org","@graph":[{"@type":"WebPage","@id":"https:\/\/simonbois.de\/product\/pelletpalette-mit-65-sacken-a-15-kg\/","url":"https:\/\/simonbois.de\/product\/pelletpalette-mit-65-sacken-a-15-kg\/","name":"Pelletpalette mit 65 S\u00e4cken \u00e0 15 kg - SIMON BOIS","isPartOf":{"@id":"https:\/\/simonbois.de\/#website"},"primaryImageOfPage":{"@id":"https:\/\/simonbois.de\/product\/pelletpalette-mit-65-sacken-a-15-kg\/#primaryimage"},"image":{"@id":"https:\/\/simonbois.de\/product\/pelletpalette-mit-65-sacken-a-15-kg\/#primaryimage"},"thumbnailUrl":"https:\/\/simonbois.de\/wp-content\/uploads\/2025\/08\/10-3.webp","datePublished":"2025-08-15T10:47:37+00:00","dateModified":"2025-08-15T10:47:38+00:00","breadcrumb":{"@id":"https:\/\/simonbois.de\/product\/pelletpalette-mit-65-sacken-a-15-kg\/#breadcrumb"},"inLanguage":"de","potentialAction":[{"@type":"ReadAction","target":["https:\/\/simonbois.de\/product\/pelletpalette-mit-65-sacken-a-15-kg\/"]}]},{"@type":"ImageObject","inLanguage":"de","@id":"https:\/\/simonbois.de\/product\/pelletpalette-mit-65-sacken-a-15-kg\/#primaryimage","url":"https:\/\/simonbois.de\/wp-content\/uploads\/2025\/08\/10-3.webp","contentUrl":"https:\/\/simonbois.de\/wp-content\/uploads\/2025\/08\/10-3.webp","width":800,"height":800},{"@type":"BreadcrumbList","@id":"https:\/\/simonbois.de\/product\/pelletpalette-mit-65-sacken-a-15-kg\/#breadcrumb","itemListElement":[{"@type":"ListItem","position":1,"name":"Home","item":"https:\/\/simonbois.de\/"},{"@type":"ListItem","position":2,"name":"Shop","item":"https:\/\/simonbois.de\/shop-2\/"},{"@type":"ListItem","position":3,"name":"Pelletpalette mit 65 S\u00e4cken \u00e0 15 kg"}]},{"@type":"WebSite","@id":"https:\/\/simonbois.de\/#website","url":"https:\/\/simonbois.de\/","name":"SIMON BOIS","description":"Verkauf und Lieferung von Brennholz auf Paletten","potentialAction":[{"@type":"SearchAction","target":{"@type":"EntryPoint","urlTemplate":"https:\/\/simonbois.de\/?s={search_term_string}"},"query-input":{"@type":"PropertyValueSpecification","valueRequired":true,"valueName":"search_term_string"}}],"inLanguage":"de"}]}},"_links":{"self":[{"href":"https:\/\/simonbois.de\/de\/wp-json\/wp\/v2\/product\/4461","targetHints":{"allow":["GET"]}}],"collection":[{"href":"https:\/\/simonbois.de\/de\/wp-json\/wp\/v2\/product"}],"about":[{"href":"https:\/\/simonbois.de\/de\/wp-json\/wp\/v2\/types\/product"}],"replies":[{"embeddable":true,"href":"https:\/\/simonbois.de\/de\/wp-json\/wp\/v2\/comments?post=4461"}],"wp:featuredmedia":[{"embeddable":true,"href":"https:\/\/simonbois.de\/de\/wp-json\/wp\/v2\/media\/4471"}],"wp:attachment":[{"href":"https:\/\/simonbois.de\/de\/wp-json\/wp\/v2\/media?parent=4461"}],"wp:term":[{"taxonomy":"product_brand","embeddable":true,"href":"https:\/\/simonbois.de\/de\/wp-json\/wp\/v2\/product_brand?post=4461"},{"taxonomy":"product_cat","embeddable":true,"href":"https:\/\/simonbois.de\/de\/wp-json\/wp\/v2\/product_cat?post=4461"},{"taxonomy":"product_tag","embeddable":true,"href":"https:\/\/simonbois.de\/de\/wp-json\/wp\/v2\/product_tag?post=4461"}],"curies":[{"name":"wp","href":"https:\/\/api.w.org\/{rel}","templated":true}]}}