{"id":4453,"date":"2025-08-15T10:48:40","date_gmt":"2025-08-15T10:48:40","guid":{"rendered":"https:\/\/simonbois.de\/?post_type=product&#038;p=4453"},"modified":"2025-08-15T10:48:40","modified_gmt":"2025-08-15T10:48:40","slug":"woodstock-premium-qualitat-holzpellets-palette-mit-70-sacken-a-15-kg","status":"publish","type":"product","link":"https:\/\/simonbois.de\/de\/product\/woodstock-premium-qualitat-holzpellets-palette-mit-70-sacken-a-15-kg\/","title":{"rendered":"WOODSTOCK Premium-Qualit\u00e4t Holzpellets \u2013 Palette mit 70 S\u00e4cken \u00e0 15 kg"},"content":{"rendered":"<p>\u00a0<\/p>\n<p>Beschreibung<br \/>\nDiese Pellets werden in Frankreich hergestellt und enthalten keine chemischen Elemente oder Substanzen. Die Pellets sind 20 mm lang und haben einen Durchmesser von 6 mm \u2013 ein relativ gutes Ma\u00df. Normalerweise misst ein Pellet zwischen 15 und 20 mm, der maximale Durchmesser betr\u00e4gt 8 mm. Diese WOODSTOCK Premium-Qualit\u00e4tspellets werden auf Paletten mit 70 S\u00e4cken geliefert. Jeder Sack wiegt 15 kg. Dieses Produkt ist f\u00fcr alle holzbefeuerten Pelletger\u00e4te (Eins\u00e4tze, \u00d6fen und Heizkessel) geeignet.<\/p>","protected":false},"excerpt":{"rendered":"<p>\u00a0 Beschreibung Diese Pellets werden in Frankreich hergestellt und enthalten keine chemischen Elemente oder Substanzen. Die Pellets sind 20 mm lang und haben einen Durchmesser von 6 mm \u2013 ein relativ gutes Ma\u00df. Normalerweise misst ein Pellet zwischen 15 und 20 mm, der maximale Durchmesser betr\u00e4gt 8 mm. Diese WOODSTOCK Premium-Qualit\u00e4tspellets werden auf Paletten mit [&hellip;]<\/p>\n","protected":false},"featured_media":4464,"comment_status":"open","ping_status":"closed","template":"","meta":[],"product_brand":[],"product_cat":[194],"product_tag":[],"class_list":{"0":"post-4453","1":"product","2":"type-product","3":"status-publish","4":"has-post-thumbnail","6":"product_cat-pellets","8":"first","9":"instock","10":"taxable","11":"shipping-taxable","12":"purchasable","13":"product-type-simple"},"yoast_head":"<!-- This site is optimized with the Yoast SEO plugin v27.5 - https:\/\/yoast.com\/product\/yoast-seo-wordpress\/ -->\n<title>WOODSTOCK Premium-Qualit\u00e4t Holzpellets \u2013 Palette mit 70 S\u00e4cken \u00e0 15 kg - SIMON BOIS<\/title>\n<meta name=\"robots\" content=\"index, follow, max-snippet:-1, max-image-preview:large, max-video-preview:-1\" \/>\n<link rel=\"canonical\" href=\"https:\/\/simonbois.de\/de\/product\/woodstock-premium-qualitat-holzpellets-palette-mit-70-sacken-a-15-kg\/\" \/>\n<meta property=\"og:locale\" content=\"de_DE\" \/>\n<meta property=\"og:type\" content=\"article\" \/>\n<meta property=\"og:title\" content=\"WOODSTOCK Premium-Qualit\u00e4t Holzpellets \u2013 Palette mit 70 S\u00e4cken \u00e0 15 kg - SIMON BOIS\" \/>\n<meta property=\"og:description\" content=\"\u00a0 Beschreibung Diese Pellets werden in Frankreich hergestellt und enthalten keine chemischen Elemente oder Substanzen. Die Pellets sind 20 mm lang und haben einen Durchmesser von 6 mm \u2013 ein relativ gutes Ma\u00df. Normalerweise misst ein Pellet zwischen 15 und 20 mm, der maximale Durchmesser betr\u00e4gt 8 mm. Diese WOODSTOCK Premium-Qualit\u00e4tspellets werden auf Paletten mit [&hellip;]\" \/>\n<meta property=\"og:url\" content=\"https:\/\/simonbois.de\/de\/product\/woodstock-premium-qualitat-holzpellets-palette-mit-70-sacken-a-15-kg\/\" \/>\n<meta property=\"og:site_name\" content=\"SIMON BOIS\" \/>\n<meta property=\"og:image\" content=\"https:\/\/simonbois.de\/wp-content\/uploads\/2025\/08\/3-3.webp\" \/>\n\t<meta property=\"og:image:width\" content=\"800\" \/>\n\t<meta property=\"og:image:height\" content=\"800\" \/>\n\t<meta property=\"og:image:type\" content=\"image\/webp\" \/>\n<meta name=\"twitter:card\" content=\"summary_large_image\" \/>\n<script type=\"application\/ld+json\" class=\"yoast-schema-graph\">{\"@context\":\"https:\\\/\\\/schema.org\",\"@graph\":[{\"@type\":\"WebPage\",\"@id\":\"https:\\\/\\\/simonbois.de\\\/product\\\/woodstock-premium-qualitat-holzpellets-palette-mit-70-sacken-a-15-kg\\\/\",\"url\":\"https:\\\/\\\/simonbois.de\\\/product\\\/woodstock-premium-qualitat-holzpellets-palette-mit-70-sacken-a-15-kg\\\/\",\"name\":\"WOODSTOCK Premium-Qualit\u00e4t Holzpellets \u2013 Palette mit 70 S\u00e4cken \u00e0 15 kg - SIMON BOIS\",\"isPartOf\":{\"@id\":\"https:\\\/\\\/simonbois.de\\\/#website\"},\"primaryImageOfPage\":{\"@id\":\"https:\\\/\\\/simonbois.de\\\/product\\\/woodstock-premium-qualitat-holzpellets-palette-mit-70-sacken-a-15-kg\\\/#primaryimage\"},\"image\":{\"@id\":\"https:\\\/\\\/simonbois.de\\\/product\\\/woodstock-premium-qualitat-holzpellets-palette-mit-70-sacken-a-15-kg\\\/#primaryimage\"},\"thumbnailUrl\":\"https:\\\/\\\/simonbois.de\\\/wp-content\\\/uploads\\\/2025\\\/08\\\/3-3.webp\",\"datePublished\":\"2025-08-15T10:48:40+00:00\",\"breadcrumb\":{\"@id\":\"https:\\\/\\\/simonbois.de\\\/product\\\/woodstock-premium-qualitat-holzpellets-palette-mit-70-sacken-a-15-kg\\\/#breadcrumb\"},\"inLanguage\":\"de\",\"potentialAction\":[{\"@type\":\"ReadAction\",\"target\":[\"https:\\\/\\\/simonbois.de\\\/product\\\/woodstock-premium-qualitat-holzpellets-palette-mit-70-sacken-a-15-kg\\\/\"]}]},{\"@type\":\"ImageObject\",\"inLanguage\":\"de\",\"@id\":\"https:\\\/\\\/simonbois.de\\\/product\\\/woodstock-premium-qualitat-holzpellets-palette-mit-70-sacken-a-15-kg\\\/#primaryimage\",\"url\":\"https:\\\/\\\/simonbois.de\\\/wp-content\\\/uploads\\\/2025\\\/08\\\/3-3.webp\",\"contentUrl\":\"https:\\\/\\\/simonbois.de\\\/wp-content\\\/uploads\\\/2025\\\/08\\\/3-3.webp\",\"width\":800,\"height\":800},{\"@type\":\"BreadcrumbList\",\"@id\":\"https:\\\/\\\/simonbois.de\\\/product\\\/woodstock-premium-qualitat-holzpellets-palette-mit-70-sacken-a-15-kg\\\/#breadcrumb\",\"itemListElement\":[{\"@type\":\"ListItem\",\"position\":1,\"name\":\"Home\",\"item\":\"https:\\\/\\\/simonbois.de\\\/\"},{\"@type\":\"ListItem\",\"position\":2,\"name\":\"Shop\",\"item\":\"https:\\\/\\\/simonbois.de\\\/shop-2\\\/\"},{\"@type\":\"ListItem\",\"position\":3,\"name\":\"WOODSTOCK Premium-Qualit\u00e4t Holzpellets \u2013 Palette mit 70 S\u00e4cken \u00e0 15 kg\"}]},{\"@type\":\"WebSite\",\"@id\":\"https:\\\/\\\/simonbois.de\\\/#website\",\"url\":\"https:\\\/\\\/simonbois.de\\\/\",\"name\":\"SIMON BOIS\",\"description\":\"Verkauf und Lieferung von Brennholz auf Paletten\",\"potentialAction\":[{\"@type\":\"SearchAction\",\"target\":{\"@type\":\"EntryPoint\",\"urlTemplate\":\"https:\\\/\\\/simonbois.de\\\/?s={search_term_string}\"},\"query-input\":{\"@type\":\"PropertyValueSpecification\",\"valueRequired\":true,\"valueName\":\"search_term_string\"}}],\"inLanguage\":\"de\"}]}<\/script>\n<!-- \/ Yoast SEO plugin. -->","yoast_head_json":{"title":"WOODSTOCK Premium-Qualit\u00e4t Holzpellets \u2013 Palette mit 70 S\u00e4cken \u00e0 15 kg - SIMON BOIS","robots":{"index":"index","follow":"follow","max-snippet":"max-snippet:-1","max-image-preview":"max-image-preview:large","max-video-preview":"max-video-preview:-1"},"canonical":"https:\/\/simonbois.de\/de\/product\/woodstock-premium-qualitat-holzpellets-palette-mit-70-sacken-a-15-kg\/","og_locale":"de_DE","og_type":"article","og_title":"WOODSTOCK Premium-Qualit\u00e4t Holzpellets \u2013 Palette mit 70 S\u00e4cken \u00e0 15 kg - SIMON BOIS","og_description":"\u00a0 Beschreibung Diese Pellets werden in Frankreich hergestellt und enthalten keine chemischen Elemente oder Substanzen. Die Pellets sind 20 mm lang und haben einen Durchmesser von 6 mm \u2013 ein relativ gutes Ma\u00df. Normalerweise misst ein Pellet zwischen 15 und 20 mm, der maximale Durchmesser betr\u00e4gt 8 mm. Diese WOODSTOCK Premium-Qualit\u00e4tspellets werden auf Paletten mit [&hellip;]","og_url":"https:\/\/simonbois.de\/de\/product\/woodstock-premium-qualitat-holzpellets-palette-mit-70-sacken-a-15-kg\/","og_site_name":"SIMON BOIS","og_image":[{"width":800,"height":800,"url":"https:\/\/simonbois.de\/wp-content\/uploads\/2025\/08\/3-3.webp","type":"image\/webp"}],"twitter_card":"summary_large_image","schema":{"@context":"https:\/\/schema.org","@graph":[{"@type":"WebPage","@id":"https:\/\/simonbois.de\/product\/woodstock-premium-qualitat-holzpellets-palette-mit-70-sacken-a-15-kg\/","url":"https:\/\/simonbois.de\/product\/woodstock-premium-qualitat-holzpellets-palette-mit-70-sacken-a-15-kg\/","name":"WOODSTOCK Premium-Qualit\u00e4t Holzpellets \u2013 Palette mit 70 S\u00e4cken \u00e0 15 kg - SIMON BOIS","isPartOf":{"@id":"https:\/\/simonbois.de\/#website"},"primaryImageOfPage":{"@id":"https:\/\/simonbois.de\/product\/woodstock-premium-qualitat-holzpellets-palette-mit-70-sacken-a-15-kg\/#primaryimage"},"image":{"@id":"https:\/\/simonbois.de\/product\/woodstock-premium-qualitat-holzpellets-palette-mit-70-sacken-a-15-kg\/#primaryimage"},"thumbnailUrl":"https:\/\/simonbois.de\/wp-content\/uploads\/2025\/08\/3-3.webp","datePublished":"2025-08-15T10:48:40+00:00","breadcrumb":{"@id":"https:\/\/simonbois.de\/product\/woodstock-premium-qualitat-holzpellets-palette-mit-70-sacken-a-15-kg\/#breadcrumb"},"inLanguage":"de","potentialAction":[{"@type":"ReadAction","target":["https:\/\/simonbois.de\/product\/woodstock-premium-qualitat-holzpellets-palette-mit-70-sacken-a-15-kg\/"]}]},{"@type":"ImageObject","inLanguage":"de","@id":"https:\/\/simonbois.de\/product\/woodstock-premium-qualitat-holzpellets-palette-mit-70-sacken-a-15-kg\/#primaryimage","url":"https:\/\/simonbois.de\/wp-content\/uploads\/2025\/08\/3-3.webp","contentUrl":"https:\/\/simonbois.de\/wp-content\/uploads\/2025\/08\/3-3.webp","width":800,"height":800},{"@type":"BreadcrumbList","@id":"https:\/\/simonbois.de\/product\/woodstock-premium-qualitat-holzpellets-palette-mit-70-sacken-a-15-kg\/#breadcrumb","itemListElement":[{"@type":"ListItem","position":1,"name":"Home","item":"https:\/\/simonbois.de\/"},{"@type":"ListItem","position":2,"name":"Shop","item":"https:\/\/simonbois.de\/shop-2\/"},{"@type":"ListItem","position":3,"name":"WOODSTOCK Premium-Qualit\u00e4t Holzpellets \u2013 Palette mit 70 S\u00e4cken \u00e0 15 kg"}]},{"@type":"WebSite","@id":"https:\/\/simonbois.de\/#website","url":"https:\/\/simonbois.de\/","name":"SIMON BOIS","description":"Verkauf und Lieferung von Brennholz auf Paletten","potentialAction":[{"@type":"SearchAction","target":{"@type":"EntryPoint","urlTemplate":"https:\/\/simonbois.de\/?s={search_term_string}"},"query-input":{"@type":"PropertyValueSpecification","valueRequired":true,"valueName":"search_term_string"}}],"inLanguage":"de"}]}},"_links":{"self":[{"href":"https:\/\/simonbois.de\/de\/wp-json\/wp\/v2\/product\/4453","targetHints":{"allow":["GET"]}}],"collection":[{"href":"https:\/\/simonbois.de\/de\/wp-json\/wp\/v2\/product"}],"about":[{"href":"https:\/\/simonbois.de\/de\/wp-json\/wp\/v2\/types\/product"}],"replies":[{"embeddable":true,"href":"https:\/\/simonbois.de\/de\/wp-json\/wp\/v2\/comments?post=4453"}],"wp:featuredmedia":[{"embeddable":true,"href":"https:\/\/simonbois.de\/de\/wp-json\/wp\/v2\/media\/4464"}],"wp:attachment":[{"href":"https:\/\/simonbois.de\/de\/wp-json\/wp\/v2\/media?parent=4453"}],"wp:term":[{"taxonomy":"product_brand","embeddable":true,"href":"https:\/\/simonbois.de\/de\/wp-json\/wp\/v2\/product_brand?post=4453"},{"taxonomy":"product_cat","embeddable":true,"href":"https:\/\/simonbois.de\/de\/wp-json\/wp\/v2\/product_cat?post=4453"},{"taxonomy":"product_tag","embeddable":true,"href":"https:\/\/simonbois.de\/de\/wp-json\/wp\/v2\/product_tag?post=4453"}],"curies":[{"name":"wp","href":"https:\/\/api.w.org\/{rel}","templated":true}]}}