{"id":4452,"date":"2025-08-15T10:48:39","date_gmt":"2025-08-15T10:48:39","guid":{"rendered":"https:\/\/simonbois.de\/?post_type=product&#038;p=4452"},"modified":"2025-08-15T10:48:40","modified_gmt":"2025-08-15T10:48:40","slug":"hochwertige-woodstock-holzpellets-1-palette-mit-78-sacken-a-15-kg","status":"publish","type":"product","link":"https:\/\/simonbois.de\/de\/product\/hochwertige-woodstock-holzpellets-1-palette-mit-78-sacken-a-15-kg\/","title":{"rendered":"Hochwertige Woodstock Holzpellets \u2013 1 Palette mit 78 S\u00e4cken \u00e0 15 kg"},"content":{"rendered":"<p>\u00a0<\/p>\n<p>Beschreibung<br \/>\nDiese Palette mit 78 S\u00e4cken 100 % nat\u00fcrlicher Woodstock Holzpellets ist perfekt auf Ihren Pelletofen\/Pelleteinsatz\/Pelletkessel abgestimmt und garantiert eine saubere, staubfreie und optimale Verbrennung. Hergestellt aus unbehandeltem franz\u00f6sischem S\u00e4gemehl, ohne Klebstoffe oder Bindemittel, sorgt es f\u00fcr gleichm\u00e4\u00dfige und behagliche W\u00e4rme in Ihrem Zuhause.<\/p>\n<p>Kostenlose Lieferung innerhalb von 2 Werktagen<\/p>","protected":false},"excerpt":{"rendered":"<p>\u00a0 Beschreibung Diese Palette mit 78 S\u00e4cken 100 % nat\u00fcrlicher Woodstock Holzpellets ist perfekt auf Ihren Pelletofen\/Pelleteinsatz\/Pelletkessel abgestimmt und garantiert eine saubere, staubfreie und optimale Verbrennung. Hergestellt aus unbehandeltem franz\u00f6sischem S\u00e4gemehl, ohne Klebstoffe oder Bindemittel, sorgt es f\u00fcr gleichm\u00e4\u00dfige und behagliche W\u00e4rme in Ihrem Zuhause. Kostenlose Lieferung innerhalb von 2 Werktagen<\/p>","protected":false},"featured_media":4463,"comment_status":"open","ping_status":"closed","template":"","meta":[],"product_brand":[],"product_cat":[194],"product_tag":[],"class_list":{"0":"post-4452","1":"product","2":"type-product","3":"status-publish","4":"has-post-thumbnail","6":"product_cat-pellets","8":"first","9":"instock","10":"taxable","11":"shipping-taxable","12":"purchasable","13":"product-type-simple"},"yoast_head":"<!-- This site is optimized with the Yoast SEO plugin v27.5 - https:\/\/yoast.com\/product\/yoast-seo-wordpress\/ -->\n<title>Hochwertige Woodstock Holzpellets \u2013 1 Palette mit 78 S\u00e4cken \u00e0 15 kg - SIMON BOIS<\/title>\n<meta name=\"robots\" content=\"index, follow, max-snippet:-1, max-image-preview:large, max-video-preview:-1\" \/>\n<link rel=\"canonical\" href=\"https:\/\/simonbois.de\/de\/product\/hochwertige-woodstock-holzpellets-1-palette-mit-78-sacken-a-15-kg\/\" \/>\n<meta property=\"og:locale\" content=\"de_DE\" \/>\n<meta property=\"og:type\" content=\"article\" \/>\n<meta property=\"og:title\" content=\"Hochwertige Woodstock Holzpellets \u2013 1 Palette mit 78 S\u00e4cken \u00e0 15 kg - SIMON BOIS\" \/>\n<meta property=\"og:description\" content=\"\u00a0 Beschreibung Diese Palette mit 78 S\u00e4cken 100 % nat\u00fcrlicher Woodstock Holzpellets ist perfekt auf Ihren Pelletofen\/Pelleteinsatz\/Pelletkessel abgestimmt und garantiert eine saubere, staubfreie und optimale Verbrennung. Hergestellt aus unbehandeltem franz\u00f6sischem S\u00e4gemehl, ohne Klebstoffe oder Bindemittel, sorgt es f\u00fcr gleichm\u00e4\u00dfige und behagliche W\u00e4rme in Ihrem Zuhause. Kostenlose Lieferung innerhalb von 2 Werktagen\" \/>\n<meta property=\"og:url\" content=\"https:\/\/simonbois.de\/de\/product\/hochwertige-woodstock-holzpellets-1-palette-mit-78-sacken-a-15-kg\/\" \/>\n<meta property=\"og:site_name\" content=\"SIMON BOIS\" \/>\n<meta property=\"article:modified_time\" content=\"2025-08-15T10:48:40+00:00\" \/>\n<meta property=\"og:image\" content=\"https:\/\/simonbois.de\/wp-content\/uploads\/2025\/08\/2-3.webp\" \/>\n\t<meta property=\"og:image:width\" content=\"600\" \/>\n\t<meta property=\"og:image:height\" content=\"600\" \/>\n\t<meta property=\"og:image:type\" content=\"image\/webp\" \/>\n<meta name=\"twitter:card\" content=\"summary_large_image\" \/>\n<script type=\"application\/ld+json\" class=\"yoast-schema-graph\">{\"@context\":\"https:\\\/\\\/schema.org\",\"@graph\":[{\"@type\":\"WebPage\",\"@id\":\"https:\\\/\\\/simonbois.de\\\/product\\\/hochwertige-woodstock-holzpellets-1-palette-mit-78-sacken-a-15-kg\\\/\",\"url\":\"https:\\\/\\\/simonbois.de\\\/product\\\/hochwertige-woodstock-holzpellets-1-palette-mit-78-sacken-a-15-kg\\\/\",\"name\":\"Hochwertige Woodstock Holzpellets \u2013 1 Palette mit 78 S\u00e4cken \u00e0 15 kg - SIMON BOIS\",\"isPartOf\":{\"@id\":\"https:\\\/\\\/simonbois.de\\\/#website\"},\"primaryImageOfPage\":{\"@id\":\"https:\\\/\\\/simonbois.de\\\/product\\\/hochwertige-woodstock-holzpellets-1-palette-mit-78-sacken-a-15-kg\\\/#primaryimage\"},\"image\":{\"@id\":\"https:\\\/\\\/simonbois.de\\\/product\\\/hochwertige-woodstock-holzpellets-1-palette-mit-78-sacken-a-15-kg\\\/#primaryimage\"},\"thumbnailUrl\":\"https:\\\/\\\/simonbois.de\\\/wp-content\\\/uploads\\\/2025\\\/08\\\/2-3.webp\",\"datePublished\":\"2025-08-15T10:48:39+00:00\",\"dateModified\":\"2025-08-15T10:48:40+00:00\",\"breadcrumb\":{\"@id\":\"https:\\\/\\\/simonbois.de\\\/product\\\/hochwertige-woodstock-holzpellets-1-palette-mit-78-sacken-a-15-kg\\\/#breadcrumb\"},\"inLanguage\":\"de\",\"potentialAction\":[{\"@type\":\"ReadAction\",\"target\":[\"https:\\\/\\\/simonbois.de\\\/product\\\/hochwertige-woodstock-holzpellets-1-palette-mit-78-sacken-a-15-kg\\\/\"]}]},{\"@type\":\"ImageObject\",\"inLanguage\":\"de\",\"@id\":\"https:\\\/\\\/simonbois.de\\\/product\\\/hochwertige-woodstock-holzpellets-1-palette-mit-78-sacken-a-15-kg\\\/#primaryimage\",\"url\":\"https:\\\/\\\/simonbois.de\\\/wp-content\\\/uploads\\\/2025\\\/08\\\/2-3.webp\",\"contentUrl\":\"https:\\\/\\\/simonbois.de\\\/wp-content\\\/uploads\\\/2025\\\/08\\\/2-3.webp\",\"width\":600,\"height\":600},{\"@type\":\"BreadcrumbList\",\"@id\":\"https:\\\/\\\/simonbois.de\\\/product\\\/hochwertige-woodstock-holzpellets-1-palette-mit-78-sacken-a-15-kg\\\/#breadcrumb\",\"itemListElement\":[{\"@type\":\"ListItem\",\"position\":1,\"name\":\"Home\",\"item\":\"https:\\\/\\\/simonbois.de\\\/\"},{\"@type\":\"ListItem\",\"position\":2,\"name\":\"Shop\",\"item\":\"https:\\\/\\\/simonbois.de\\\/shop-2\\\/\"},{\"@type\":\"ListItem\",\"position\":3,\"name\":\"Hochwertige Woodstock Holzpellets \u2013 1 Palette mit 78 S\u00e4cken \u00e0 15 kg\"}]},{\"@type\":\"WebSite\",\"@id\":\"https:\\\/\\\/simonbois.de\\\/#website\",\"url\":\"https:\\\/\\\/simonbois.de\\\/\",\"name\":\"SIMON BOIS\",\"description\":\"Verkauf und Lieferung von Brennholz auf Paletten\",\"potentialAction\":[{\"@type\":\"SearchAction\",\"target\":{\"@type\":\"EntryPoint\",\"urlTemplate\":\"https:\\\/\\\/simonbois.de\\\/?s={search_term_string}\"},\"query-input\":{\"@type\":\"PropertyValueSpecification\",\"valueRequired\":true,\"valueName\":\"search_term_string\"}}],\"inLanguage\":\"de\"}]}<\/script>\n<!-- \/ Yoast SEO plugin. -->","yoast_head_json":{"title":"Hochwertige Woodstock Holzpellets \u2013 1 Palette mit 78 S\u00e4cken \u00e0 15 kg - SIMON BOIS","robots":{"index":"index","follow":"follow","max-snippet":"max-snippet:-1","max-image-preview":"max-image-preview:large","max-video-preview":"max-video-preview:-1"},"canonical":"https:\/\/simonbois.de\/de\/product\/hochwertige-woodstock-holzpellets-1-palette-mit-78-sacken-a-15-kg\/","og_locale":"de_DE","og_type":"article","og_title":"Hochwertige Woodstock Holzpellets \u2013 1 Palette mit 78 S\u00e4cken \u00e0 15 kg - SIMON BOIS","og_description":"\u00a0 Beschreibung Diese Palette mit 78 S\u00e4cken 100 % nat\u00fcrlicher Woodstock Holzpellets ist perfekt auf Ihren Pelletofen\/Pelleteinsatz\/Pelletkessel abgestimmt und garantiert eine saubere, staubfreie und optimale Verbrennung. Hergestellt aus unbehandeltem franz\u00f6sischem S\u00e4gemehl, ohne Klebstoffe oder Bindemittel, sorgt es f\u00fcr gleichm\u00e4\u00dfige und behagliche W\u00e4rme in Ihrem Zuhause. Kostenlose Lieferung innerhalb von 2 Werktagen","og_url":"https:\/\/simonbois.de\/de\/product\/hochwertige-woodstock-holzpellets-1-palette-mit-78-sacken-a-15-kg\/","og_site_name":"SIMON BOIS","article_modified_time":"2025-08-15T10:48:40+00:00","og_image":[{"width":600,"height":600,"url":"https:\/\/simonbois.de\/wp-content\/uploads\/2025\/08\/2-3.webp","type":"image\/webp"}],"twitter_card":"summary_large_image","schema":{"@context":"https:\/\/schema.org","@graph":[{"@type":"WebPage","@id":"https:\/\/simonbois.de\/product\/hochwertige-woodstock-holzpellets-1-palette-mit-78-sacken-a-15-kg\/","url":"https:\/\/simonbois.de\/product\/hochwertige-woodstock-holzpellets-1-palette-mit-78-sacken-a-15-kg\/","name":"Hochwertige Woodstock Holzpellets \u2013 1 Palette mit 78 S\u00e4cken \u00e0 15 kg - SIMON BOIS","isPartOf":{"@id":"https:\/\/simonbois.de\/#website"},"primaryImageOfPage":{"@id":"https:\/\/simonbois.de\/product\/hochwertige-woodstock-holzpellets-1-palette-mit-78-sacken-a-15-kg\/#primaryimage"},"image":{"@id":"https:\/\/simonbois.de\/product\/hochwertige-woodstock-holzpellets-1-palette-mit-78-sacken-a-15-kg\/#primaryimage"},"thumbnailUrl":"https:\/\/simonbois.de\/wp-content\/uploads\/2025\/08\/2-3.webp","datePublished":"2025-08-15T10:48:39+00:00","dateModified":"2025-08-15T10:48:40+00:00","breadcrumb":{"@id":"https:\/\/simonbois.de\/product\/hochwertige-woodstock-holzpellets-1-palette-mit-78-sacken-a-15-kg\/#breadcrumb"},"inLanguage":"de","potentialAction":[{"@type":"ReadAction","target":["https:\/\/simonbois.de\/product\/hochwertige-woodstock-holzpellets-1-palette-mit-78-sacken-a-15-kg\/"]}]},{"@type":"ImageObject","inLanguage":"de","@id":"https:\/\/simonbois.de\/product\/hochwertige-woodstock-holzpellets-1-palette-mit-78-sacken-a-15-kg\/#primaryimage","url":"https:\/\/simonbois.de\/wp-content\/uploads\/2025\/08\/2-3.webp","contentUrl":"https:\/\/simonbois.de\/wp-content\/uploads\/2025\/08\/2-3.webp","width":600,"height":600},{"@type":"BreadcrumbList","@id":"https:\/\/simonbois.de\/product\/hochwertige-woodstock-holzpellets-1-palette-mit-78-sacken-a-15-kg\/#breadcrumb","itemListElement":[{"@type":"ListItem","position":1,"name":"Home","item":"https:\/\/simonbois.de\/"},{"@type":"ListItem","position":2,"name":"Shop","item":"https:\/\/simonbois.de\/shop-2\/"},{"@type":"ListItem","position":3,"name":"Hochwertige Woodstock Holzpellets \u2013 1 Palette mit 78 S\u00e4cken \u00e0 15 kg"}]},{"@type":"WebSite","@id":"https:\/\/simonbois.de\/#website","url":"https:\/\/simonbois.de\/","name":"SIMON BOIS","description":"Verkauf und Lieferung von Brennholz auf Paletten","potentialAction":[{"@type":"SearchAction","target":{"@type":"EntryPoint","urlTemplate":"https:\/\/simonbois.de\/?s={search_term_string}"},"query-input":{"@type":"PropertyValueSpecification","valueRequired":true,"valueName":"search_term_string"}}],"inLanguage":"de"}]}},"_links":{"self":[{"href":"https:\/\/simonbois.de\/de\/wp-json\/wp\/v2\/product\/4452","targetHints":{"allow":["GET"]}}],"collection":[{"href":"https:\/\/simonbois.de\/de\/wp-json\/wp\/v2\/product"}],"about":[{"href":"https:\/\/simonbois.de\/de\/wp-json\/wp\/v2\/types\/product"}],"replies":[{"embeddable":true,"href":"https:\/\/simonbois.de\/de\/wp-json\/wp\/v2\/comments?post=4452"}],"wp:featuredmedia":[{"embeddable":true,"href":"https:\/\/simonbois.de\/de\/wp-json\/wp\/v2\/media\/4463"}],"wp:attachment":[{"href":"https:\/\/simonbois.de\/de\/wp-json\/wp\/v2\/media?parent=4452"}],"wp:term":[{"taxonomy":"product_brand","embeddable":true,"href":"https:\/\/simonbois.de\/de\/wp-json\/wp\/v2\/product_brand?post=4452"},{"taxonomy":"product_cat","embeddable":true,"href":"https:\/\/simonbois.de\/de\/wp-json\/wp\/v2\/product_cat?post=4452"},{"taxonomy":"product_tag","embeddable":true,"href":"https:\/\/simonbois.de\/de\/wp-json\/wp\/v2\/product_tag?post=4452"}],"curies":[{"name":"wp","href":"https:\/\/api.w.org\/{rel}","templated":true}]}}