{"id":4434,"date":"2025-08-15T10:20:11","date_gmt":"2025-08-15T10:20:11","guid":{"rendered":"https:\/\/simonbois.de\/?post_type=product&#038;p=4434"},"modified":"2025-08-15T10:20:11","modified_gmt":"2025-08-15T10:20:11","slug":"okino-kaminofen-invicta","status":"publish","type":"product","link":"https:\/\/simonbois.de\/de\/product\/okino-kaminofen-invicta\/","title":{"rendered":"OKINO Kaminofen \u2013 Invicta"},"content":{"rendered":"<p>\u00a0<\/p>\n<p>Bei der Wahl Ihrer Heizanlage legen Sie Wert auf eine \u00e4sthetisch ansprechende und effiziente L\u00f6sung f\u00fcr Ihre Inneneinrichtung und Ihren Komfort. Der Okino Kaminofen ist die perfekte L\u00f6sung f\u00fcr Sie. Invicta bietet ihn und weitere Vorteile.<\/p>\n<p>Beschreibung<br \/>\nHersteller: INVICTA<br \/>\nHerkunftsland: Frankreich<br \/>\nStil: Modern<br \/>\nVerkleidung: Gusseisen<br \/>\nOberfl\u00e4che: Anthrazit<br \/>\nBrennstoff: St\u00fcckholz<br \/>\nZulassung: EN 13240 \u2013 BImSchV<br \/>\nGreen Flame Label: 7 Sterne<br \/>\nLeistungsindex: 0,4<br \/>\nNennleistung: 7 kW<br \/>\nLeistungsmodulation: 4,5 bis 10,5 kW<br \/>\nWirkungsgrad: 78 %<br \/>\nCO\u00b2-Wert: 0,07 %<br \/>\nStaubemission: 30 mg\/Nm\u00b3<br \/>\nKamintyp: Geschlossen<\/p>","protected":false},"excerpt":{"rendered":"<p>Beschickungsart: Front<br \/>\nHolzscheitgr\u00f6\u00dfe: Unter 39 cm<br \/>\nRauchabzug: Von oben<br \/>\nAbluftdurchmesser: 150 mm<br \/>\nNachverbrennung: Ja<br \/>\nClean-Glass-System: Ja<br \/>\nVerl\u00e4ngerte Brenndauer: Acht Stunden<br \/>\nBeheizte Fl\u00e4che: 40 bis 85 m\u00b2<br \/>\nBeheiztes Volumen: 100 bis 210 m\u00b3<br \/>\nGewicht: 112 kg<br \/>\nAbmessungen: H 891 x B 402 x T 402 mm<br \/>\nGarantie: 5 Jahre<\/p>","protected":false},"featured_media":4445,"comment_status":"open","ping_status":"closed","template":"","meta":[],"product_brand":[],"product_cat":[192],"product_tag":[],"class_list":{"0":"post-4434","1":"product","2":"type-product","3":"status-publish","4":"has-post-thumbnail","6":"product_cat-ofen","8":"first","9":"instock","10":"taxable","11":"shipping-taxable","12":"purchasable","13":"product-type-simple"},"yoast_head":"<!-- This site is optimized with the Yoast SEO plugin v27.5 - https:\/\/yoast.com\/product\/yoast-seo-wordpress\/ -->\n<title>OKINO Kaminofen \u2013 Invicta - SIMON BOIS<\/title>\n<meta name=\"robots\" content=\"index, follow, max-snippet:-1, max-image-preview:large, max-video-preview:-1\" \/>\n<link rel=\"canonical\" href=\"https:\/\/simonbois.de\/de\/product\/okino-kaminofen-invicta\/\" \/>\n<meta property=\"og:locale\" content=\"de_DE\" \/>\n<meta property=\"og:type\" content=\"article\" \/>\n<meta property=\"og:title\" content=\"OKINO Kaminofen \u2013 Invicta - SIMON BOIS\" \/>\n<meta property=\"og:description\" content=\"Beschickungsart: Front Holzscheitgr\u00f6\u00dfe: Unter 39 cm Rauchabzug: Von oben Abluftdurchmesser: 150 mm Nachverbrennung: Ja Clean-Glass-System: Ja Verl\u00e4ngerte Brenndauer: Acht Stunden Beheizte Fl\u00e4che: 40 bis 85 m\u00b2 Beheiztes Volumen: 100 bis 210 m\u00b3 Gewicht: 112 kg Abmessungen: H 891 x B 402 x T 402 mm Garantie: 5 Jahre\" \/>\n<meta property=\"og:url\" content=\"https:\/\/simonbois.de\/de\/product\/okino-kaminofen-invicta\/\" \/>\n<meta property=\"og:site_name\" content=\"SIMON BOIS\" \/>\n<meta property=\"og:image\" content=\"https:\/\/simonbois.de\/wp-content\/uploads\/2025\/08\/25.webp\" \/>\n\t<meta property=\"og:image:width\" content=\"470\" \/>\n\t<meta property=\"og:image:height\" content=\"537\" \/>\n\t<meta property=\"og:image:type\" content=\"image\/webp\" \/>\n<meta name=\"twitter:card\" content=\"summary_large_image\" \/>\n<script type=\"application\/ld+json\" class=\"yoast-schema-graph\">{\"@context\":\"https:\\\/\\\/schema.org\",\"@graph\":[{\"@type\":\"WebPage\",\"@id\":\"https:\\\/\\\/simonbois.de\\\/product\\\/okino-kaminofen-invicta\\\/\",\"url\":\"https:\\\/\\\/simonbois.de\\\/product\\\/okino-kaminofen-invicta\\\/\",\"name\":\"OKINO Kaminofen \u2013 Invicta - SIMON BOIS\",\"isPartOf\":{\"@id\":\"https:\\\/\\\/simonbois.de\\\/#website\"},\"primaryImageOfPage\":{\"@id\":\"https:\\\/\\\/simonbois.de\\\/product\\\/okino-kaminofen-invicta\\\/#primaryimage\"},\"image\":{\"@id\":\"https:\\\/\\\/simonbois.de\\\/product\\\/okino-kaminofen-invicta\\\/#primaryimage\"},\"thumbnailUrl\":\"https:\\\/\\\/simonbois.de\\\/wp-content\\\/uploads\\\/2025\\\/08\\\/25.webp\",\"datePublished\":\"2025-08-15T10:20:11+00:00\",\"breadcrumb\":{\"@id\":\"https:\\\/\\\/simonbois.de\\\/product\\\/okino-kaminofen-invicta\\\/#breadcrumb\"},\"inLanguage\":\"de\",\"potentialAction\":[{\"@type\":\"ReadAction\",\"target\":[\"https:\\\/\\\/simonbois.de\\\/product\\\/okino-kaminofen-invicta\\\/\"]}]},{\"@type\":\"ImageObject\",\"inLanguage\":\"de\",\"@id\":\"https:\\\/\\\/simonbois.de\\\/product\\\/okino-kaminofen-invicta\\\/#primaryimage\",\"url\":\"https:\\\/\\\/simonbois.de\\\/wp-content\\\/uploads\\\/2025\\\/08\\\/25.webp\",\"contentUrl\":\"https:\\\/\\\/simonbois.de\\\/wp-content\\\/uploads\\\/2025\\\/08\\\/25.webp\",\"width\":470,\"height\":537},{\"@type\":\"BreadcrumbList\",\"@id\":\"https:\\\/\\\/simonbois.de\\\/product\\\/okino-kaminofen-invicta\\\/#breadcrumb\",\"itemListElement\":[{\"@type\":\"ListItem\",\"position\":1,\"name\":\"Home\",\"item\":\"https:\\\/\\\/simonbois.de\\\/\"},{\"@type\":\"ListItem\",\"position\":2,\"name\":\"Shop\",\"item\":\"https:\\\/\\\/simonbois.de\\\/shop-2\\\/\"},{\"@type\":\"ListItem\",\"position\":3,\"name\":\"OKINO Kaminofen \u2013 Invicta\"}]},{\"@type\":\"WebSite\",\"@id\":\"https:\\\/\\\/simonbois.de\\\/#website\",\"url\":\"https:\\\/\\\/simonbois.de\\\/\",\"name\":\"SIMON BOIS\",\"description\":\"Verkauf und Lieferung von Brennholz auf Paletten\",\"potentialAction\":[{\"@type\":\"SearchAction\",\"target\":{\"@type\":\"EntryPoint\",\"urlTemplate\":\"https:\\\/\\\/simonbois.de\\\/?s={search_term_string}\"},\"query-input\":{\"@type\":\"PropertyValueSpecification\",\"valueRequired\":true,\"valueName\":\"search_term_string\"}}],\"inLanguage\":\"de\"}]}<\/script>\n<!-- \/ Yoast SEO plugin. -->","yoast_head_json":{"title":"OKINO Kaminofen \u2013 Invicta - SIMON BOIS","robots":{"index":"index","follow":"follow","max-snippet":"max-snippet:-1","max-image-preview":"max-image-preview:large","max-video-preview":"max-video-preview:-1"},"canonical":"https:\/\/simonbois.de\/de\/product\/okino-kaminofen-invicta\/","og_locale":"de_DE","og_type":"article","og_title":"OKINO Kaminofen \u2013 Invicta - SIMON BOIS","og_description":"Beschickungsart: Front Holzscheitgr\u00f6\u00dfe: Unter 39 cm Rauchabzug: Von oben Abluftdurchmesser: 150 mm Nachverbrennung: Ja Clean-Glass-System: Ja Verl\u00e4ngerte Brenndauer: Acht Stunden Beheizte Fl\u00e4che: 40 bis 85 m\u00b2 Beheiztes Volumen: 100 bis 210 m\u00b3 Gewicht: 112 kg Abmessungen: H 891 x B 402 x T 402 mm Garantie: 5 Jahre","og_url":"https:\/\/simonbois.de\/de\/product\/okino-kaminofen-invicta\/","og_site_name":"SIMON BOIS","og_image":[{"width":470,"height":537,"url":"https:\/\/simonbois.de\/wp-content\/uploads\/2025\/08\/25.webp","type":"image\/webp"}],"twitter_card":"summary_large_image","schema":{"@context":"https:\/\/schema.org","@graph":[{"@type":"WebPage","@id":"https:\/\/simonbois.de\/product\/okino-kaminofen-invicta\/","url":"https:\/\/simonbois.de\/product\/okino-kaminofen-invicta\/","name":"OKINO Kaminofen \u2013 Invicta - SIMON BOIS","isPartOf":{"@id":"https:\/\/simonbois.de\/#website"},"primaryImageOfPage":{"@id":"https:\/\/simonbois.de\/product\/okino-kaminofen-invicta\/#primaryimage"},"image":{"@id":"https:\/\/simonbois.de\/product\/okino-kaminofen-invicta\/#primaryimage"},"thumbnailUrl":"https:\/\/simonbois.de\/wp-content\/uploads\/2025\/08\/25.webp","datePublished":"2025-08-15T10:20:11+00:00","breadcrumb":{"@id":"https:\/\/simonbois.de\/product\/okino-kaminofen-invicta\/#breadcrumb"},"inLanguage":"de","potentialAction":[{"@type":"ReadAction","target":["https:\/\/simonbois.de\/product\/okino-kaminofen-invicta\/"]}]},{"@type":"ImageObject","inLanguage":"de","@id":"https:\/\/simonbois.de\/product\/okino-kaminofen-invicta\/#primaryimage","url":"https:\/\/simonbois.de\/wp-content\/uploads\/2025\/08\/25.webp","contentUrl":"https:\/\/simonbois.de\/wp-content\/uploads\/2025\/08\/25.webp","width":470,"height":537},{"@type":"BreadcrumbList","@id":"https:\/\/simonbois.de\/product\/okino-kaminofen-invicta\/#breadcrumb","itemListElement":[{"@type":"ListItem","position":1,"name":"Home","item":"https:\/\/simonbois.de\/"},{"@type":"ListItem","position":2,"name":"Shop","item":"https:\/\/simonbois.de\/shop-2\/"},{"@type":"ListItem","position":3,"name":"OKINO Kaminofen \u2013 Invicta"}]},{"@type":"WebSite","@id":"https:\/\/simonbois.de\/#website","url":"https:\/\/simonbois.de\/","name":"SIMON BOIS","description":"Verkauf und Lieferung von Brennholz auf Paletten","potentialAction":[{"@type":"SearchAction","target":{"@type":"EntryPoint","urlTemplate":"https:\/\/simonbois.de\/?s={search_term_string}"},"query-input":{"@type":"PropertyValueSpecification","valueRequired":true,"valueName":"search_term_string"}}],"inLanguage":"de"}]}},"_links":{"self":[{"href":"https:\/\/simonbois.de\/de\/wp-json\/wp\/v2\/product\/4434","targetHints":{"allow":["GET"]}}],"collection":[{"href":"https:\/\/simonbois.de\/de\/wp-json\/wp\/v2\/product"}],"about":[{"href":"https:\/\/simonbois.de\/de\/wp-json\/wp\/v2\/types\/product"}],"replies":[{"embeddable":true,"href":"https:\/\/simonbois.de\/de\/wp-json\/wp\/v2\/comments?post=4434"}],"wp:featuredmedia":[{"embeddable":true,"href":"https:\/\/simonbois.de\/de\/wp-json\/wp\/v2\/media\/4445"}],"wp:attachment":[{"href":"https:\/\/simonbois.de\/de\/wp-json\/wp\/v2\/media?parent=4434"}],"wp:term":[{"taxonomy":"product_brand","embeddable":true,"href":"https:\/\/simonbois.de\/de\/wp-json\/wp\/v2\/product_brand?post=4434"},{"taxonomy":"product_cat","embeddable":true,"href":"https:\/\/simonbois.de\/de\/wp-json\/wp\/v2\/product_cat?post=4434"},{"taxonomy":"product_tag","embeddable":true,"href":"https:\/\/simonbois.de\/de\/wp-json\/wp\/v2\/product_tag?post=4434"}],"curies":[{"name":"wp","href":"https:\/\/api.w.org\/{rel}","templated":true}]}}