{"id":4394,"date":"2025-08-15T09:44:50","date_gmt":"2025-08-15T09:44:50","guid":{"rendered":"https:\/\/simonbois.de\/?post_type=product&#038;p=4394"},"modified":"2025-08-15T09:44:50","modified_gmt":"2025-08-15T09:44:50","slug":"elo-m-kaminofen-invicta","status":"publish","type":"product","link":"https:\/\/simonbois.de\/de\/product\/elo-m-kaminofen-invicta\/","title":{"rendered":"ELO M Kaminofen \u2013 Invicta"},"content":{"rendered":"<p>\u00a0<\/p>\n<p>Beschreibung<br \/>\nLuftdichte Brennkammer (BBC): Ja<br \/>\nHersteller: INVICTA<br \/>\nHerkunftsland: Frankreich<br \/>\nStil: Modern<br \/>\nVerkleidung: Gusseisen<br \/>\nOberfl\u00e4che: Wei\u00df emailliert<br \/>\nBrennstoff: St\u00fcckholz<br \/>\nZulassung: EN 13240 \u2013 BImSchV<br \/>\nGreen Flame Label: 7 Sterne<br \/>\nLeistungsindex: 0,5<br \/>\nNennleistung: 5 kW<br \/>\nLeistungsmodulation: 3 bis 7,5 kW<br \/>\nWirkungsgrad: 75 %<br \/>\nCO\u00b2-Wert: 0,09 %<br \/>\nStaubemissionen: 26 mg\/Nm\u00b3<br \/>\nBrennkammer: Geschlossen<br \/>\nBeschickungsart: Front<br \/>\nHolzscheitgr\u00f6\u00dfe: 33 cm<br \/>\nRauchabzug: Von oben<\/p>","protected":false},"excerpt":{"rendered":"<p>Abluftdurchmesser: 150 mm<br \/>\nNachverbrennung: Ja<br \/>\nGlasreinigungssystem: Ja<br \/>\nVerl\u00e4ngerte Brenndauer: 8 Stunden<br \/>\nFrischluftanschluss: Durchmesser 80 mm<br \/>\nHeizfl\u00e4che Fl\u00e4che: 25 bis 60 m\u00b2<br \/>\nBeheiztes Volumen: 65 bis 150 m\u00b3<br \/>\nGewicht: 110 kg<br \/>\nAbmessungen: H 880 x B 500 x T 374 mm<br \/>\nGarantie: 5 Jahre<\/p>","protected":false},"featured_media":4403,"comment_status":"open","ping_status":"closed","template":"","meta":[],"product_brand":[],"product_cat":[192],"product_tag":[],"class_list":{"0":"post-4394","1":"product","2":"type-product","3":"status-publish","4":"has-post-thumbnail","6":"product_cat-ofen","8":"first","9":"instock","10":"taxable","11":"shipping-taxable","12":"purchasable","13":"product-type-simple"},"yoast_head":"<!-- This site is optimized with the Yoast SEO plugin v27.5 - https:\/\/yoast.com\/product\/yoast-seo-wordpress\/ -->\n<title>ELO M Kaminofen \u2013 Invicta - SIMON BOIS<\/title>\n<meta name=\"robots\" content=\"index, follow, max-snippet:-1, max-image-preview:large, max-video-preview:-1\" \/>\n<link rel=\"canonical\" href=\"https:\/\/simonbois.de\/de\/product\/elo-m-kaminofen-invicta\/\" \/>\n<meta property=\"og:locale\" content=\"de_DE\" \/>\n<meta property=\"og:type\" content=\"article\" \/>\n<meta property=\"og:title\" content=\"ELO M Kaminofen \u2013 Invicta - SIMON BOIS\" \/>\n<meta property=\"og:description\" content=\"Abluftdurchmesser: 150 mm Nachverbrennung: Ja Glasreinigungssystem: Ja Verl\u00e4ngerte Brenndauer: 8 Stunden Frischluftanschluss: Durchmesser 80 mm Heizfl\u00e4che Fl\u00e4che: 25 bis 60 m\u00b2 Beheiztes Volumen: 65 bis 150 m\u00b3 Gewicht: 110 kg Abmessungen: H 880 x B 500 x T 374 mm Garantie: 5 Jahre\" \/>\n<meta property=\"og:url\" content=\"https:\/\/simonbois.de\/de\/product\/elo-m-kaminofen-invicta\/\" \/>\n<meta property=\"og:site_name\" content=\"SIMON BOIS\" \/>\n<meta property=\"og:image\" content=\"https:\/\/simonbois.de\/wp-content\/uploads\/2025\/08\/6-2.webp\" \/>\n\t<meta property=\"og:image:width\" content=\"470\" \/>\n\t<meta property=\"og:image:height\" content=\"537\" \/>\n\t<meta property=\"og:image:type\" content=\"image\/webp\" \/>\n<meta name=\"twitter:card\" content=\"summary_large_image\" \/>\n<script type=\"application\/ld+json\" class=\"yoast-schema-graph\">{\"@context\":\"https:\\\/\\\/schema.org\",\"@graph\":[{\"@type\":\"WebPage\",\"@id\":\"https:\\\/\\\/simonbois.de\\\/product\\\/elo-m-kaminofen-invicta\\\/\",\"url\":\"https:\\\/\\\/simonbois.de\\\/product\\\/elo-m-kaminofen-invicta\\\/\",\"name\":\"ELO M Kaminofen \u2013 Invicta - SIMON BOIS\",\"isPartOf\":{\"@id\":\"https:\\\/\\\/simonbois.de\\\/#website\"},\"primaryImageOfPage\":{\"@id\":\"https:\\\/\\\/simonbois.de\\\/product\\\/elo-m-kaminofen-invicta\\\/#primaryimage\"},\"image\":{\"@id\":\"https:\\\/\\\/simonbois.de\\\/product\\\/elo-m-kaminofen-invicta\\\/#primaryimage\"},\"thumbnailUrl\":\"https:\\\/\\\/simonbois.de\\\/wp-content\\\/uploads\\\/2025\\\/08\\\/6-2.webp\",\"datePublished\":\"2025-08-15T09:44:50+00:00\",\"breadcrumb\":{\"@id\":\"https:\\\/\\\/simonbois.de\\\/product\\\/elo-m-kaminofen-invicta\\\/#breadcrumb\"},\"inLanguage\":\"de\",\"potentialAction\":[{\"@type\":\"ReadAction\",\"target\":[\"https:\\\/\\\/simonbois.de\\\/product\\\/elo-m-kaminofen-invicta\\\/\"]}]},{\"@type\":\"ImageObject\",\"inLanguage\":\"de\",\"@id\":\"https:\\\/\\\/simonbois.de\\\/product\\\/elo-m-kaminofen-invicta\\\/#primaryimage\",\"url\":\"https:\\\/\\\/simonbois.de\\\/wp-content\\\/uploads\\\/2025\\\/08\\\/6-2.webp\",\"contentUrl\":\"https:\\\/\\\/simonbois.de\\\/wp-content\\\/uploads\\\/2025\\\/08\\\/6-2.webp\",\"width\":470,\"height\":537},{\"@type\":\"BreadcrumbList\",\"@id\":\"https:\\\/\\\/simonbois.de\\\/product\\\/elo-m-kaminofen-invicta\\\/#breadcrumb\",\"itemListElement\":[{\"@type\":\"ListItem\",\"position\":1,\"name\":\"Home\",\"item\":\"https:\\\/\\\/simonbois.de\\\/\"},{\"@type\":\"ListItem\",\"position\":2,\"name\":\"Shop\",\"item\":\"https:\\\/\\\/simonbois.de\\\/shop-2\\\/\"},{\"@type\":\"ListItem\",\"position\":3,\"name\":\"ELO M Kaminofen \u2013 Invicta\"}]},{\"@type\":\"WebSite\",\"@id\":\"https:\\\/\\\/simonbois.de\\\/#website\",\"url\":\"https:\\\/\\\/simonbois.de\\\/\",\"name\":\"SIMON BOIS\",\"description\":\"Verkauf und Lieferung von Brennholz auf Paletten\",\"potentialAction\":[{\"@type\":\"SearchAction\",\"target\":{\"@type\":\"EntryPoint\",\"urlTemplate\":\"https:\\\/\\\/simonbois.de\\\/?s={search_term_string}\"},\"query-input\":{\"@type\":\"PropertyValueSpecification\",\"valueRequired\":true,\"valueName\":\"search_term_string\"}}],\"inLanguage\":\"de\"}]}<\/script>\n<!-- \/ Yoast SEO plugin. -->","yoast_head_json":{"title":"ELO M Kaminofen \u2013 Invicta - SIMON BOIS","robots":{"index":"index","follow":"follow","max-snippet":"max-snippet:-1","max-image-preview":"max-image-preview:large","max-video-preview":"max-video-preview:-1"},"canonical":"https:\/\/simonbois.de\/de\/product\/elo-m-kaminofen-invicta\/","og_locale":"de_DE","og_type":"article","og_title":"ELO M Kaminofen \u2013 Invicta - SIMON BOIS","og_description":"Abluftdurchmesser: 150 mm Nachverbrennung: Ja Glasreinigungssystem: Ja Verl\u00e4ngerte Brenndauer: 8 Stunden Frischluftanschluss: Durchmesser 80 mm Heizfl\u00e4che Fl\u00e4che: 25 bis 60 m\u00b2 Beheiztes Volumen: 65 bis 150 m\u00b3 Gewicht: 110 kg Abmessungen: H 880 x B 500 x T 374 mm Garantie: 5 Jahre","og_url":"https:\/\/simonbois.de\/de\/product\/elo-m-kaminofen-invicta\/","og_site_name":"SIMON BOIS","og_image":[{"width":470,"height":537,"url":"https:\/\/simonbois.de\/wp-content\/uploads\/2025\/08\/6-2.webp","type":"image\/webp"}],"twitter_card":"summary_large_image","schema":{"@context":"https:\/\/schema.org","@graph":[{"@type":"WebPage","@id":"https:\/\/simonbois.de\/product\/elo-m-kaminofen-invicta\/","url":"https:\/\/simonbois.de\/product\/elo-m-kaminofen-invicta\/","name":"ELO M Kaminofen \u2013 Invicta - SIMON BOIS","isPartOf":{"@id":"https:\/\/simonbois.de\/#website"},"primaryImageOfPage":{"@id":"https:\/\/simonbois.de\/product\/elo-m-kaminofen-invicta\/#primaryimage"},"image":{"@id":"https:\/\/simonbois.de\/product\/elo-m-kaminofen-invicta\/#primaryimage"},"thumbnailUrl":"https:\/\/simonbois.de\/wp-content\/uploads\/2025\/08\/6-2.webp","datePublished":"2025-08-15T09:44:50+00:00","breadcrumb":{"@id":"https:\/\/simonbois.de\/product\/elo-m-kaminofen-invicta\/#breadcrumb"},"inLanguage":"de","potentialAction":[{"@type":"ReadAction","target":["https:\/\/simonbois.de\/product\/elo-m-kaminofen-invicta\/"]}]},{"@type":"ImageObject","inLanguage":"de","@id":"https:\/\/simonbois.de\/product\/elo-m-kaminofen-invicta\/#primaryimage","url":"https:\/\/simonbois.de\/wp-content\/uploads\/2025\/08\/6-2.webp","contentUrl":"https:\/\/simonbois.de\/wp-content\/uploads\/2025\/08\/6-2.webp","width":470,"height":537},{"@type":"BreadcrumbList","@id":"https:\/\/simonbois.de\/product\/elo-m-kaminofen-invicta\/#breadcrumb","itemListElement":[{"@type":"ListItem","position":1,"name":"Home","item":"https:\/\/simonbois.de\/"},{"@type":"ListItem","position":2,"name":"Shop","item":"https:\/\/simonbois.de\/shop-2\/"},{"@type":"ListItem","position":3,"name":"ELO M Kaminofen \u2013 Invicta"}]},{"@type":"WebSite","@id":"https:\/\/simonbois.de\/#website","url":"https:\/\/simonbois.de\/","name":"SIMON BOIS","description":"Verkauf und Lieferung von Brennholz auf Paletten","potentialAction":[{"@type":"SearchAction","target":{"@type":"EntryPoint","urlTemplate":"https:\/\/simonbois.de\/?s={search_term_string}"},"query-input":{"@type":"PropertyValueSpecification","valueRequired":true,"valueName":"search_term_string"}}],"inLanguage":"de"}]}},"_links":{"self":[{"href":"https:\/\/simonbois.de\/de\/wp-json\/wp\/v2\/product\/4394","targetHints":{"allow":["GET"]}}],"collection":[{"href":"https:\/\/simonbois.de\/de\/wp-json\/wp\/v2\/product"}],"about":[{"href":"https:\/\/simonbois.de\/de\/wp-json\/wp\/v2\/types\/product"}],"replies":[{"embeddable":true,"href":"https:\/\/simonbois.de\/de\/wp-json\/wp\/v2\/comments?post=4394"}],"wp:featuredmedia":[{"embeddable":true,"href":"https:\/\/simonbois.de\/de\/wp-json\/wp\/v2\/media\/4403"}],"wp:attachment":[{"href":"https:\/\/simonbois.de\/de\/wp-json\/wp\/v2\/media?parent=4394"}],"wp:term":[{"taxonomy":"product_brand","embeddable":true,"href":"https:\/\/simonbois.de\/de\/wp-json\/wp\/v2\/product_brand?post=4394"},{"taxonomy":"product_cat","embeddable":true,"href":"https:\/\/simonbois.de\/de\/wp-json\/wp\/v2\/product_cat?post=4394"},{"taxonomy":"product_tag","embeddable":true,"href":"https:\/\/simonbois.de\/de\/wp-json\/wp\/v2\/product_tag?post=4394"}],"curies":[{"name":"wp","href":"https:\/\/api.w.org\/{rel}","templated":true}]}}