{"id":4374,"date":"2025-08-15T09:10:35","date_gmt":"2025-08-15T09:10:35","guid":{"rendered":"https:\/\/simonbois.de\/?post_type=product&#038;p=4374"},"modified":"2025-08-15T09:10:36","modified_gmt":"2025-08-15T09:10:36","slug":"rekord-braunkohlebriketts-20-x-10-kg-fur-ofen-kamin-19-mj-kg-langanhaltende-glut-ca-182-x-59-mm-ohne-bindemittel","status":"publish","type":"product","link":"https:\/\/simonbois.de\/de\/product\/rekord-braunkohlebriketts-20-x-10-kg-fur-ofen-kamin-19-mj-kg-langanhaltende-glut-ca-182-x-59-mm-ohne-bindemittel\/","title":{"rendered":"Rekord Braunkohlebriketts, 20 x 10 kg, f\u00fcr Ofen &#038; Kamin, 19 MJ\/kg, langanhaltende Glut, ca. 182 x 59 mm, ohne Bindemittel"},"content":{"rendered":"<h2 class=\"pdp-expandable-section__title\">Produktbeschreibung & Produktdaten<\/h2>\n<div class=\"pdp-expandable-section__content\">\n<div class=\"pdp-product-description__grid\">\n<div class=\"pdp-product-description__section\" role=\"region\" aria-label=\"Produktinformationen\">\n<div>\n<p><strong>200 kg REKORD\u00ae*; Braunkohlebriketts, bestehend aus 20 x 10 kg Briketts im Folienpack<\/strong><\/p>\n<p>Lausitzer REKORD\u00ae-Briketts werden aus getrockneter, aufbereiteter Braunkohle ohne Verwendung von Bindemitteln gepresst. Sie sind von konstant hoher und st\u00e4ndig labortechnisch \u00fcberwachter Qualit\u00e4t.<\/p>\n<p>Achten Sie beim Kauf auf den Markennamen \u201eREKORD\u00ae\u201c als Merkmal f\u00fcr hochwertige Briketts aus der Lausitz.<\/p>\n<ul>\n<li>Hoher Heizwert (\u2265 5,3 kWh\/kg, bzw. 19 MJ\/kg)<\/li>\n<li>Optimales Brennverhalten<\/li>\n<li>Langanhaltende Glut<\/li>\n<li>hohe Formfestigkeit bei der Verbrennung und geringen Abrieb<\/li>\n<li>Sauberes und unkompliziertes Handling<\/li>\n<\/ul>\n<p><strong>Produktdetails<\/strong><\/p>\n<ul>\n<li>Heizwert\/Brennwert : 19 MJ\/kg \/ \u2265 5,3 kWh\/kg \/ 4.539 kcal\/kg<\/li>\n<li>Restfeuchte : \u2264 19%<\/li>\n<li>Aschegehalt : 4,5 %<\/li>\n<li>Schwefelgehalt : 0,7 %<\/li>\n<li>Gr\u00f6\u00dfe : ca. 182 x 59 mm<\/li>\n<li>Rohstoff : Braunkohle<br \/>\n* REKORD\u00ae ist eine eingetragene Marke der Lausitz Energie Bergbau AG, 03050 Cottbus.<\/li>\n<\/ul>\n<\/div>\n<\/div>\n<\/div>\n<\/div>","protected":false},"excerpt":{"rendered":"<div class=\"pdp-product-description__section\" role=\"region\" aria-label=\"Produktinformationen\">\n<div><strong>Lieferumfang<\/strong><\/p>\n<ul>\n<li>20 x 10kg Packungen REKORD\u00ae*; Braunkohlebriketts<\/li>\n<\/ul>\n<\/div>\n<\/div>\n<div>\n<section aria-label=\"Produktdaten\">\n<div class=\"pdp-attribute-list__item\">Grundpreiseinheit<\/p>\n<div class=\"pdp-attribute-list__value\" data-test-item_text=\"kg\">\n<div class=\"rd-attribute-list__item-text\">\n<div>kg<\/div>\n<\/div>\n<\/div>\n<\/div>\n<div class=\"pdp-attribute-list__item\">Gewicht<\/p>\n<div class=\"pdp-attribute-list__value\" data-test-item_text=\"200 kg\">\n<div class=\"rd-attribute-list__item-text\">\n<div>200 kg<\/div>\n<\/div>\n<\/div>\n<\/div>\n<div class=\"pdp-attribute-list__item\">Hersteller<\/p>\n<div class=\"pdp-attribute-list__value\" data-test-item_text=\"Rekord\">\n<div>Rekord<\/div>\n<\/div>\n<\/div>\n<div class=\"pdp-attribute-list__item\">EAN<\/p>\n<div class=\"pdp-attribute-list__value\" data-test-item_text=\"4066604999764\">\n<div class=\"rd-attribute-list__item-text\">\n<div>4066604999764<\/div>\n<\/div>\n<\/div>\n<\/div>\n<div class=\"pdp-attribute-list__item\">Herstellernummer<\/p>\n<div class=\"pdp-attribute-list__value\" data-test-item_text=\"BK999689\">\n<div class=\"rd-attribute-list__item-text\">\n<div>BK999689<\/div>\n<\/div>\n<\/div>\n<\/div>\n<\/section>\n<\/div>","protected":false},"featured_media":4377,"comment_status":"open","ping_status":"closed","template":"","meta":[],"product_brand":[],"product_cat":[193],"product_tag":[],"class_list":{"0":"post-4374","1":"product","2":"type-product","3":"status-publish","4":"has-post-thumbnail","6":"product_cat-brennholz","8":"first","9":"instock","10":"taxable","11":"shipping-taxable","12":"purchasable","13":"product-type-simple"},"yoast_head":"<!-- This site is optimized with the Yoast SEO plugin v27.5 - https:\/\/yoast.com\/product\/yoast-seo-wordpress\/ -->\n<title>Rekord Braunkohlebriketts, 20 x 10 kg, f\u00fcr Ofen &amp; Kamin, 19 MJ\/kg, langanhaltende Glut, ca. 182 x 59 mm, ohne Bindemittel - SIMON BOIS<\/title>\n<meta name=\"robots\" content=\"index, follow, max-snippet:-1, max-image-preview:large, max-video-preview:-1\" \/>\n<link rel=\"canonical\" href=\"https:\/\/simonbois.de\/de\/product\/rekord-braunkohlebriketts-20-x-10-kg-fur-ofen-kamin-19-mj-kg-langanhaltende-glut-ca-182-x-59-mm-ohne-bindemittel\/\" \/>\n<meta property=\"og:locale\" content=\"de_DE\" \/>\n<meta property=\"og:type\" content=\"article\" \/>\n<meta property=\"og:title\" content=\"Rekord Braunkohlebriketts, 20 x 10 kg, f\u00fcr Ofen &amp; Kamin, 19 MJ\/kg, langanhaltende Glut, ca. 182 x 59 mm, ohne Bindemittel - SIMON BOIS\" \/>\n<meta property=\"og:description\" content=\"Lieferumfang   20 x 10kg Packungen REKORD\u00ae*; Braunkohlebriketts     Grundpreiseinheit   kg    Gewicht   200 kg    Hersteller  Rekord   EAN   4066604999764    Herstellernummer   BK999689\" \/>\n<meta property=\"og:url\" content=\"https:\/\/simonbois.de\/de\/product\/rekord-braunkohlebriketts-20-x-10-kg-fur-ofen-kamin-19-mj-kg-langanhaltende-glut-ca-182-x-59-mm-ohne-bindemittel\/\" \/>\n<meta property=\"og:site_name\" content=\"SIMON BOIS\" \/>\n<meta property=\"article:modified_time\" content=\"2025-08-15T09:10:36+00:00\" \/>\n<meta property=\"og:image\" content=\"https:\/\/simonbois.de\/wp-content\/uploads\/2025\/08\/12-1.webp\" \/>\n\t<meta property=\"og:image:width\" content=\"1024\" \/>\n\t<meta property=\"og:image:height\" content=\"1023\" \/>\n\t<meta property=\"og:image:type\" content=\"image\/webp\" \/>\n<meta name=\"twitter:card\" content=\"summary_large_image\" \/>\n<meta name=\"twitter:label1\" content=\"Gesch\u00e4tzte Lesezeit\" \/>\n\t<meta name=\"twitter:data1\" content=\"1\u00a0Minute\" \/>\n<script type=\"application\/ld+json\" class=\"yoast-schema-graph\">{\"@context\":\"https:\\\/\\\/schema.org\",\"@graph\":[{\"@type\":\"WebPage\",\"@id\":\"https:\\\/\\\/simonbois.de\\\/product\\\/rekord-braunkohlebriketts-20-x-10-kg-fur-ofen-kamin-19-mj-kg-langanhaltende-glut-ca-182-x-59-mm-ohne-bindemittel\\\/\",\"url\":\"https:\\\/\\\/simonbois.de\\\/product\\\/rekord-braunkohlebriketts-20-x-10-kg-fur-ofen-kamin-19-mj-kg-langanhaltende-glut-ca-182-x-59-mm-ohne-bindemittel\\\/\",\"name\":\"Rekord Braunkohlebriketts, 20 x 10 kg, f\u00fcr Ofen & Kamin, 19 MJ\\\/kg, langanhaltende Glut, ca. 182 x 59 mm, ohne Bindemittel - SIMON BOIS\",\"isPartOf\":{\"@id\":\"https:\\\/\\\/simonbois.de\\\/#website\"},\"primaryImageOfPage\":{\"@id\":\"https:\\\/\\\/simonbois.de\\\/product\\\/rekord-braunkohlebriketts-20-x-10-kg-fur-ofen-kamin-19-mj-kg-langanhaltende-glut-ca-182-x-59-mm-ohne-bindemittel\\\/#primaryimage\"},\"image\":{\"@id\":\"https:\\\/\\\/simonbois.de\\\/product\\\/rekord-braunkohlebriketts-20-x-10-kg-fur-ofen-kamin-19-mj-kg-langanhaltende-glut-ca-182-x-59-mm-ohne-bindemittel\\\/#primaryimage\"},\"thumbnailUrl\":\"https:\\\/\\\/simonbois.de\\\/wp-content\\\/uploads\\\/2025\\\/08\\\/12-1.webp\",\"datePublished\":\"2025-08-15T09:10:35+00:00\",\"dateModified\":\"2025-08-15T09:10:36+00:00\",\"breadcrumb\":{\"@id\":\"https:\\\/\\\/simonbois.de\\\/product\\\/rekord-braunkohlebriketts-20-x-10-kg-fur-ofen-kamin-19-mj-kg-langanhaltende-glut-ca-182-x-59-mm-ohne-bindemittel\\\/#breadcrumb\"},\"inLanguage\":\"de\",\"potentialAction\":[{\"@type\":\"ReadAction\",\"target\":[\"https:\\\/\\\/simonbois.de\\\/product\\\/rekord-braunkohlebriketts-20-x-10-kg-fur-ofen-kamin-19-mj-kg-langanhaltende-glut-ca-182-x-59-mm-ohne-bindemittel\\\/\"]}]},{\"@type\":\"ImageObject\",\"inLanguage\":\"de\",\"@id\":\"https:\\\/\\\/simonbois.de\\\/product\\\/rekord-braunkohlebriketts-20-x-10-kg-fur-ofen-kamin-19-mj-kg-langanhaltende-glut-ca-182-x-59-mm-ohne-bindemittel\\\/#primaryimage\",\"url\":\"https:\\\/\\\/simonbois.de\\\/wp-content\\\/uploads\\\/2025\\\/08\\\/12-1.webp\",\"contentUrl\":\"https:\\\/\\\/simonbois.de\\\/wp-content\\\/uploads\\\/2025\\\/08\\\/12-1.webp\",\"width\":1024,\"height\":1023},{\"@type\":\"BreadcrumbList\",\"@id\":\"https:\\\/\\\/simonbois.de\\\/product\\\/rekord-braunkohlebriketts-20-x-10-kg-fur-ofen-kamin-19-mj-kg-langanhaltende-glut-ca-182-x-59-mm-ohne-bindemittel\\\/#breadcrumb\",\"itemListElement\":[{\"@type\":\"ListItem\",\"position\":1,\"name\":\"Home\",\"item\":\"https:\\\/\\\/simonbois.de\\\/\"},{\"@type\":\"ListItem\",\"position\":2,\"name\":\"Shop\",\"item\":\"https:\\\/\\\/simonbois.de\\\/shop-2\\\/\"},{\"@type\":\"ListItem\",\"position\":3,\"name\":\"Rekord Braunkohlebriketts, 20 x 10 kg, f\u00fcr Ofen &#038; Kamin, 19 MJ\\\/kg, langanhaltende Glut, ca. 182 x 59 mm, ohne Bindemittel\"}]},{\"@type\":\"WebSite\",\"@id\":\"https:\\\/\\\/simonbois.de\\\/#website\",\"url\":\"https:\\\/\\\/simonbois.de\\\/\",\"name\":\"SIMON BOIS\",\"description\":\"Verkauf und Lieferung von Brennholz auf Paletten\",\"potentialAction\":[{\"@type\":\"SearchAction\",\"target\":{\"@type\":\"EntryPoint\",\"urlTemplate\":\"https:\\\/\\\/simonbois.de\\\/?s={search_term_string}\"},\"query-input\":{\"@type\":\"PropertyValueSpecification\",\"valueRequired\":true,\"valueName\":\"search_term_string\"}}],\"inLanguage\":\"de\"}]}<\/script>\n<!-- \/ Yoast SEO plugin. -->","yoast_head_json":{"title":"Rekord Braunkohlebriketts, 20 x 10 kg, f\u00fcr Ofen & Kamin, 19 MJ\/kg, langanhaltende Glut, ca. 182 x 59 mm, ohne Bindemittel - SIMON BOIS","robots":{"index":"index","follow":"follow","max-snippet":"max-snippet:-1","max-image-preview":"max-image-preview:large","max-video-preview":"max-video-preview:-1"},"canonical":"https:\/\/simonbois.de\/de\/product\/rekord-braunkohlebriketts-20-x-10-kg-fur-ofen-kamin-19-mj-kg-langanhaltende-glut-ca-182-x-59-mm-ohne-bindemittel\/","og_locale":"de_DE","og_type":"article","og_title":"Rekord Braunkohlebriketts, 20 x 10 kg, f\u00fcr Ofen & Kamin, 19 MJ\/kg, langanhaltende Glut, ca. 182 x 59 mm, ohne Bindemittel - SIMON BOIS","og_description":"Lieferumfang   20 x 10kg Packungen REKORD\u00ae*; Braunkohlebriketts     Grundpreiseinheit   kg    Gewicht   200 kg    Hersteller  Rekord   EAN   4066604999764    Herstellernummer   BK999689","og_url":"https:\/\/simonbois.de\/de\/product\/rekord-braunkohlebriketts-20-x-10-kg-fur-ofen-kamin-19-mj-kg-langanhaltende-glut-ca-182-x-59-mm-ohne-bindemittel\/","og_site_name":"SIMON BOIS","article_modified_time":"2025-08-15T09:10:36+00:00","og_image":[{"width":1024,"height":1023,"url":"https:\/\/simonbois.de\/wp-content\/uploads\/2025\/08\/12-1.webp","type":"image\/webp"}],"twitter_card":"summary_large_image","twitter_misc":{"Gesch\u00e4tzte Lesezeit":"1\u00a0Minute"},"schema":{"@context":"https:\/\/schema.org","@graph":[{"@type":"WebPage","@id":"https:\/\/simonbois.de\/product\/rekord-braunkohlebriketts-20-x-10-kg-fur-ofen-kamin-19-mj-kg-langanhaltende-glut-ca-182-x-59-mm-ohne-bindemittel\/","url":"https:\/\/simonbois.de\/product\/rekord-braunkohlebriketts-20-x-10-kg-fur-ofen-kamin-19-mj-kg-langanhaltende-glut-ca-182-x-59-mm-ohne-bindemittel\/","name":"Rekord Braunkohlebriketts, 20 x 10 kg, f\u00fcr Ofen & Kamin, 19 MJ\/kg, langanhaltende Glut, ca. 182 x 59 mm, ohne Bindemittel - SIMON BOIS","isPartOf":{"@id":"https:\/\/simonbois.de\/#website"},"primaryImageOfPage":{"@id":"https:\/\/simonbois.de\/product\/rekord-braunkohlebriketts-20-x-10-kg-fur-ofen-kamin-19-mj-kg-langanhaltende-glut-ca-182-x-59-mm-ohne-bindemittel\/#primaryimage"},"image":{"@id":"https:\/\/simonbois.de\/product\/rekord-braunkohlebriketts-20-x-10-kg-fur-ofen-kamin-19-mj-kg-langanhaltende-glut-ca-182-x-59-mm-ohne-bindemittel\/#primaryimage"},"thumbnailUrl":"https:\/\/simonbois.de\/wp-content\/uploads\/2025\/08\/12-1.webp","datePublished":"2025-08-15T09:10:35+00:00","dateModified":"2025-08-15T09:10:36+00:00","breadcrumb":{"@id":"https:\/\/simonbois.de\/product\/rekord-braunkohlebriketts-20-x-10-kg-fur-ofen-kamin-19-mj-kg-langanhaltende-glut-ca-182-x-59-mm-ohne-bindemittel\/#breadcrumb"},"inLanguage":"de","potentialAction":[{"@type":"ReadAction","target":["https:\/\/simonbois.de\/product\/rekord-braunkohlebriketts-20-x-10-kg-fur-ofen-kamin-19-mj-kg-langanhaltende-glut-ca-182-x-59-mm-ohne-bindemittel\/"]}]},{"@type":"ImageObject","inLanguage":"de","@id":"https:\/\/simonbois.de\/product\/rekord-braunkohlebriketts-20-x-10-kg-fur-ofen-kamin-19-mj-kg-langanhaltende-glut-ca-182-x-59-mm-ohne-bindemittel\/#primaryimage","url":"https:\/\/simonbois.de\/wp-content\/uploads\/2025\/08\/12-1.webp","contentUrl":"https:\/\/simonbois.de\/wp-content\/uploads\/2025\/08\/12-1.webp","width":1024,"height":1023},{"@type":"BreadcrumbList","@id":"https:\/\/simonbois.de\/product\/rekord-braunkohlebriketts-20-x-10-kg-fur-ofen-kamin-19-mj-kg-langanhaltende-glut-ca-182-x-59-mm-ohne-bindemittel\/#breadcrumb","itemListElement":[{"@type":"ListItem","position":1,"name":"Home","item":"https:\/\/simonbois.de\/"},{"@type":"ListItem","position":2,"name":"Shop","item":"https:\/\/simonbois.de\/shop-2\/"},{"@type":"ListItem","position":3,"name":"Rekord Braunkohlebriketts, 20 x 10 kg, f\u00fcr Ofen &#038; Kamin, 19 MJ\/kg, langanhaltende Glut, ca. 182 x 59 mm, ohne Bindemittel"}]},{"@type":"WebSite","@id":"https:\/\/simonbois.de\/#website","url":"https:\/\/simonbois.de\/","name":"SIMON BOIS","description":"Verkauf und Lieferung von Brennholz auf Paletten","potentialAction":[{"@type":"SearchAction","target":{"@type":"EntryPoint","urlTemplate":"https:\/\/simonbois.de\/?s={search_term_string}"},"query-input":{"@type":"PropertyValueSpecification","valueRequired":true,"valueName":"search_term_string"}}],"inLanguage":"de"}]}},"_links":{"self":[{"href":"https:\/\/simonbois.de\/de\/wp-json\/wp\/v2\/product\/4374","targetHints":{"allow":["GET"]}}],"collection":[{"href":"https:\/\/simonbois.de\/de\/wp-json\/wp\/v2\/product"}],"about":[{"href":"https:\/\/simonbois.de\/de\/wp-json\/wp\/v2\/types\/product"}],"replies":[{"embeddable":true,"href":"https:\/\/simonbois.de\/de\/wp-json\/wp\/v2\/comments?post=4374"}],"wp:featuredmedia":[{"embeddable":true,"href":"https:\/\/simonbois.de\/de\/wp-json\/wp\/v2\/media\/4377"}],"wp:attachment":[{"href":"https:\/\/simonbois.de\/de\/wp-json\/wp\/v2\/media?parent=4374"}],"wp:term":[{"taxonomy":"product_brand","embeddable":true,"href":"https:\/\/simonbois.de\/de\/wp-json\/wp\/v2\/product_brand?post=4374"},{"taxonomy":"product_cat","embeddable":true,"href":"https:\/\/simonbois.de\/de\/wp-json\/wp\/v2\/product_cat?post=4374"},{"taxonomy":"product_tag","embeddable":true,"href":"https:\/\/simonbois.de\/de\/wp-json\/wp\/v2\/product_tag?post=4374"}],"curies":[{"name":"wp","href":"https:\/\/api.w.org\/{rel}","templated":true}]}}