{"id":4372,"date":"2025-08-15T09:10:36","date_gmt":"2025-08-15T09:10:36","guid":{"rendered":"https:\/\/simonbois.de\/?post_type=product&#038;p=4372"},"modified":"2026-01-27T17:35:16","modified_gmt":"2026-01-27T17:35:16","slug":"holzbrx-holzbriketts-rinde-nachtwachter-36x12kg-432kg-mase-65x100x155-mm-brenndauer-8-12-std-ca-4-8-kwh-kg-nicht-fur-automatische-ofen","status":"publish","type":"product","link":"https:\/\/simonbois.de\/de\/product\/holzbrx-holzbriketts-rinde-nachtwachter-36x12kg-432kg-mase-65x100x155-mm-brenndauer-8-12-std-ca-4-8-kwh-kg-nicht-fur-automatische-ofen\/","title":{"rendered":"holzbrx Holzbriketts Rinde Nachtw\u00e4chter, 36x12kg (432kg), Ma\u00dfe: 65x100x155 mm, Brenndauer 8-12 Std., ca. 4-8 kWh\/kg, Nicht f\u00fcr automatische \u00d6fen"},"content":{"rendered":"<h2 class=\"pdp-expandable-section__title\">Produktbeschreibung & Produktdaten<\/h2>\n<div class=\"pdp-expandable-section__content\">\n<div class=\"pdp-product-description__grid\">\n<div class=\"pdp-product-description__section\" role=\"region\" aria-label=\"Produktinformationen\">\n<div>\n<p>Material:Rinde<\/p>\n<p>Form:RUF<\/p>\n<p>Abmessung:65 x 100 x 155 mm<\/p>\n<p>Ascheanfall:5 \u2013 7 %<\/p>\n<p>Flammdauer:0 \u2013 0,5 Stunden<\/p>\n<p>Glutdauer:8 \u2013 12 Stunden<\/p>\n<p>Heizwert:ca. 4,8 kWh\/kg<\/p>\n<p>Abpackung:Folienbeutel<\/p>\n<p>Paketabmessung:16 x 20 x 43 cm<\/p>\n<p>St\u00fcck pro Einzelpaket:12 St\u00fcck<\/p>\n<p>Gewicht pro Paket:12 kg<\/p>\n<p>Menge pro Palette:36 x 12 kg P\u00e4ckchen<\/p>\n<p>Palettenma\u00df (LxBxH):100 x 120 x ca. 70 cm<\/p>\n<p>Palettengewicht:432kg netto<\/p>\n<p><u>Rindenbriketts<\/u>\u00a0sind die sogenannten Gluthalter unter den Holzbriketts. Sie bestehen ausschlie\u00dflich aus reiner Baumrinde! Die Herstellung, bzw. die Gewinnung der sauberen Rinde ist technisch sehr aufwendig und entsprechend teuer, was sich letztendlich auf den Produktpreis niederschl\u00e4gt. Die Baumst\u00e4mme werden gesch\u00e4lt, die Rinde wird gewaschen, gemahlen, getrocknet und gepresst. So entstehen die sehr speziellen Briketts mit unverwechselbaren Eigenschaften. Wer sie kennt, der m\u00f6chte sie nicht mehr missen. Mit einer Glutdauer von 8 \u2013 10 Stunden gibt es keine vergleichbaren Produkte mit \u00e4hnlichen Eigenschaften.<\/p>\n<p><strong>Unser Verwendungstipp:<\/strong>\u00a0Verwenden Sie die Rindenbriketts nicht ausschlie\u00dflich zum Heizen. Machen Sie wie gewohnt Feuer mit Brennholz und Holzbriketts. Nach dem eigentlichem Heizvorgang legen Sie dann die RUF Rindenbriketts auf das Glutbett auf. Verwenden Sie diese sehr sparsam. Es gen\u00fcgen wirklich nur 1 \u2013 2 St\u00fcck. Lassen Sie die RUF Briketts anbrennen und drosseln Sie dann die Luftzufuhr, so dass die RUF Rindenbriketts langsam gl\u00fchen k\u00f6nnen. Wenn Sie weiter heizen wollen, dann kratzen Sie einfach die Asche etwas auseinander, legen neue Holzbriketts oder Feuerholz auf und stellen die Luftzufuhr wieder ein.<\/p>\n<\/div>\n<\/div>\n<\/div>\n<\/div>","protected":false},"excerpt":{"rendered":"<div class=\"pdp-product-description__section\" role=\"region\" aria-label=\"Produktinformationen\">\n<div>\n<p>Bei speziellen \u00d6fen mit automatischem Gebl\u00e4se (z.B. Vergaser) k\u00f6nnen wir die Rindenbriketts nicht empfehlen.<\/p>\n<\/div>\n<\/div>\n<div>\n<section aria-label=\"Produktdaten\">\n<div class=\"pdp-attribute-list__item\">Gewicht<\/p>\n<div class=\"pdp-attribute-list__value\" data-test-item_text=\"432 kg\">\n<div class=\"rd-attribute-list__item-text\">\n<div>432 kg<\/div>\n<\/div>\n<\/div>\n<\/div>\n<div class=\"pdp-attribute-list__item\">Hersteller<\/p>\n<div class=\"pdp-attribute-list__value\" data-test-item_text=\"HOLZBRX\">\n<div>HOLZBRX<\/div>\n<\/div>\n<\/div>\n<div class=\"pdp-attribute-list__item\">Grundpreiseinheit<\/p>\n<div class=\"pdp-attribute-list__value\" data-test-item_text=\"kg\">\n<div class=\"rd-attribute-list__item-text\">\n<div>kg<\/div>\n<\/div>\n<\/div>\n<\/div>\n<div class=\"pdp-attribute-list__item\">Brennholz-Art<\/p>\n<div class=\"pdp-attribute-list__value\" data-test-item_text=\"Briketts\">\n<div>Briketts<\/div>\n<\/div>\n<\/div>\n<div class=\"pdp-attribute-list__item\">Herstellernummer<\/p>\n<div class=\"pdp-attribute-list__value\" data-test-item_text=\"B010H\">\n<div class=\"rd-attribute-list__item-text\">\n<div>B010H<\/div>\n<\/div>\n<\/div>\n<\/div>\n<div class=\"pdp-attribute-list__item\">EAN<\/p>\n<div class=\"pdp-attribute-list__value\" data-test-item_text=\"0724754239812\">\n<div class=\"rd-attribute-list__item-text\">\n<div>0724754239812<\/div>\n<\/div>\n<\/div>\n<\/div>\n<\/section>\n<\/div>","protected":false},"featured_media":4379,"comment_status":"open","ping_status":"closed","template":"","meta":[],"product_brand":[],"product_cat":[193],"product_tag":[],"class_list":{"0":"post-4372","1":"product","2":"type-product","3":"status-publish","4":"has-post-thumbnail","6":"product_cat-brennholz","8":"first","9":"instock","10":"taxable","11":"shipping-taxable","12":"purchasable","13":"product-type-simple"},"yoast_head":"<!-- This site is optimized with the Yoast SEO plugin v27.5 - https:\/\/yoast.com\/product\/yoast-seo-wordpress\/ -->\n<title>holzbrx Holzbriketts Rinde Nachtw\u00e4chter, 36x12kg (432kg), Ma\u00dfe: 65x100x155 mm, Brenndauer 8-12 Std., ca. 4-8 kWh\/kg, Nicht f\u00fcr automatische \u00d6fen - SIMON BOIS<\/title>\n<meta name=\"robots\" content=\"index, follow, max-snippet:-1, max-image-preview:large, max-video-preview:-1\" \/>\n<link rel=\"canonical\" href=\"https:\/\/simonbois.de\/de\/product\/holzbrx-holzbriketts-rinde-nachtwachter-36x12kg-432kg-mase-65x100x155-mm-brenndauer-8-12-std-ca-4-8-kwh-kg-nicht-fur-automatische-ofen\/\" \/>\n<meta property=\"og:locale\" content=\"de_DE\" \/>\n<meta property=\"og:type\" content=\"article\" \/>\n<meta property=\"og:title\" content=\"holzbrx Holzbriketts Rinde Nachtw\u00e4chter, 36x12kg (432kg), Ma\u00dfe: 65x100x155 mm, Brenndauer 8-12 Std., ca. 4-8 kWh\/kg, Nicht f\u00fcr automatische \u00d6fen - SIMON BOIS\" \/>\n<meta property=\"og:description\" content=\"Bei speziellen \u00d6fen mit automatischem Gebl\u00e4se (z.B. Vergaser) k\u00f6nnen wir die Rindenbriketts nicht empfehlen.     Gewicht   432 kg    Hersteller  HOLZBRX   Grundpreiseinheit   kg    Brennholz-Art  Briketts   Herstellernummer   B010H    EAN   0724754239812\" \/>\n<meta property=\"og:url\" content=\"https:\/\/simonbois.de\/de\/product\/holzbrx-holzbriketts-rinde-nachtwachter-36x12kg-432kg-mase-65x100x155-mm-brenndauer-8-12-std-ca-4-8-kwh-kg-nicht-fur-automatische-ofen\/\" \/>\n<meta property=\"og:site_name\" content=\"SIMON BOIS\" \/>\n<meta property=\"article:modified_time\" content=\"2026-01-27T17:35:16+00:00\" \/>\n<meta property=\"og:image\" content=\"https:\/\/simonbois.de\/wp-content\/uploads\/2025\/08\/14-1.webp\" \/>\n\t<meta property=\"og:image:width\" content=\"907\" \/>\n\t<meta property=\"og:image:height\" content=\"1024\" \/>\n\t<meta property=\"og:image:type\" content=\"image\/webp\" \/>\n<meta name=\"twitter:card\" content=\"summary_large_image\" \/>\n<meta name=\"twitter:label1\" content=\"Gesch\u00e4tzte Lesezeit\" \/>\n\t<meta name=\"twitter:data1\" content=\"1\u00a0Minute\" \/>\n<script type=\"application\/ld+json\" class=\"yoast-schema-graph\">{\"@context\":\"https:\\\/\\\/schema.org\",\"@graph\":[{\"@type\":\"WebPage\",\"@id\":\"https:\\\/\\\/simonbois.de\\\/product\\\/holzbrx-holzbriketts-rinde-nachtwachter-36x12kg-432kg-mase-65x100x155-mm-brenndauer-8-12-std-ca-4-8-kwh-kg-nicht-fur-automatische-ofen\\\/\",\"url\":\"https:\\\/\\\/simonbois.de\\\/product\\\/holzbrx-holzbriketts-rinde-nachtwachter-36x12kg-432kg-mase-65x100x155-mm-brenndauer-8-12-std-ca-4-8-kwh-kg-nicht-fur-automatische-ofen\\\/\",\"name\":\"holzbrx Holzbriketts Rinde Nachtw\u00e4chter, 36x12kg (432kg), Ma\u00dfe: 65x100x155 mm, Brenndauer 8-12 Std., ca. 4-8 kWh\\\/kg, Nicht f\u00fcr automatische \u00d6fen - SIMON BOIS\",\"isPartOf\":{\"@id\":\"https:\\\/\\\/simonbois.de\\\/#website\"},\"primaryImageOfPage\":{\"@id\":\"https:\\\/\\\/simonbois.de\\\/product\\\/holzbrx-holzbriketts-rinde-nachtwachter-36x12kg-432kg-mase-65x100x155-mm-brenndauer-8-12-std-ca-4-8-kwh-kg-nicht-fur-automatische-ofen\\\/#primaryimage\"},\"image\":{\"@id\":\"https:\\\/\\\/simonbois.de\\\/product\\\/holzbrx-holzbriketts-rinde-nachtwachter-36x12kg-432kg-mase-65x100x155-mm-brenndauer-8-12-std-ca-4-8-kwh-kg-nicht-fur-automatische-ofen\\\/#primaryimage\"},\"thumbnailUrl\":\"https:\\\/\\\/simonbois.de\\\/wp-content\\\/uploads\\\/2025\\\/08\\\/14-1.webp\",\"datePublished\":\"2025-08-15T09:10:36+00:00\",\"dateModified\":\"2026-01-27T17:35:16+00:00\",\"breadcrumb\":{\"@id\":\"https:\\\/\\\/simonbois.de\\\/product\\\/holzbrx-holzbriketts-rinde-nachtwachter-36x12kg-432kg-mase-65x100x155-mm-brenndauer-8-12-std-ca-4-8-kwh-kg-nicht-fur-automatische-ofen\\\/#breadcrumb\"},\"inLanguage\":\"de\",\"potentialAction\":[{\"@type\":\"ReadAction\",\"target\":[\"https:\\\/\\\/simonbois.de\\\/product\\\/holzbrx-holzbriketts-rinde-nachtwachter-36x12kg-432kg-mase-65x100x155-mm-brenndauer-8-12-std-ca-4-8-kwh-kg-nicht-fur-automatische-ofen\\\/\"]}]},{\"@type\":\"ImageObject\",\"inLanguage\":\"de\",\"@id\":\"https:\\\/\\\/simonbois.de\\\/product\\\/holzbrx-holzbriketts-rinde-nachtwachter-36x12kg-432kg-mase-65x100x155-mm-brenndauer-8-12-std-ca-4-8-kwh-kg-nicht-fur-automatische-ofen\\\/#primaryimage\",\"url\":\"https:\\\/\\\/simonbois.de\\\/wp-content\\\/uploads\\\/2025\\\/08\\\/14-1.webp\",\"contentUrl\":\"https:\\\/\\\/simonbois.de\\\/wp-content\\\/uploads\\\/2025\\\/08\\\/14-1.webp\",\"width\":907,\"height\":1024},{\"@type\":\"BreadcrumbList\",\"@id\":\"https:\\\/\\\/simonbois.de\\\/product\\\/holzbrx-holzbriketts-rinde-nachtwachter-36x12kg-432kg-mase-65x100x155-mm-brenndauer-8-12-std-ca-4-8-kwh-kg-nicht-fur-automatische-ofen\\\/#breadcrumb\",\"itemListElement\":[{\"@type\":\"ListItem\",\"position\":1,\"name\":\"Home\",\"item\":\"https:\\\/\\\/simonbois.de\\\/\"},{\"@type\":\"ListItem\",\"position\":2,\"name\":\"Shop\",\"item\":\"https:\\\/\\\/simonbois.de\\\/shop-2\\\/\"},{\"@type\":\"ListItem\",\"position\":3,\"name\":\"holzbrx Holzbriketts Rinde Nachtw\u00e4chter, 36x12kg (432kg), Ma\u00dfe: 65x100x155 mm, Brenndauer 8-12 Std., ca. 4-8 kWh\\\/kg, Nicht f\u00fcr automatische \u00d6fen\"}]},{\"@type\":\"WebSite\",\"@id\":\"https:\\\/\\\/simonbois.de\\\/#website\",\"url\":\"https:\\\/\\\/simonbois.de\\\/\",\"name\":\"SIMON BOIS\",\"description\":\"Verkauf und Lieferung von Brennholz auf Paletten\",\"potentialAction\":[{\"@type\":\"SearchAction\",\"target\":{\"@type\":\"EntryPoint\",\"urlTemplate\":\"https:\\\/\\\/simonbois.de\\\/?s={search_term_string}\"},\"query-input\":{\"@type\":\"PropertyValueSpecification\",\"valueRequired\":true,\"valueName\":\"search_term_string\"}}],\"inLanguage\":\"de\"}]}<\/script>\n<!-- \/ Yoast SEO plugin. -->","yoast_head_json":{"title":"holzbrx Holzbriketts Rinde Nachtw\u00e4chter, 36x12kg (432kg), Ma\u00dfe: 65x100x155 mm, Brenndauer 8-12 Std., ca. 4-8 kWh\/kg, Nicht f\u00fcr automatische \u00d6fen - SIMON BOIS","robots":{"index":"index","follow":"follow","max-snippet":"max-snippet:-1","max-image-preview":"max-image-preview:large","max-video-preview":"max-video-preview:-1"},"canonical":"https:\/\/simonbois.de\/de\/product\/holzbrx-holzbriketts-rinde-nachtwachter-36x12kg-432kg-mase-65x100x155-mm-brenndauer-8-12-std-ca-4-8-kwh-kg-nicht-fur-automatische-ofen\/","og_locale":"de_DE","og_type":"article","og_title":"holzbrx Holzbriketts Rinde Nachtw\u00e4chter, 36x12kg (432kg), Ma\u00dfe: 65x100x155 mm, Brenndauer 8-12 Std., ca. 4-8 kWh\/kg, Nicht f\u00fcr automatische \u00d6fen - SIMON BOIS","og_description":"Bei speziellen \u00d6fen mit automatischem Gebl\u00e4se (z.B. Vergaser) k\u00f6nnen wir die Rindenbriketts nicht empfehlen.     Gewicht   432 kg    Hersteller  HOLZBRX   Grundpreiseinheit   kg    Brennholz-Art  Briketts   Herstellernummer   B010H    EAN   0724754239812","og_url":"https:\/\/simonbois.de\/de\/product\/holzbrx-holzbriketts-rinde-nachtwachter-36x12kg-432kg-mase-65x100x155-mm-brenndauer-8-12-std-ca-4-8-kwh-kg-nicht-fur-automatische-ofen\/","og_site_name":"SIMON BOIS","article_modified_time":"2026-01-27T17:35:16+00:00","og_image":[{"width":907,"height":1024,"url":"https:\/\/simonbois.de\/wp-content\/uploads\/2025\/08\/14-1.webp","type":"image\/webp"}],"twitter_card":"summary_large_image","twitter_misc":{"Gesch\u00e4tzte Lesezeit":"1\u00a0Minute"},"schema":{"@context":"https:\/\/schema.org","@graph":[{"@type":"WebPage","@id":"https:\/\/simonbois.de\/product\/holzbrx-holzbriketts-rinde-nachtwachter-36x12kg-432kg-mase-65x100x155-mm-brenndauer-8-12-std-ca-4-8-kwh-kg-nicht-fur-automatische-ofen\/","url":"https:\/\/simonbois.de\/product\/holzbrx-holzbriketts-rinde-nachtwachter-36x12kg-432kg-mase-65x100x155-mm-brenndauer-8-12-std-ca-4-8-kwh-kg-nicht-fur-automatische-ofen\/","name":"holzbrx Holzbriketts Rinde Nachtw\u00e4chter, 36x12kg (432kg), Ma\u00dfe: 65x100x155 mm, Brenndauer 8-12 Std., ca. 4-8 kWh\/kg, Nicht f\u00fcr automatische \u00d6fen - SIMON BOIS","isPartOf":{"@id":"https:\/\/simonbois.de\/#website"},"primaryImageOfPage":{"@id":"https:\/\/simonbois.de\/product\/holzbrx-holzbriketts-rinde-nachtwachter-36x12kg-432kg-mase-65x100x155-mm-brenndauer-8-12-std-ca-4-8-kwh-kg-nicht-fur-automatische-ofen\/#primaryimage"},"image":{"@id":"https:\/\/simonbois.de\/product\/holzbrx-holzbriketts-rinde-nachtwachter-36x12kg-432kg-mase-65x100x155-mm-brenndauer-8-12-std-ca-4-8-kwh-kg-nicht-fur-automatische-ofen\/#primaryimage"},"thumbnailUrl":"https:\/\/simonbois.de\/wp-content\/uploads\/2025\/08\/14-1.webp","datePublished":"2025-08-15T09:10:36+00:00","dateModified":"2026-01-27T17:35:16+00:00","breadcrumb":{"@id":"https:\/\/simonbois.de\/product\/holzbrx-holzbriketts-rinde-nachtwachter-36x12kg-432kg-mase-65x100x155-mm-brenndauer-8-12-std-ca-4-8-kwh-kg-nicht-fur-automatische-ofen\/#breadcrumb"},"inLanguage":"de","potentialAction":[{"@type":"ReadAction","target":["https:\/\/simonbois.de\/product\/holzbrx-holzbriketts-rinde-nachtwachter-36x12kg-432kg-mase-65x100x155-mm-brenndauer-8-12-std-ca-4-8-kwh-kg-nicht-fur-automatische-ofen\/"]}]},{"@type":"ImageObject","inLanguage":"de","@id":"https:\/\/simonbois.de\/product\/holzbrx-holzbriketts-rinde-nachtwachter-36x12kg-432kg-mase-65x100x155-mm-brenndauer-8-12-std-ca-4-8-kwh-kg-nicht-fur-automatische-ofen\/#primaryimage","url":"https:\/\/simonbois.de\/wp-content\/uploads\/2025\/08\/14-1.webp","contentUrl":"https:\/\/simonbois.de\/wp-content\/uploads\/2025\/08\/14-1.webp","width":907,"height":1024},{"@type":"BreadcrumbList","@id":"https:\/\/simonbois.de\/product\/holzbrx-holzbriketts-rinde-nachtwachter-36x12kg-432kg-mase-65x100x155-mm-brenndauer-8-12-std-ca-4-8-kwh-kg-nicht-fur-automatische-ofen\/#breadcrumb","itemListElement":[{"@type":"ListItem","position":1,"name":"Home","item":"https:\/\/simonbois.de\/"},{"@type":"ListItem","position":2,"name":"Shop","item":"https:\/\/simonbois.de\/shop-2\/"},{"@type":"ListItem","position":3,"name":"holzbrx Holzbriketts Rinde Nachtw\u00e4chter, 36x12kg (432kg), Ma\u00dfe: 65x100x155 mm, Brenndauer 8-12 Std., ca. 4-8 kWh\/kg, Nicht f\u00fcr automatische \u00d6fen"}]},{"@type":"WebSite","@id":"https:\/\/simonbois.de\/#website","url":"https:\/\/simonbois.de\/","name":"SIMON BOIS","description":"Verkauf und Lieferung von Brennholz auf Paletten","potentialAction":[{"@type":"SearchAction","target":{"@type":"EntryPoint","urlTemplate":"https:\/\/simonbois.de\/?s={search_term_string}"},"query-input":{"@type":"PropertyValueSpecification","valueRequired":true,"valueName":"search_term_string"}}],"inLanguage":"de"}]}},"_links":{"self":[{"href":"https:\/\/simonbois.de\/de\/wp-json\/wp\/v2\/product\/4372","targetHints":{"allow":["GET"]}}],"collection":[{"href":"https:\/\/simonbois.de\/de\/wp-json\/wp\/v2\/product"}],"about":[{"href":"https:\/\/simonbois.de\/de\/wp-json\/wp\/v2\/types\/product"}],"replies":[{"embeddable":true,"href":"https:\/\/simonbois.de\/de\/wp-json\/wp\/v2\/comments?post=4372"}],"wp:featuredmedia":[{"embeddable":true,"href":"https:\/\/simonbois.de\/de\/wp-json\/wp\/v2\/media\/4379"}],"wp:attachment":[{"href":"https:\/\/simonbois.de\/de\/wp-json\/wp\/v2\/media?parent=4372"}],"wp:term":[{"taxonomy":"product_brand","embeddable":true,"href":"https:\/\/simonbois.de\/de\/wp-json\/wp\/v2\/product_brand?post=4372"},{"taxonomy":"product_cat","embeddable":true,"href":"https:\/\/simonbois.de\/de\/wp-json\/wp\/v2\/product_cat?post=4372"},{"taxonomy":"product_tag","embeddable":true,"href":"https:\/\/simonbois.de\/de\/wp-json\/wp\/v2\/product_tag?post=4372"}],"curies":[{"name":"wp","href":"https:\/\/api.w.org\/{rel}","templated":true}]}}