{"id":4326,"date":"2025-08-15T00:11:55","date_gmt":"2025-08-15T00:11:55","guid":{"rendered":"https:\/\/simonbois.de\/?post_type=product&#038;p=4326"},"modified":"2025-08-15T00:11:55","modified_gmt":"2025-08-15T00:11:55","slug":"holzbrx-brennholz-buche-25cm-scheitlange-2rm-3srm-kammergetrocknet-sortenrein-frei-von-storstoffen-4-2-kwh-kg-90x130x220-cm","status":"publish","type":"product","link":"https:\/\/simonbois.de\/de\/product\/holzbrx-brennholz-buche-25cm-scheitlange-2rm-3srm-kammergetrocknet-sortenrein-frei-von-storstoffen-4-2-kwh-kg-90x130x220-cm\/","title":{"rendered":"holzbrx Brennholz Buche, 25cm Scheitl\u00e4nge, 2RM \/ 3SRM, kammergetrocknet, sortenrein, frei von St\u00f6rstoffen, 4.2 kWh\/kg, 90x130x220 cm"},"content":{"rendered":"<h2 class=\"pdp-expandable-section__title\">Produktbeschreibung & Produktdaten<\/h2>\n<div class=\"pdp-expandable-section__content\">\n<div class=\"pdp-product-description__grid\">\n<div class=\"pdp-product-description__section\" role=\"region\" aria-label=\"Produktinformationen\">\n<div>\n<p>Material:Buche<\/p>\n<p>Heizwert:ca. 4,2 kWh\/kg<\/p>\n<p>Palettengewicht:1000 \u2013 1100 kg<\/p>\n<p>Restfeuchte:< 20%<\/p>\n<p>Trocknung:kammergetrocknet<\/p>\n<p>Menge pro Palette:2RM\/3SRM<\/p>\n<p>Palettenma\u00df (LxBxH):90 x 130 x 220 cm<\/p>\n<p>Abmessung:25cm Scheitl\u00e4nge<\/p>\n<p>Abpackung:stabile Bretterbox \/ Einweg<\/p>\n<p>Sie sind auf der Suche nach trockenem Brennholz? Dann sind Sie bei HOLZBRX.de genau richtig. Wir sind Ihr zuverl\u00e4ssiger Lieferant f\u00fcr Brennholz mit mehr als 10 Jahren Erfahrung. Unser sortenreines Brennholz ist kammergetrocknet mit maximal 20% Restfeuchte im Kern und frei von jeglichen St\u00f6rstoffen. Sie k\u00f6nnen Ihr Kaminfeuer maximal genie\u00dfen und m\u00fcssen sich nicht mit schlecht brennenden und qualmenden Brennholz rum\u00e4rgern. Das Brennholz ist in einer praktischen 1RM oder 2RM Holzbox sauber und platzsparend aufgestapelt und kann dort je nach Bedarf entnommen werden.<\/p>\n<\/div>\n<\/div>\n<div>\n<section aria-label=\"Produktdaten\">\n<div class=\"pdp-attribute-list__item\">\n<div class=\"pdp-attribute-list__value\" data-test-item_text=\"HOLZBRX\">\n<div class=\"rd-attribute-list__item-text\">\n<div><\/div>\n<\/div>\n<\/div>\n<\/div>\n<\/section>\n<\/div>\n<\/div>\n<\/div>","protected":false},"excerpt":{"rendered":"<div class=\"pdp-attribute-list__item\">Gewicht<\/p>\n<div class=\"pdp-attribute-list__value\" data-test-item_text=\"1000 kg\">\n<div class=\"rd-attribute-list__item-text\">\n<div>1000 kg<\/div>\n<\/div>\n<\/div>\n<\/div>\n<div class=\"pdp-attribute-list__item\">Brennholz-Art<\/p>\n<div class=\"pdp-attribute-list__value\" data-test-item_text=\"Holzscheite\">\n<div>Holzscheite<\/div>\n<\/div>\n<\/div>\n<div class=\"pdp-attribute-list__item\">Hersteller<\/p>\n<div class=\"pdp-attribute-list__value\" data-test-item_text=\"HOLZBRX\">\n<div>HOLZBRX<\/div>\n<\/div>\n<\/div>\n<div class=\"pdp-attribute-list__item\">Grundpreiseinheit<\/p>\n<div class=\"pdp-attribute-list__value\" data-test-item_text=\"kg\">\n<div class=\"rd-attribute-list__item-text\">\n<div>kg<\/div>\n<\/div>\n<\/div>\n<\/div>\n<div class=\"pdp-attribute-list__item\">EAN<\/p>\n<div class=\"pdp-attribute-list__value\" data-test-item_text=\"0724754240061\">\n<div class=\"rd-attribute-list__item-text\">\n<div>0724754240061<\/div>\n<\/div>\n<\/div>\n<\/div>\n<div class=\"pdp-attribute-list__item\">Herstellernummer<\/p>\n<div class=\"pdp-attribute-list__value\" data-test-item_text=\"HOLZBRX\">\n<div class=\"rd-attribute-list__item-text\">\n<div>HOLZBRX<\/div>\n<\/div>\n<\/div>\n<\/div>","protected":false},"featured_media":4327,"comment_status":"open","ping_status":"closed","template":"","meta":[],"product_brand":[],"product_cat":[193],"product_tag":[],"class_list":{"0":"post-4326","1":"product","2":"type-product","3":"status-publish","4":"has-post-thumbnail","6":"product_cat-brennholz","8":"first","9":"instock","10":"taxable","11":"shipping-taxable","12":"purchasable","13":"product-type-simple"},"yoast_head":"<!-- This site is optimized with the Yoast SEO plugin v27.5 - https:\/\/yoast.com\/product\/yoast-seo-wordpress\/ -->\n<title>holzbrx Brennholz Buche, 25cm Scheitl\u00e4nge, 2RM \/ 3SRM, kammergetrocknet, sortenrein, frei von St\u00f6rstoffen, 4.2 kWh\/kg, 90x130x220 cm - SIMON BOIS<\/title>\n<meta name=\"robots\" content=\"index, follow, max-snippet:-1, max-image-preview:large, max-video-preview:-1\" \/>\n<link rel=\"canonical\" href=\"https:\/\/simonbois.de\/de\/product\/holzbrx-brennholz-buche-25cm-scheitlange-2rm-3srm-kammergetrocknet-sortenrein-frei-von-storstoffen-4-2-kwh-kg-90x130x220-cm\/\" \/>\n<meta property=\"og:locale\" content=\"de_DE\" \/>\n<meta property=\"og:type\" content=\"article\" \/>\n<meta property=\"og:title\" content=\"holzbrx Brennholz Buche, 25cm Scheitl\u00e4nge, 2RM \/ 3SRM, kammergetrocknet, sortenrein, frei von St\u00f6rstoffen, 4.2 kWh\/kg, 90x130x220 cm - SIMON BOIS\" \/>\n<meta property=\"og:description\" content=\"Gewicht   1000 kg    Brennholz-Art  Holzscheite   Hersteller  HOLZBRX   Grundpreiseinheit   kg    EAN   0724754240061    Herstellernummer   HOLZBRX\" \/>\n<meta property=\"og:url\" content=\"https:\/\/simonbois.de\/de\/product\/holzbrx-brennholz-buche-25cm-scheitlange-2rm-3srm-kammergetrocknet-sortenrein-frei-von-storstoffen-4-2-kwh-kg-90x130x220-cm\/\" \/>\n<meta property=\"og:site_name\" content=\"SIMON BOIS\" \/>\n<meta property=\"og:image\" content=\"https:\/\/simonbois.de\/wp-content\/uploads\/2025\/08\/11.webp\" \/>\n\t<meta property=\"og:image:width\" content=\"756\" \/>\n\t<meta property=\"og:image:height\" content=\"1024\" \/>\n\t<meta property=\"og:image:type\" content=\"image\/webp\" \/>\n<meta name=\"twitter:card\" content=\"summary_large_image\" \/>\n<meta name=\"twitter:label1\" content=\"Gesch\u00e4tzte Lesezeit\" \/>\n\t<meta name=\"twitter:data1\" content=\"1\u00a0Minute\" \/>\n<script type=\"application\/ld+json\" class=\"yoast-schema-graph\">{\"@context\":\"https:\\\/\\\/schema.org\",\"@graph\":[{\"@type\":\"WebPage\",\"@id\":\"https:\\\/\\\/simonbois.de\\\/product\\\/holzbrx-brennholz-buche-25cm-scheitlange-2rm-3srm-kammergetrocknet-sortenrein-frei-von-storstoffen-4-2-kwh-kg-90x130x220-cm\\\/\",\"url\":\"https:\\\/\\\/simonbois.de\\\/product\\\/holzbrx-brennholz-buche-25cm-scheitlange-2rm-3srm-kammergetrocknet-sortenrein-frei-von-storstoffen-4-2-kwh-kg-90x130x220-cm\\\/\",\"name\":\"holzbrx Brennholz Buche, 25cm Scheitl\u00e4nge, 2RM \\\/ 3SRM, kammergetrocknet, sortenrein, frei von St\u00f6rstoffen, 4.2 kWh\\\/kg, 90x130x220 cm - SIMON BOIS\",\"isPartOf\":{\"@id\":\"https:\\\/\\\/simonbois.de\\\/#website\"},\"primaryImageOfPage\":{\"@id\":\"https:\\\/\\\/simonbois.de\\\/product\\\/holzbrx-brennholz-buche-25cm-scheitlange-2rm-3srm-kammergetrocknet-sortenrein-frei-von-storstoffen-4-2-kwh-kg-90x130x220-cm\\\/#primaryimage\"},\"image\":{\"@id\":\"https:\\\/\\\/simonbois.de\\\/product\\\/holzbrx-brennholz-buche-25cm-scheitlange-2rm-3srm-kammergetrocknet-sortenrein-frei-von-storstoffen-4-2-kwh-kg-90x130x220-cm\\\/#primaryimage\"},\"thumbnailUrl\":\"https:\\\/\\\/simonbois.de\\\/wp-content\\\/uploads\\\/2025\\\/08\\\/11.webp\",\"datePublished\":\"2025-08-15T00:11:55+00:00\",\"breadcrumb\":{\"@id\":\"https:\\\/\\\/simonbois.de\\\/product\\\/holzbrx-brennholz-buche-25cm-scheitlange-2rm-3srm-kammergetrocknet-sortenrein-frei-von-storstoffen-4-2-kwh-kg-90x130x220-cm\\\/#breadcrumb\"},\"inLanguage\":\"de\",\"potentialAction\":[{\"@type\":\"ReadAction\",\"target\":[\"https:\\\/\\\/simonbois.de\\\/product\\\/holzbrx-brennholz-buche-25cm-scheitlange-2rm-3srm-kammergetrocknet-sortenrein-frei-von-storstoffen-4-2-kwh-kg-90x130x220-cm\\\/\"]}]},{\"@type\":\"ImageObject\",\"inLanguage\":\"de\",\"@id\":\"https:\\\/\\\/simonbois.de\\\/product\\\/holzbrx-brennholz-buche-25cm-scheitlange-2rm-3srm-kammergetrocknet-sortenrein-frei-von-storstoffen-4-2-kwh-kg-90x130x220-cm\\\/#primaryimage\",\"url\":\"https:\\\/\\\/simonbois.de\\\/wp-content\\\/uploads\\\/2025\\\/08\\\/11.webp\",\"contentUrl\":\"https:\\\/\\\/simonbois.de\\\/wp-content\\\/uploads\\\/2025\\\/08\\\/11.webp\",\"width\":756,\"height\":1024},{\"@type\":\"BreadcrumbList\",\"@id\":\"https:\\\/\\\/simonbois.de\\\/product\\\/holzbrx-brennholz-buche-25cm-scheitlange-2rm-3srm-kammergetrocknet-sortenrein-frei-von-storstoffen-4-2-kwh-kg-90x130x220-cm\\\/#breadcrumb\",\"itemListElement\":[{\"@type\":\"ListItem\",\"position\":1,\"name\":\"Home\",\"item\":\"https:\\\/\\\/simonbois.de\\\/\"},{\"@type\":\"ListItem\",\"position\":2,\"name\":\"Shop\",\"item\":\"https:\\\/\\\/simonbois.de\\\/shop-2\\\/\"},{\"@type\":\"ListItem\",\"position\":3,\"name\":\"holzbrx Brennholz Buche, 25cm Scheitl\u00e4nge, 2RM \\\/ 3SRM, kammergetrocknet, sortenrein, frei von St\u00f6rstoffen, 4.2 kWh\\\/kg, 90x130x220 cm\"}]},{\"@type\":\"WebSite\",\"@id\":\"https:\\\/\\\/simonbois.de\\\/#website\",\"url\":\"https:\\\/\\\/simonbois.de\\\/\",\"name\":\"SIMON BOIS\",\"description\":\"Verkauf und Lieferung von Brennholz auf Paletten\",\"potentialAction\":[{\"@type\":\"SearchAction\",\"target\":{\"@type\":\"EntryPoint\",\"urlTemplate\":\"https:\\\/\\\/simonbois.de\\\/?s={search_term_string}\"},\"query-input\":{\"@type\":\"PropertyValueSpecification\",\"valueRequired\":true,\"valueName\":\"search_term_string\"}}],\"inLanguage\":\"de\"}]}<\/script>\n<!-- \/ Yoast SEO plugin. -->","yoast_head_json":{"title":"holzbrx Brennholz Buche, 25cm Scheitl\u00e4nge, 2RM \/ 3SRM, kammergetrocknet, sortenrein, frei von St\u00f6rstoffen, 4.2 kWh\/kg, 90x130x220 cm - SIMON BOIS","robots":{"index":"index","follow":"follow","max-snippet":"max-snippet:-1","max-image-preview":"max-image-preview:large","max-video-preview":"max-video-preview:-1"},"canonical":"https:\/\/simonbois.de\/de\/product\/holzbrx-brennholz-buche-25cm-scheitlange-2rm-3srm-kammergetrocknet-sortenrein-frei-von-storstoffen-4-2-kwh-kg-90x130x220-cm\/","og_locale":"de_DE","og_type":"article","og_title":"holzbrx Brennholz Buche, 25cm Scheitl\u00e4nge, 2RM \/ 3SRM, kammergetrocknet, sortenrein, frei von St\u00f6rstoffen, 4.2 kWh\/kg, 90x130x220 cm - SIMON BOIS","og_description":"Gewicht   1000 kg    Brennholz-Art  Holzscheite   Hersteller  HOLZBRX   Grundpreiseinheit   kg    EAN   0724754240061    Herstellernummer   HOLZBRX","og_url":"https:\/\/simonbois.de\/de\/product\/holzbrx-brennholz-buche-25cm-scheitlange-2rm-3srm-kammergetrocknet-sortenrein-frei-von-storstoffen-4-2-kwh-kg-90x130x220-cm\/","og_site_name":"SIMON BOIS","og_image":[{"width":756,"height":1024,"url":"https:\/\/simonbois.de\/wp-content\/uploads\/2025\/08\/11.webp","type":"image\/webp"}],"twitter_card":"summary_large_image","twitter_misc":{"Gesch\u00e4tzte Lesezeit":"1\u00a0Minute"},"schema":{"@context":"https:\/\/schema.org","@graph":[{"@type":"WebPage","@id":"https:\/\/simonbois.de\/product\/holzbrx-brennholz-buche-25cm-scheitlange-2rm-3srm-kammergetrocknet-sortenrein-frei-von-storstoffen-4-2-kwh-kg-90x130x220-cm\/","url":"https:\/\/simonbois.de\/product\/holzbrx-brennholz-buche-25cm-scheitlange-2rm-3srm-kammergetrocknet-sortenrein-frei-von-storstoffen-4-2-kwh-kg-90x130x220-cm\/","name":"holzbrx Brennholz Buche, 25cm Scheitl\u00e4nge, 2RM \/ 3SRM, kammergetrocknet, sortenrein, frei von St\u00f6rstoffen, 4.2 kWh\/kg, 90x130x220 cm - SIMON BOIS","isPartOf":{"@id":"https:\/\/simonbois.de\/#website"},"primaryImageOfPage":{"@id":"https:\/\/simonbois.de\/product\/holzbrx-brennholz-buche-25cm-scheitlange-2rm-3srm-kammergetrocknet-sortenrein-frei-von-storstoffen-4-2-kwh-kg-90x130x220-cm\/#primaryimage"},"image":{"@id":"https:\/\/simonbois.de\/product\/holzbrx-brennholz-buche-25cm-scheitlange-2rm-3srm-kammergetrocknet-sortenrein-frei-von-storstoffen-4-2-kwh-kg-90x130x220-cm\/#primaryimage"},"thumbnailUrl":"https:\/\/simonbois.de\/wp-content\/uploads\/2025\/08\/11.webp","datePublished":"2025-08-15T00:11:55+00:00","breadcrumb":{"@id":"https:\/\/simonbois.de\/product\/holzbrx-brennholz-buche-25cm-scheitlange-2rm-3srm-kammergetrocknet-sortenrein-frei-von-storstoffen-4-2-kwh-kg-90x130x220-cm\/#breadcrumb"},"inLanguage":"de","potentialAction":[{"@type":"ReadAction","target":["https:\/\/simonbois.de\/product\/holzbrx-brennholz-buche-25cm-scheitlange-2rm-3srm-kammergetrocknet-sortenrein-frei-von-storstoffen-4-2-kwh-kg-90x130x220-cm\/"]}]},{"@type":"ImageObject","inLanguage":"de","@id":"https:\/\/simonbois.de\/product\/holzbrx-brennholz-buche-25cm-scheitlange-2rm-3srm-kammergetrocknet-sortenrein-frei-von-storstoffen-4-2-kwh-kg-90x130x220-cm\/#primaryimage","url":"https:\/\/simonbois.de\/wp-content\/uploads\/2025\/08\/11.webp","contentUrl":"https:\/\/simonbois.de\/wp-content\/uploads\/2025\/08\/11.webp","width":756,"height":1024},{"@type":"BreadcrumbList","@id":"https:\/\/simonbois.de\/product\/holzbrx-brennholz-buche-25cm-scheitlange-2rm-3srm-kammergetrocknet-sortenrein-frei-von-storstoffen-4-2-kwh-kg-90x130x220-cm\/#breadcrumb","itemListElement":[{"@type":"ListItem","position":1,"name":"Home","item":"https:\/\/simonbois.de\/"},{"@type":"ListItem","position":2,"name":"Shop","item":"https:\/\/simonbois.de\/shop-2\/"},{"@type":"ListItem","position":3,"name":"holzbrx Brennholz Buche, 25cm Scheitl\u00e4nge, 2RM \/ 3SRM, kammergetrocknet, sortenrein, frei von St\u00f6rstoffen, 4.2 kWh\/kg, 90x130x220 cm"}]},{"@type":"WebSite","@id":"https:\/\/simonbois.de\/#website","url":"https:\/\/simonbois.de\/","name":"SIMON BOIS","description":"Verkauf und Lieferung von Brennholz auf Paletten","potentialAction":[{"@type":"SearchAction","target":{"@type":"EntryPoint","urlTemplate":"https:\/\/simonbois.de\/?s={search_term_string}"},"query-input":{"@type":"PropertyValueSpecification","valueRequired":true,"valueName":"search_term_string"}}],"inLanguage":"de"}]}},"_links":{"self":[{"href":"https:\/\/simonbois.de\/de\/wp-json\/wp\/v2\/product\/4326","targetHints":{"allow":["GET"]}}],"collection":[{"href":"https:\/\/simonbois.de\/de\/wp-json\/wp\/v2\/product"}],"about":[{"href":"https:\/\/simonbois.de\/de\/wp-json\/wp\/v2\/types\/product"}],"replies":[{"embeddable":true,"href":"https:\/\/simonbois.de\/de\/wp-json\/wp\/v2\/comments?post=4326"}],"wp:featuredmedia":[{"embeddable":true,"href":"https:\/\/simonbois.de\/de\/wp-json\/wp\/v2\/media\/4327"}],"wp:attachment":[{"href":"https:\/\/simonbois.de\/de\/wp-json\/wp\/v2\/media?parent=4326"}],"wp:term":[{"taxonomy":"product_brand","embeddable":true,"href":"https:\/\/simonbois.de\/de\/wp-json\/wp\/v2\/product_brand?post=4326"},{"taxonomy":"product_cat","embeddable":true,"href":"https:\/\/simonbois.de\/de\/wp-json\/wp\/v2\/product_cat?post=4326"},{"taxonomy":"product_tag","embeddable":true,"href":"https:\/\/simonbois.de\/de\/wp-json\/wp\/v2\/product_tag?post=4326"}],"curies":[{"name":"wp","href":"https:\/\/api.w.org\/{rel}","templated":true}]}}