{"id":4323,"date":"2025-08-15T00:39:24","date_gmt":"2025-08-15T00:39:24","guid":{"rendered":"https:\/\/simonbois.de\/?post_type=product&#038;p=4323"},"modified":"2025-08-15T00:39:24","modified_gmt":"2025-08-15T00:39:24","slug":"vidaxl-brennholzlager-verzinkter-stahl-grau-330x92x153-cm-langlebig-pflegeleicht-stabil-beluftet-mit-wasserablauf-einfache-montage","status":"publish","type":"product","link":"https:\/\/simonbois.de\/de\/product\/vidaxl-brennholzlager-verzinkter-stahl-grau-330x92x153-cm-langlebig-pflegeleicht-stabil-beluftet-mit-wasserablauf-einfache-montage\/","title":{"rendered":"vidaXL Brennholzlager, verzinkter Stahl, Grau, 330x92x153 cm, langlebig, pflegeleicht, stabil, bel\u00fcftet, mit Wasserablauf, einfache Montage"},"content":{"rendered":"<h2 class=\"pdp-expandable-section__title\">Produktbeschreibung & Produktdaten<\/h2>\n<div class=\"pdp-expandable-section__content\">\n<div class=\"pdp-product-description__grid\">\n<div class=\"pdp-product-description__section\" role=\"region\" aria-label=\"Produktinformationen\">\n<div>\n<p>Dieser Holzschuppen bietet eine hervorragende Lagerl\u00f6sung f\u00fcr Brennholz.<\/p>\n<p>\u00a0<\/p>\n<p>Er verf\u00fcgt \u00fcber eine stabile Konstruktion mit Stahlst\u00fctzstangen und zus\u00e4tzlichen Rohren an beiden Seiten. Dank der Fertigung aus verzinktem Stahl ist der Brennholzschuppen \u00e4u\u00dferst wartungsarm und langlebig. Der Stahlbodenrahmen sorgt f\u00fcr zus\u00e4tzliche Stabilit\u00e4t, und die erh\u00f6hten Bodenlatten halten die Holzscheite bel\u00fcftet und trocken. Dank der schr\u00e4gen Bauweise wird Regenwasser automatisch vom Dach abgeleitet. Unser Brennholzschuppen ist einfach zu montieren.<\/p>\n<p>\u00a0<\/p>\n<p>Halten Sie Ihr Brennholz in diesem soliden und kompakten Holzschuppen geordnet, gestapelt und bel\u00fcftet!<\/p>\n<p>\u00a0<\/p>\n<p>Gut zu wissen:<\/p>\n<ul>\n<li>Um Sch\u00e4den durch starken Schnee zu vermeiden, empfehlen wir, das Dach im Winter regelm\u00e4\u00dfig zu r\u00e4umen.<\/li>\n<\/ul>\n<ul>\n<li>Farbe: Grau<\/li>\n<li>Material: Verzinkter Stahl<\/li>\n<li>Abmessungen: 330 x 92 x 144\/153 cm (L x B x H)<\/li>\n<li>Mit zus\u00e4tzlichen Rohren auf beiden Seiten<\/li>\n<\/ul>\n<\/div>\n<\/div>\n<div>\n<section aria-label=\"Produktdaten\">\n<div class=\"pdp-attribute-list__item\">\n<div class=\"pdp-attribute-list__value\" data-test-item_text=\"44860\">\n<div class=\"rd-attribute-list__item-text\">\n<div><\/div>\n<\/div>\n<\/div>\n<\/div>\n<\/section>\n<\/div>\n<\/div>\n<\/div>","protected":false},"excerpt":{"rendered":"<div class=\"pdp-attribute-list__item\">Hersteller<\/p>\n<div class=\"pdp-attribute-list__value\" data-test-item_text=\"vidaXL\">\n<div>vidaXL<\/div>\n<\/div>\n<\/div>\n<div class=\"pdp-attribute-list__item\">L\u00e4nge<\/p>\n<div class=\"pdp-attribute-list__value\" data-test-item_text=\"330 cm\">\n<div class=\"rd-attribute-list__item-text\">\n<div>330 cm<\/div>\n<\/div>\n<\/div>\n<\/div>\n<div class=\"pdp-attribute-list__item\">Gewicht<\/p>\n<div class=\"pdp-attribute-list__value\" data-test-item_text=\"25 kg\">\n<div class=\"rd-attribute-list__item-text\">\n<div>25 kg<\/div>\n<\/div>\n<\/div>\n<\/div>\n<div class=\"pdp-attribute-list__item\">Brennholz-Art<\/p>\n<div class=\"pdp-attribute-list__value\" data-test-item_text=\"Holzscheite\">\n<div>Holzscheite<\/div>\n<\/div>\n<\/div>\n<div class=\"pdp-attribute-list__item\">Breite<\/p>\n<div class=\"pdp-attribute-list__value\" data-test-item_text=\"92 cm\">\n<div class=\"rd-attribute-list__item-text\">\n<div>92 cm<\/div>\n<\/div>\n<\/div>\n<\/div>\n<div class=\"pdp-attribute-list__item\">EAN<\/p>\n<div class=\"pdp-attribute-list__value\" data-test-item_text=\"8718475709138\">\n<div class=\"rd-attribute-list__item-text\">\n<div>8718475709138<\/div>\n<\/div>\n<\/div>\n<\/div>\n<div class=\"pdp-attribute-list__item\">Herstellernummer<\/p>\n<div class=\"pdp-attribute-list__value\" data-test-item_text=\"44860\">\n<div class=\"rd-attribute-list__item-text\">\n<div>44860<\/div>\n<\/div>\n<\/div>\n<\/div>","protected":false},"featured_media":4339,"comment_status":"open","ping_status":"closed","template":"","meta":[],"product_brand":[],"product_cat":[193],"product_tag":[],"class_list":{"0":"post-4323","1":"product","2":"type-product","3":"status-publish","4":"has-post-thumbnail","6":"product_cat-brennholz","8":"first","9":"instock","10":"taxable","11":"shipping-taxable","12":"purchasable","13":"product-type-simple"},"yoast_head":"<!-- This site is optimized with the Yoast SEO plugin v27.5 - https:\/\/yoast.com\/product\/yoast-seo-wordpress\/ -->\n<title>vidaXL Brennholzlager, verzinkter Stahl, Grau, 330x92x153 cm, langlebig, pflegeleicht, stabil, bel\u00fcftet, mit Wasserablauf, einfache Montage - SIMON BOIS<\/title>\n<meta name=\"robots\" content=\"index, follow, max-snippet:-1, max-image-preview:large, max-video-preview:-1\" \/>\n<link rel=\"canonical\" href=\"https:\/\/simonbois.de\/de\/product\/vidaxl-brennholzlager-verzinkter-stahl-grau-330x92x153-cm-langlebig-pflegeleicht-stabil-beluftet-mit-wasserablauf-einfache-montage\/\" \/>\n<meta property=\"og:locale\" content=\"de_DE\" \/>\n<meta property=\"og:type\" content=\"article\" \/>\n<meta property=\"og:title\" content=\"vidaXL Brennholzlager, verzinkter Stahl, Grau, 330x92x153 cm, langlebig, pflegeleicht, stabil, bel\u00fcftet, mit Wasserablauf, einfache Montage - SIMON BOIS\" \/>\n<meta property=\"og:description\" content=\"Hersteller  vidaXL   L\u00e4nge   330 cm    Gewicht   25 kg    Brennholz-Art  Holzscheite   Breite   92 cm    EAN   8718475709138    Herstellernummer   44860\" \/>\n<meta property=\"og:url\" content=\"https:\/\/simonbois.de\/de\/product\/vidaxl-brennholzlager-verzinkter-stahl-grau-330x92x153-cm-langlebig-pflegeleicht-stabil-beluftet-mit-wasserablauf-einfache-montage\/\" \/>\n<meta property=\"og:site_name\" content=\"SIMON BOIS\" \/>\n<meta property=\"og:image\" content=\"https:\/\/simonbois.de\/wp-content\/uploads\/2025\/08\/20.webp\" \/>\n\t<meta property=\"og:image:width\" content=\"1024\" \/>\n\t<meta property=\"og:image:height\" content=\"463\" \/>\n\t<meta property=\"og:image:type\" content=\"image\/webp\" \/>\n<meta name=\"twitter:card\" content=\"summary_large_image\" \/>\n<meta name=\"twitter:label1\" content=\"Gesch\u00e4tzte Lesezeit\" \/>\n\t<meta name=\"twitter:data1\" content=\"1\u00a0Minute\" \/>\n<script type=\"application\/ld+json\" class=\"yoast-schema-graph\">{\"@context\":\"https:\\\/\\\/schema.org\",\"@graph\":[{\"@type\":\"WebPage\",\"@id\":\"https:\\\/\\\/simonbois.de\\\/product\\\/vidaxl-brennholzlager-verzinkter-stahl-grau-330x92x153-cm-langlebig-pflegeleicht-stabil-beluftet-mit-wasserablauf-einfache-montage\\\/\",\"url\":\"https:\\\/\\\/simonbois.de\\\/product\\\/vidaxl-brennholzlager-verzinkter-stahl-grau-330x92x153-cm-langlebig-pflegeleicht-stabil-beluftet-mit-wasserablauf-einfache-montage\\\/\",\"name\":\"vidaXL Brennholzlager, verzinkter Stahl, Grau, 330x92x153 cm, langlebig, pflegeleicht, stabil, bel\u00fcftet, mit Wasserablauf, einfache Montage - SIMON BOIS\",\"isPartOf\":{\"@id\":\"https:\\\/\\\/simonbois.de\\\/#website\"},\"primaryImageOfPage\":{\"@id\":\"https:\\\/\\\/simonbois.de\\\/product\\\/vidaxl-brennholzlager-verzinkter-stahl-grau-330x92x153-cm-langlebig-pflegeleicht-stabil-beluftet-mit-wasserablauf-einfache-montage\\\/#primaryimage\"},\"image\":{\"@id\":\"https:\\\/\\\/simonbois.de\\\/product\\\/vidaxl-brennholzlager-verzinkter-stahl-grau-330x92x153-cm-langlebig-pflegeleicht-stabil-beluftet-mit-wasserablauf-einfache-montage\\\/#primaryimage\"},\"thumbnailUrl\":\"https:\\\/\\\/simonbois.de\\\/wp-content\\\/uploads\\\/2025\\\/08\\\/20.webp\",\"datePublished\":\"2025-08-15T00:39:24+00:00\",\"breadcrumb\":{\"@id\":\"https:\\\/\\\/simonbois.de\\\/product\\\/vidaxl-brennholzlager-verzinkter-stahl-grau-330x92x153-cm-langlebig-pflegeleicht-stabil-beluftet-mit-wasserablauf-einfache-montage\\\/#breadcrumb\"},\"inLanguage\":\"de\",\"potentialAction\":[{\"@type\":\"ReadAction\",\"target\":[\"https:\\\/\\\/simonbois.de\\\/product\\\/vidaxl-brennholzlager-verzinkter-stahl-grau-330x92x153-cm-langlebig-pflegeleicht-stabil-beluftet-mit-wasserablauf-einfache-montage\\\/\"]}]},{\"@type\":\"ImageObject\",\"inLanguage\":\"de\",\"@id\":\"https:\\\/\\\/simonbois.de\\\/product\\\/vidaxl-brennholzlager-verzinkter-stahl-grau-330x92x153-cm-langlebig-pflegeleicht-stabil-beluftet-mit-wasserablauf-einfache-montage\\\/#primaryimage\",\"url\":\"https:\\\/\\\/simonbois.de\\\/wp-content\\\/uploads\\\/2025\\\/08\\\/20.webp\",\"contentUrl\":\"https:\\\/\\\/simonbois.de\\\/wp-content\\\/uploads\\\/2025\\\/08\\\/20.webp\",\"width\":1024,\"height\":463},{\"@type\":\"BreadcrumbList\",\"@id\":\"https:\\\/\\\/simonbois.de\\\/product\\\/vidaxl-brennholzlager-verzinkter-stahl-grau-330x92x153-cm-langlebig-pflegeleicht-stabil-beluftet-mit-wasserablauf-einfache-montage\\\/#breadcrumb\",\"itemListElement\":[{\"@type\":\"ListItem\",\"position\":1,\"name\":\"Home\",\"item\":\"https:\\\/\\\/simonbois.de\\\/\"},{\"@type\":\"ListItem\",\"position\":2,\"name\":\"Shop\",\"item\":\"https:\\\/\\\/simonbois.de\\\/shop-2\\\/\"},{\"@type\":\"ListItem\",\"position\":3,\"name\":\"vidaXL Brennholzlager, verzinkter Stahl, Grau, 330x92x153 cm, langlebig, pflegeleicht, stabil, bel\u00fcftet, mit Wasserablauf, einfache Montage\"}]},{\"@type\":\"WebSite\",\"@id\":\"https:\\\/\\\/simonbois.de\\\/#website\",\"url\":\"https:\\\/\\\/simonbois.de\\\/\",\"name\":\"SIMON BOIS\",\"description\":\"Verkauf und Lieferung von Brennholz auf Paletten\",\"potentialAction\":[{\"@type\":\"SearchAction\",\"target\":{\"@type\":\"EntryPoint\",\"urlTemplate\":\"https:\\\/\\\/simonbois.de\\\/?s={search_term_string}\"},\"query-input\":{\"@type\":\"PropertyValueSpecification\",\"valueRequired\":true,\"valueName\":\"search_term_string\"}}],\"inLanguage\":\"de\"}]}<\/script>\n<!-- \/ Yoast SEO plugin. -->","yoast_head_json":{"title":"vidaXL Brennholzlager, verzinkter Stahl, Grau, 330x92x153 cm, langlebig, pflegeleicht, stabil, bel\u00fcftet, mit Wasserablauf, einfache Montage - SIMON BOIS","robots":{"index":"index","follow":"follow","max-snippet":"max-snippet:-1","max-image-preview":"max-image-preview:large","max-video-preview":"max-video-preview:-1"},"canonical":"https:\/\/simonbois.de\/de\/product\/vidaxl-brennholzlager-verzinkter-stahl-grau-330x92x153-cm-langlebig-pflegeleicht-stabil-beluftet-mit-wasserablauf-einfache-montage\/","og_locale":"de_DE","og_type":"article","og_title":"vidaXL Brennholzlager, verzinkter Stahl, Grau, 330x92x153 cm, langlebig, pflegeleicht, stabil, bel\u00fcftet, mit Wasserablauf, einfache Montage - SIMON BOIS","og_description":"Hersteller  vidaXL   L\u00e4nge   330 cm    Gewicht   25 kg    Brennholz-Art  Holzscheite   Breite   92 cm    EAN   8718475709138    Herstellernummer   44860","og_url":"https:\/\/simonbois.de\/de\/product\/vidaxl-brennholzlager-verzinkter-stahl-grau-330x92x153-cm-langlebig-pflegeleicht-stabil-beluftet-mit-wasserablauf-einfache-montage\/","og_site_name":"SIMON BOIS","og_image":[{"width":1024,"height":463,"url":"https:\/\/simonbois.de\/wp-content\/uploads\/2025\/08\/20.webp","type":"image\/webp"}],"twitter_card":"summary_large_image","twitter_misc":{"Gesch\u00e4tzte Lesezeit":"1\u00a0Minute"},"schema":{"@context":"https:\/\/schema.org","@graph":[{"@type":"WebPage","@id":"https:\/\/simonbois.de\/product\/vidaxl-brennholzlager-verzinkter-stahl-grau-330x92x153-cm-langlebig-pflegeleicht-stabil-beluftet-mit-wasserablauf-einfache-montage\/","url":"https:\/\/simonbois.de\/product\/vidaxl-brennholzlager-verzinkter-stahl-grau-330x92x153-cm-langlebig-pflegeleicht-stabil-beluftet-mit-wasserablauf-einfache-montage\/","name":"vidaXL Brennholzlager, verzinkter Stahl, Grau, 330x92x153 cm, langlebig, pflegeleicht, stabil, bel\u00fcftet, mit Wasserablauf, einfache Montage - SIMON BOIS","isPartOf":{"@id":"https:\/\/simonbois.de\/#website"},"primaryImageOfPage":{"@id":"https:\/\/simonbois.de\/product\/vidaxl-brennholzlager-verzinkter-stahl-grau-330x92x153-cm-langlebig-pflegeleicht-stabil-beluftet-mit-wasserablauf-einfache-montage\/#primaryimage"},"image":{"@id":"https:\/\/simonbois.de\/product\/vidaxl-brennholzlager-verzinkter-stahl-grau-330x92x153-cm-langlebig-pflegeleicht-stabil-beluftet-mit-wasserablauf-einfache-montage\/#primaryimage"},"thumbnailUrl":"https:\/\/simonbois.de\/wp-content\/uploads\/2025\/08\/20.webp","datePublished":"2025-08-15T00:39:24+00:00","breadcrumb":{"@id":"https:\/\/simonbois.de\/product\/vidaxl-brennholzlager-verzinkter-stahl-grau-330x92x153-cm-langlebig-pflegeleicht-stabil-beluftet-mit-wasserablauf-einfache-montage\/#breadcrumb"},"inLanguage":"de","potentialAction":[{"@type":"ReadAction","target":["https:\/\/simonbois.de\/product\/vidaxl-brennholzlager-verzinkter-stahl-grau-330x92x153-cm-langlebig-pflegeleicht-stabil-beluftet-mit-wasserablauf-einfache-montage\/"]}]},{"@type":"ImageObject","inLanguage":"de","@id":"https:\/\/simonbois.de\/product\/vidaxl-brennholzlager-verzinkter-stahl-grau-330x92x153-cm-langlebig-pflegeleicht-stabil-beluftet-mit-wasserablauf-einfache-montage\/#primaryimage","url":"https:\/\/simonbois.de\/wp-content\/uploads\/2025\/08\/20.webp","contentUrl":"https:\/\/simonbois.de\/wp-content\/uploads\/2025\/08\/20.webp","width":1024,"height":463},{"@type":"BreadcrumbList","@id":"https:\/\/simonbois.de\/product\/vidaxl-brennholzlager-verzinkter-stahl-grau-330x92x153-cm-langlebig-pflegeleicht-stabil-beluftet-mit-wasserablauf-einfache-montage\/#breadcrumb","itemListElement":[{"@type":"ListItem","position":1,"name":"Home","item":"https:\/\/simonbois.de\/"},{"@type":"ListItem","position":2,"name":"Shop","item":"https:\/\/simonbois.de\/shop-2\/"},{"@type":"ListItem","position":3,"name":"vidaXL Brennholzlager, verzinkter Stahl, Grau, 330x92x153 cm, langlebig, pflegeleicht, stabil, bel\u00fcftet, mit Wasserablauf, einfache Montage"}]},{"@type":"WebSite","@id":"https:\/\/simonbois.de\/#website","url":"https:\/\/simonbois.de\/","name":"SIMON BOIS","description":"Verkauf und Lieferung von Brennholz auf Paletten","potentialAction":[{"@type":"SearchAction","target":{"@type":"EntryPoint","urlTemplate":"https:\/\/simonbois.de\/?s={search_term_string}"},"query-input":{"@type":"PropertyValueSpecification","valueRequired":true,"valueName":"search_term_string"}}],"inLanguage":"de"}]}},"_links":{"self":[{"href":"https:\/\/simonbois.de\/de\/wp-json\/wp\/v2\/product\/4323","targetHints":{"allow":["GET"]}}],"collection":[{"href":"https:\/\/simonbois.de\/de\/wp-json\/wp\/v2\/product"}],"about":[{"href":"https:\/\/simonbois.de\/de\/wp-json\/wp\/v2\/types\/product"}],"replies":[{"embeddable":true,"href":"https:\/\/simonbois.de\/de\/wp-json\/wp\/v2\/comments?post=4323"}],"wp:featuredmedia":[{"embeddable":true,"href":"https:\/\/simonbois.de\/de\/wp-json\/wp\/v2\/media\/4339"}],"wp:attachment":[{"href":"https:\/\/simonbois.de\/de\/wp-json\/wp\/v2\/media?parent=4323"}],"wp:term":[{"taxonomy":"product_brand","embeddable":true,"href":"https:\/\/simonbois.de\/de\/wp-json\/wp\/v2\/product_brand?post=4323"},{"taxonomy":"product_cat","embeddable":true,"href":"https:\/\/simonbois.de\/de\/wp-json\/wp\/v2\/product_cat?post=4323"},{"taxonomy":"product_tag","embeddable":true,"href":"https:\/\/simonbois.de\/de\/wp-json\/wp\/v2\/product_tag?post=4323"}],"curies":[{"name":"wp","href":"https:\/\/api.w.org\/{rel}","templated":true}]}}