{"id":4322,"date":"2025-08-15T00:37:37","date_gmt":"2025-08-15T00:37:37","guid":{"rendered":"https:\/\/simonbois.de\/?post_type=product&#038;p=4322"},"modified":"2025-08-15T00:37:37","modified_gmt":"2025-08-15T00:37:37","slug":"holzbrx-kaminholz-buche-240kg-25cm-ofenfertig-8-kartons-inkl-5-holzwollanzunder-nachhaltig","status":"publish","type":"product","link":"https:\/\/simonbois.de\/de\/product\/holzbrx-kaminholz-buche-240kg-25cm-ofenfertig-8-kartons-inkl-5-holzwollanzunder-nachhaltig\/","title":{"rendered":"holzbrx Kaminholz Buche, 240kg, 25cm, ofenfertig, 8 Kartons, inkl. 5 Holzwollanz\u00fcnder, nachhaltig"},"content":{"rendered":"<h2 class=\"pdp-expandable-section__title\">Produktbeschreibung & Produktdaten<\/h2>\n<div class=\"pdp-expandable-section__content\">\n<div class=\"pdp-product-description__grid\">\n<div class=\"pdp-product-description__section\" role=\"region\" aria-label=\"Produktinformationen\">\n<div>\n<p>Wir liefern Ihnen handverlesenes und ofenfertiges Buchenbrennholz aus eigener, nachhaltiger Verarbeitung.<\/p>\n<p>Das Holz ist kammergetrocknet und hat eine Restfeuchte von weniger als 18%. Sie k\u00f6nnen also sofort loslegen und die angenehme Atmosph\u00e4re eines gem\u00fctlichen Kaminfeuers genie\u00dfen.<\/p>\n<p>Lieferumfang (8 Kartons):<\/p>\n<p>240kg Buchenholz in Scheiten<\/p>\n<\/div>\n<\/div>\n<div>\n<section aria-label=\"Produktdaten\">\n<div class=\"pdp-attribute-list__item\">\n<div class=\"pdp-attribute-list__value\" data-test-item_text=\"765588470620\">\n<div class=\"rd-attribute-list__item-text\">\n<div><\/div>\n<\/div>\n<\/div>\n<\/div>\n<\/section>\n<\/div>\n<\/div>\n<\/div>","protected":false},"excerpt":{"rendered":"<div class=\"pdp-product-description__section\" role=\"region\" aria-label=\"Produktinformationen\">\n<div>\n<p>5 St\u00fcck Holzwollanz\u00fcnder<\/p>\n<\/div>\n<\/div>\n<div>\n<section aria-label=\"Produktdaten\">\n<div class=\"pdp-attribute-list__item\">Hersteller<\/p>\n<div class=\"pdp-attribute-list__value\" data-test-item_text=\"HOLZBRX\">\n<div>HOLZBRX<\/div>\n<\/div>\n<\/div>\n<div class=\"pdp-attribute-list__item\">Brennholz-Art<\/p>\n<div class=\"pdp-attribute-list__value\" data-test-item_text=\"Holzscheite\">\n<div>Holzscheite<\/div>\n<\/div>\n<\/div>\n<div class=\"pdp-attribute-list__item\">Breite<\/p>\n<div class=\"pdp-attribute-list__value\" data-test-item_text=\"25 cm\">\n<div class=\"rd-attribute-list__item-text\">\n<div>25 cm<\/div>\n<\/div>\n<\/div>\n<\/div>\n<div class=\"pdp-attribute-list__item\">Gewicht<\/p>\n<div class=\"pdp-attribute-list__value\" data-test-item_text=\"240 kg\">\n<div class=\"rd-attribute-list__item-text\">\n<div>240 kg<\/div>\n<\/div>\n<\/div>\n<\/div>\n<div class=\"pdp-attribute-list__item\">Grundpreiseinheit<\/p>\n<div class=\"pdp-attribute-list__value\" data-test-item_text=\"kg\">\n<div class=\"rd-attribute-list__item-text\">\n<div>kg<\/div>\n<\/div>\n<\/div>\n<\/div>\n<div class=\"pdp-attribute-list__item\">Herstellernummer<\/p>\n<div class=\"pdp-attribute-list__value\" data-test-item_text=\"BK25240kg5AZ\">\n<div class=\"rd-attribute-list__item-text\">\n<div>BK25240kg5AZ<\/div>\n<\/div>\n<\/div>\n<\/div>\n<div class=\"pdp-attribute-list__item\">EAN<\/p>\n<div class=\"pdp-attribute-list__value\" data-test-item_text=\"0765588470620\">\n<div class=\"rd-attribute-list__item-text\">\n<div>0765588470620<\/div>\n<\/div>\n<\/div>\n<div class=\"pdp-attribute-list__value\" data-test-item_text=\"765588470620\">\n<div class=\"rd-attribute-list__item-text\">\n<div>765588470620<\/div>\n<\/div>\n<\/div>\n<\/div>\n<\/section>\n<\/div>","protected":false},"featured_media":4338,"comment_status":"open","ping_status":"closed","template":"","meta":[],"product_brand":[],"product_cat":[193],"product_tag":[],"class_list":{"0":"post-4322","1":"product","2":"type-product","3":"status-publish","4":"has-post-thumbnail","6":"product_cat-brennholz","8":"first","9":"instock","10":"taxable","11":"shipping-taxable","12":"purchasable","13":"product-type-simple"},"yoast_head":"<!-- This site is optimized with the Yoast SEO plugin v27.5 - https:\/\/yoast.com\/product\/yoast-seo-wordpress\/ -->\n<title>holzbrx Kaminholz Buche, 240kg, 25cm, ofenfertig, 8 Kartons, inkl. 5 Holzwollanz\u00fcnder, nachhaltig - SIMON BOIS<\/title>\n<meta name=\"robots\" content=\"index, follow, max-snippet:-1, max-image-preview:large, max-video-preview:-1\" \/>\n<link rel=\"canonical\" href=\"https:\/\/simonbois.de\/de\/product\/holzbrx-kaminholz-buche-240kg-25cm-ofenfertig-8-kartons-inkl-5-holzwollanzunder-nachhaltig\/\" \/>\n<meta property=\"og:locale\" content=\"de_DE\" \/>\n<meta property=\"og:type\" content=\"article\" \/>\n<meta property=\"og:title\" content=\"holzbrx Kaminholz Buche, 240kg, 25cm, ofenfertig, 8 Kartons, inkl. 5 Holzwollanz\u00fcnder, nachhaltig - SIMON BOIS\" \/>\n<meta property=\"og:description\" content=\"5 St\u00fcck Holzwollanz\u00fcnder     Hersteller  HOLZBRX   Brennholz-Art  Holzscheite   Breite   25 cm    Gewicht   240 kg    Grundpreiseinheit   kg    Herstellernummer   BK25240kg5AZ    EAN   0765588470620     765588470620\" \/>\n<meta property=\"og:url\" content=\"https:\/\/simonbois.de\/de\/product\/holzbrx-kaminholz-buche-240kg-25cm-ofenfertig-8-kartons-inkl-5-holzwollanzunder-nachhaltig\/\" \/>\n<meta property=\"og:site_name\" content=\"SIMON BOIS\" \/>\n<meta property=\"og:image\" content=\"https:\/\/simonbois.de\/wp-content\/uploads\/2025\/08\/19-1.webp\" \/>\n\t<meta property=\"og:image:width\" content=\"1024\" \/>\n\t<meta property=\"og:image:height\" content=\"992\" \/>\n\t<meta property=\"og:image:type\" content=\"image\/webp\" \/>\n<meta name=\"twitter:card\" content=\"summary_large_image\" \/>\n<script type=\"application\/ld+json\" class=\"yoast-schema-graph\">{\"@context\":\"https:\\\/\\\/schema.org\",\"@graph\":[{\"@type\":\"WebPage\",\"@id\":\"https:\\\/\\\/simonbois.de\\\/product\\\/holzbrx-kaminholz-buche-240kg-25cm-ofenfertig-8-kartons-inkl-5-holzwollanzunder-nachhaltig\\\/\",\"url\":\"https:\\\/\\\/simonbois.de\\\/product\\\/holzbrx-kaminholz-buche-240kg-25cm-ofenfertig-8-kartons-inkl-5-holzwollanzunder-nachhaltig\\\/\",\"name\":\"holzbrx Kaminholz Buche, 240kg, 25cm, ofenfertig, 8 Kartons, inkl. 5 Holzwollanz\u00fcnder, nachhaltig - SIMON BOIS\",\"isPartOf\":{\"@id\":\"https:\\\/\\\/simonbois.de\\\/#website\"},\"primaryImageOfPage\":{\"@id\":\"https:\\\/\\\/simonbois.de\\\/product\\\/holzbrx-kaminholz-buche-240kg-25cm-ofenfertig-8-kartons-inkl-5-holzwollanzunder-nachhaltig\\\/#primaryimage\"},\"image\":{\"@id\":\"https:\\\/\\\/simonbois.de\\\/product\\\/holzbrx-kaminholz-buche-240kg-25cm-ofenfertig-8-kartons-inkl-5-holzwollanzunder-nachhaltig\\\/#primaryimage\"},\"thumbnailUrl\":\"https:\\\/\\\/simonbois.de\\\/wp-content\\\/uploads\\\/2025\\\/08\\\/19-1.webp\",\"datePublished\":\"2025-08-15T00:37:37+00:00\",\"breadcrumb\":{\"@id\":\"https:\\\/\\\/simonbois.de\\\/product\\\/holzbrx-kaminholz-buche-240kg-25cm-ofenfertig-8-kartons-inkl-5-holzwollanzunder-nachhaltig\\\/#breadcrumb\"},\"inLanguage\":\"de\",\"potentialAction\":[{\"@type\":\"ReadAction\",\"target\":[\"https:\\\/\\\/simonbois.de\\\/product\\\/holzbrx-kaminholz-buche-240kg-25cm-ofenfertig-8-kartons-inkl-5-holzwollanzunder-nachhaltig\\\/\"]}]},{\"@type\":\"ImageObject\",\"inLanguage\":\"de\",\"@id\":\"https:\\\/\\\/simonbois.de\\\/product\\\/holzbrx-kaminholz-buche-240kg-25cm-ofenfertig-8-kartons-inkl-5-holzwollanzunder-nachhaltig\\\/#primaryimage\",\"url\":\"https:\\\/\\\/simonbois.de\\\/wp-content\\\/uploads\\\/2025\\\/08\\\/19-1.webp\",\"contentUrl\":\"https:\\\/\\\/simonbois.de\\\/wp-content\\\/uploads\\\/2025\\\/08\\\/19-1.webp\",\"width\":1024,\"height\":992},{\"@type\":\"BreadcrumbList\",\"@id\":\"https:\\\/\\\/simonbois.de\\\/product\\\/holzbrx-kaminholz-buche-240kg-25cm-ofenfertig-8-kartons-inkl-5-holzwollanzunder-nachhaltig\\\/#breadcrumb\",\"itemListElement\":[{\"@type\":\"ListItem\",\"position\":1,\"name\":\"Home\",\"item\":\"https:\\\/\\\/simonbois.de\\\/\"},{\"@type\":\"ListItem\",\"position\":2,\"name\":\"Shop\",\"item\":\"https:\\\/\\\/simonbois.de\\\/shop-2\\\/\"},{\"@type\":\"ListItem\",\"position\":3,\"name\":\"holzbrx Kaminholz Buche, 240kg, 25cm, ofenfertig, 8 Kartons, inkl. 5 Holzwollanz\u00fcnder, nachhaltig\"}]},{\"@type\":\"WebSite\",\"@id\":\"https:\\\/\\\/simonbois.de\\\/#website\",\"url\":\"https:\\\/\\\/simonbois.de\\\/\",\"name\":\"SIMON BOIS\",\"description\":\"Verkauf und Lieferung von Brennholz auf Paletten\",\"potentialAction\":[{\"@type\":\"SearchAction\",\"target\":{\"@type\":\"EntryPoint\",\"urlTemplate\":\"https:\\\/\\\/simonbois.de\\\/?s={search_term_string}\"},\"query-input\":{\"@type\":\"PropertyValueSpecification\",\"valueRequired\":true,\"valueName\":\"search_term_string\"}}],\"inLanguage\":\"de\"}]}<\/script>\n<!-- \/ Yoast SEO plugin. -->","yoast_head_json":{"title":"holzbrx Kaminholz Buche, 240kg, 25cm, ofenfertig, 8 Kartons, inkl. 5 Holzwollanz\u00fcnder, nachhaltig - SIMON BOIS","robots":{"index":"index","follow":"follow","max-snippet":"max-snippet:-1","max-image-preview":"max-image-preview:large","max-video-preview":"max-video-preview:-1"},"canonical":"https:\/\/simonbois.de\/de\/product\/holzbrx-kaminholz-buche-240kg-25cm-ofenfertig-8-kartons-inkl-5-holzwollanzunder-nachhaltig\/","og_locale":"de_DE","og_type":"article","og_title":"holzbrx Kaminholz Buche, 240kg, 25cm, ofenfertig, 8 Kartons, inkl. 5 Holzwollanz\u00fcnder, nachhaltig - SIMON BOIS","og_description":"5 St\u00fcck Holzwollanz\u00fcnder     Hersteller  HOLZBRX   Brennholz-Art  Holzscheite   Breite   25 cm    Gewicht   240 kg    Grundpreiseinheit   kg    Herstellernummer   BK25240kg5AZ    EAN   0765588470620     765588470620","og_url":"https:\/\/simonbois.de\/de\/product\/holzbrx-kaminholz-buche-240kg-25cm-ofenfertig-8-kartons-inkl-5-holzwollanzunder-nachhaltig\/","og_site_name":"SIMON BOIS","og_image":[{"width":1024,"height":992,"url":"https:\/\/simonbois.de\/wp-content\/uploads\/2025\/08\/19-1.webp","type":"image\/webp"}],"twitter_card":"summary_large_image","schema":{"@context":"https:\/\/schema.org","@graph":[{"@type":"WebPage","@id":"https:\/\/simonbois.de\/product\/holzbrx-kaminholz-buche-240kg-25cm-ofenfertig-8-kartons-inkl-5-holzwollanzunder-nachhaltig\/","url":"https:\/\/simonbois.de\/product\/holzbrx-kaminholz-buche-240kg-25cm-ofenfertig-8-kartons-inkl-5-holzwollanzunder-nachhaltig\/","name":"holzbrx Kaminholz Buche, 240kg, 25cm, ofenfertig, 8 Kartons, inkl. 5 Holzwollanz\u00fcnder, nachhaltig - SIMON BOIS","isPartOf":{"@id":"https:\/\/simonbois.de\/#website"},"primaryImageOfPage":{"@id":"https:\/\/simonbois.de\/product\/holzbrx-kaminholz-buche-240kg-25cm-ofenfertig-8-kartons-inkl-5-holzwollanzunder-nachhaltig\/#primaryimage"},"image":{"@id":"https:\/\/simonbois.de\/product\/holzbrx-kaminholz-buche-240kg-25cm-ofenfertig-8-kartons-inkl-5-holzwollanzunder-nachhaltig\/#primaryimage"},"thumbnailUrl":"https:\/\/simonbois.de\/wp-content\/uploads\/2025\/08\/19-1.webp","datePublished":"2025-08-15T00:37:37+00:00","breadcrumb":{"@id":"https:\/\/simonbois.de\/product\/holzbrx-kaminholz-buche-240kg-25cm-ofenfertig-8-kartons-inkl-5-holzwollanzunder-nachhaltig\/#breadcrumb"},"inLanguage":"de","potentialAction":[{"@type":"ReadAction","target":["https:\/\/simonbois.de\/product\/holzbrx-kaminholz-buche-240kg-25cm-ofenfertig-8-kartons-inkl-5-holzwollanzunder-nachhaltig\/"]}]},{"@type":"ImageObject","inLanguage":"de","@id":"https:\/\/simonbois.de\/product\/holzbrx-kaminholz-buche-240kg-25cm-ofenfertig-8-kartons-inkl-5-holzwollanzunder-nachhaltig\/#primaryimage","url":"https:\/\/simonbois.de\/wp-content\/uploads\/2025\/08\/19-1.webp","contentUrl":"https:\/\/simonbois.de\/wp-content\/uploads\/2025\/08\/19-1.webp","width":1024,"height":992},{"@type":"BreadcrumbList","@id":"https:\/\/simonbois.de\/product\/holzbrx-kaminholz-buche-240kg-25cm-ofenfertig-8-kartons-inkl-5-holzwollanzunder-nachhaltig\/#breadcrumb","itemListElement":[{"@type":"ListItem","position":1,"name":"Home","item":"https:\/\/simonbois.de\/"},{"@type":"ListItem","position":2,"name":"Shop","item":"https:\/\/simonbois.de\/shop-2\/"},{"@type":"ListItem","position":3,"name":"holzbrx Kaminholz Buche, 240kg, 25cm, ofenfertig, 8 Kartons, inkl. 5 Holzwollanz\u00fcnder, nachhaltig"}]},{"@type":"WebSite","@id":"https:\/\/simonbois.de\/#website","url":"https:\/\/simonbois.de\/","name":"SIMON BOIS","description":"Verkauf und Lieferung von Brennholz auf Paletten","potentialAction":[{"@type":"SearchAction","target":{"@type":"EntryPoint","urlTemplate":"https:\/\/simonbois.de\/?s={search_term_string}"},"query-input":{"@type":"PropertyValueSpecification","valueRequired":true,"valueName":"search_term_string"}}],"inLanguage":"de"}]}},"_links":{"self":[{"href":"https:\/\/simonbois.de\/de\/wp-json\/wp\/v2\/product\/4322","targetHints":{"allow":["GET"]}}],"collection":[{"href":"https:\/\/simonbois.de\/de\/wp-json\/wp\/v2\/product"}],"about":[{"href":"https:\/\/simonbois.de\/de\/wp-json\/wp\/v2\/types\/product"}],"replies":[{"embeddable":true,"href":"https:\/\/simonbois.de\/de\/wp-json\/wp\/v2\/comments?post=4322"}],"wp:featuredmedia":[{"embeddable":true,"href":"https:\/\/simonbois.de\/de\/wp-json\/wp\/v2\/media\/4338"}],"wp:attachment":[{"href":"https:\/\/simonbois.de\/de\/wp-json\/wp\/v2\/media?parent=4322"}],"wp:term":[{"taxonomy":"product_brand","embeddable":true,"href":"https:\/\/simonbois.de\/de\/wp-json\/wp\/v2\/product_brand?post=4322"},{"taxonomy":"product_cat","embeddable":true,"href":"https:\/\/simonbois.de\/de\/wp-json\/wp\/v2\/product_cat?post=4322"},{"taxonomy":"product_tag","embeddable":true,"href":"https:\/\/simonbois.de\/de\/wp-json\/wp\/v2\/product_tag?post=4322"}],"curies":[{"name":"wp","href":"https:\/\/api.w.org\/{rel}","templated":true}]}}