{"id":4316,"date":"2025-08-15T00:14:03","date_gmt":"2025-08-15T00:14:03","guid":{"rendered":"https:\/\/simonbois.de\/?post_type=product&#038;p=4316"},"modified":"2025-08-15T00:14:03","modified_gmt":"2025-08-15T00:14:03","slug":"holzbrx-brennholz-buche-25-cm-210-kg-ofenfertig-unter-18-restfeuchte-scheite-im-karton-inkl-5-holzwollanzunder-handverlesen","status":"publish","type":"product","link":"https:\/\/simonbois.de\/de\/product\/holzbrx-brennholz-buche-25-cm-210-kg-ofenfertig-unter-18-restfeuchte-scheite-im-karton-inkl-5-holzwollanzunder-handverlesen\/","title":{"rendered":"holzbrx Brennholz Buche, 25 cm, 210 kg, ofenfertig, unter 18% Restfeuchte, Scheite im Karton, inkl. 5 Holzwollanz\u00fcnder, handverlesen"},"content":{"rendered":"<h2 class=\"pdp-expandable-section__title\">Produktbeschreibung & Produktdaten<\/h2>\n<div class=\"pdp-expandable-section__content\">\n<div class=\"pdp-product-description__grid\">\n<div class=\"pdp-product-description__section\" role=\"region\" aria-label=\"Produktinformationen\">\n<div>\n<p>Wir liefern Ihnen handverlesenes und ofenfertiges Buchenbrennholz aus eigener, nachhaltiger Verarbeitung.<\/p>\n<p>Das Holz ist kammergetrocknet und hat eine Restfeuchte von weniger als 18%. Sie k\u00f6nnen also sofort loslegen und die angenehme Atmosph\u00e4re eines gem\u00fctlichen Kaminfeuers genie\u00dfen.<\/p>\n<p>Lieferumfang (7 Kartons):<\/p>\n<p>210kg Buchenholz in Scheiten<\/p>\n<\/div>\n<\/div>\n<div>\n<section aria-label=\"Produktdaten\">\n<div class=\"pdp-attribute-list__item\">\n<div class=\"pdp-attribute-list__value\" data-test-item_text=\"BK25210kg5AZ\">\n<div class=\"rd-attribute-list__item-text\">\n<div><\/div>\n<\/div>\n<\/div>\n<\/div>\n<\/section>\n<\/div>\n<\/div>\n<\/div>","protected":false},"excerpt":{"rendered":"<div class=\"pdp-product-description__section\" role=\"region\" aria-label=\"Produktinformationen\">\n<div>\n<p>5 St\u00fcck Holzwollanz\u00fcnder<\/p>\n<\/div>\n<\/div>\n<div>\n<section aria-label=\"Produktdaten\">\n<div class=\"pdp-attribute-list__item\">Hersteller<\/p>\n<div class=\"pdp-attribute-list__value\" data-test-item_text=\"HOLZBRX\">\n<div>HOLZBRX<\/div>\n<\/div>\n<\/div>\n<div class=\"pdp-attribute-list__item\">Gewicht<\/p>\n<div class=\"pdp-attribute-list__value\" data-test-item_text=\"210 kg\">\n<div class=\"rd-attribute-list__item-text\">\n<div>210 kg<\/div>\n<\/div>\n<\/div>\n<\/div>\n<div class=\"pdp-attribute-list__item\">Brennholz-Art<\/p>\n<div class=\"pdp-attribute-list__value\" data-test-item_text=\"Holzscheite\">\n<div>Holzscheite<\/div>\n<\/div>\n<\/div>\n<div class=\"pdp-attribute-list__item\">Grundpreiseinheit<\/p>\n<div class=\"pdp-attribute-list__value\" data-test-item_text=\"kg\">\n<div class=\"rd-attribute-list__item-text\">\n<div>kg<\/div>\n<\/div>\n<\/div>\n<\/div>\n<div class=\"pdp-attribute-list__item\">EAN<\/p>\n<div class=\"pdp-attribute-list__value\" data-test-item_text=\"0765588470613\">\n<div class=\"rd-attribute-list__item-text\">\n<div>0765588470613<\/div>\n<\/div>\n<\/div>\n<\/div>\n<div class=\"pdp-attribute-list__item\">Herstellernummer<\/p>\n<div class=\"pdp-attribute-list__value\" data-test-item_text=\"BK25210kg5AZ\">\n<div class=\"rd-attribute-list__item-text\">\n<div>BK25210kg5AZ<\/div>\n<\/div>\n<\/div>\n<\/div>\n<\/section>\n<\/div>","protected":false},"featured_media":4329,"comment_status":"open","ping_status":"closed","template":"","meta":[],"product_brand":[],"product_cat":[193],"product_tag":[],"class_list":{"0":"post-4316","1":"product","2":"type-product","3":"status-publish","4":"has-post-thumbnail","6":"product_cat-brennholz","8":"first","9":"instock","10":"taxable","11":"shipping-taxable","12":"purchasable","13":"product-type-simple"},"yoast_head":"<!-- This site is optimized with the Yoast SEO plugin v27.5 - https:\/\/yoast.com\/product\/yoast-seo-wordpress\/ -->\n<title>holzbrx Brennholz Buche, 25 cm, 210 kg, ofenfertig, unter 18% Restfeuchte, Scheite im Karton, inkl. 5 Holzwollanz\u00fcnder, handverlesen - SIMON BOIS<\/title>\n<meta name=\"robots\" content=\"index, follow, max-snippet:-1, max-image-preview:large, max-video-preview:-1\" \/>\n<link rel=\"canonical\" href=\"https:\/\/simonbois.de\/de\/product\/holzbrx-brennholz-buche-25-cm-210-kg-ofenfertig-unter-18-restfeuchte-scheite-im-karton-inkl-5-holzwollanzunder-handverlesen\/\" \/>\n<meta property=\"og:locale\" content=\"de_DE\" \/>\n<meta property=\"og:type\" content=\"article\" \/>\n<meta property=\"og:title\" content=\"holzbrx Brennholz Buche, 25 cm, 210 kg, ofenfertig, unter 18% Restfeuchte, Scheite im Karton, inkl. 5 Holzwollanz\u00fcnder, handverlesen - SIMON BOIS\" \/>\n<meta property=\"og:description\" content=\"5 St\u00fcck Holzwollanz\u00fcnder     Hersteller  HOLZBRX   Gewicht   210 kg    Brennholz-Art  Holzscheite   Grundpreiseinheit   kg    EAN   0765588470613    Herstellernummer   BK25210kg5AZ\" \/>\n<meta property=\"og:url\" content=\"https:\/\/simonbois.de\/de\/product\/holzbrx-brennholz-buche-25-cm-210-kg-ofenfertig-unter-18-restfeuchte-scheite-im-karton-inkl-5-holzwollanzunder-handverlesen\/\" \/>\n<meta property=\"og:site_name\" content=\"SIMON BOIS\" \/>\n<meta property=\"og:image\" content=\"https:\/\/simonbois.de\/wp-content\/uploads\/2025\/08\/13.webp\" \/>\n\t<meta property=\"og:image:width\" content=\"1024\" \/>\n\t<meta property=\"og:image:height\" content=\"992\" \/>\n\t<meta property=\"og:image:type\" content=\"image\/webp\" \/>\n<meta name=\"twitter:card\" content=\"summary_large_image\" \/>\n<script type=\"application\/ld+json\" class=\"yoast-schema-graph\">{\"@context\":\"https:\\\/\\\/schema.org\",\"@graph\":[{\"@type\":\"WebPage\",\"@id\":\"https:\\\/\\\/simonbois.de\\\/product\\\/holzbrx-brennholz-buche-25-cm-210-kg-ofenfertig-unter-18-restfeuchte-scheite-im-karton-inkl-5-holzwollanzunder-handverlesen\\\/\",\"url\":\"https:\\\/\\\/simonbois.de\\\/product\\\/holzbrx-brennholz-buche-25-cm-210-kg-ofenfertig-unter-18-restfeuchte-scheite-im-karton-inkl-5-holzwollanzunder-handverlesen\\\/\",\"name\":\"holzbrx Brennholz Buche, 25 cm, 210 kg, ofenfertig, unter 18% Restfeuchte, Scheite im Karton, inkl. 5 Holzwollanz\u00fcnder, handverlesen - SIMON BOIS\",\"isPartOf\":{\"@id\":\"https:\\\/\\\/simonbois.de\\\/#website\"},\"primaryImageOfPage\":{\"@id\":\"https:\\\/\\\/simonbois.de\\\/product\\\/holzbrx-brennholz-buche-25-cm-210-kg-ofenfertig-unter-18-restfeuchte-scheite-im-karton-inkl-5-holzwollanzunder-handverlesen\\\/#primaryimage\"},\"image\":{\"@id\":\"https:\\\/\\\/simonbois.de\\\/product\\\/holzbrx-brennholz-buche-25-cm-210-kg-ofenfertig-unter-18-restfeuchte-scheite-im-karton-inkl-5-holzwollanzunder-handverlesen\\\/#primaryimage\"},\"thumbnailUrl\":\"https:\\\/\\\/simonbois.de\\\/wp-content\\\/uploads\\\/2025\\\/08\\\/13.webp\",\"datePublished\":\"2025-08-15T00:14:03+00:00\",\"breadcrumb\":{\"@id\":\"https:\\\/\\\/simonbois.de\\\/product\\\/holzbrx-brennholz-buche-25-cm-210-kg-ofenfertig-unter-18-restfeuchte-scheite-im-karton-inkl-5-holzwollanzunder-handverlesen\\\/#breadcrumb\"},\"inLanguage\":\"de\",\"potentialAction\":[{\"@type\":\"ReadAction\",\"target\":[\"https:\\\/\\\/simonbois.de\\\/product\\\/holzbrx-brennholz-buche-25-cm-210-kg-ofenfertig-unter-18-restfeuchte-scheite-im-karton-inkl-5-holzwollanzunder-handverlesen\\\/\"]}]},{\"@type\":\"ImageObject\",\"inLanguage\":\"de\",\"@id\":\"https:\\\/\\\/simonbois.de\\\/product\\\/holzbrx-brennholz-buche-25-cm-210-kg-ofenfertig-unter-18-restfeuchte-scheite-im-karton-inkl-5-holzwollanzunder-handverlesen\\\/#primaryimage\",\"url\":\"https:\\\/\\\/simonbois.de\\\/wp-content\\\/uploads\\\/2025\\\/08\\\/13.webp\",\"contentUrl\":\"https:\\\/\\\/simonbois.de\\\/wp-content\\\/uploads\\\/2025\\\/08\\\/13.webp\",\"width\":1024,\"height\":992},{\"@type\":\"BreadcrumbList\",\"@id\":\"https:\\\/\\\/simonbois.de\\\/product\\\/holzbrx-brennholz-buche-25-cm-210-kg-ofenfertig-unter-18-restfeuchte-scheite-im-karton-inkl-5-holzwollanzunder-handverlesen\\\/#breadcrumb\",\"itemListElement\":[{\"@type\":\"ListItem\",\"position\":1,\"name\":\"Home\",\"item\":\"https:\\\/\\\/simonbois.de\\\/\"},{\"@type\":\"ListItem\",\"position\":2,\"name\":\"Shop\",\"item\":\"https:\\\/\\\/simonbois.de\\\/shop-2\\\/\"},{\"@type\":\"ListItem\",\"position\":3,\"name\":\"holzbrx Brennholz Buche, 25 cm, 210 kg, ofenfertig, unter 18% Restfeuchte, Scheite im Karton, inkl. 5 Holzwollanz\u00fcnder, handverlesen\"}]},{\"@type\":\"WebSite\",\"@id\":\"https:\\\/\\\/simonbois.de\\\/#website\",\"url\":\"https:\\\/\\\/simonbois.de\\\/\",\"name\":\"SIMON BOIS\",\"description\":\"Verkauf und Lieferung von Brennholz auf Paletten\",\"potentialAction\":[{\"@type\":\"SearchAction\",\"target\":{\"@type\":\"EntryPoint\",\"urlTemplate\":\"https:\\\/\\\/simonbois.de\\\/?s={search_term_string}\"},\"query-input\":{\"@type\":\"PropertyValueSpecification\",\"valueRequired\":true,\"valueName\":\"search_term_string\"}}],\"inLanguage\":\"de\"}]}<\/script>\n<!-- \/ Yoast SEO plugin. -->","yoast_head_json":{"title":"holzbrx Brennholz Buche, 25 cm, 210 kg, ofenfertig, unter 18% Restfeuchte, Scheite im Karton, inkl. 5 Holzwollanz\u00fcnder, handverlesen - SIMON BOIS","robots":{"index":"index","follow":"follow","max-snippet":"max-snippet:-1","max-image-preview":"max-image-preview:large","max-video-preview":"max-video-preview:-1"},"canonical":"https:\/\/simonbois.de\/de\/product\/holzbrx-brennholz-buche-25-cm-210-kg-ofenfertig-unter-18-restfeuchte-scheite-im-karton-inkl-5-holzwollanzunder-handverlesen\/","og_locale":"de_DE","og_type":"article","og_title":"holzbrx Brennholz Buche, 25 cm, 210 kg, ofenfertig, unter 18% Restfeuchte, Scheite im Karton, inkl. 5 Holzwollanz\u00fcnder, handverlesen - SIMON BOIS","og_description":"5 St\u00fcck Holzwollanz\u00fcnder     Hersteller  HOLZBRX   Gewicht   210 kg    Brennholz-Art  Holzscheite   Grundpreiseinheit   kg    EAN   0765588470613    Herstellernummer   BK25210kg5AZ","og_url":"https:\/\/simonbois.de\/de\/product\/holzbrx-brennholz-buche-25-cm-210-kg-ofenfertig-unter-18-restfeuchte-scheite-im-karton-inkl-5-holzwollanzunder-handverlesen\/","og_site_name":"SIMON BOIS","og_image":[{"width":1024,"height":992,"url":"https:\/\/simonbois.de\/wp-content\/uploads\/2025\/08\/13.webp","type":"image\/webp"}],"twitter_card":"summary_large_image","schema":{"@context":"https:\/\/schema.org","@graph":[{"@type":"WebPage","@id":"https:\/\/simonbois.de\/product\/holzbrx-brennholz-buche-25-cm-210-kg-ofenfertig-unter-18-restfeuchte-scheite-im-karton-inkl-5-holzwollanzunder-handverlesen\/","url":"https:\/\/simonbois.de\/product\/holzbrx-brennholz-buche-25-cm-210-kg-ofenfertig-unter-18-restfeuchte-scheite-im-karton-inkl-5-holzwollanzunder-handverlesen\/","name":"holzbrx Brennholz Buche, 25 cm, 210 kg, ofenfertig, unter 18% Restfeuchte, Scheite im Karton, inkl. 5 Holzwollanz\u00fcnder, handverlesen - SIMON BOIS","isPartOf":{"@id":"https:\/\/simonbois.de\/#website"},"primaryImageOfPage":{"@id":"https:\/\/simonbois.de\/product\/holzbrx-brennholz-buche-25-cm-210-kg-ofenfertig-unter-18-restfeuchte-scheite-im-karton-inkl-5-holzwollanzunder-handverlesen\/#primaryimage"},"image":{"@id":"https:\/\/simonbois.de\/product\/holzbrx-brennholz-buche-25-cm-210-kg-ofenfertig-unter-18-restfeuchte-scheite-im-karton-inkl-5-holzwollanzunder-handverlesen\/#primaryimage"},"thumbnailUrl":"https:\/\/simonbois.de\/wp-content\/uploads\/2025\/08\/13.webp","datePublished":"2025-08-15T00:14:03+00:00","breadcrumb":{"@id":"https:\/\/simonbois.de\/product\/holzbrx-brennholz-buche-25-cm-210-kg-ofenfertig-unter-18-restfeuchte-scheite-im-karton-inkl-5-holzwollanzunder-handverlesen\/#breadcrumb"},"inLanguage":"de","potentialAction":[{"@type":"ReadAction","target":["https:\/\/simonbois.de\/product\/holzbrx-brennholz-buche-25-cm-210-kg-ofenfertig-unter-18-restfeuchte-scheite-im-karton-inkl-5-holzwollanzunder-handverlesen\/"]}]},{"@type":"ImageObject","inLanguage":"de","@id":"https:\/\/simonbois.de\/product\/holzbrx-brennholz-buche-25-cm-210-kg-ofenfertig-unter-18-restfeuchte-scheite-im-karton-inkl-5-holzwollanzunder-handverlesen\/#primaryimage","url":"https:\/\/simonbois.de\/wp-content\/uploads\/2025\/08\/13.webp","contentUrl":"https:\/\/simonbois.de\/wp-content\/uploads\/2025\/08\/13.webp","width":1024,"height":992},{"@type":"BreadcrumbList","@id":"https:\/\/simonbois.de\/product\/holzbrx-brennholz-buche-25-cm-210-kg-ofenfertig-unter-18-restfeuchte-scheite-im-karton-inkl-5-holzwollanzunder-handverlesen\/#breadcrumb","itemListElement":[{"@type":"ListItem","position":1,"name":"Home","item":"https:\/\/simonbois.de\/"},{"@type":"ListItem","position":2,"name":"Shop","item":"https:\/\/simonbois.de\/shop-2\/"},{"@type":"ListItem","position":3,"name":"holzbrx Brennholz Buche, 25 cm, 210 kg, ofenfertig, unter 18% Restfeuchte, Scheite im Karton, inkl. 5 Holzwollanz\u00fcnder, handverlesen"}]},{"@type":"WebSite","@id":"https:\/\/simonbois.de\/#website","url":"https:\/\/simonbois.de\/","name":"SIMON BOIS","description":"Verkauf und Lieferung von Brennholz auf Paletten","potentialAction":[{"@type":"SearchAction","target":{"@type":"EntryPoint","urlTemplate":"https:\/\/simonbois.de\/?s={search_term_string}"},"query-input":{"@type":"PropertyValueSpecification","valueRequired":true,"valueName":"search_term_string"}}],"inLanguage":"de"}]}},"_links":{"self":[{"href":"https:\/\/simonbois.de\/de\/wp-json\/wp\/v2\/product\/4316","targetHints":{"allow":["GET"]}}],"collection":[{"href":"https:\/\/simonbois.de\/de\/wp-json\/wp\/v2\/product"}],"about":[{"href":"https:\/\/simonbois.de\/de\/wp-json\/wp\/v2\/types\/product"}],"replies":[{"embeddable":true,"href":"https:\/\/simonbois.de\/de\/wp-json\/wp\/v2\/comments?post=4316"}],"wp:featuredmedia":[{"embeddable":true,"href":"https:\/\/simonbois.de\/de\/wp-json\/wp\/v2\/media\/4329"}],"wp:attachment":[{"href":"https:\/\/simonbois.de\/de\/wp-json\/wp\/v2\/media?parent=4316"}],"wp:term":[{"taxonomy":"product_brand","embeddable":true,"href":"https:\/\/simonbois.de\/de\/wp-json\/wp\/v2\/product_brand?post=4316"},{"taxonomy":"product_cat","embeddable":true,"href":"https:\/\/simonbois.de\/de\/wp-json\/wp\/v2\/product_cat?post=4316"},{"taxonomy":"product_tag","embeddable":true,"href":"https:\/\/simonbois.de\/de\/wp-json\/wp\/v2\/product_tag?post=4316"}],"curies":[{"name":"wp","href":"https:\/\/api.w.org\/{rel}","templated":true}]}}