{"id":4303,"date":"2025-08-14T22:39:14","date_gmt":"2025-08-14T22:39:14","guid":{"rendered":"https:\/\/simonbois.de\/?post_type=product&#038;p=4303"},"modified":"2025-08-14T22:39:14","modified_gmt":"2025-08-14T22:39:14","slug":"holzbrx-buchen-holzbriketts-960-kg-96x10-kg-lange-glutdauer-gleichmasige-verbrennung-formstabil-300-400-bar","status":"publish","type":"product","link":"https:\/\/simonbois.de\/de\/product\/holzbrx-buchen-holzbriketts-960-kg-96x10-kg-lange-glutdauer-gleichmasige-verbrennung-formstabil-300-400-bar\/","title":{"rendered":"holzbrx Buchen-Holzbriketts 960 kg (96&#215;10 kg) \u2013 lange Glutdauer, gleichm\u00e4\u00dfige Verbrennung, formstabil, 300-400 bar"},"content":{"rendered":"<h2 class=\"pdp-expandable-section__title\">Produktbeschreibung & Produktdaten<\/h2>\n<div class=\"pdp-expandable-section__content\">\n<div class=\"pdp-product-description__grid\">\n<div class=\"pdp-product-description__section\" role=\"region\" aria-label=\"Produktinformationen\">\n<div>\n<p>Die Buchenholzbriketts bestehen ausschlie\u00dflich aus sehr feinen Bestandteilen (S\u00e4gemehl und S\u00e4gestaub). Aufgrund des ausgesuchtem Materials und wegen der hohen Kompression (300 \u2013 400 bar), sind die Buchenholzbriketts ein sehr sauberes, kompaktes und universell einsetzbares Produkt. Die Verbrennung erfolgt recht gleichm\u00e4\u00dfig und ruhig. Das Brikett verh\u00e4lt sich dabei recht starr. Es beh\u00e4lt sehr sch\u00f6n die Form und gl\u00fcht langsam und gleichm\u00e4\u00dfig durch. Sollten Sie nach etwa 1 Stunde Flammdauer das Flammbild vermissen, dann legen Sie einfach ein neues Brikett, etwas Holz oder ein paar St\u00fcckchen Nadelholzbriketts nach. Die Buchenholzbriketts sorgen f\u00fcr die Glutdauer.<\/p>\n<\/div>\n<\/div>\n<div>\n<section aria-label=\"Produktdaten\">\n<div class=\"pdp-attribute-list__item\">\n<div class=\"pdp-attribute-list__value\" data-test-item_text=\"724754239782\">\n<div class=\"rd-attribute-list__item-text\">\n<div><\/div>\n<\/div>\n<\/div>\n<\/div>\n<\/section>\n<\/div>\n<\/div>\n<\/div>","protected":false},"excerpt":{"rendered":"<div class=\"pdp-attribute-list__item\">Grundpreiseinheit<\/p>\n<div class=\"pdp-attribute-list__value\" data-test-item_text=\"kg\">\n<div class=\"rd-attribute-list__item-text\">\n<div>kg<\/div>\n<\/div>\n<\/div>\n<\/div>\n<div class=\"pdp-attribute-list__item\">Brennholz-Art<\/p>\n<div class=\"pdp-attribute-list__value\" data-test-item_text=\"Briketts\">\n<div>Briketts<\/div>\n<\/div>\n<\/div>\n<div class=\"pdp-attribute-list__item\">Gewicht<\/p>\n<div class=\"pdp-attribute-list__value\" data-test-item_text=\"960 kg\">\n<div class=\"rd-attribute-list__item-text\">\n<div>960 kg<\/div>\n<\/div>\n<\/div>\n<\/div>\n<div class=\"pdp-attribute-list__item\">Hersteller<\/p>\n<div class=\"pdp-attribute-list__value\" data-test-item_text=\"HOLZBRX\">\n<div>HOLZBRX<\/div>\n<\/div>\n<\/div>\n<div class=\"pdp-attribute-list__item\">Herstellernummer<\/p>\n<div class=\"pdp-attribute-list__value\" data-test-item_text=\"B009G\">\n<div class=\"rd-attribute-list__item-text\">\n<div>B009G<\/div>\n<\/div>\n<\/div>\n<\/div>\n<div class=\"pdp-attribute-list__item\">EAN<\/p>\n<div class=\"pdp-attribute-list__value\" data-test-item_text=\"0724754239782\">\n<div class=\"rd-attribute-list__item-text\">\n<div>0724754239782<\/div>\n<\/div>\n<\/div>\n<div class=\"pdp-attribute-list__value\" data-test-item_text=\"724754239782\">\n<div class=\"rd-attribute-list__item-text\">\n<div>724754239782<\/div>\n<\/div>\n<\/div>\n<\/div>","protected":false},"featured_media":4312,"comment_status":"open","ping_status":"closed","template":"","meta":[],"product_brand":[],"product_cat":[193],"product_tag":[],"class_list":{"0":"post-4303","1":"product","2":"type-product","3":"status-publish","4":"has-post-thumbnail","6":"product_cat-brennholz","8":"first","9":"instock","10":"taxable","11":"shipping-taxable","12":"purchasable","13":"product-type-simple"},"yoast_head":"<!-- This site is optimized with the Yoast SEO plugin v27.5 - https:\/\/yoast.com\/product\/yoast-seo-wordpress\/ -->\n<title>holzbrx Buchen-Holzbriketts 960 kg (96x10 kg) \u2013 lange Glutdauer, gleichm\u00e4\u00dfige Verbrennung, formstabil, 300-400 bar - SIMON BOIS<\/title>\n<meta name=\"robots\" content=\"index, follow, max-snippet:-1, max-image-preview:large, max-video-preview:-1\" \/>\n<link rel=\"canonical\" href=\"https:\/\/simonbois.de\/de\/product\/holzbrx-buchen-holzbriketts-960-kg-96x10-kg-lange-glutdauer-gleichmasige-verbrennung-formstabil-300-400-bar\/\" \/>\n<meta property=\"og:locale\" content=\"de_DE\" \/>\n<meta property=\"og:type\" content=\"article\" \/>\n<meta property=\"og:title\" content=\"holzbrx Buchen-Holzbriketts 960 kg (96x10 kg) \u2013 lange Glutdauer, gleichm\u00e4\u00dfige Verbrennung, formstabil, 300-400 bar - SIMON BOIS\" \/>\n<meta property=\"og:description\" content=\"Grundpreiseinheit   kg    Brennholz-Art  Briketts   Gewicht   960 kg    Hersteller  HOLZBRX   Herstellernummer   B009G    EAN   0724754239782     724754239782\" \/>\n<meta property=\"og:url\" content=\"https:\/\/simonbois.de\/de\/product\/holzbrx-buchen-holzbriketts-960-kg-96x10-kg-lange-glutdauer-gleichmasige-verbrennung-formstabil-300-400-bar\/\" \/>\n<meta property=\"og:site_name\" content=\"SIMON BOIS\" \/>\n<meta property=\"og:image\" content=\"https:\/\/simonbois.de\/wp-content\/uploads\/2025\/08\/4.webp\" \/>\n\t<meta property=\"og:image:width\" content=\"857\" \/>\n\t<meta property=\"og:image:height\" content=\"1024\" \/>\n\t<meta property=\"og:image:type\" content=\"image\/webp\" \/>\n<meta name=\"twitter:card\" content=\"summary_large_image\" \/>\n<meta name=\"twitter:label1\" content=\"Gesch\u00e4tzte Lesezeit\" \/>\n\t<meta name=\"twitter:data1\" content=\"1\u00a0Minute\" \/>\n<script type=\"application\/ld+json\" class=\"yoast-schema-graph\">{\"@context\":\"https:\\\/\\\/schema.org\",\"@graph\":[{\"@type\":\"WebPage\",\"@id\":\"https:\\\/\\\/simonbois.de\\\/product\\\/holzbrx-buchen-holzbriketts-960-kg-96x10-kg-lange-glutdauer-gleichmasige-verbrennung-formstabil-300-400-bar\\\/\",\"url\":\"https:\\\/\\\/simonbois.de\\\/product\\\/holzbrx-buchen-holzbriketts-960-kg-96x10-kg-lange-glutdauer-gleichmasige-verbrennung-formstabil-300-400-bar\\\/\",\"name\":\"holzbrx Buchen-Holzbriketts 960 kg (96x10 kg) \u2013 lange Glutdauer, gleichm\u00e4\u00dfige Verbrennung, formstabil, 300-400 bar - SIMON BOIS\",\"isPartOf\":{\"@id\":\"https:\\\/\\\/simonbois.de\\\/#website\"},\"primaryImageOfPage\":{\"@id\":\"https:\\\/\\\/simonbois.de\\\/product\\\/holzbrx-buchen-holzbriketts-960-kg-96x10-kg-lange-glutdauer-gleichmasige-verbrennung-formstabil-300-400-bar\\\/#primaryimage\"},\"image\":{\"@id\":\"https:\\\/\\\/simonbois.de\\\/product\\\/holzbrx-buchen-holzbriketts-960-kg-96x10-kg-lange-glutdauer-gleichmasige-verbrennung-formstabil-300-400-bar\\\/#primaryimage\"},\"thumbnailUrl\":\"https:\\\/\\\/simonbois.de\\\/wp-content\\\/uploads\\\/2025\\\/08\\\/4.webp\",\"datePublished\":\"2025-08-14T22:39:14+00:00\",\"breadcrumb\":{\"@id\":\"https:\\\/\\\/simonbois.de\\\/product\\\/holzbrx-buchen-holzbriketts-960-kg-96x10-kg-lange-glutdauer-gleichmasige-verbrennung-formstabil-300-400-bar\\\/#breadcrumb\"},\"inLanguage\":\"de\",\"potentialAction\":[{\"@type\":\"ReadAction\",\"target\":[\"https:\\\/\\\/simonbois.de\\\/product\\\/holzbrx-buchen-holzbriketts-960-kg-96x10-kg-lange-glutdauer-gleichmasige-verbrennung-formstabil-300-400-bar\\\/\"]}]},{\"@type\":\"ImageObject\",\"inLanguage\":\"de\",\"@id\":\"https:\\\/\\\/simonbois.de\\\/product\\\/holzbrx-buchen-holzbriketts-960-kg-96x10-kg-lange-glutdauer-gleichmasige-verbrennung-formstabil-300-400-bar\\\/#primaryimage\",\"url\":\"https:\\\/\\\/simonbois.de\\\/wp-content\\\/uploads\\\/2025\\\/08\\\/4.webp\",\"contentUrl\":\"https:\\\/\\\/simonbois.de\\\/wp-content\\\/uploads\\\/2025\\\/08\\\/4.webp\",\"width\":857,\"height\":1024},{\"@type\":\"BreadcrumbList\",\"@id\":\"https:\\\/\\\/simonbois.de\\\/product\\\/holzbrx-buchen-holzbriketts-960-kg-96x10-kg-lange-glutdauer-gleichmasige-verbrennung-formstabil-300-400-bar\\\/#breadcrumb\",\"itemListElement\":[{\"@type\":\"ListItem\",\"position\":1,\"name\":\"Home\",\"item\":\"https:\\\/\\\/simonbois.de\\\/\"},{\"@type\":\"ListItem\",\"position\":2,\"name\":\"Shop\",\"item\":\"https:\\\/\\\/simonbois.de\\\/shop-2\\\/\"},{\"@type\":\"ListItem\",\"position\":3,\"name\":\"holzbrx Buchen-Holzbriketts 960 kg (96&#215;10 kg) \u2013 lange Glutdauer, gleichm\u00e4\u00dfige Verbrennung, formstabil, 300-400 bar\"}]},{\"@type\":\"WebSite\",\"@id\":\"https:\\\/\\\/simonbois.de\\\/#website\",\"url\":\"https:\\\/\\\/simonbois.de\\\/\",\"name\":\"SIMON BOIS\",\"description\":\"Verkauf und Lieferung von Brennholz auf Paletten\",\"potentialAction\":[{\"@type\":\"SearchAction\",\"target\":{\"@type\":\"EntryPoint\",\"urlTemplate\":\"https:\\\/\\\/simonbois.de\\\/?s={search_term_string}\"},\"query-input\":{\"@type\":\"PropertyValueSpecification\",\"valueRequired\":true,\"valueName\":\"search_term_string\"}}],\"inLanguage\":\"de\"}]}<\/script>\n<!-- \/ Yoast SEO plugin. -->","yoast_head_json":{"title":"holzbrx Buchen-Holzbriketts 960 kg (96x10 kg) \u2013 lange Glutdauer, gleichm\u00e4\u00dfige Verbrennung, formstabil, 300-400 bar - SIMON BOIS","robots":{"index":"index","follow":"follow","max-snippet":"max-snippet:-1","max-image-preview":"max-image-preview:large","max-video-preview":"max-video-preview:-1"},"canonical":"https:\/\/simonbois.de\/de\/product\/holzbrx-buchen-holzbriketts-960-kg-96x10-kg-lange-glutdauer-gleichmasige-verbrennung-formstabil-300-400-bar\/","og_locale":"de_DE","og_type":"article","og_title":"holzbrx Buchen-Holzbriketts 960 kg (96x10 kg) \u2013 lange Glutdauer, gleichm\u00e4\u00dfige Verbrennung, formstabil, 300-400 bar - SIMON BOIS","og_description":"Grundpreiseinheit   kg    Brennholz-Art  Briketts   Gewicht   960 kg    Hersteller  HOLZBRX   Herstellernummer   B009G    EAN   0724754239782     724754239782","og_url":"https:\/\/simonbois.de\/de\/product\/holzbrx-buchen-holzbriketts-960-kg-96x10-kg-lange-glutdauer-gleichmasige-verbrennung-formstabil-300-400-bar\/","og_site_name":"SIMON BOIS","og_image":[{"width":857,"height":1024,"url":"https:\/\/simonbois.de\/wp-content\/uploads\/2025\/08\/4.webp","type":"image\/webp"}],"twitter_card":"summary_large_image","twitter_misc":{"Gesch\u00e4tzte Lesezeit":"1\u00a0Minute"},"schema":{"@context":"https:\/\/schema.org","@graph":[{"@type":"WebPage","@id":"https:\/\/simonbois.de\/product\/holzbrx-buchen-holzbriketts-960-kg-96x10-kg-lange-glutdauer-gleichmasige-verbrennung-formstabil-300-400-bar\/","url":"https:\/\/simonbois.de\/product\/holzbrx-buchen-holzbriketts-960-kg-96x10-kg-lange-glutdauer-gleichmasige-verbrennung-formstabil-300-400-bar\/","name":"holzbrx Buchen-Holzbriketts 960 kg (96x10 kg) \u2013 lange Glutdauer, gleichm\u00e4\u00dfige Verbrennung, formstabil, 300-400 bar - SIMON BOIS","isPartOf":{"@id":"https:\/\/simonbois.de\/#website"},"primaryImageOfPage":{"@id":"https:\/\/simonbois.de\/product\/holzbrx-buchen-holzbriketts-960-kg-96x10-kg-lange-glutdauer-gleichmasige-verbrennung-formstabil-300-400-bar\/#primaryimage"},"image":{"@id":"https:\/\/simonbois.de\/product\/holzbrx-buchen-holzbriketts-960-kg-96x10-kg-lange-glutdauer-gleichmasige-verbrennung-formstabil-300-400-bar\/#primaryimage"},"thumbnailUrl":"https:\/\/simonbois.de\/wp-content\/uploads\/2025\/08\/4.webp","datePublished":"2025-08-14T22:39:14+00:00","breadcrumb":{"@id":"https:\/\/simonbois.de\/product\/holzbrx-buchen-holzbriketts-960-kg-96x10-kg-lange-glutdauer-gleichmasige-verbrennung-formstabil-300-400-bar\/#breadcrumb"},"inLanguage":"de","potentialAction":[{"@type":"ReadAction","target":["https:\/\/simonbois.de\/product\/holzbrx-buchen-holzbriketts-960-kg-96x10-kg-lange-glutdauer-gleichmasige-verbrennung-formstabil-300-400-bar\/"]}]},{"@type":"ImageObject","inLanguage":"de","@id":"https:\/\/simonbois.de\/product\/holzbrx-buchen-holzbriketts-960-kg-96x10-kg-lange-glutdauer-gleichmasige-verbrennung-formstabil-300-400-bar\/#primaryimage","url":"https:\/\/simonbois.de\/wp-content\/uploads\/2025\/08\/4.webp","contentUrl":"https:\/\/simonbois.de\/wp-content\/uploads\/2025\/08\/4.webp","width":857,"height":1024},{"@type":"BreadcrumbList","@id":"https:\/\/simonbois.de\/product\/holzbrx-buchen-holzbriketts-960-kg-96x10-kg-lange-glutdauer-gleichmasige-verbrennung-formstabil-300-400-bar\/#breadcrumb","itemListElement":[{"@type":"ListItem","position":1,"name":"Home","item":"https:\/\/simonbois.de\/"},{"@type":"ListItem","position":2,"name":"Shop","item":"https:\/\/simonbois.de\/shop-2\/"},{"@type":"ListItem","position":3,"name":"holzbrx Buchen-Holzbriketts 960 kg (96&#215;10 kg) \u2013 lange Glutdauer, gleichm\u00e4\u00dfige Verbrennung, formstabil, 300-400 bar"}]},{"@type":"WebSite","@id":"https:\/\/simonbois.de\/#website","url":"https:\/\/simonbois.de\/","name":"SIMON BOIS","description":"Verkauf und Lieferung von Brennholz auf Paletten","potentialAction":[{"@type":"SearchAction","target":{"@type":"EntryPoint","urlTemplate":"https:\/\/simonbois.de\/?s={search_term_string}"},"query-input":{"@type":"PropertyValueSpecification","valueRequired":true,"valueName":"search_term_string"}}],"inLanguage":"de"}]}},"_links":{"self":[{"href":"https:\/\/simonbois.de\/de\/wp-json\/wp\/v2\/product\/4303","targetHints":{"allow":["GET"]}}],"collection":[{"href":"https:\/\/simonbois.de\/de\/wp-json\/wp\/v2\/product"}],"about":[{"href":"https:\/\/simonbois.de\/de\/wp-json\/wp\/v2\/types\/product"}],"replies":[{"embeddable":true,"href":"https:\/\/simonbois.de\/de\/wp-json\/wp\/v2\/comments?post=4303"}],"wp:featuredmedia":[{"embeddable":true,"href":"https:\/\/simonbois.de\/de\/wp-json\/wp\/v2\/media\/4312"}],"wp:attachment":[{"href":"https:\/\/simonbois.de\/de\/wp-json\/wp\/v2\/media?parent=4303"}],"wp:term":[{"taxonomy":"product_brand","embeddable":true,"href":"https:\/\/simonbois.de\/de\/wp-json\/wp\/v2\/product_brand?post=4303"},{"taxonomy":"product_cat","embeddable":true,"href":"https:\/\/simonbois.de\/de\/wp-json\/wp\/v2\/product_cat?post=4303"},{"taxonomy":"product_tag","embeddable":true,"href":"https:\/\/simonbois.de\/de\/wp-json\/wp\/v2\/product_tag?post=4303"}],"curies":[{"name":"wp","href":"https:\/\/api.w.org\/{rel}","templated":true}]}}