{"id":4301,"date":"2025-08-14T22:36:49","date_gmt":"2025-08-14T22:36:49","guid":{"rendered":"https:\/\/simonbois.de\/?post_type=product&#038;p=4301"},"modified":"2025-08-14T22:36:49","modified_gmt":"2025-08-14T22:36:49","slug":"heizfuxx-heizbriketts-nestro-xl-nadelholz-blau-960-kg-96-x-10-kg-auf-palette-hoher-heizwert-geringe-aschebildung-fur-kachel-und-holzofen","status":"publish","type":"product","link":"https:\/\/simonbois.de\/de\/product\/heizfuxx-heizbriketts-nestro-xl-nadelholz-blau-960-kg-96-x-10-kg-auf-palette-hoher-heizwert-geringe-aschebildung-fur-kachel-und-holzofen\/","title":{"rendered":"HEIZFUXX Heizbriketts Nestro XL, Nadelholz, Blau, 960 kg (96 x 10 kg) auf Palette \u2013 Hoher Heizwert, geringe Aschebildung, f\u00fcr Kachel- und Holz\u00f6fen"},"content":{"rendered":"<h2 class=\"pdp-expandable-section__title\">Produktbeschreibung & Produktdaten<\/h2>\n<div class=\"pdp-expandable-section__content\">\n<div class=\"pdp-product-description__grid\">\n<div class=\"pdp-product-description__section\" role=\"region\" aria-label=\"Produktinformationen\">\n<div>\n<p>Die\u00a0Nestro XL Blue Weichholzbriketts von\u00a0PALIGO\u00a0sind eine exzellente Wahl f\u00fcr umweltbewusste Heizungen. Gefertigt aus hochwertigem Nadelholz, bieten sie eine schnelle und effiziente W\u00e4rmequelle. Sie zeichnen sich durch einen hohen Heizwert, schnelle W\u00e4rmeentwicklung und geringe\u00a0Aschebildung\u00a0aus. Diese Briketts sind ideal f\u00fcr Kachel\u00f6fen, Holz\u00f6fen und andere Feuerst\u00e4tten, und ihre praktische Form erleichtert die Lagerung und Handhabung. Die Briketts sind umweltfreundlich, wodurch sie eine saubere Heizalternative darstellen.<\/p>\n<\/div>\n<\/div>\n<div>\n<section aria-label=\"Produktdaten\">\n<div class=\"pdp-attribute-list__item\">\n<div class=\"pdp-attribute-list__value\" data-test-item_text=\"4260443340460\">\n<div class=\"rd-attribute-list__item-text\">\n<div><\/div>\n<\/div>\n<\/div>\n<\/div>\n<\/section>\n<\/div>\n<\/div>\n<\/div>","protected":false},"excerpt":{"rendered":"<div class=\"pdp-attribute-list__item\">Gewicht<\/p>\n<div class=\"pdp-attribute-list__value\" data-test-item_text=\"960 kg\">\n<div class=\"rd-attribute-list__item-text\">\n<div>960 kg<\/div>\n<\/div>\n<\/div>\n<\/div>\n<div class=\"pdp-attribute-list__item\">Breite<\/p>\n<div class=\"pdp-attribute-list__value\" data-test-item_text=\"80 cm\">\n<div class=\"rd-attribute-list__item-text\">\n<div>80 cm<\/div>\n<\/div>\n<\/div>\n<\/div>\n<div class=\"pdp-attribute-list__item\">Hersteller<\/p>\n<div class=\"pdp-attribute-list__value\" data-test-item_text=\"HEIZFUXX\">\n<div>HEIZFUXX<\/div>\n<\/div>\n<\/div>\n<div class=\"pdp-attribute-list__item\">L\u00e4nge<\/p>\n<div class=\"pdp-attribute-list__value\" data-test-item_text=\"120 cm\">\n<div class=\"rd-attribute-list__item-text\">\n<div>120 cm<\/div>\n<\/div>\n<\/div>\n<\/div>\n<div class=\"pdp-attribute-list__item\">Herstellernummer<\/p>\n<div class=\"pdp-attribute-list__value\" data-test-item_text=\"BNO1096\">\n<div class=\"rd-attribute-list__item-text\">\n<div>BNO1096<\/div>\n<\/div>\n<\/div>\n<\/div>\n<div class=\"pdp-attribute-list__item\">EAN<\/p>\n<div class=\"pdp-attribute-list__value\" data-test-item_text=\"4260443340460\">\n<div class=\"rd-attribute-list__item-text\">\n<div>4260443340460<\/div>\n<\/div>\n<\/div>\n<\/div>","protected":false},"featured_media":4310,"comment_status":"open","ping_status":"closed","template":"","meta":[],"product_brand":[],"product_cat":[193],"product_tag":[],"class_list":{"0":"post-4301","1":"product","2":"type-product","3":"status-publish","4":"has-post-thumbnail","6":"product_cat-brennholz","8":"first","9":"instock","10":"taxable","11":"shipping-taxable","12":"purchasable","13":"product-type-simple"},"yoast_head":"<!-- This site is optimized with the Yoast SEO plugin v27.5 - https:\/\/yoast.com\/product\/yoast-seo-wordpress\/ -->\n<title>HEIZFUXX Heizbriketts Nestro XL, Nadelholz, Blau, 960 kg (96 x 10 kg) auf Palette \u2013 Hoher Heizwert, geringe Aschebildung, f\u00fcr Kachel- und Holz\u00f6fen - SIMON BOIS<\/title>\n<meta name=\"robots\" content=\"index, follow, max-snippet:-1, max-image-preview:large, max-video-preview:-1\" \/>\n<link rel=\"canonical\" href=\"https:\/\/simonbois.de\/de\/product\/heizfuxx-heizbriketts-nestro-xl-nadelholz-blau-960-kg-96-x-10-kg-auf-palette-hoher-heizwert-geringe-aschebildung-fur-kachel-und-holzofen\/\" \/>\n<meta property=\"og:locale\" content=\"de_DE\" \/>\n<meta property=\"og:type\" content=\"article\" \/>\n<meta property=\"og:title\" content=\"HEIZFUXX Heizbriketts Nestro XL, Nadelholz, Blau, 960 kg (96 x 10 kg) auf Palette \u2013 Hoher Heizwert, geringe Aschebildung, f\u00fcr Kachel- und Holz\u00f6fen - SIMON BOIS\" \/>\n<meta property=\"og:description\" content=\"Gewicht   960 kg    Breite   80 cm    Hersteller  HEIZFUXX   L\u00e4nge   120 cm    Herstellernummer   BNO1096    EAN   4260443340460\" \/>\n<meta property=\"og:url\" content=\"https:\/\/simonbois.de\/de\/product\/heizfuxx-heizbriketts-nestro-xl-nadelholz-blau-960-kg-96-x-10-kg-auf-palette-hoher-heizwert-geringe-aschebildung-fur-kachel-und-holzofen\/\" \/>\n<meta property=\"og:site_name\" content=\"SIMON BOIS\" \/>\n<meta property=\"og:image\" content=\"https:\/\/simonbois.de\/wp-content\/uploads\/2025\/08\/2.webp\" \/>\n\t<meta property=\"og:image:width\" content=\"857\" \/>\n\t<meta property=\"og:image:height\" content=\"1024\" \/>\n\t<meta property=\"og:image:type\" content=\"image\/webp\" \/>\n<meta name=\"twitter:card\" content=\"summary_large_image\" \/>\n<script type=\"application\/ld+json\" class=\"yoast-schema-graph\">{\"@context\":\"https:\\\/\\\/schema.org\",\"@graph\":[{\"@type\":\"WebPage\",\"@id\":\"https:\\\/\\\/simonbois.de\\\/product\\\/heizfuxx-heizbriketts-nestro-xl-nadelholz-blau-960-kg-96-x-10-kg-auf-palette-hoher-heizwert-geringe-aschebildung-fur-kachel-und-holzofen\\\/\",\"url\":\"https:\\\/\\\/simonbois.de\\\/product\\\/heizfuxx-heizbriketts-nestro-xl-nadelholz-blau-960-kg-96-x-10-kg-auf-palette-hoher-heizwert-geringe-aschebildung-fur-kachel-und-holzofen\\\/\",\"name\":\"HEIZFUXX Heizbriketts Nestro XL, Nadelholz, Blau, 960 kg (96 x 10 kg) auf Palette \u2013 Hoher Heizwert, geringe Aschebildung, f\u00fcr Kachel- und Holz\u00f6fen - SIMON BOIS\",\"isPartOf\":{\"@id\":\"https:\\\/\\\/simonbois.de\\\/#website\"},\"primaryImageOfPage\":{\"@id\":\"https:\\\/\\\/simonbois.de\\\/product\\\/heizfuxx-heizbriketts-nestro-xl-nadelholz-blau-960-kg-96-x-10-kg-auf-palette-hoher-heizwert-geringe-aschebildung-fur-kachel-und-holzofen\\\/#primaryimage\"},\"image\":{\"@id\":\"https:\\\/\\\/simonbois.de\\\/product\\\/heizfuxx-heizbriketts-nestro-xl-nadelholz-blau-960-kg-96-x-10-kg-auf-palette-hoher-heizwert-geringe-aschebildung-fur-kachel-und-holzofen\\\/#primaryimage\"},\"thumbnailUrl\":\"https:\\\/\\\/simonbois.de\\\/wp-content\\\/uploads\\\/2025\\\/08\\\/2.webp\",\"datePublished\":\"2025-08-14T22:36:49+00:00\",\"breadcrumb\":{\"@id\":\"https:\\\/\\\/simonbois.de\\\/product\\\/heizfuxx-heizbriketts-nestro-xl-nadelholz-blau-960-kg-96-x-10-kg-auf-palette-hoher-heizwert-geringe-aschebildung-fur-kachel-und-holzofen\\\/#breadcrumb\"},\"inLanguage\":\"de\",\"potentialAction\":[{\"@type\":\"ReadAction\",\"target\":[\"https:\\\/\\\/simonbois.de\\\/product\\\/heizfuxx-heizbriketts-nestro-xl-nadelholz-blau-960-kg-96-x-10-kg-auf-palette-hoher-heizwert-geringe-aschebildung-fur-kachel-und-holzofen\\\/\"]}]},{\"@type\":\"ImageObject\",\"inLanguage\":\"de\",\"@id\":\"https:\\\/\\\/simonbois.de\\\/product\\\/heizfuxx-heizbriketts-nestro-xl-nadelholz-blau-960-kg-96-x-10-kg-auf-palette-hoher-heizwert-geringe-aschebildung-fur-kachel-und-holzofen\\\/#primaryimage\",\"url\":\"https:\\\/\\\/simonbois.de\\\/wp-content\\\/uploads\\\/2025\\\/08\\\/2.webp\",\"contentUrl\":\"https:\\\/\\\/simonbois.de\\\/wp-content\\\/uploads\\\/2025\\\/08\\\/2.webp\",\"width\":857,\"height\":1024},{\"@type\":\"BreadcrumbList\",\"@id\":\"https:\\\/\\\/simonbois.de\\\/product\\\/heizfuxx-heizbriketts-nestro-xl-nadelholz-blau-960-kg-96-x-10-kg-auf-palette-hoher-heizwert-geringe-aschebildung-fur-kachel-und-holzofen\\\/#breadcrumb\",\"itemListElement\":[{\"@type\":\"ListItem\",\"position\":1,\"name\":\"Home\",\"item\":\"https:\\\/\\\/simonbois.de\\\/\"},{\"@type\":\"ListItem\",\"position\":2,\"name\":\"Shop\",\"item\":\"https:\\\/\\\/simonbois.de\\\/shop-2\\\/\"},{\"@type\":\"ListItem\",\"position\":3,\"name\":\"HEIZFUXX Heizbriketts Nestro XL, Nadelholz, Blau, 960 kg (96 x 10 kg) auf Palette \u2013 Hoher Heizwert, geringe Aschebildung, f\u00fcr Kachel- und Holz\u00f6fen\"}]},{\"@type\":\"WebSite\",\"@id\":\"https:\\\/\\\/simonbois.de\\\/#website\",\"url\":\"https:\\\/\\\/simonbois.de\\\/\",\"name\":\"SIMON BOIS\",\"description\":\"Verkauf und Lieferung von Brennholz auf Paletten\",\"potentialAction\":[{\"@type\":\"SearchAction\",\"target\":{\"@type\":\"EntryPoint\",\"urlTemplate\":\"https:\\\/\\\/simonbois.de\\\/?s={search_term_string}\"},\"query-input\":{\"@type\":\"PropertyValueSpecification\",\"valueRequired\":true,\"valueName\":\"search_term_string\"}}],\"inLanguage\":\"de\"}]}<\/script>\n<!-- \/ Yoast SEO plugin. -->","yoast_head_json":{"title":"HEIZFUXX Heizbriketts Nestro XL, Nadelholz, Blau, 960 kg (96 x 10 kg) auf Palette \u2013 Hoher Heizwert, geringe Aschebildung, f\u00fcr Kachel- und Holz\u00f6fen - SIMON BOIS","robots":{"index":"index","follow":"follow","max-snippet":"max-snippet:-1","max-image-preview":"max-image-preview:large","max-video-preview":"max-video-preview:-1"},"canonical":"https:\/\/simonbois.de\/de\/product\/heizfuxx-heizbriketts-nestro-xl-nadelholz-blau-960-kg-96-x-10-kg-auf-palette-hoher-heizwert-geringe-aschebildung-fur-kachel-und-holzofen\/","og_locale":"de_DE","og_type":"article","og_title":"HEIZFUXX Heizbriketts Nestro XL, Nadelholz, Blau, 960 kg (96 x 10 kg) auf Palette \u2013 Hoher Heizwert, geringe Aschebildung, f\u00fcr Kachel- und Holz\u00f6fen - SIMON BOIS","og_description":"Gewicht   960 kg    Breite   80 cm    Hersteller  HEIZFUXX   L\u00e4nge   120 cm    Herstellernummer   BNO1096    EAN   4260443340460","og_url":"https:\/\/simonbois.de\/de\/product\/heizfuxx-heizbriketts-nestro-xl-nadelholz-blau-960-kg-96-x-10-kg-auf-palette-hoher-heizwert-geringe-aschebildung-fur-kachel-und-holzofen\/","og_site_name":"SIMON BOIS","og_image":[{"width":857,"height":1024,"url":"https:\/\/simonbois.de\/wp-content\/uploads\/2025\/08\/2.webp","type":"image\/webp"}],"twitter_card":"summary_large_image","schema":{"@context":"https:\/\/schema.org","@graph":[{"@type":"WebPage","@id":"https:\/\/simonbois.de\/product\/heizfuxx-heizbriketts-nestro-xl-nadelholz-blau-960-kg-96-x-10-kg-auf-palette-hoher-heizwert-geringe-aschebildung-fur-kachel-und-holzofen\/","url":"https:\/\/simonbois.de\/product\/heizfuxx-heizbriketts-nestro-xl-nadelholz-blau-960-kg-96-x-10-kg-auf-palette-hoher-heizwert-geringe-aschebildung-fur-kachel-und-holzofen\/","name":"HEIZFUXX Heizbriketts Nestro XL, Nadelholz, Blau, 960 kg (96 x 10 kg) auf Palette \u2013 Hoher Heizwert, geringe Aschebildung, f\u00fcr Kachel- und Holz\u00f6fen - SIMON BOIS","isPartOf":{"@id":"https:\/\/simonbois.de\/#website"},"primaryImageOfPage":{"@id":"https:\/\/simonbois.de\/product\/heizfuxx-heizbriketts-nestro-xl-nadelholz-blau-960-kg-96-x-10-kg-auf-palette-hoher-heizwert-geringe-aschebildung-fur-kachel-und-holzofen\/#primaryimage"},"image":{"@id":"https:\/\/simonbois.de\/product\/heizfuxx-heizbriketts-nestro-xl-nadelholz-blau-960-kg-96-x-10-kg-auf-palette-hoher-heizwert-geringe-aschebildung-fur-kachel-und-holzofen\/#primaryimage"},"thumbnailUrl":"https:\/\/simonbois.de\/wp-content\/uploads\/2025\/08\/2.webp","datePublished":"2025-08-14T22:36:49+00:00","breadcrumb":{"@id":"https:\/\/simonbois.de\/product\/heizfuxx-heizbriketts-nestro-xl-nadelholz-blau-960-kg-96-x-10-kg-auf-palette-hoher-heizwert-geringe-aschebildung-fur-kachel-und-holzofen\/#breadcrumb"},"inLanguage":"de","potentialAction":[{"@type":"ReadAction","target":["https:\/\/simonbois.de\/product\/heizfuxx-heizbriketts-nestro-xl-nadelholz-blau-960-kg-96-x-10-kg-auf-palette-hoher-heizwert-geringe-aschebildung-fur-kachel-und-holzofen\/"]}]},{"@type":"ImageObject","inLanguage":"de","@id":"https:\/\/simonbois.de\/product\/heizfuxx-heizbriketts-nestro-xl-nadelholz-blau-960-kg-96-x-10-kg-auf-palette-hoher-heizwert-geringe-aschebildung-fur-kachel-und-holzofen\/#primaryimage","url":"https:\/\/simonbois.de\/wp-content\/uploads\/2025\/08\/2.webp","contentUrl":"https:\/\/simonbois.de\/wp-content\/uploads\/2025\/08\/2.webp","width":857,"height":1024},{"@type":"BreadcrumbList","@id":"https:\/\/simonbois.de\/product\/heizfuxx-heizbriketts-nestro-xl-nadelholz-blau-960-kg-96-x-10-kg-auf-palette-hoher-heizwert-geringe-aschebildung-fur-kachel-und-holzofen\/#breadcrumb","itemListElement":[{"@type":"ListItem","position":1,"name":"Home","item":"https:\/\/simonbois.de\/"},{"@type":"ListItem","position":2,"name":"Shop","item":"https:\/\/simonbois.de\/shop-2\/"},{"@type":"ListItem","position":3,"name":"HEIZFUXX Heizbriketts Nestro XL, Nadelholz, Blau, 960 kg (96 x 10 kg) auf Palette \u2013 Hoher Heizwert, geringe Aschebildung, f\u00fcr Kachel- und Holz\u00f6fen"}]},{"@type":"WebSite","@id":"https:\/\/simonbois.de\/#website","url":"https:\/\/simonbois.de\/","name":"SIMON BOIS","description":"Verkauf und Lieferung von Brennholz auf Paletten","potentialAction":[{"@type":"SearchAction","target":{"@type":"EntryPoint","urlTemplate":"https:\/\/simonbois.de\/?s={search_term_string}"},"query-input":{"@type":"PropertyValueSpecification","valueRequired":true,"valueName":"search_term_string"}}],"inLanguage":"de"}]}},"_links":{"self":[{"href":"https:\/\/simonbois.de\/de\/wp-json\/wp\/v2\/product\/4301","targetHints":{"allow":["GET"]}}],"collection":[{"href":"https:\/\/simonbois.de\/de\/wp-json\/wp\/v2\/product"}],"about":[{"href":"https:\/\/simonbois.de\/de\/wp-json\/wp\/v2\/types\/product"}],"replies":[{"embeddable":true,"href":"https:\/\/simonbois.de\/de\/wp-json\/wp\/v2\/comments?post=4301"}],"wp:featuredmedia":[{"embeddable":true,"href":"https:\/\/simonbois.de\/de\/wp-json\/wp\/v2\/media\/4310"}],"wp:attachment":[{"href":"https:\/\/simonbois.de\/de\/wp-json\/wp\/v2\/media?parent=4301"}],"wp:term":[{"taxonomy":"product_brand","embeddable":true,"href":"https:\/\/simonbois.de\/de\/wp-json\/wp\/v2\/product_brand?post=4301"},{"taxonomy":"product_cat","embeddable":true,"href":"https:\/\/simonbois.de\/de\/wp-json\/wp\/v2\/product_cat?post=4301"},{"taxonomy":"product_tag","embeddable":true,"href":"https:\/\/simonbois.de\/de\/wp-json\/wp\/v2\/product_tag?post=4301"}],"curies":[{"name":"wp","href":"https:\/\/api.w.org\/{rel}","templated":true}]}}