{"id":4300,"date":"2025-08-14T22:37:57","date_gmt":"2025-08-14T22:37:57","guid":{"rendered":"https:\/\/simonbois.de\/?post_type=product&#038;p=4300"},"modified":"2025-08-14T22:37:57","modified_gmt":"2025-08-14T22:37:57","slug":"jsm-brennholz-brennholz-buche-25cm-scheitlange-16-srm-1-rm-1-palette-kammergetrocknet-ofenfertig-fur-kamin-ofen-grill","status":"publish","type":"product","link":"https:\/\/simonbois.de\/de\/product\/jsm-brennholz-brennholz-buche-25cm-scheitlange-16-srm-1-rm-1-palette-kammergetrocknet-ofenfertig-fur-kamin-ofen-grill\/","title":{"rendered":"jsm-brennholz Brennholz Buche 25cm Scheitl\u00e4nge, 1,6 SRM \/ 1 RM, 1 Palette \u2013 kammergetrocknet, ofenfertig f\u00fcr Kamin, Ofen &#038; Grill"},"content":{"rendered":"<h2 class=\"pdp-expandable-section__title\">Produktbeschreibung & Produktdaten<\/h2>\n<div class=\"pdp-expandable-section__content\">\n<div class=\"pdp-product-description__grid\">\n<div class=\"pdp-product-description__section\" role=\"region\" aria-label=\"Produktinformationen\">\n<div>\n<p>Sollten wir keine R\u00fcckmeldung von Ihnen erhalten, gehen wir davon aus, dass die Lieferung jederzeit ohne Terminabsprache erfolgen kann.<\/p>\n<p>100% umweltfreundliches Naturprodukt: extrem hoher Heizwert, lebhafte und hohe Flamme, lange Brenndauer, saubere und fast r\u00fcckstandsfreie Verbrennung, im weiteren Sinne CO2 neutral<\/p>\n<p>Kammergetrocknet: Restfeuchte von unter 20%, Pilz- und Schimmelfrei<\/p>\n<p>Ofenfertig, sauber verpackt und zur sofortigen Verbrennung geeignet<\/p>\n<p>Ideal f\u00fcr Grills, Kamin\u00f6fen, Kachel\u00f6fen, offene Kamine, Smoker, Feuerschalen und Lagerfeuer<\/p>\n<p>Ruhige Flammen, angenehmer Duft \u2013 wenn Sie sich entspannt vor Ihren Kamin zur\u00fcckziehen wollen, verbreitet Buche als Brennholz eine gem\u00fctliche Atmosph\u00e4re. Buchenholz w\u00e4rmt ausdauernd und effizient Das harte Holz der Buche brennt lange und langsam ab. Aufgrund seiner hohen Dichte entwickelt es schnell und bei vergleichsweise wenig Verbrauch eine wohlige W\u00e4rme. Die energetische Effizienz von Buchenholz l\u00e4sst sich anhand des ausgesprochen guten Heizwertes bemessen, der oft als Referenzwert f\u00fcr Brenn- und Heizwert anderer H\u00f6lzer zu Grunde gelegt wird. Trotz starker Glutbildung schl\u00e4gt Buche im Kamin wenig Funken. Damit Sie von den Eigenschaften dieses heimischen Holzes profitieren k\u00f6nnen, bieten wir das Kaminholz kammergetrocknet an und achten dabei auf beste Qualit\u00e4t. Der Duft von Buchenholz: Begehrt bei Genie\u00dfern Bei der Beheizung des Wohnbereichs zeichnet sich das hochwertige Brennholz durch sanftes Flackern aus. Die trockenen Holzscheite und Sp\u00e4ne ergeben ein h\u00fcbsches Flammbild, das Sie in famili\u00e4rem Ambiente genie\u00dfen k\u00f6nnen. Dezent erf\u00fcllt die Buche Ihren Wohnraum mit einem charakteristischen Geruch, den Kenner und Naturverbundene beim Grillen oder R\u00e4uchern von Lebensmitteln zu sch\u00e4tzen wissen. Kleine wie gro\u00dfe Mengen lassen sich in diesem Umfang kompakt f\u00fcr die Verwendung zu Hause zu lagern. Das begehrte Kaminholz liefern wir Ihnen in einer Box von einem Raummeter in 23-25 cm oder 30-33 cm Scheitl\u00e4nge, umgerechnet 1,6 Sch\u00fcttraummeter. Beste Qualit\u00e4t erhalten Sie bei uns auf Palette gestapelt, ofenfertig und kammergetrocknet.<\/p>\n<\/div>\n<\/div>\n<div>\n<section aria-label=\"Produktdaten\">\n<div class=\"pdp-attribute-list__item\">\n<div class=\"pdp-attribute-list__value\" data-test-item_text=\"680548660104\">\n<div class=\"rd-attribute-list__item-text\">\n<div><\/div>\n<\/div>\n<\/div>\n<\/div>\n<\/section>\n<\/div>\n<\/div>\n<\/div>","protected":false},"excerpt":{"rendered":"<div class=\"pdp-attribute-list__item\">Ma\u00dfe<\/p>\n<div class=\"pdp-attribute-list__value\" data-test-item_text=\"100 cm x 100 cm x 100 cm\">\n<div class=\"rd-attribute-list__item-text\">\n<div>100 cm x 100 cm x 100 cm<\/div>\n<\/div>\n<\/div>\n<\/div>\n<div class=\"pdp-attribute-list__item\">Hersteller<\/p>\n<div class=\"pdp-attribute-list__value\" data-test-item_text=\"HOLZBRX\">\n<div>HOLZBRX<\/div>\n<\/div>\n<\/div>\n<div class=\"pdp-attribute-list__item\">Inhalt<\/p>\n<div class=\"pdp-attribute-list__value\" data-test-item_text=\"1000 l\">\n<div class=\"rd-attribute-list__item-text\">\n<div>1000 l<\/div>\n<\/div>\n<\/div>\n<\/div>\n<div class=\"pdp-attribute-list__item\">Grundpreiseinheit<\/p>\n<div class=\"pdp-attribute-list__value\" data-test-item_text=\"kg\">\n<div class=\"rd-attribute-list__item-text\">\n<div>kg<\/div>\n<\/div>\n<\/div>\n<\/div>\n<div class=\"pdp-attribute-list__item\">Brennholz-Art<\/p>\n<div class=\"pdp-attribute-list__value\" data-test-item_text=\"Holzscheite\">\n<div>Holzscheite<\/div>\n<\/div>\n<\/div>\n<div class=\"pdp-attribute-list__item\">Gewicht<\/p>\n<div class=\"pdp-attribute-list__value\" data-test-item_text=\"500 kg\">\n<div class=\"rd-attribute-list__item-text\">\n<div>500 kg<\/div>\n<\/div>\n<\/div>\n<\/div>\n<div class=\"pdp-attribute-list__item\">Holzart \/ Dekor<\/p>\n<div class=\"pdp-attribute-list__value\" data-test-item_text=\"Buche\">\n<div>Buche<\/div>\n<\/div>\n<\/div>\n<div class=\"pdp-attribute-list__item\">Herstellernummer<\/p>\n<div class=\"pdp-attribute-list__value\" data-test-item_text=\"BBP25\">\n<div class=\"rd-attribute-list__item-text\">\n<div>BBP25<\/div>\n<\/div>\n<\/div>\n<\/div>\n<div class=\"pdp-attribute-list__item\">EAN<\/p>\n<div class=\"pdp-attribute-list__value\" data-test-item_text=\"0680548660104\">\n<div class=\"rd-attribute-list__item-text\">\n<div>0680548660104<\/div>\n<\/div>\n<\/div>\n<div class=\"pdp-attribute-list__value\" data-test-item_text=\"680548660104\">\n<div class=\"rd-attribute-list__item-text\">\n<div>680548660104<\/div>\n<\/div>\n<\/div>\n<\/div>","protected":false},"featured_media":4311,"comment_status":"open","ping_status":"closed","template":"","meta":[],"product_brand":[],"product_cat":[193],"product_tag":[],"class_list":{"0":"post-4300","1":"product","2":"type-product","3":"status-publish","4":"has-post-thumbnail","6":"product_cat-brennholz","8":"first","9":"instock","10":"taxable","11":"shipping-taxable","12":"purchasable","13":"product-type-simple"},"yoast_head":"<!-- This site is optimized with the Yoast SEO plugin v27.5 - https:\/\/yoast.com\/product\/yoast-seo-wordpress\/ -->\n<title>jsm-brennholz Brennholz Buche 25cm Scheitl\u00e4nge, 1,6 SRM \/ 1 RM, 1 Palette \u2013 kammergetrocknet, ofenfertig f\u00fcr Kamin, Ofen &amp; Grill - SIMON BOIS<\/title>\n<meta name=\"robots\" content=\"index, follow, max-snippet:-1, max-image-preview:large, max-video-preview:-1\" \/>\n<link rel=\"canonical\" href=\"https:\/\/simonbois.de\/de\/product\/jsm-brennholz-brennholz-buche-25cm-scheitlange-16-srm-1-rm-1-palette-kammergetrocknet-ofenfertig-fur-kamin-ofen-grill\/\" \/>\n<meta property=\"og:locale\" content=\"de_DE\" \/>\n<meta property=\"og:type\" content=\"article\" \/>\n<meta property=\"og:title\" content=\"jsm-brennholz Brennholz Buche 25cm Scheitl\u00e4nge, 1,6 SRM \/ 1 RM, 1 Palette \u2013 kammergetrocknet, ofenfertig f\u00fcr Kamin, Ofen &amp; Grill - SIMON BOIS\" \/>\n<meta property=\"og:description\" content=\"Ma\u00dfe   100 cm x 100 cm x 100 cm    Hersteller  HOLZBRX   Inhalt   1000 l    Grundpreiseinheit   kg    Brennholz-Art  Holzscheite   Gewicht   500 kg    Holzart \/ Dekor  Buche   Herstellernummer   BBP25    EAN   0680548660104     680548660104\" \/>\n<meta property=\"og:url\" content=\"https:\/\/simonbois.de\/de\/product\/jsm-brennholz-brennholz-buche-25cm-scheitlange-16-srm-1-rm-1-palette-kammergetrocknet-ofenfertig-fur-kamin-ofen-grill\/\" \/>\n<meta property=\"og:site_name\" content=\"SIMON BOIS\" \/>\n<meta property=\"og:image\" content=\"https:\/\/simonbois.de\/wp-content\/uploads\/2025\/08\/3.webp\" \/>\n\t<meta property=\"og:image:width\" content=\"1024\" \/>\n\t<meta property=\"og:image:height\" content=\"1004\" \/>\n\t<meta property=\"og:image:type\" content=\"image\/webp\" \/>\n<meta name=\"twitter:card\" content=\"summary_large_image\" \/>\n<meta name=\"twitter:label1\" content=\"Gesch\u00e4tzte Lesezeit\" \/>\n\t<meta name=\"twitter:data1\" content=\"2\u00a0Minuten\" \/>\n<script type=\"application\/ld+json\" class=\"yoast-schema-graph\">{\"@context\":\"https:\\\/\\\/schema.org\",\"@graph\":[{\"@type\":\"WebPage\",\"@id\":\"https:\\\/\\\/simonbois.de\\\/product\\\/jsm-brennholz-brennholz-buche-25cm-scheitlange-16-srm-1-rm-1-palette-kammergetrocknet-ofenfertig-fur-kamin-ofen-grill\\\/\",\"url\":\"https:\\\/\\\/simonbois.de\\\/product\\\/jsm-brennholz-brennholz-buche-25cm-scheitlange-16-srm-1-rm-1-palette-kammergetrocknet-ofenfertig-fur-kamin-ofen-grill\\\/\",\"name\":\"jsm-brennholz Brennholz Buche 25cm Scheitl\u00e4nge, 1,6 SRM \\\/ 1 RM, 1 Palette \u2013 kammergetrocknet, ofenfertig f\u00fcr Kamin, Ofen & Grill - SIMON BOIS\",\"isPartOf\":{\"@id\":\"https:\\\/\\\/simonbois.de\\\/#website\"},\"primaryImageOfPage\":{\"@id\":\"https:\\\/\\\/simonbois.de\\\/product\\\/jsm-brennholz-brennholz-buche-25cm-scheitlange-16-srm-1-rm-1-palette-kammergetrocknet-ofenfertig-fur-kamin-ofen-grill\\\/#primaryimage\"},\"image\":{\"@id\":\"https:\\\/\\\/simonbois.de\\\/product\\\/jsm-brennholz-brennholz-buche-25cm-scheitlange-16-srm-1-rm-1-palette-kammergetrocknet-ofenfertig-fur-kamin-ofen-grill\\\/#primaryimage\"},\"thumbnailUrl\":\"https:\\\/\\\/simonbois.de\\\/wp-content\\\/uploads\\\/2025\\\/08\\\/3.webp\",\"datePublished\":\"2025-08-14T22:37:57+00:00\",\"breadcrumb\":{\"@id\":\"https:\\\/\\\/simonbois.de\\\/product\\\/jsm-brennholz-brennholz-buche-25cm-scheitlange-16-srm-1-rm-1-palette-kammergetrocknet-ofenfertig-fur-kamin-ofen-grill\\\/#breadcrumb\"},\"inLanguage\":\"de\",\"potentialAction\":[{\"@type\":\"ReadAction\",\"target\":[\"https:\\\/\\\/simonbois.de\\\/product\\\/jsm-brennholz-brennholz-buche-25cm-scheitlange-16-srm-1-rm-1-palette-kammergetrocknet-ofenfertig-fur-kamin-ofen-grill\\\/\"]}]},{\"@type\":\"ImageObject\",\"inLanguage\":\"de\",\"@id\":\"https:\\\/\\\/simonbois.de\\\/product\\\/jsm-brennholz-brennholz-buche-25cm-scheitlange-16-srm-1-rm-1-palette-kammergetrocknet-ofenfertig-fur-kamin-ofen-grill\\\/#primaryimage\",\"url\":\"https:\\\/\\\/simonbois.de\\\/wp-content\\\/uploads\\\/2025\\\/08\\\/3.webp\",\"contentUrl\":\"https:\\\/\\\/simonbois.de\\\/wp-content\\\/uploads\\\/2025\\\/08\\\/3.webp\",\"width\":1024,\"height\":1004},{\"@type\":\"BreadcrumbList\",\"@id\":\"https:\\\/\\\/simonbois.de\\\/product\\\/jsm-brennholz-brennholz-buche-25cm-scheitlange-16-srm-1-rm-1-palette-kammergetrocknet-ofenfertig-fur-kamin-ofen-grill\\\/#breadcrumb\",\"itemListElement\":[{\"@type\":\"ListItem\",\"position\":1,\"name\":\"Home\",\"item\":\"https:\\\/\\\/simonbois.de\\\/\"},{\"@type\":\"ListItem\",\"position\":2,\"name\":\"Shop\",\"item\":\"https:\\\/\\\/simonbois.de\\\/shop-2\\\/\"},{\"@type\":\"ListItem\",\"position\":3,\"name\":\"jsm-brennholz Brennholz Buche 25cm Scheitl\u00e4nge, 1,6 SRM \\\/ 1 RM, 1 Palette \u2013 kammergetrocknet, ofenfertig f\u00fcr Kamin, Ofen &#038; Grill\"}]},{\"@type\":\"WebSite\",\"@id\":\"https:\\\/\\\/simonbois.de\\\/#website\",\"url\":\"https:\\\/\\\/simonbois.de\\\/\",\"name\":\"SIMON BOIS\",\"description\":\"Verkauf und Lieferung von Brennholz auf Paletten\",\"potentialAction\":[{\"@type\":\"SearchAction\",\"target\":{\"@type\":\"EntryPoint\",\"urlTemplate\":\"https:\\\/\\\/simonbois.de\\\/?s={search_term_string}\"},\"query-input\":{\"@type\":\"PropertyValueSpecification\",\"valueRequired\":true,\"valueName\":\"search_term_string\"}}],\"inLanguage\":\"de\"}]}<\/script>\n<!-- \/ Yoast SEO plugin. -->","yoast_head_json":{"title":"jsm-brennholz Brennholz Buche 25cm Scheitl\u00e4nge, 1,6 SRM \/ 1 RM, 1 Palette \u2013 kammergetrocknet, ofenfertig f\u00fcr Kamin, Ofen & Grill - SIMON BOIS","robots":{"index":"index","follow":"follow","max-snippet":"max-snippet:-1","max-image-preview":"max-image-preview:large","max-video-preview":"max-video-preview:-1"},"canonical":"https:\/\/simonbois.de\/de\/product\/jsm-brennholz-brennholz-buche-25cm-scheitlange-16-srm-1-rm-1-palette-kammergetrocknet-ofenfertig-fur-kamin-ofen-grill\/","og_locale":"de_DE","og_type":"article","og_title":"jsm-brennholz Brennholz Buche 25cm Scheitl\u00e4nge, 1,6 SRM \/ 1 RM, 1 Palette \u2013 kammergetrocknet, ofenfertig f\u00fcr Kamin, Ofen & Grill - SIMON BOIS","og_description":"Ma\u00dfe   100 cm x 100 cm x 100 cm    Hersteller  HOLZBRX   Inhalt   1000 l    Grundpreiseinheit   kg    Brennholz-Art  Holzscheite   Gewicht   500 kg    Holzart \/ Dekor  Buche   Herstellernummer   BBP25    EAN   0680548660104     680548660104","og_url":"https:\/\/simonbois.de\/de\/product\/jsm-brennholz-brennholz-buche-25cm-scheitlange-16-srm-1-rm-1-palette-kammergetrocknet-ofenfertig-fur-kamin-ofen-grill\/","og_site_name":"SIMON BOIS","og_image":[{"width":1024,"height":1004,"url":"https:\/\/simonbois.de\/wp-content\/uploads\/2025\/08\/3.webp","type":"image\/webp"}],"twitter_card":"summary_large_image","twitter_misc":{"Gesch\u00e4tzte Lesezeit":"2\u00a0Minuten"},"schema":{"@context":"https:\/\/schema.org","@graph":[{"@type":"WebPage","@id":"https:\/\/simonbois.de\/product\/jsm-brennholz-brennholz-buche-25cm-scheitlange-16-srm-1-rm-1-palette-kammergetrocknet-ofenfertig-fur-kamin-ofen-grill\/","url":"https:\/\/simonbois.de\/product\/jsm-brennholz-brennholz-buche-25cm-scheitlange-16-srm-1-rm-1-palette-kammergetrocknet-ofenfertig-fur-kamin-ofen-grill\/","name":"jsm-brennholz Brennholz Buche 25cm Scheitl\u00e4nge, 1,6 SRM \/ 1 RM, 1 Palette \u2013 kammergetrocknet, ofenfertig f\u00fcr Kamin, Ofen & Grill - SIMON BOIS","isPartOf":{"@id":"https:\/\/simonbois.de\/#website"},"primaryImageOfPage":{"@id":"https:\/\/simonbois.de\/product\/jsm-brennholz-brennholz-buche-25cm-scheitlange-16-srm-1-rm-1-palette-kammergetrocknet-ofenfertig-fur-kamin-ofen-grill\/#primaryimage"},"image":{"@id":"https:\/\/simonbois.de\/product\/jsm-brennholz-brennholz-buche-25cm-scheitlange-16-srm-1-rm-1-palette-kammergetrocknet-ofenfertig-fur-kamin-ofen-grill\/#primaryimage"},"thumbnailUrl":"https:\/\/simonbois.de\/wp-content\/uploads\/2025\/08\/3.webp","datePublished":"2025-08-14T22:37:57+00:00","breadcrumb":{"@id":"https:\/\/simonbois.de\/product\/jsm-brennholz-brennholz-buche-25cm-scheitlange-16-srm-1-rm-1-palette-kammergetrocknet-ofenfertig-fur-kamin-ofen-grill\/#breadcrumb"},"inLanguage":"de","potentialAction":[{"@type":"ReadAction","target":["https:\/\/simonbois.de\/product\/jsm-brennholz-brennholz-buche-25cm-scheitlange-16-srm-1-rm-1-palette-kammergetrocknet-ofenfertig-fur-kamin-ofen-grill\/"]}]},{"@type":"ImageObject","inLanguage":"de","@id":"https:\/\/simonbois.de\/product\/jsm-brennholz-brennholz-buche-25cm-scheitlange-16-srm-1-rm-1-palette-kammergetrocknet-ofenfertig-fur-kamin-ofen-grill\/#primaryimage","url":"https:\/\/simonbois.de\/wp-content\/uploads\/2025\/08\/3.webp","contentUrl":"https:\/\/simonbois.de\/wp-content\/uploads\/2025\/08\/3.webp","width":1024,"height":1004},{"@type":"BreadcrumbList","@id":"https:\/\/simonbois.de\/product\/jsm-brennholz-brennholz-buche-25cm-scheitlange-16-srm-1-rm-1-palette-kammergetrocknet-ofenfertig-fur-kamin-ofen-grill\/#breadcrumb","itemListElement":[{"@type":"ListItem","position":1,"name":"Home","item":"https:\/\/simonbois.de\/"},{"@type":"ListItem","position":2,"name":"Shop","item":"https:\/\/simonbois.de\/shop-2\/"},{"@type":"ListItem","position":3,"name":"jsm-brennholz Brennholz Buche 25cm Scheitl\u00e4nge, 1,6 SRM \/ 1 RM, 1 Palette \u2013 kammergetrocknet, ofenfertig f\u00fcr Kamin, Ofen &#038; Grill"}]},{"@type":"WebSite","@id":"https:\/\/simonbois.de\/#website","url":"https:\/\/simonbois.de\/","name":"SIMON BOIS","description":"Verkauf und Lieferung von Brennholz auf Paletten","potentialAction":[{"@type":"SearchAction","target":{"@type":"EntryPoint","urlTemplate":"https:\/\/simonbois.de\/?s={search_term_string}"},"query-input":{"@type":"PropertyValueSpecification","valueRequired":true,"valueName":"search_term_string"}}],"inLanguage":"de"}]}},"_links":{"self":[{"href":"https:\/\/simonbois.de\/de\/wp-json\/wp\/v2\/product\/4300","targetHints":{"allow":["GET"]}}],"collection":[{"href":"https:\/\/simonbois.de\/de\/wp-json\/wp\/v2\/product"}],"about":[{"href":"https:\/\/simonbois.de\/de\/wp-json\/wp\/v2\/types\/product"}],"replies":[{"embeddable":true,"href":"https:\/\/simonbois.de\/de\/wp-json\/wp\/v2\/comments?post=4300"}],"wp:featuredmedia":[{"embeddable":true,"href":"https:\/\/simonbois.de\/de\/wp-json\/wp\/v2\/media\/4311"}],"wp:attachment":[{"href":"https:\/\/simonbois.de\/de\/wp-json\/wp\/v2\/media?parent=4300"}],"wp:term":[{"taxonomy":"product_brand","embeddable":true,"href":"https:\/\/simonbois.de\/de\/wp-json\/wp\/v2\/product_brand?post=4300"},{"taxonomy":"product_cat","embeddable":true,"href":"https:\/\/simonbois.de\/de\/wp-json\/wp\/v2\/product_cat?post=4300"},{"taxonomy":"product_tag","embeddable":true,"href":"https:\/\/simonbois.de\/de\/wp-json\/wp\/v2\/product_tag?post=4300"}],"curies":[{"name":"wp","href":"https:\/\/api.w.org\/{rel}","templated":true}]}}