{"id":4293,"date":"2025-08-14T22:32:34","date_gmt":"2025-08-14T22:32:34","guid":{"rendered":"https:\/\/simonbois.de\/?post_type=product&#038;p=4293"},"modified":"2025-08-14T22:32:34","modified_gmt":"2025-08-14T22:32:34","slug":"holzbrx-premium-buchenholz-holzbriketts-auf-palette-%e2%8c%80-70mm-x-240mm-und-%e2%8c%80-70mm-x-280mm-mit-loch-in-der-mitte-hoher-pressdruck-ohne-abrieb-bruch-oder-abplatzungen","status":"publish","type":"product","link":"https:\/\/simonbois.de\/de\/product\/holzbrx-premium-buchenholz-holzbriketts-auf-palette-%e2%8c%80-70mm-x-240mm-und-%e2%8c%80-70mm-x-280mm-mit-loch-in-der-mitte-hoher-pressdruck-ohne-abrieb-bruch-oder-abplatzungen\/","title":{"rendered":"holzbrx Premium Buchenholz Holzbriketts auf Palette, \u2300 70mm x 240mm und \u2300 70mm x 280mm, mit Loch in der Mitte, hoher Pressdruck, ohne Abrieb, Bruch oder Abplatzungen."},"content":{"rendered":"<h2 class=\"pdp-expandable-section__title\">Produktbeschreibung & Produktdaten<\/h2>\n<div class=\"pdp-expandable-section__content\">\n<div class=\"pdp-product-description__grid\">\n<div class=\"pdp-product-description__section\" role=\"region\" aria-label=\"Produktinformationen\">\n<div>\n<p>Die Pini&Kay Buchenholzbriketts PREMIUM sind im Vergleich zu den vierkantigen Pini Kay Briketts dicker und massiger. Dadurch ergibt sich eine noch l\u00e4ngere Glutzeit. Die Holzbrikettssind sehr hochwertig verarbeitet, ohne Abrieb, Bruch oder Abplatzungen. Die einzelnen Briketts sind sauber abges\u00e4gt und zu je 12 St\u00fcck in einer festen Schrumpffolie verpackt. Wer hohe Anspr\u00fcche an Holzbriketts hat, der wird die Pini&Kay Buchenholzbriketts PREMIUM nicht mehr tauschen wollen. Von allen Holzbriketts sind diese Buchenholzbriketts am besten verarbeitet und durch den hohen Pressdruck und durch das edle Material, in den Verbrennungseigenschaften unangefochten.<\/p>\n<p>Allgemein zu Pini Kay Holzbriketts: Hingegen zu anderen Holzbriketts, die mit einem Druck von ca. 300-400 bar schon ordentlich gepresst werden, wird bei Pini Kay Briketts das Material mit ca. 1000 \u2013 1100 bar zusammengedr\u00fcckt. Je nach Hersteller der Pressen k\u00f6nnen die Formen etwas variieren. Durch den hohen Druck entsteht auch eine enorme Reibungsw\u00e4rme, wodurch die Briketts au\u00dfen eine sehr glatte, schwarz-braune Schicht aus verbrannten Holz haben. Das Loch in der Mitte ist ebenfalls typisch f\u00fcr diesen Brikett-Typ. Die Briketts brennen sehr stark (auch durch die Zugwirkung des Lochs), sind sehr formstabil und geben eine sehr intensive W\u00e4rme ab. Das verwendete Hartholz sorgt f\u00fcr eine entsprechend lange Glutdauer.<\/p>\n<p>Material:Buche<\/p>\n<p>Form:Pini & Kay<\/p>\n<p>Abmessung:\u2300 70mm x 280mm (60\u00d760 mm), \u00d8 70mm x 240 mm (60\u00d760 mm)<\/p>\n<p>Ascheanfall:0,5 \u2013 0,7 %, 0,7 \u2013 0,9 %<\/p>\n<p>Flammdauer:ca. 1,5 \u2013 2 Stunden<\/p>\n<p>Glutdauer:ca. 2,5 \u2013 3 Stunden<\/p>\n<p>Heizwert:ca. 5,2 kWh\/kg<\/p>\n<p>Abpackung:Schrumpffolie<\/p>\n<p>Paketabmessung:18 x 24 x 25 cm<\/p>\n<\/div>\n<\/div>\n<div>\n<section aria-label=\"Produktdaten\">\n<div class=\"pdp-attribute-list__item\">\n<div class=\"pdp-attribute-list__value\" data-test-item_text=\"B003G\">\n<div class=\"rd-attribute-list__item-text\">\n<div><\/div>\n<\/div>\n<\/div>\n<\/div>\n<\/section>\n<\/div>\n<\/div>\n<\/div>","protected":false},"excerpt":{"rendered":"<div class=\"pdp-product-description__section\" role=\"region\" aria-label=\"Produktinformationen\">\n<div>\n<p>St\u00fcck pro Einzelpaket:12 St\u00fcck<\/p>\n<p>Gewicht pro Paket:10 kg<\/p>\n<p>Menge pro Palette:96 x 10kg P\u00e4ckchen<\/p>\n<p>Palettenma\u00df (LxBxH):80 x 120 x ca. 150 cm<\/p>\n<p>Palettengewicht:960kg netto<\/p>\n<\/div>\n<\/div>\n<div>\n<section aria-label=\"Produktdaten\">\n<div class=\"pdp-attribute-list__item\">Hersteller<\/p>\n<div class=\"pdp-attribute-list__value\" data-test-item_text=\"HOLZBRX\">\n<div>HOLZBRX<\/div>\n<\/div>\n<\/div>\n<div class=\"pdp-attribute-list__item\">Gewicht<\/p>\n<div class=\"pdp-attribute-list__value\" data-test-item_text=\"960 kg\">\n<div class=\"rd-attribute-list__item-text\">\n<div>960 kg<\/div>\n<\/div>\n<\/div>\n<\/div>\n<div class=\"pdp-attribute-list__item\">Brennholz-Art<\/p>\n<div class=\"pdp-attribute-list__value\" data-test-item_text=\"Briketts\">\n<div>Briketts<\/div>\n<\/div>\n<\/div>\n<div class=\"pdp-attribute-list__item\">EAN<\/p>\n<div class=\"pdp-attribute-list__value\" data-test-item_text=\"0724754239720\">\n<div class=\"rd-attribute-list__item-text\">\n<div>0724754239720<\/div>\n<\/div>\n<\/div>\n<div class=\"pdp-attribute-list__value\" data-test-item_text=\"724754239720\">\n<div class=\"rd-attribute-list__item-text\">\n<div>724754239720<\/div>\n<\/div>\n<\/div>\n<\/div>\n<div class=\"pdp-attribute-list__item\">Herstellernummer<\/p>\n<div class=\"pdp-attribute-list__value\" data-test-item_text=\"B003G\">\n<div class=\"rd-attribute-list__item-text\">\n<div>B003G<\/div>\n<\/div>\n<\/div>\n<\/div>\n<\/section>\n<\/div>","protected":false},"featured_media":4305,"comment_status":"open","ping_status":"closed","template":"","meta":[],"product_brand":[],"product_cat":[193],"product_tag":[],"class_list":{"0":"post-4293","1":"product","2":"type-product","3":"status-publish","4":"has-post-thumbnail","6":"product_cat-brennholz","8":"first","9":"instock","10":"taxable","11":"shipping-taxable","12":"purchasable","13":"product-type-simple"},"yoast_head":"<!-- This site is optimized with the Yoast SEO plugin v27.5 - https:\/\/yoast.com\/product\/yoast-seo-wordpress\/ -->\n<title>holzbrx Premium Buchenholz Holzbriketts auf Palette, \u2300 70mm x 240mm und \u2300 70mm x 280mm, mit Loch in der Mitte, hoher Pressdruck, ohne Abrieb, Bruch oder Abplatzungen. - SIMON BOIS<\/title>\n<meta name=\"robots\" content=\"index, follow, max-snippet:-1, max-image-preview:large, max-video-preview:-1\" \/>\n<link rel=\"canonical\" href=\"https:\/\/simonbois.de\/de\/product\/holzbrx-premium-buchenholz-holzbriketts-auf-palette-\u2300-70mm-x-240mm-und-\u2300-70mm-x-280mm-mit-loch-in-der-mitte-hoher-pressdruck-ohne-abrieb-bruch-oder-abplatzungen\/\" \/>\n<meta property=\"og:locale\" content=\"de_DE\" \/>\n<meta property=\"og:type\" content=\"article\" \/>\n<meta property=\"og:title\" content=\"holzbrx Premium Buchenholz Holzbriketts auf Palette, \u2300 70mm x 240mm und \u2300 70mm x 280mm, mit Loch in der Mitte, hoher Pressdruck, ohne Abrieb, Bruch oder Abplatzungen. - SIMON BOIS\" \/>\n<meta property=\"og:description\" content=\"St\u00fcck pro Einzelpaket:12 St\u00fcck  Gewicht pro Paket:10 kg  Menge pro Palette:96 x 10kg P\u00e4ckchen  Palettenma\u00df (LxBxH):80 x 120 x ca. 150 cm  Palettengewicht:960kg netto     Hersteller  HOLZBRX   Gewicht   960 kg    Brennholz-Art  Briketts   EAN   0724754239720     724754239720    Herstellernummer   B003G\" \/>\n<meta property=\"og:url\" content=\"https:\/\/simonbois.de\/de\/product\/holzbrx-premium-buchenholz-holzbriketts-auf-palette-\u2300-70mm-x-240mm-und-\u2300-70mm-x-280mm-mit-loch-in-der-mitte-hoher-pressdruck-ohne-abrieb-bruch-oder-abplatzungen\/\" \/>\n<meta property=\"og:site_name\" content=\"SIMON BOIS\" \/>\n<meta property=\"og:image\" content=\"https:\/\/simonbois.de\/wp-content\/uploads\/2025\/08\/10.webp\" \/>\n\t<meta property=\"og:image:width\" content=\"832\" \/>\n\t<meta property=\"og:image:height\" content=\"1024\" \/>\n\t<meta property=\"og:image:type\" content=\"image\/webp\" \/>\n<meta name=\"twitter:card\" content=\"summary_large_image\" \/>\n<meta name=\"twitter:label1\" content=\"Gesch\u00e4tzte Lesezeit\" \/>\n\t<meta name=\"twitter:data1\" content=\"1\u00a0Minute\" \/>\n<script type=\"application\/ld+json\" class=\"yoast-schema-graph\">{\"@context\":\"https:\\\/\\\/schema.org\",\"@graph\":[{\"@type\":\"WebPage\",\"@id\":\"https:\\\/\\\/simonbois.de\\\/product\\\/holzbrx-premium-buchenholz-holzbriketts-auf-palette-%e2%8c%80-70mm-x-240mm-und-%e2%8c%80-70mm-x-280mm-mit-loch-in-der-mitte-hoher-pressdruck-ohne-abrieb-bruch-oder-abplatzungen\\\/\",\"url\":\"https:\\\/\\\/simonbois.de\\\/product\\\/holzbrx-premium-buchenholz-holzbriketts-auf-palette-%e2%8c%80-70mm-x-240mm-und-%e2%8c%80-70mm-x-280mm-mit-loch-in-der-mitte-hoher-pressdruck-ohne-abrieb-bruch-oder-abplatzungen\\\/\",\"name\":\"holzbrx Premium Buchenholz Holzbriketts auf Palette, \u2300 70mm x 240mm und \u2300 70mm x 280mm, mit Loch in der Mitte, hoher Pressdruck, ohne Abrieb, Bruch oder Abplatzungen. - SIMON BOIS\",\"isPartOf\":{\"@id\":\"https:\\\/\\\/simonbois.de\\\/#website\"},\"primaryImageOfPage\":{\"@id\":\"https:\\\/\\\/simonbois.de\\\/product\\\/holzbrx-premium-buchenholz-holzbriketts-auf-palette-%e2%8c%80-70mm-x-240mm-und-%e2%8c%80-70mm-x-280mm-mit-loch-in-der-mitte-hoher-pressdruck-ohne-abrieb-bruch-oder-abplatzungen\\\/#primaryimage\"},\"image\":{\"@id\":\"https:\\\/\\\/simonbois.de\\\/product\\\/holzbrx-premium-buchenholz-holzbriketts-auf-palette-%e2%8c%80-70mm-x-240mm-und-%e2%8c%80-70mm-x-280mm-mit-loch-in-der-mitte-hoher-pressdruck-ohne-abrieb-bruch-oder-abplatzungen\\\/#primaryimage\"},\"thumbnailUrl\":\"https:\\\/\\\/simonbois.de\\\/wp-content\\\/uploads\\\/2025\\\/08\\\/10.webp\",\"datePublished\":\"2025-08-14T22:32:34+00:00\",\"breadcrumb\":{\"@id\":\"https:\\\/\\\/simonbois.de\\\/product\\\/holzbrx-premium-buchenholz-holzbriketts-auf-palette-%e2%8c%80-70mm-x-240mm-und-%e2%8c%80-70mm-x-280mm-mit-loch-in-der-mitte-hoher-pressdruck-ohne-abrieb-bruch-oder-abplatzungen\\\/#breadcrumb\"},\"inLanguage\":\"de\",\"potentialAction\":[{\"@type\":\"ReadAction\",\"target\":[\"https:\\\/\\\/simonbois.de\\\/product\\\/holzbrx-premium-buchenholz-holzbriketts-auf-palette-%e2%8c%80-70mm-x-240mm-und-%e2%8c%80-70mm-x-280mm-mit-loch-in-der-mitte-hoher-pressdruck-ohne-abrieb-bruch-oder-abplatzungen\\\/\"]}]},{\"@type\":\"ImageObject\",\"inLanguage\":\"de\",\"@id\":\"https:\\\/\\\/simonbois.de\\\/product\\\/holzbrx-premium-buchenholz-holzbriketts-auf-palette-%e2%8c%80-70mm-x-240mm-und-%e2%8c%80-70mm-x-280mm-mit-loch-in-der-mitte-hoher-pressdruck-ohne-abrieb-bruch-oder-abplatzungen\\\/#primaryimage\",\"url\":\"https:\\\/\\\/simonbois.de\\\/wp-content\\\/uploads\\\/2025\\\/08\\\/10.webp\",\"contentUrl\":\"https:\\\/\\\/simonbois.de\\\/wp-content\\\/uploads\\\/2025\\\/08\\\/10.webp\",\"width\":832,\"height\":1024},{\"@type\":\"BreadcrumbList\",\"@id\":\"https:\\\/\\\/simonbois.de\\\/product\\\/holzbrx-premium-buchenholz-holzbriketts-auf-palette-%e2%8c%80-70mm-x-240mm-und-%e2%8c%80-70mm-x-280mm-mit-loch-in-der-mitte-hoher-pressdruck-ohne-abrieb-bruch-oder-abplatzungen\\\/#breadcrumb\",\"itemListElement\":[{\"@type\":\"ListItem\",\"position\":1,\"name\":\"Home\",\"item\":\"https:\\\/\\\/simonbois.de\\\/\"},{\"@type\":\"ListItem\",\"position\":2,\"name\":\"Shop\",\"item\":\"https:\\\/\\\/simonbois.de\\\/shop-2\\\/\"},{\"@type\":\"ListItem\",\"position\":3,\"name\":\"holzbrx Premium Buchenholz Holzbriketts auf Palette, \u2300 70mm x 240mm und \u2300 70mm x 280mm, mit Loch in der Mitte, hoher Pressdruck, ohne Abrieb, Bruch oder Abplatzungen.\"}]},{\"@type\":\"WebSite\",\"@id\":\"https:\\\/\\\/simonbois.de\\\/#website\",\"url\":\"https:\\\/\\\/simonbois.de\\\/\",\"name\":\"SIMON BOIS\",\"description\":\"Verkauf und Lieferung von Brennholz auf Paletten\",\"potentialAction\":[{\"@type\":\"SearchAction\",\"target\":{\"@type\":\"EntryPoint\",\"urlTemplate\":\"https:\\\/\\\/simonbois.de\\\/?s={search_term_string}\"},\"query-input\":{\"@type\":\"PropertyValueSpecification\",\"valueRequired\":true,\"valueName\":\"search_term_string\"}}],\"inLanguage\":\"de\"}]}<\/script>\n<!-- \/ Yoast SEO plugin. -->","yoast_head_json":{"title":"holzbrx Premium Buchenholz Holzbriketts auf Palette, \u2300 70mm x 240mm und \u2300 70mm x 280mm, mit Loch in der Mitte, hoher Pressdruck, ohne Abrieb, Bruch oder Abplatzungen. - SIMON BOIS","robots":{"index":"index","follow":"follow","max-snippet":"max-snippet:-1","max-image-preview":"max-image-preview:large","max-video-preview":"max-video-preview:-1"},"canonical":"https:\/\/simonbois.de\/de\/product\/holzbrx-premium-buchenholz-holzbriketts-auf-palette-\u2300-70mm-x-240mm-und-\u2300-70mm-x-280mm-mit-loch-in-der-mitte-hoher-pressdruck-ohne-abrieb-bruch-oder-abplatzungen\/","og_locale":"de_DE","og_type":"article","og_title":"holzbrx Premium Buchenholz Holzbriketts auf Palette, \u2300 70mm x 240mm und \u2300 70mm x 280mm, mit Loch in der Mitte, hoher Pressdruck, ohne Abrieb, Bruch oder Abplatzungen. - SIMON BOIS","og_description":"St\u00fcck pro Einzelpaket:12 St\u00fcck  Gewicht pro Paket:10 kg  Menge pro Palette:96 x 10kg P\u00e4ckchen  Palettenma\u00df (LxBxH):80 x 120 x ca. 150 cm  Palettengewicht:960kg netto     Hersteller  HOLZBRX   Gewicht   960 kg    Brennholz-Art  Briketts   EAN   0724754239720     724754239720    Herstellernummer   B003G","og_url":"https:\/\/simonbois.de\/de\/product\/holzbrx-premium-buchenholz-holzbriketts-auf-palette-\u2300-70mm-x-240mm-und-\u2300-70mm-x-280mm-mit-loch-in-der-mitte-hoher-pressdruck-ohne-abrieb-bruch-oder-abplatzungen\/","og_site_name":"SIMON BOIS","og_image":[{"width":832,"height":1024,"url":"https:\/\/simonbois.de\/wp-content\/uploads\/2025\/08\/10.webp","type":"image\/webp"}],"twitter_card":"summary_large_image","twitter_misc":{"Gesch\u00e4tzte Lesezeit":"1\u00a0Minute"},"schema":{"@context":"https:\/\/schema.org","@graph":[{"@type":"WebPage","@id":"https:\/\/simonbois.de\/product\/holzbrx-premium-buchenholz-holzbriketts-auf-palette-%e2%8c%80-70mm-x-240mm-und-%e2%8c%80-70mm-x-280mm-mit-loch-in-der-mitte-hoher-pressdruck-ohne-abrieb-bruch-oder-abplatzungen\/","url":"https:\/\/simonbois.de\/product\/holzbrx-premium-buchenholz-holzbriketts-auf-palette-%e2%8c%80-70mm-x-240mm-und-%e2%8c%80-70mm-x-280mm-mit-loch-in-der-mitte-hoher-pressdruck-ohne-abrieb-bruch-oder-abplatzungen\/","name":"holzbrx Premium Buchenholz Holzbriketts auf Palette, \u2300 70mm x 240mm und \u2300 70mm x 280mm, mit Loch in der Mitte, hoher Pressdruck, ohne Abrieb, Bruch oder Abplatzungen. - SIMON BOIS","isPartOf":{"@id":"https:\/\/simonbois.de\/#website"},"primaryImageOfPage":{"@id":"https:\/\/simonbois.de\/product\/holzbrx-premium-buchenholz-holzbriketts-auf-palette-%e2%8c%80-70mm-x-240mm-und-%e2%8c%80-70mm-x-280mm-mit-loch-in-der-mitte-hoher-pressdruck-ohne-abrieb-bruch-oder-abplatzungen\/#primaryimage"},"image":{"@id":"https:\/\/simonbois.de\/product\/holzbrx-premium-buchenholz-holzbriketts-auf-palette-%e2%8c%80-70mm-x-240mm-und-%e2%8c%80-70mm-x-280mm-mit-loch-in-der-mitte-hoher-pressdruck-ohne-abrieb-bruch-oder-abplatzungen\/#primaryimage"},"thumbnailUrl":"https:\/\/simonbois.de\/wp-content\/uploads\/2025\/08\/10.webp","datePublished":"2025-08-14T22:32:34+00:00","breadcrumb":{"@id":"https:\/\/simonbois.de\/product\/holzbrx-premium-buchenholz-holzbriketts-auf-palette-%e2%8c%80-70mm-x-240mm-und-%e2%8c%80-70mm-x-280mm-mit-loch-in-der-mitte-hoher-pressdruck-ohne-abrieb-bruch-oder-abplatzungen\/#breadcrumb"},"inLanguage":"de","potentialAction":[{"@type":"ReadAction","target":["https:\/\/simonbois.de\/product\/holzbrx-premium-buchenholz-holzbriketts-auf-palette-%e2%8c%80-70mm-x-240mm-und-%e2%8c%80-70mm-x-280mm-mit-loch-in-der-mitte-hoher-pressdruck-ohne-abrieb-bruch-oder-abplatzungen\/"]}]},{"@type":"ImageObject","inLanguage":"de","@id":"https:\/\/simonbois.de\/product\/holzbrx-premium-buchenholz-holzbriketts-auf-palette-%e2%8c%80-70mm-x-240mm-und-%e2%8c%80-70mm-x-280mm-mit-loch-in-der-mitte-hoher-pressdruck-ohne-abrieb-bruch-oder-abplatzungen\/#primaryimage","url":"https:\/\/simonbois.de\/wp-content\/uploads\/2025\/08\/10.webp","contentUrl":"https:\/\/simonbois.de\/wp-content\/uploads\/2025\/08\/10.webp","width":832,"height":1024},{"@type":"BreadcrumbList","@id":"https:\/\/simonbois.de\/product\/holzbrx-premium-buchenholz-holzbriketts-auf-palette-%e2%8c%80-70mm-x-240mm-und-%e2%8c%80-70mm-x-280mm-mit-loch-in-der-mitte-hoher-pressdruck-ohne-abrieb-bruch-oder-abplatzungen\/#breadcrumb","itemListElement":[{"@type":"ListItem","position":1,"name":"Home","item":"https:\/\/simonbois.de\/"},{"@type":"ListItem","position":2,"name":"Shop","item":"https:\/\/simonbois.de\/shop-2\/"},{"@type":"ListItem","position":3,"name":"holzbrx Premium Buchenholz Holzbriketts auf Palette, \u2300 70mm x 240mm und \u2300 70mm x 280mm, mit Loch in der Mitte, hoher Pressdruck, ohne Abrieb, Bruch oder Abplatzungen."}]},{"@type":"WebSite","@id":"https:\/\/simonbois.de\/#website","url":"https:\/\/simonbois.de\/","name":"SIMON BOIS","description":"Verkauf und Lieferung von Brennholz auf Paletten","potentialAction":[{"@type":"SearchAction","target":{"@type":"EntryPoint","urlTemplate":"https:\/\/simonbois.de\/?s={search_term_string}"},"query-input":{"@type":"PropertyValueSpecification","valueRequired":true,"valueName":"search_term_string"}}],"inLanguage":"de"}]}},"_links":{"self":[{"href":"https:\/\/simonbois.de\/de\/wp-json\/wp\/v2\/product\/4293","targetHints":{"allow":["GET"]}}],"collection":[{"href":"https:\/\/simonbois.de\/de\/wp-json\/wp\/v2\/product"}],"about":[{"href":"https:\/\/simonbois.de\/de\/wp-json\/wp\/v2\/types\/product"}],"replies":[{"embeddable":true,"href":"https:\/\/simonbois.de\/de\/wp-json\/wp\/v2\/comments?post=4293"}],"wp:featuredmedia":[{"embeddable":true,"href":"https:\/\/simonbois.de\/de\/wp-json\/wp\/v2\/media\/4305"}],"wp:attachment":[{"href":"https:\/\/simonbois.de\/de\/wp-json\/wp\/v2\/media?parent=4293"}],"wp:term":[{"taxonomy":"product_brand","embeddable":true,"href":"https:\/\/simonbois.de\/de\/wp-json\/wp\/v2\/product_brand?post=4293"},{"taxonomy":"product_cat","embeddable":true,"href":"https:\/\/simonbois.de\/de\/wp-json\/wp\/v2\/product_cat?post=4293"},{"taxonomy":"product_tag","embeddable":true,"href":"https:\/\/simonbois.de\/de\/wp-json\/wp\/v2\/product_tag?post=4293"}],"curies":[{"name":"wp","href":"https:\/\/api.w.org\/{rel}","templated":true}]}}