{"id":4664,"date":"2025-09-28T11:20:53","date_gmt":"2025-09-28T11:20:53","guid":{"rendered":"https:\/\/simonbois.de\/?page_id=4664"},"modified":"2026-01-30T11:17:45","modified_gmt":"2026-01-30T11:17:45","slug":"ruckgabe-reklamation","status":"publish","type":"page","link":"https:\/\/simonbois.de\/de\/ruckgabe-reklamation\/","title":{"rendered":"R\u00fcckgabe \/ Reklamation"},"content":{"rendered":"<div data-elementor-type=\"wp-page\" data-elementor-id=\"4664\" class=\"elementor elementor-4664\">\n\t\t\t\t<div class=\"elementor-element elementor-element-68c895a e-flex e-con-boxed e-con e-parent\" data-id=\"68c895a\" data-element_type=\"container\" data-e-type=\"container\">\n\t\t\t\t\t<div class=\"e-con-inner\">\n\t\t\t\t<div class=\"elementor-element elementor-element-52f3d4d elementor-widget elementor-widget-html\" data-id=\"52f3d4d\" data-element_type=\"widget\" data-e-type=\"widget\" data-widget_type=\"html.default\">\n\t\t\t\t\t<!DOCTYPE html>\r\n<html lang=\"de\">\r\n<head>\r\n  <meta charset=\"UTF-8\">\r\n  <title>R\u00fcckgabe & Reklamation | simonbois.de<\/title>\r\n  <meta name=\"robots\" content=\"noindex, follow\">\r\n<\/head>\r\n\r\n<body>\r\n\r\n<h1>R\u00fcckgabe & Reklamation<\/h1>\r\n\r\n<p>\r\nDie Zufriedenheit unserer Kunden hat f\u00fcr uns h\u00f6chste Priorit\u00e4t.\r\nNachfolgend informieren wir Sie transparent \u00fcber unsere Bedingungen\r\nzur R\u00fcckgabe und Reklamation von Waren.\r\n<\/p>\r\n\r\n<hr>\r\n\r\n<h2>1. R\u00fcckgaberecht<\/h2>\r\n\r\n<p>\r\nSie haben das Recht, die bei uns gekauften Produkte innerhalb von\r\n<strong>30 Tagen<\/strong> nach Erhalt der Ware zur\u00fcckzugeben,\r\nohne Angabe von Gr\u00fcnden.\r\n<\/p>\r\n\r\n<p>\r\nDie R\u00fcckgabefrist beginnt an dem Tag, an dem Sie oder ein von Ihnen benannter\r\nDritter die Ware in Besitz genommen haben.\r\n<\/p>\r\n\r\n<p>\r\nDie Ware muss unbenutzt, unbesch\u00e4digt und \u2013 soweit m\u00f6glich \u2013\r\nin der Originalverpackung zur\u00fcckgesendet werden.\r\n<\/p>\r\n\r\n<hr>\r\n\r\n<h2>2. R\u00fcckgabeprozess<\/h2>\r\n\r\n<p>\r\nUm eine R\u00fcckgabe einzuleiten, kontaktieren Sie bitte vorab unseren Kundenservice per E-Mail:\r\n<\/p>\r\n\r\n<p>\r\n<strong>E-Mail:<\/strong> <a href=\"mailto:kontakt@simonbois.de\">kontakt@simonbois.de<\/a>\r\n<\/p>\r\n\r\n<p>\r\nBitte geben Sie dabei folgende Informationen an:\r\n<\/p>\r\n\r\n<ul>\r\n  <li>Bestellnummer<\/li>\r\n  <li>Name des Kunden<\/li>\r\n  <li>Grund der R\u00fcckgabe (optional)<\/li>\r\n<\/ul>\r\n\r\n<p>\r\nNach Pr\u00fcfung Ihrer Anfrage erhalten Sie weitere Anweisungen zur R\u00fccksendung.\r\n<\/p>\r\n\r\n<hr>\r\n\r\n<h2>3. R\u00fccksendekosten<\/h2>\r\n\r\n<p>\r\nDie unmittelbaren Kosten der R\u00fccksendung der Ware tr\u00e4gt der Kunde,\r\nsofern nicht anders vereinbart.\r\n<\/p>\r\n\r\n<p>\r\nBei sperrigen oder schweren Holzprodukten kann die R\u00fccksendung\r\nper Spedition erfolgen.\r\n<\/p>\r\n\r\n<hr>\r\n\r\n<h2>4. R\u00fcckerstattung<\/h2>\r\n\r\n<p>\r\nNach Eingang und Pr\u00fcfung der zur\u00fcckgesendeten Ware erfolgt die R\u00fcckerstattung\r\ndes Kaufpreises innerhalb von <strong>14 Tagen<\/strong>.\r\n<\/p>\r\n\r\n<p>\r\nDie R\u00fcckzahlung erfolgt \u00fcber dasselbe Zahlungsmittel,\r\ndas bei der urspr\u00fcnglichen Bestellung verwendet wurde,\r\nsofern nichts anderes vereinbart wurde.\r\n<\/p>\r\n\r\n<p>\r\nWir behalten uns vor, die R\u00fcckerstattung zu verweigern,\r\nbis wir die Ware zur\u00fcckerhalten haben oder ein Nachweis\r\n\u00fcber die R\u00fccksendung erbracht wurde.\r\n<\/p>\r\n\r\n<hr>\r\n\r\n<h2>5. Reklamation bei besch\u00e4digter oder mangelhafter Ware<\/h2>\r\n\r\n<p>\r\nSollte die gelieferte Ware besch\u00e4digt oder mangelhaft sein,\r\nbitten wir Sie, uns unverz\u00fcglich zu kontaktieren.\r\n<\/p>\r\n\r\n<p>\r\nBitte senden Sie Ihre Reklamation per E-Mail an:\r\n<\/p>\r\n\r\n<p>\r\n<strong>E-Mail:<\/strong> <a href=\"mailto:kontakt@simonbois.de\">kontakt@simonbois.de<\/a>\r\n<\/p>\r\n\r\n<p>\r\nF\u00fcgen Sie Ihrer Nachricht nach M\u00f6glichkeit Fotos der besch\u00e4digten Ware\r\nsowie Ihre Bestellnummer bei.\r\n<\/p>\r\n\r\n<p>\r\nWir pr\u00fcfen jede Reklamation sorgf\u00e4ltig und setzen uns zeitnah mit Ihnen\r\nin Verbindung, um eine zufriedenstellende L\u00f6sung zu finden\r\n(Ersatzlieferung, R\u00fcckerstattung oder Gutschrift).\r\n<\/p>\r\n\r\n<hr>\r\n\r\n<h2>6. Ausschluss der R\u00fcckgabe<\/h2>\r\n\r\n<p>\r\nEine R\u00fcckgabe ist ausgeschlossen bei:\r\n<\/p>\r\n\r\n<ul>\r\n  <li>individuell zugeschnittenen oder speziell angefertigten Holzprodukten,<\/li>\r\n  <li>Waren, die aufgrund ihrer Beschaffenheit nicht zur R\u00fccksendung geeignet sind,<\/li>\r\n  <li>deutlich gebrauchten oder besch\u00e4digten Produkten.<\/li>\r\n<\/ul>\r\n\r\n<hr>\r\n\r\n<h2>7. Kontaktadresse<\/h2>\r\n\r\n<p>\r\n<strong>Simon Bois<\/strong><br>\r\nH\u00f6hnweg 2<br>\r\nD-96472 R\u00f6dental<br>\r\nDeutschland\r\n<\/p>\r\n\r\n<hr>\r\n\r\n<p>\r\nStand der R\u00fcckgabe- und Reklamationsbedingungen: <strong>Januar 2026<\/strong>\r\n<\/p>\r\n\r\n<\/body>\r\n<\/html>\r\n\t\t\t\t<\/div>\n\t\t\t\t\t<\/div>\n\t\t\t\t<\/div>\n\t\t\t\t<\/div>","protected":false},"excerpt":{"rendered":"<p>R\u00fcckgabe &#038; Reklamation | simonbois.de R\u00fcckgabe &#038; Reklamation Die Zufriedenheit unserer Kunden hat f\u00fcr uns h\u00f6chste Priorit\u00e4t. Nachfolgend informieren wir Sie transparent \u00fcber unsere Bedingungen zur R\u00fcckgabe und Reklamation von Waren. 1. R\u00fcckgaberecht Sie haben das Recht, die bei uns gekauften Produkte innerhalb von 30 Tagen nach Erhalt der Ware zur\u00fcckzugeben, ohne Angabe von Gr\u00fcnden. [&hellip;]<\/p>\n","protected":false},"author":1,"featured_media":0,"parent":0,"menu_order":0,"comment_status":"closed","ping_status":"closed","template":"","meta":{"footnotes":""},"class_list":["post-4664","page","type-page","status-publish","hentry"],"yoast_head":"<!-- This site is optimized with the Yoast SEO plugin v27.5 - https:\/\/yoast.com\/product\/yoast-seo-wordpress\/ -->\n<title>R\u00fcckgabe \/ Reklamation - SIMON BOIS<\/title>\n<meta name=\"robots\" content=\"index, follow, max-snippet:-1, max-image-preview:large, max-video-preview:-1\" \/>\n<link rel=\"canonical\" href=\"https:\/\/simonbois.de\/de\/ruckgabe-reklamation\/\" \/>\n<meta property=\"og:locale\" content=\"de_DE\" \/>\n<meta property=\"og:type\" content=\"article\" \/>\n<meta property=\"og:title\" content=\"R\u00fcckgabe \/ Reklamation - SIMON BOIS\" \/>\n<meta property=\"og:description\" content=\"R\u00fcckgabe &amp; Reklamation | simonbois.de R\u00fcckgabe &amp; Reklamation Die Zufriedenheit unserer Kunden hat f\u00fcr uns h\u00f6chste Priorit\u00e4t. Nachfolgend informieren wir Sie transparent \u00fcber unsere Bedingungen zur R\u00fcckgabe und Reklamation von Waren. 1. R\u00fcckgaberecht Sie haben das Recht, die bei uns gekauften Produkte innerhalb von 30 Tagen nach Erhalt der Ware zur\u00fcckzugeben, ohne Angabe von Gr\u00fcnden. [&hellip;]\" \/>\n<meta property=\"og:url\" content=\"https:\/\/simonbois.de\/de\/ruckgabe-reklamation\/\" \/>\n<meta property=\"og:site_name\" content=\"SIMON BOIS\" \/>\n<meta property=\"article:modified_time\" content=\"2026-01-30T11:17:45+00:00\" \/>\n<meta name=\"twitter:card\" content=\"summary_large_image\" \/>\n<meta name=\"twitter:label1\" content=\"Gesch\u00e4tzte Lesezeit\" \/>\n\t<meta name=\"twitter:data1\" content=\"2\u00a0Minuten\" \/>\n<script type=\"application\/ld+json\" class=\"yoast-schema-graph\">{\"@context\":\"https:\\\/\\\/schema.org\",\"@graph\":[{\"@type\":\"WebPage\",\"@id\":\"https:\\\/\\\/simonbois.de\\\/ruckgabe-reklamation\\\/\",\"url\":\"https:\\\/\\\/simonbois.de\\\/ruckgabe-reklamation\\\/\",\"name\":\"R\u00fcckgabe \\\/ Reklamation - SIMON BOIS\",\"isPartOf\":{\"@id\":\"https:\\\/\\\/simonbois.de\\\/#website\"},\"datePublished\":\"2025-09-28T11:20:53+00:00\",\"dateModified\":\"2026-01-30T11:17:45+00:00\",\"breadcrumb\":{\"@id\":\"https:\\\/\\\/simonbois.de\\\/ruckgabe-reklamation\\\/#breadcrumb\"},\"inLanguage\":\"de\",\"potentialAction\":[{\"@type\":\"ReadAction\",\"target\":[\"https:\\\/\\\/simonbois.de\\\/ruckgabe-reklamation\\\/\"]}]},{\"@type\":\"BreadcrumbList\",\"@id\":\"https:\\\/\\\/simonbois.de\\\/ruckgabe-reklamation\\\/#breadcrumb\",\"itemListElement\":[{\"@type\":\"ListItem\",\"position\":1,\"name\":\"Home\",\"item\":\"https:\\\/\\\/simonbois.de\\\/\"},{\"@type\":\"ListItem\",\"position\":2,\"name\":\"R\u00fcckgabe \\\/ Reklamation\"}]},{\"@type\":\"WebSite\",\"@id\":\"https:\\\/\\\/simonbois.de\\\/#website\",\"url\":\"https:\\\/\\\/simonbois.de\\\/\",\"name\":\"SIMON BOIS\",\"description\":\"Verkauf und Lieferung von Brennholz auf Paletten\",\"potentialAction\":[{\"@type\":\"SearchAction\",\"target\":{\"@type\":\"EntryPoint\",\"urlTemplate\":\"https:\\\/\\\/simonbois.de\\\/?s={search_term_string}\"},\"query-input\":{\"@type\":\"PropertyValueSpecification\",\"valueRequired\":true,\"valueName\":\"search_term_string\"}}],\"inLanguage\":\"de\"}]}<\/script>\n<!-- \/ Yoast SEO plugin. -->","yoast_head_json":{"title":"R\u00fcckgabe \/ Reklamation - SIMON BOIS","robots":{"index":"index","follow":"follow","max-snippet":"max-snippet:-1","max-image-preview":"max-image-preview:large","max-video-preview":"max-video-preview:-1"},"canonical":"https:\/\/simonbois.de\/de\/ruckgabe-reklamation\/","og_locale":"de_DE","og_type":"article","og_title":"R\u00fcckgabe \/ Reklamation - SIMON BOIS","og_description":"R\u00fcckgabe & Reklamation | simonbois.de R\u00fcckgabe & Reklamation Die Zufriedenheit unserer Kunden hat f\u00fcr uns h\u00f6chste Priorit\u00e4t. Nachfolgend informieren wir Sie transparent \u00fcber unsere Bedingungen zur R\u00fcckgabe und Reklamation von Waren. 1. R\u00fcckgaberecht Sie haben das Recht, die bei uns gekauften Produkte innerhalb von 30 Tagen nach Erhalt der Ware zur\u00fcckzugeben, ohne Angabe von Gr\u00fcnden. [&hellip;]","og_url":"https:\/\/simonbois.de\/de\/ruckgabe-reklamation\/","og_site_name":"SIMON BOIS","article_modified_time":"2026-01-30T11:17:45+00:00","twitter_card":"summary_large_image","twitter_misc":{"Gesch\u00e4tzte Lesezeit":"2\u00a0Minuten"},"schema":{"@context":"https:\/\/schema.org","@graph":[{"@type":"WebPage","@id":"https:\/\/simonbois.de\/ruckgabe-reklamation\/","url":"https:\/\/simonbois.de\/ruckgabe-reklamation\/","name":"R\u00fcckgabe \/ Reklamation - SIMON BOIS","isPartOf":{"@id":"https:\/\/simonbois.de\/#website"},"datePublished":"2025-09-28T11:20:53+00:00","dateModified":"2026-01-30T11:17:45+00:00","breadcrumb":{"@id":"https:\/\/simonbois.de\/ruckgabe-reklamation\/#breadcrumb"},"inLanguage":"de","potentialAction":[{"@type":"ReadAction","target":["https:\/\/simonbois.de\/ruckgabe-reklamation\/"]}]},{"@type":"BreadcrumbList","@id":"https:\/\/simonbois.de\/ruckgabe-reklamation\/#breadcrumb","itemListElement":[{"@type":"ListItem","position":1,"name":"Home","item":"https:\/\/simonbois.de\/"},{"@type":"ListItem","position":2,"name":"R\u00fcckgabe \/ Reklamation"}]},{"@type":"WebSite","@id":"https:\/\/simonbois.de\/#website","url":"https:\/\/simonbois.de\/","name":"SIMON BOIS","description":"Verkauf und Lieferung von Brennholz auf Paletten","potentialAction":[{"@type":"SearchAction","target":{"@type":"EntryPoint","urlTemplate":"https:\/\/simonbois.de\/?s={search_term_string}"},"query-input":{"@type":"PropertyValueSpecification","valueRequired":true,"valueName":"search_term_string"}}],"inLanguage":"de"}]}},"_links":{"self":[{"href":"https:\/\/simonbois.de\/de\/wp-json\/wp\/v2\/pages\/4664","targetHints":{"allow":["GET"]}}],"collection":[{"href":"https:\/\/simonbois.de\/de\/wp-json\/wp\/v2\/pages"}],"about":[{"href":"https:\/\/simonbois.de\/de\/wp-json\/wp\/v2\/types\/page"}],"author":[{"embeddable":true,"href":"https:\/\/simonbois.de\/de\/wp-json\/wp\/v2\/users\/1"}],"replies":[{"embeddable":true,"href":"https:\/\/simonbois.de\/de\/wp-json\/wp\/v2\/comments?post=4664"}],"version-history":[{"count":4,"href":"https:\/\/simonbois.de\/de\/wp-json\/wp\/v2\/pages\/4664\/revisions"}],"predecessor-version":[{"id":4857,"href":"https:\/\/simonbois.de\/de\/wp-json\/wp\/v2\/pages\/4664\/revisions\/4857"}],"wp:attachment":[{"href":"https:\/\/simonbois.de\/de\/wp-json\/wp\/v2\/media?parent=4664"}],"curies":[{"name":"wp","href":"https:\/\/api.w.org\/{rel}","templated":true}]}}